{"id":14989,"date":"2018-11-30T22:57:51","date_gmt":"2018-11-30T21:57:51","guid":{"rendered":"https:\/\/shw-wm.de\/technology\/software\/editing\/workpiece-measurement\/"},"modified":"2024-10-02T15:46:54","modified_gmt":"2024-10-02T13:46:54","slug":"workpiece-measurement","status":"publish","type":"page","link":"https:\/\/shw-wm.de\/en\/technology\/software\/editing\/workpiece-measurement\/","title":{"rendered":"Workpiece measurement"},"content":{"rendered":"\t\t<div data-elementor-type=\"wp-page\" data-elementor-id=\"14989\" class=\"elementor elementor-14989 elementor-4997\" data-elementor-post-type=\"page\">\n\t\t\t\t\t\t<section class=\"elementor-section elementor-top-section elementor-element elementor-element-4900f4c8 elementor-section-boxed elementor-section-height-default elementor-section-height-default\" data-id=\"4900f4c8\" data-element_type=\"section\" data-e-type=\"section\" data-settings=\"{&quot;background_background&quot;:&quot;classic&quot;}\">\n\t\t\t\t\t\t<div class=\"elementor-container elementor-column-gap-default\">\n\t\t\t\t\t<div class=\"elementor-column elementor-col-100 elementor-top-column elementor-element elementor-element-56324c4e\" data-id=\"56324c4e\" data-element_type=\"column\" data-e-type=\"column\">\n\t\t\t<div class=\"elementor-widget-wrap elementor-element-populated\">\n\t\t\t\t\t\t<div class=\"elementor-element elementor-element-2db26574 elementor-widget elementor-widget-heading\" data-id=\"2db26574\" data-element_type=\"widget\" data-e-type=\"widget\" data-widget_type=\"heading.default\">\n\t\t\t\t<div class=\"elementor-widget-container\">\n\t\t\t\t\t<h2 class=\"elementor-heading-title elementor-size-default\">Intelligent workpiece measurement<\/h2>\t\t\t\t<\/div>\n\t\t\t\t<\/div>\n\t\t\t\t\t<\/div>\n\t\t<\/div>\n\t\t\t\t\t<\/div>\n\t\t<\/section>\n\t\t\t\t<section class=\"elementor-section elementor-top-section elementor-element elementor-element-fe3ed45 elementor-section-boxed elementor-section-height-default elementor-section-height-default\" data-id=\"fe3ed45\" data-element_type=\"section\" data-e-type=\"section\">\n\t\t\t\t\t\t<div class=\"elementor-container elementor-column-gap-default\">\n\t\t\t\t\t<div class=\"elementor-column elementor-col-100 elementor-top-column elementor-element elementor-element-cf787f2\" data-id=\"cf787f2\" data-element_type=\"column\" data-e-type=\"column\">\n\t\t\t<div class=\"elementor-widget-wrap elementor-element-populated\">\n\t\t\t\t\t\t<div class=\"elementor-element elementor-element-03c5557 elementor-widget elementor-widget-text-editor\" data-id=\"03c5557\" data-element_type=\"widget\" data-e-type=\"widget\" data-widget_type=\"text-editor.default\">\n\t\t\t\t<div class=\"elementor-widget-container\">\n\t\t\t\t\t\t\t\t\t<p style=\"font-size: 36px; line-height: 42px;\"><img decoding=\"async\" class=\"alignnone size-full wp-image-5024\" src=\"https:\/\/shw-wm.de\/wp-content\/uploads\/shw_layout\/shw_logo_kompakt@2x.jpg\" alt=\"\" width=\"127.5\" height=\"34.5\">  VSC 3D<\/p>\n\t\t\t\t\t\t\t\t<\/div>\n\t\t\t\t<\/div>\n\t\t\t\t\t<\/div>\n\t\t<\/div>\n\t\t\t\t\t<\/div>\n\t\t<\/section>\n\t\t\t\t<section class=\"elementor-section elementor-top-section elementor-element elementor-element-e66bfe4 elementor-section-boxed elementor-section-height-default elementor-section-height-default\" data-id=\"e66bfe4\" data-element_type=\"section\" data-e-type=\"section\">\n\t\t\t\t\t\t<div class=\"elementor-container elementor-column-gap-default\">\n\t\t\t\t\t<div class=\"elementor-column elementor-col-50 elementor-top-column elementor-element elementor-element-20518d5a\" data-id=\"20518d5a\" data-element_type=\"column\" data-e-type=\"column\">\n\t\t\t<div class=\"elementor-widget-wrap\">\n\t\t\t\t\t\t\t<\/div>\n\t\t<\/div>\n\t\t\t\t<div class=\"elementor-column elementor-col-50 elementor-top-column elementor-element elementor-element-7e0a8a32\" data-id=\"7e0a8a32\" data-element_type=\"column\" data-e-type=\"column\">\n\t\t\t<div class=\"elementor-widget-wrap\">\n\t\t\t\t\t\t\t<\/div>\n\t\t<\/div>\n\t\t\t\t\t<\/div>\n\t\t<\/section>\n\t\t\t\t<\/div>\n\t\t","protected":false},"excerpt":{"rendered":"<p>Unsere Produkte Intelligent workpiece measurement VSC 3D Lageerkennung des Werkst\u00fccks im Raum und Vermessung w\u00e4hrend der Fertigung\/Endkontrolle per optischem 3D-Profilsensor. Die ber\u00fchrungslose Erg\u00e4nzung zum Messtaster. Visual Setup Control 3D, die \u201emessende Kamera\u201c, erm\u00f6glicht die ber\u00fchrungsfreie Vermessung Ihrer Werkst\u00fccke. Die optische Technologie erm\u00f6glicht bspw. die Vermessung von Gusskonturen oder Oberfl\u00e4chen, sowie von Fl\u00e4chen, die nicht angetastet [&hellip;]<\/p>\n","protected":false},"author":3,"featured_media":0,"parent":14987,"menu_order":0,"comment_status":"closed","ping_status":"closed","template":"","meta":{"footnotes":""},"class_list":["post-14989","page","type-page","status-publish","hentry"],"yoast_head":"<!-- This site is optimized with the Yoast SEO plugin v27.4 - https:\/\/yoast.com\/product\/yoast-seo-wordpress\/ -->\n<title>Workpiece measurement | SHW - Werkzeugmaschinen<\/title>\n<meta name=\"robots\" content=\"index, follow, max-snippet:-1, max-image-preview:large, max-video-preview:-1\" \/>\n<link rel=\"canonical\" href=\"https:\/\/shw-wm.de\/en\/technology\/software\/editing\/workpiece-measurement\/\" \/>\n<meta property=\"og:locale\" content=\"en_US\" \/>\n<meta property=\"og:type\" content=\"article\" \/>\n<meta property=\"og:title\" content=\"Workpiece measurement | SHW - Werkzeugmaschinen\" \/>\n<meta property=\"og:description\" content=\"Unsere Produkte Intelligent workpiece measurement VSC 3D Lageerkennung des Werkst\u00fccks im Raum und Vermessung w\u00e4hrend der Fertigung\/Endkontrolle per optischem 3D-Profilsensor. Die ber\u00fchrungslose Erg\u00e4nzung zum Messtaster. Visual Setup Control 3D, die \u201emessende Kamera\u201c, erm\u00f6glicht die ber\u00fchrungsfreie Vermessung Ihrer Werkst\u00fccke. Die optische Technologie erm\u00f6glicht bspw. die Vermessung von Gusskonturen oder Oberfl\u00e4chen, sowie von Fl\u00e4chen, die nicht angetastet [&hellip;]\" \/>\n<meta property=\"og:url\" content=\"https:\/\/shw-wm.de\/en\/technology\/software\/editing\/workpiece-measurement\/\" \/>\n<meta property=\"og:site_name\" content=\"SHW - Werkzeugmaschinen\" \/>\n<meta property=\"article:publisher\" content=\"https:\/\/www.facebook.com\/SHWWM\" \/>\n<meta property=\"article:modified_time\" content=\"2024-10-02T13:46:54+00:00\" \/>\n<meta property=\"og:image\" content=\"https:\/\/shw-wm.de\/wp-content\/uploads\/shw_layout\/shw_logo_kompakt@2x.jpg\" \/>\n\t<meta property=\"og:image:width\" content=\"255\" \/>\n\t<meta property=\"og:image:height\" content=\"69\" \/>\n\t<meta property=\"og:image:type\" content=\"image\/jpeg\" \/>\n<meta name=\"twitter:card\" content=\"summary_large_image\" \/>\n<meta name=\"twitter:site\" content=\"@SHW_WM_Gmbh\" \/>\n<meta name=\"twitter:label1\" content=\"Est. reading time\" \/>\n\t<meta name=\"twitter:data1\" content=\"1 minute\" \/>\n<script type=\"application\/ld+json\" class=\"yoast-schema-graph\">{\"@context\":\"https:\\\/\\\/schema.org\",\"@graph\":[{\"@type\":\"WebPage\",\"@id\":\"https:\\\/\\\/shw-wm.de\\\/en\\\/technology\\\/software\\\/editing\\\/workpiece-measurement\\\/\",\"url\":\"https:\\\/\\\/shw-wm.de\\\/en\\\/technology\\\/software\\\/editing\\\/workpiece-measurement\\\/\",\"name\":\"Workpiece measurement | SHW - Werkzeugmaschinen\",\"isPartOf\":{\"@id\":\"https:\\\/\\\/shw-wm.de\\\/#website\"},\"primaryImageOfPage\":{\"@id\":\"https:\\\/\\\/shw-wm.de\\\/en\\\/technology\\\/software\\\/editing\\\/workpiece-measurement\\\/#primaryimage\"},\"image\":{\"@id\":\"https:\\\/\\\/shw-wm.de\\\/en\\\/technology\\\/software\\\/editing\\\/workpiece-measurement\\\/#primaryimage\"},\"thumbnailUrl\":\"https:\\\/\\\/shw-wm.de\\\/wp-content\\\/uploads\\\/shw_layout\\\/shw_logo_kompakt@2x.jpg\",\"datePublished\":\"2018-11-30T21:57:51+00:00\",\"dateModified\":\"2024-10-02T13:46:54+00:00\",\"breadcrumb\":{\"@id\":\"https:\\\/\\\/shw-wm.de\\\/en\\\/technology\\\/software\\\/editing\\\/workpiece-measurement\\\/#breadcrumb\"},\"inLanguage\":\"en-US\",\"potentialAction\":[{\"@type\":\"ReadAction\",\"target\":[\"https:\\\/\\\/shw-wm.de\\\/en\\\/technology\\\/software\\\/editing\\\/workpiece-measurement\\\/\"]}]},{\"@type\":\"ImageObject\",\"inLanguage\":\"en-US\",\"@id\":\"https:\\\/\\\/shw-wm.de\\\/en\\\/technology\\\/software\\\/editing\\\/workpiece-measurement\\\/#primaryimage\",\"url\":\"https:\\\/\\\/shw-wm.de\\\/wp-content\\\/uploads\\\/shw_layout\\\/shw_logo_kompakt@2x.jpg\",\"contentUrl\":\"https:\\\/\\\/shw-wm.de\\\/wp-content\\\/uploads\\\/shw_layout\\\/shw_logo_kompakt@2x.jpg\"},{\"@type\":\"BreadcrumbList\",\"@id\":\"https:\\\/\\\/shw-wm.de\\\/en\\\/technology\\\/software\\\/editing\\\/workpiece-measurement\\\/#breadcrumb\",\"itemListElement\":[{\"@type\":\"ListItem\",\"position\":1,\"name\":\"Home\",\"item\":\"https:\\\/\\\/shw-wm.de\\\/\"},{\"@type\":\"ListItem\",\"position\":2,\"name\":\"Technology\",\"item\":\"https:\\\/\\\/shw-wm.de\\\/en\\\/technology\\\/\"},{\"@type\":\"ListItem\",\"position\":3,\"name\":\"Software\",\"item\":\"https:\\\/\\\/shw-wm.de\\\/en\\\/technology\\\/software\\\/\"},{\"@type\":\"ListItem\",\"position\":4,\"name\":\"Editing\",\"item\":\"https:\\\/\\\/shw-wm.de\\\/en\\\/technology\\\/software\\\/editing\\\/\"},{\"@type\":\"ListItem\",\"position\":5,\"name\":\"Workpiece measurement\"}]},{\"@type\":\"WebSite\",\"@id\":\"https:\\\/\\\/shw-wm.de\\\/#website\",\"url\":\"https:\\\/\\\/shw-wm.de\\\/\",\"name\":\"SHW - Werkzeugmaschinen\",\"description\":\"Hersteller von Fahrst\u00e4ndermaschinen\",\"publisher\":{\"@id\":\"https:\\\/\\\/shw-wm.de\\\/#organization\"},\"potentialAction\":[{\"@type\":\"SearchAction\",\"target\":{\"@type\":\"EntryPoint\",\"urlTemplate\":\"https:\\\/\\\/shw-wm.de\\\/?s={search_term_string}\"},\"query-input\":{\"@type\":\"PropertyValueSpecification\",\"valueRequired\":true,\"valueName\":\"search_term_string\"}}],\"inLanguage\":\"en-US\"},{\"@type\":\"Organization\",\"@id\":\"https:\\\/\\\/shw-wm.de\\\/#organization\",\"name\":\"SHW - Werkzeugmaschinen\",\"url\":\"https:\\\/\\\/shw-wm.de\\\/\",\"logo\":{\"@type\":\"ImageObject\",\"inLanguage\":\"en-US\",\"@id\":\"https:\\\/\\\/shw-wm.de\\\/#\\\/schema\\\/logo\\\/image\\\/\",\"url\":\"https:\\\/\\\/shw-wm.de\\\/wp-content\\\/uploads\\\/2021_Logo_mit_Flagge-1.jpg\",\"contentUrl\":\"https:\\\/\\\/shw-wm.de\\\/wp-content\\\/uploads\\\/2021_Logo_mit_Flagge-1.jpg\",\"width\":275,\"height\":119,\"caption\":\"SHW - Werkzeugmaschinen\"},\"image\":{\"@id\":\"https:\\\/\\\/shw-wm.de\\\/#\\\/schema\\\/logo\\\/image\\\/\"},\"sameAs\":[\"https:\\\/\\\/www.facebook.com\\\/SHWWM\",\"https:\\\/\\\/x.com\\\/SHW_WM_Gmbh\",\"https:\\\/\\\/www.instagram.com\\\/shw_werkzeugmaschinen\\\/\",\"https:\\\/\\\/www.youtube.com\\\/@SHWWerkzeugmaschinen\"]}]}<\/script>\n<!-- \/ Yoast SEO plugin. -->","yoast_head_json":{"title":"Workpiece measurement | SHW - Werkzeugmaschinen","robots":{"index":"index","follow":"follow","max-snippet":"max-snippet:-1","max-image-preview":"max-image-preview:large","max-video-preview":"max-video-preview:-1"},"canonical":"https:\/\/shw-wm.de\/en\/technology\/software\/editing\/workpiece-measurement\/","og_locale":"en_US","og_type":"article","og_title":"Workpiece measurement | SHW - Werkzeugmaschinen","og_description":"Unsere Produkte Intelligent workpiece measurement VSC 3D Lageerkennung des Werkst\u00fccks im Raum und Vermessung w\u00e4hrend der Fertigung\/Endkontrolle per optischem 3D-Profilsensor. Die ber\u00fchrungslose Erg\u00e4nzung zum Messtaster. Visual Setup Control 3D, die \u201emessende Kamera\u201c, erm\u00f6glicht die ber\u00fchrungsfreie Vermessung Ihrer Werkst\u00fccke. Die optische Technologie erm\u00f6glicht bspw. die Vermessung von Gusskonturen oder Oberfl\u00e4chen, sowie von Fl\u00e4chen, die nicht angetastet [&hellip;]","og_url":"https:\/\/shw-wm.de\/en\/technology\/software\/editing\/workpiece-measurement\/","og_site_name":"SHW - Werkzeugmaschinen","article_publisher":"https:\/\/www.facebook.com\/SHWWM","article_modified_time":"2024-10-02T13:46:54+00:00","og_image":[{"width":255,"height":69,"url":"https:\/\/shw-wm.de\/wp-content\/uploads\/shw_layout\/shw_logo_kompakt@2x.jpg","type":"image\/jpeg"}],"twitter_card":"summary_large_image","twitter_site":"@SHW_WM_Gmbh","twitter_misc":{"Est. reading time":"1 minute"},"schema":{"@context":"https:\/\/schema.org","@graph":[{"@type":"WebPage","@id":"https:\/\/shw-wm.de\/en\/technology\/software\/editing\/workpiece-measurement\/","url":"https:\/\/shw-wm.de\/en\/technology\/software\/editing\/workpiece-measurement\/","name":"Workpiece measurement | SHW - Werkzeugmaschinen","isPartOf":{"@id":"https:\/\/shw-wm.de\/#website"},"primaryImageOfPage":{"@id":"https:\/\/shw-wm.de\/en\/technology\/software\/editing\/workpiece-measurement\/#primaryimage"},"image":{"@id":"https:\/\/shw-wm.de\/en\/technology\/software\/editing\/workpiece-measurement\/#primaryimage"},"thumbnailUrl":"https:\/\/shw-wm.de\/wp-content\/uploads\/shw_layout\/shw_logo_kompakt@2x.jpg","datePublished":"2018-11-30T21:57:51+00:00","dateModified":"2024-10-02T13:46:54+00:00","breadcrumb":{"@id":"https:\/\/shw-wm.de\/en\/technology\/software\/editing\/workpiece-measurement\/#breadcrumb"},"inLanguage":"en-US","potentialAction":[{"@type":"ReadAction","target":["https:\/\/shw-wm.de\/en\/technology\/software\/editing\/workpiece-measurement\/"]}]},{"@type":"ImageObject","inLanguage":"en-US","@id":"https:\/\/shw-wm.de\/en\/technology\/software\/editing\/workpiece-measurement\/#primaryimage","url":"https:\/\/shw-wm.de\/wp-content\/uploads\/shw_layout\/shw_logo_kompakt@2x.jpg","contentUrl":"https:\/\/shw-wm.de\/wp-content\/uploads\/shw_layout\/shw_logo_kompakt@2x.jpg"},{"@type":"BreadcrumbList","@id":"https:\/\/shw-wm.de\/en\/technology\/software\/editing\/workpiece-measurement\/#breadcrumb","itemListElement":[{"@type":"ListItem","position":1,"name":"Home","item":"https:\/\/shw-wm.de\/"},{"@type":"ListItem","position":2,"name":"Technology","item":"https:\/\/shw-wm.de\/en\/technology\/"},{"@type":"ListItem","position":3,"name":"Software","item":"https:\/\/shw-wm.de\/en\/technology\/software\/"},{"@type":"ListItem","position":4,"name":"Editing","item":"https:\/\/shw-wm.de\/en\/technology\/software\/editing\/"},{"@type":"ListItem","position":5,"name":"Workpiece measurement"}]},{"@type":"WebSite","@id":"https:\/\/shw-wm.de\/#website","url":"https:\/\/shw-wm.de\/","name":"SHW - Werkzeugmaschinen","description":"Hersteller von Fahrst\u00e4ndermaschinen","publisher":{"@id":"https:\/\/shw-wm.de\/#organization"},"potentialAction":[{"@type":"SearchAction","target":{"@type":"EntryPoint","urlTemplate":"https:\/\/shw-wm.de\/?s={search_term_string}"},"query-input":{"@type":"PropertyValueSpecification","valueRequired":true,"valueName":"search_term_string"}}],"inLanguage":"en-US"},{"@type":"Organization","@id":"https:\/\/shw-wm.de\/#organization","name":"SHW - Werkzeugmaschinen","url":"https:\/\/shw-wm.de\/","logo":{"@type":"ImageObject","inLanguage":"en-US","@id":"https:\/\/shw-wm.de\/#\/schema\/logo\/image\/","url":"https:\/\/shw-wm.de\/wp-content\/uploads\/2021_Logo_mit_Flagge-1.jpg","contentUrl":"https:\/\/shw-wm.de\/wp-content\/uploads\/2021_Logo_mit_Flagge-1.jpg","width":275,"height":119,"caption":"SHW - Werkzeugmaschinen"},"image":{"@id":"https:\/\/shw-wm.de\/#\/schema\/logo\/image\/"},"sameAs":["https:\/\/www.facebook.com\/SHWWM","https:\/\/x.com\/SHW_WM_Gmbh","https:\/\/www.instagram.com\/shw_werkzeugmaschinen\/","https:\/\/www.youtube.com\/@SHWWerkzeugmaschinen"]}]}},"_links":{"self":[{"href":"https:\/\/shw-wm.de\/en\/wp-json\/wp\/v2\/pages\/14989","targetHints":{"allow":["GET"]}}],"collection":[{"href":"https:\/\/shw-wm.de\/en\/wp-json\/wp\/v2\/pages"}],"about":[{"href":"https:\/\/shw-wm.de\/en\/wp-json\/wp\/v2\/types\/page"}],"author":[{"embeddable":true,"href":"https:\/\/shw-wm.de\/en\/wp-json\/wp\/v2\/users\/3"}],"replies":[{"embeddable":true,"href":"https:\/\/shw-wm.de\/en\/wp-json\/wp\/v2\/comments?post=14989"}],"version-history":[{"count":1,"href":"https:\/\/shw-wm.de\/en\/wp-json\/wp\/v2\/pages\/14989\/revisions"}],"predecessor-version":[{"id":14991,"href":"https:\/\/shw-wm.de\/en\/wp-json\/wp\/v2\/pages\/14989\/revisions\/14991"}],"up":[{"embeddable":true,"href":"https:\/\/shw-wm.de\/en\/wp-json\/wp\/v2\/pages\/14987"}],"wp:attachment":[{"href":"https:\/\/shw-wm.de\/en\/wp-json\/wp\/v2\/media?parent=14989"}],"curies":[{"name":"wp","href":"https:\/\/api.w.org\/{rel}","templated":true}]}}