{"id":15000,"date":"2018-11-30T22:48:47","date_gmt":"2018-11-30T21:48:47","guid":{"rendered":"https:\/\/shw-wm.de\/technology\/software\/machine\/control-station\/"},"modified":"2024-10-02T15:46:54","modified_gmt":"2024-10-02T13:46:54","slug":"control-station","status":"publish","type":"page","link":"https:\/\/shw-wm.de\/en\/technology\/software\/machine\/control-station\/","title":{"rendered":"Control station"},"content":{"rendered":"\t\t<div data-elementor-type=\"wp-page\" data-elementor-id=\"15000\" class=\"elementor elementor-15000 elementor-4993\" data-elementor-post-type=\"page\">\n\t\t\t\t\t\t<section class=\"elementor-section elementor-top-section elementor-element elementor-element-61f0d374 elementor-section-boxed elementor-section-height-default elementor-section-height-default\" data-id=\"61f0d374\" data-element_type=\"section\" data-e-type=\"section\" data-settings=\"{&quot;background_background&quot;:&quot;classic&quot;}\">\n\t\t\t\t\t\t<div class=\"elementor-container elementor-column-gap-default\">\n\t\t\t\t\t<div class=\"elementor-column elementor-col-100 elementor-top-column elementor-element elementor-element-7cd99838\" data-id=\"7cd99838\" data-element_type=\"column\" data-e-type=\"column\">\n\t\t\t<div class=\"elementor-widget-wrap elementor-element-populated\">\n\t\t\t\t\t\t<div class=\"elementor-element elementor-element-79e80c53 elementor-widget elementor-widget-heading\" data-id=\"79e80c53\" data-element_type=\"widget\" data-e-type=\"widget\" data-widget_type=\"heading.default\">\n\t\t\t\t<div class=\"elementor-widget-container\">\n\t\t\t\t\t<h2 class=\"elementor-heading-title elementor-size-default\">Control station<\/h2>\t\t\t\t<\/div>\n\t\t\t\t<\/div>\n\t\t\t\t\t<\/div>\n\t\t<\/div>\n\t\t\t\t\t<\/div>\n\t\t<\/section>\n\t\t\t\t<section class=\"elementor-section elementor-top-section elementor-element elementor-element-60c0507e elementor-section-boxed elementor-section-height-default elementor-section-height-default\" data-id=\"60c0507e\" data-element_type=\"section\" data-e-type=\"section\">\n\t\t\t\t\t\t<div class=\"elementor-container elementor-column-gap-default\">\n\t\t\t\t\t<div class=\"elementor-column elementor-col-100 elementor-top-column elementor-element elementor-element-35426e78\" data-id=\"35426e78\" data-element_type=\"column\" data-e-type=\"column\">\n\t\t\t<div class=\"elementor-widget-wrap elementor-element-populated\">\n\t\t\t\t\t\t<div class=\"elementor-element elementor-element-4dfe2535 elementor-widget elementor-widget-text-editor\" data-id=\"4dfe2535\" data-element_type=\"widget\" data-e-type=\"widget\" data-widget_type=\"text-editor.default\">\n\t\t\t\t<div class=\"elementor-widget-container\">\n\t\t\t\t\t\t\t\t\t<p style=\"font-size: 36px; line-height: 42px;\"><img decoding=\"async\" class=\"alignnone size-full wp-image-5024\" src=\"https:\/\/shw-wm.de\/wp-content\/uploads\/shw_layout\/shw_logo_kompakt@2x.jpg\" alt=\"\" width=\"127.5\" height=\"34.5\">  RemoteDesktop<\/p>\n\t\t\t\t\t\t\t\t<\/div>\n\t\t\t\t<\/div>\n\t\t\t\t\t<\/div>\n\t\t<\/div>\n\t\t\t\t\t<\/div>\n\t\t<\/section>\n\t\t\t\t<section class=\"elementor-section elementor-top-section elementor-element elementor-element-536dfe97 elementor-section-boxed elementor-section-height-default elementor-section-height-default\" data-id=\"536dfe97\" data-element_type=\"section\" data-e-type=\"section\">\n\t\t\t\t\t\t<div class=\"elementor-container elementor-column-gap-default\">\n\t\t\t\t\t<div class=\"elementor-column elementor-col-50 elementor-top-column elementor-element elementor-element-bc7088e\" data-id=\"bc7088e\" data-element_type=\"column\" data-e-type=\"column\">\n\t\t\t<div class=\"elementor-widget-wrap\">\n\t\t\t\t\t\t\t<\/div>\n\t\t<\/div>\n\t\t\t\t<div class=\"elementor-column elementor-col-50 elementor-top-column elementor-element elementor-element-71ffd317\" data-id=\"71ffd317\" data-element_type=\"column\" data-e-type=\"column\">\n\t\t\t<div class=\"elementor-widget-wrap\">\n\t\t\t\t\t\t\t<\/div>\n\t\t<\/div>\n\t\t\t\t\t<\/div>\n\t\t<\/section>\n\t\t\t\t<\/div>\n\t\t","protected":false},"excerpt":{"rendered":"<p>Unsere Produkte Control station RemoteDesktop Der Remote Desktop bietet Ihnen alle Vorteile eines Computerarbeitsplatzes direkt auf der Steuerung Ihrer Maschine. Direkt von der Maschinensteuerung aus erhalten Sie Zugriff auf alle relevanten Daten, die Sie vor Ort ben\u00f6tigen. Vom Anlegen eines Arbeitsauftrages im ERP-System, \u00fcber die Ansicht von Zeichnungen und Checklisten &#8211; genie\u00dfen Sie alle Vorteile [&hellip;]<\/p>\n","protected":false},"author":3,"featured_media":0,"parent":14983,"menu_order":0,"comment_status":"closed","ping_status":"closed","template":"","meta":{"footnotes":""},"class_list":["post-15000","page","type-page","status-publish","hentry"],"yoast_head":"<!-- This site is optimized with the Yoast SEO plugin v27.4 - https:\/\/yoast.com\/product\/yoast-seo-wordpress\/ -->\n<title>Control station | SHW - Werkzeugmaschinen<\/title>\n<meta name=\"robots\" content=\"index, follow, max-snippet:-1, max-image-preview:large, max-video-preview:-1\" \/>\n<link rel=\"canonical\" href=\"https:\/\/shw-wm.de\/en\/technology\/software\/machine\/control-station\/\" \/>\n<meta property=\"og:locale\" content=\"en_US\" \/>\n<meta property=\"og:type\" content=\"article\" \/>\n<meta property=\"og:title\" content=\"Control station | SHW - Werkzeugmaschinen\" \/>\n<meta property=\"og:description\" content=\"Unsere Produkte Control station RemoteDesktop Der Remote Desktop bietet Ihnen alle Vorteile eines Computerarbeitsplatzes direkt auf der Steuerung Ihrer Maschine. Direkt von der Maschinensteuerung aus erhalten Sie Zugriff auf alle relevanten Daten, die Sie vor Ort ben\u00f6tigen. Vom Anlegen eines Arbeitsauftrages im ERP-System, \u00fcber die Ansicht von Zeichnungen und Checklisten &#8211; genie\u00dfen Sie alle Vorteile [&hellip;]\" \/>\n<meta property=\"og:url\" content=\"https:\/\/shw-wm.de\/en\/technology\/software\/machine\/control-station\/\" \/>\n<meta property=\"og:site_name\" content=\"SHW - Werkzeugmaschinen\" \/>\n<meta property=\"article:publisher\" content=\"https:\/\/www.facebook.com\/SHWWM\" \/>\n<meta property=\"article:modified_time\" content=\"2024-10-02T13:46:54+00:00\" \/>\n<meta property=\"og:image\" content=\"https:\/\/shw-wm.de\/wp-content\/uploads\/shw_layout\/shw_logo_kompakt@2x.jpg\" \/>\n\t<meta property=\"og:image:width\" content=\"255\" \/>\n\t<meta property=\"og:image:height\" content=\"69\" \/>\n\t<meta property=\"og:image:type\" content=\"image\/jpeg\" \/>\n<meta name=\"twitter:card\" content=\"summary_large_image\" \/>\n<meta name=\"twitter:site\" content=\"@SHW_WM_Gmbh\" \/>\n<meta name=\"twitter:label1\" content=\"Est. reading time\" \/>\n\t<meta name=\"twitter:data1\" content=\"1 minute\" \/>\n<script type=\"application\/ld+json\" class=\"yoast-schema-graph\">{\"@context\":\"https:\\\/\\\/schema.org\",\"@graph\":[{\"@type\":\"WebPage\",\"@id\":\"https:\\\/\\\/shw-wm.de\\\/en\\\/technology\\\/software\\\/machine\\\/control-station\\\/\",\"url\":\"https:\\\/\\\/shw-wm.de\\\/en\\\/technology\\\/software\\\/machine\\\/control-station\\\/\",\"name\":\"Control station | SHW - Werkzeugmaschinen\",\"isPartOf\":{\"@id\":\"https:\\\/\\\/shw-wm.de\\\/#website\"},\"primaryImageOfPage\":{\"@id\":\"https:\\\/\\\/shw-wm.de\\\/en\\\/technology\\\/software\\\/machine\\\/control-station\\\/#primaryimage\"},\"image\":{\"@id\":\"https:\\\/\\\/shw-wm.de\\\/en\\\/technology\\\/software\\\/machine\\\/control-station\\\/#primaryimage\"},\"thumbnailUrl\":\"https:\\\/\\\/shw-wm.de\\\/wp-content\\\/uploads\\\/shw_layout\\\/shw_logo_kompakt@2x.jpg\",\"datePublished\":\"2018-11-30T21:48:47+00:00\",\"dateModified\":\"2024-10-02T13:46:54+00:00\",\"breadcrumb\":{\"@id\":\"https:\\\/\\\/shw-wm.de\\\/en\\\/technology\\\/software\\\/machine\\\/control-station\\\/#breadcrumb\"},\"inLanguage\":\"en-US\",\"potentialAction\":[{\"@type\":\"ReadAction\",\"target\":[\"https:\\\/\\\/shw-wm.de\\\/en\\\/technology\\\/software\\\/machine\\\/control-station\\\/\"]}]},{\"@type\":\"ImageObject\",\"inLanguage\":\"en-US\",\"@id\":\"https:\\\/\\\/shw-wm.de\\\/en\\\/technology\\\/software\\\/machine\\\/control-station\\\/#primaryimage\",\"url\":\"https:\\\/\\\/shw-wm.de\\\/wp-content\\\/uploads\\\/shw_layout\\\/shw_logo_kompakt@2x.jpg\",\"contentUrl\":\"https:\\\/\\\/shw-wm.de\\\/wp-content\\\/uploads\\\/shw_layout\\\/shw_logo_kompakt@2x.jpg\"},{\"@type\":\"BreadcrumbList\",\"@id\":\"https:\\\/\\\/shw-wm.de\\\/en\\\/technology\\\/software\\\/machine\\\/control-station\\\/#breadcrumb\",\"itemListElement\":[{\"@type\":\"ListItem\",\"position\":1,\"name\":\"Home\",\"item\":\"https:\\\/\\\/shw-wm.de\\\/\"},{\"@type\":\"ListItem\",\"position\":2,\"name\":\"Technology\",\"item\":\"https:\\\/\\\/shw-wm.de\\\/en\\\/technology\\\/\"},{\"@type\":\"ListItem\",\"position\":3,\"name\":\"Software\",\"item\":\"https:\\\/\\\/shw-wm.de\\\/en\\\/technology\\\/software\\\/\"},{\"@type\":\"ListItem\",\"position\":4,\"name\":\"Machine\",\"item\":\"https:\\\/\\\/shw-wm.de\\\/en\\\/technology\\\/software\\\/machine\\\/\"},{\"@type\":\"ListItem\",\"position\":5,\"name\":\"Control station\"}]},{\"@type\":\"WebSite\",\"@id\":\"https:\\\/\\\/shw-wm.de\\\/#website\",\"url\":\"https:\\\/\\\/shw-wm.de\\\/\",\"name\":\"SHW - Werkzeugmaschinen\",\"description\":\"Hersteller von Fahrst\u00e4ndermaschinen\",\"publisher\":{\"@id\":\"https:\\\/\\\/shw-wm.de\\\/#organization\"},\"potentialAction\":[{\"@type\":\"SearchAction\",\"target\":{\"@type\":\"EntryPoint\",\"urlTemplate\":\"https:\\\/\\\/shw-wm.de\\\/?s={search_term_string}\"},\"query-input\":{\"@type\":\"PropertyValueSpecification\",\"valueRequired\":true,\"valueName\":\"search_term_string\"}}],\"inLanguage\":\"en-US\"},{\"@type\":\"Organization\",\"@id\":\"https:\\\/\\\/shw-wm.de\\\/#organization\",\"name\":\"SHW - Werkzeugmaschinen\",\"url\":\"https:\\\/\\\/shw-wm.de\\\/\",\"logo\":{\"@type\":\"ImageObject\",\"inLanguage\":\"en-US\",\"@id\":\"https:\\\/\\\/shw-wm.de\\\/#\\\/schema\\\/logo\\\/image\\\/\",\"url\":\"https:\\\/\\\/shw-wm.de\\\/wp-content\\\/uploads\\\/2021_Logo_mit_Flagge-1.jpg\",\"contentUrl\":\"https:\\\/\\\/shw-wm.de\\\/wp-content\\\/uploads\\\/2021_Logo_mit_Flagge-1.jpg\",\"width\":275,\"height\":119,\"caption\":\"SHW - Werkzeugmaschinen\"},\"image\":{\"@id\":\"https:\\\/\\\/shw-wm.de\\\/#\\\/schema\\\/logo\\\/image\\\/\"},\"sameAs\":[\"https:\\\/\\\/www.facebook.com\\\/SHWWM\",\"https:\\\/\\\/x.com\\\/SHW_WM_Gmbh\",\"https:\\\/\\\/www.instagram.com\\\/shw_werkzeugmaschinen\\\/\",\"https:\\\/\\\/www.youtube.com\\\/@SHWWerkzeugmaschinen\"]}]}<\/script>\n<!-- \/ Yoast SEO plugin. -->","yoast_head_json":{"title":"Control station | SHW - Werkzeugmaschinen","robots":{"index":"index","follow":"follow","max-snippet":"max-snippet:-1","max-image-preview":"max-image-preview:large","max-video-preview":"max-video-preview:-1"},"canonical":"https:\/\/shw-wm.de\/en\/technology\/software\/machine\/control-station\/","og_locale":"en_US","og_type":"article","og_title":"Control station | SHW - Werkzeugmaschinen","og_description":"Unsere Produkte Control station RemoteDesktop Der Remote Desktop bietet Ihnen alle Vorteile eines Computerarbeitsplatzes direkt auf der Steuerung Ihrer Maschine. Direkt von der Maschinensteuerung aus erhalten Sie Zugriff auf alle relevanten Daten, die Sie vor Ort ben\u00f6tigen. Vom Anlegen eines Arbeitsauftrages im ERP-System, \u00fcber die Ansicht von Zeichnungen und Checklisten &#8211; genie\u00dfen Sie alle Vorteile [&hellip;]","og_url":"https:\/\/shw-wm.de\/en\/technology\/software\/machine\/control-station\/","og_site_name":"SHW - Werkzeugmaschinen","article_publisher":"https:\/\/www.facebook.com\/SHWWM","article_modified_time":"2024-10-02T13:46:54+00:00","og_image":[{"width":255,"height":69,"url":"https:\/\/shw-wm.de\/wp-content\/uploads\/shw_layout\/shw_logo_kompakt@2x.jpg","type":"image\/jpeg"}],"twitter_card":"summary_large_image","twitter_site":"@SHW_WM_Gmbh","twitter_misc":{"Est. reading time":"1 minute"},"schema":{"@context":"https:\/\/schema.org","@graph":[{"@type":"WebPage","@id":"https:\/\/shw-wm.de\/en\/technology\/software\/machine\/control-station\/","url":"https:\/\/shw-wm.de\/en\/technology\/software\/machine\/control-station\/","name":"Control station | SHW - Werkzeugmaschinen","isPartOf":{"@id":"https:\/\/shw-wm.de\/#website"},"primaryImageOfPage":{"@id":"https:\/\/shw-wm.de\/en\/technology\/software\/machine\/control-station\/#primaryimage"},"image":{"@id":"https:\/\/shw-wm.de\/en\/technology\/software\/machine\/control-station\/#primaryimage"},"thumbnailUrl":"https:\/\/shw-wm.de\/wp-content\/uploads\/shw_layout\/shw_logo_kompakt@2x.jpg","datePublished":"2018-11-30T21:48:47+00:00","dateModified":"2024-10-02T13:46:54+00:00","breadcrumb":{"@id":"https:\/\/shw-wm.de\/en\/technology\/software\/machine\/control-station\/#breadcrumb"},"inLanguage":"en-US","potentialAction":[{"@type":"ReadAction","target":["https:\/\/shw-wm.de\/en\/technology\/software\/machine\/control-station\/"]}]},{"@type":"ImageObject","inLanguage":"en-US","@id":"https:\/\/shw-wm.de\/en\/technology\/software\/machine\/control-station\/#primaryimage","url":"https:\/\/shw-wm.de\/wp-content\/uploads\/shw_layout\/shw_logo_kompakt@2x.jpg","contentUrl":"https:\/\/shw-wm.de\/wp-content\/uploads\/shw_layout\/shw_logo_kompakt@2x.jpg"},{"@type":"BreadcrumbList","@id":"https:\/\/shw-wm.de\/en\/technology\/software\/machine\/control-station\/#breadcrumb","itemListElement":[{"@type":"ListItem","position":1,"name":"Home","item":"https:\/\/shw-wm.de\/"},{"@type":"ListItem","position":2,"name":"Technology","item":"https:\/\/shw-wm.de\/en\/technology\/"},{"@type":"ListItem","position":3,"name":"Software","item":"https:\/\/shw-wm.de\/en\/technology\/software\/"},{"@type":"ListItem","position":4,"name":"Machine","item":"https:\/\/shw-wm.de\/en\/technology\/software\/machine\/"},{"@type":"ListItem","position":5,"name":"Control station"}]},{"@type":"WebSite","@id":"https:\/\/shw-wm.de\/#website","url":"https:\/\/shw-wm.de\/","name":"SHW - Werkzeugmaschinen","description":"Hersteller von Fahrst\u00e4ndermaschinen","publisher":{"@id":"https:\/\/shw-wm.de\/#organization"},"potentialAction":[{"@type":"SearchAction","target":{"@type":"EntryPoint","urlTemplate":"https:\/\/shw-wm.de\/?s={search_term_string}"},"query-input":{"@type":"PropertyValueSpecification","valueRequired":true,"valueName":"search_term_string"}}],"inLanguage":"en-US"},{"@type":"Organization","@id":"https:\/\/shw-wm.de\/#organization","name":"SHW - Werkzeugmaschinen","url":"https:\/\/shw-wm.de\/","logo":{"@type":"ImageObject","inLanguage":"en-US","@id":"https:\/\/shw-wm.de\/#\/schema\/logo\/image\/","url":"https:\/\/shw-wm.de\/wp-content\/uploads\/2021_Logo_mit_Flagge-1.jpg","contentUrl":"https:\/\/shw-wm.de\/wp-content\/uploads\/2021_Logo_mit_Flagge-1.jpg","width":275,"height":119,"caption":"SHW - Werkzeugmaschinen"},"image":{"@id":"https:\/\/shw-wm.de\/#\/schema\/logo\/image\/"},"sameAs":["https:\/\/www.facebook.com\/SHWWM","https:\/\/x.com\/SHW_WM_Gmbh","https:\/\/www.instagram.com\/shw_werkzeugmaschinen\/","https:\/\/www.youtube.com\/@SHWWerkzeugmaschinen"]}]}},"_links":{"self":[{"href":"https:\/\/shw-wm.de\/en\/wp-json\/wp\/v2\/pages\/15000","targetHints":{"allow":["GET"]}}],"collection":[{"href":"https:\/\/shw-wm.de\/en\/wp-json\/wp\/v2\/pages"}],"about":[{"href":"https:\/\/shw-wm.de\/en\/wp-json\/wp\/v2\/types\/page"}],"author":[{"embeddable":true,"href":"https:\/\/shw-wm.de\/en\/wp-json\/wp\/v2\/users\/3"}],"replies":[{"embeddable":true,"href":"https:\/\/shw-wm.de\/en\/wp-json\/wp\/v2\/comments?post=15000"}],"version-history":[{"count":1,"href":"https:\/\/shw-wm.de\/en\/wp-json\/wp\/v2\/pages\/15000\/revisions"}],"predecessor-version":[{"id":15001,"href":"https:\/\/shw-wm.de\/en\/wp-json\/wp\/v2\/pages\/15000\/revisions\/15001"}],"up":[{"embeddable":true,"href":"https:\/\/shw-wm.de\/en\/wp-json\/wp\/v2\/pages\/14983"}],"wp:attachment":[{"href":"https:\/\/shw-wm.de\/en\/wp-json\/wp\/v2\/media?parent=15000"}],"curies":[{"name":"wp","href":"https:\/\/api.w.org\/{rel}","templated":true}]}}