{"id":15054,"date":"2018-12-11T13:28:02","date_gmt":"2018-12-11T12:28:02","guid":{"rendered":"https:\/\/shw-wm.de\/accessories\/chip-conveyor\/"},"modified":"2024-10-30T15:07:24","modified_gmt":"2024-10-30T14:07:24","slug":"chip-conveyor","status":"publish","type":"page","link":"https:\/\/shw-wm.de\/en\/accessories\/chip-conveyor\/","title":{"rendered":"Chip conveyor"},"content":{"rendered":"\t\t<div data-elementor-type=\"wp-page\" data-elementor-id=\"15054\" class=\"elementor elementor-15054 elementor-6326\" data-elementor-post-type=\"page\">\n\t\t\t\t\t\t<section class=\"elementor-section elementor-top-section elementor-element elementor-element-647fb76 elementor-section-boxed elementor-section-height-default elementor-section-height-default\" data-id=\"647fb76\" data-element_type=\"section\" data-e-type=\"section\">\n\t\t\t\t\t\t<div class=\"elementor-container elementor-column-gap-default\">\n\t\t\t\t\t<div class=\"elementor-column elementor-col-33 elementor-top-column elementor-element elementor-element-7d5f20f\" data-id=\"7d5f20f\" data-element_type=\"column\" data-e-type=\"column\">\n\t\t\t<div class=\"elementor-widget-wrap elementor-element-populated\">\n\t\t\t\t\t\t<div class=\"elementor-element elementor-element-cfeb4b8 elementor-widget elementor-widget-image\" data-id=\"cfeb4b8\" data-element_type=\"widget\" data-e-type=\"widget\" data-widget_type=\"image.default\">\n\t\t\t\t<div class=\"elementor-widget-container\">\n\t\t\t\t\t\t\t\t\t\t\t\t\t\t\t\t<a href=\"https:\/\/shw-wm.de\/en\/accessories\/chip-conveyor\/hinge-tape\/\">\n\t\t\t\t\t\t\t<img fetchpriority=\"high\" decoding=\"async\" width=\"800\" height=\"600\" src=\"https:\/\/shw-wm.de\/wp-content\/uploads\/shw_wm_service\/zubehoer\/spaenefoerderer\/2024-9350\/scharnierband-1_800x600.jpg\" class=\"attachment-full size-full wp-image-14570\" alt=\"\" srcset=\"https:\/\/shw-wm.de\/wp-content\/uploads\/shw_wm_service\/zubehoer\/spaenefoerderer\/2024-9350\/scharnierband-1_800x600.jpg 800w, https:\/\/shw-wm.de\/wp-content\/uploads\/shw_wm_service\/zubehoer\/spaenefoerderer\/2024-9350\/scharnierband-1_800x600-300x225.jpg 300w, https:\/\/shw-wm.de\/wp-content\/uploads\/shw_wm_service\/zubehoer\/spaenefoerderer\/2024-9350\/scharnierband-1_800x600-768x576.jpg 768w, https:\/\/shw-wm.de\/wp-content\/uploads\/shw_wm_service\/zubehoer\/spaenefoerderer\/2024-9350\/scharnierband-1_800x600-600x450.jpg 600w\" sizes=\"(max-width: 800px) 100vw, 800px\" \/>\t\t\t\t\t\t\t\t<\/a>\n\t\t\t\t\t\t\t\t\t\t\t\t\t\t\t<\/div>\n\t\t\t\t<\/div>\n\t\t\t\t\t<\/div>\n\t\t<\/div>\n\t\t\t\t<div class=\"elementor-column elementor-col-33 elementor-top-column elementor-element elementor-element-cd06f5d\" data-id=\"cd06f5d\" data-element_type=\"column\" data-e-type=\"column\">\n\t\t\t<div class=\"elementor-widget-wrap elementor-element-populated\">\n\t\t\t\t\t\t<div class=\"elementor-element elementor-element-c5fb747 elementor-widget elementor-widget-image\" data-id=\"c5fb747\" data-element_type=\"widget\" data-e-type=\"widget\" data-widget_type=\"image.default\">\n\t\t\t\t<div class=\"elementor-widget-container\">\n\t\t\t\t\t\t\t\t\t\t\t\t\t\t\t\t<a href=\"https:\/\/shw-wm.de\/en\/accessories\/chip-conveyor\/hinge-tape-2\/\">\n\t\t\t\t\t\t\t<img decoding=\"async\" width=\"800\" height=\"600\" src=\"https:\/\/shw-wm.de\/wp-content\/uploads\/shw_wm_service\/zubehoer\/spaenefoerderer\/2024-9351\/scharnierband-2_800x600.jpg\" class=\"attachment-full size-full wp-image-14571\" alt=\"\" srcset=\"https:\/\/shw-wm.de\/wp-content\/uploads\/shw_wm_service\/zubehoer\/spaenefoerderer\/2024-9351\/scharnierband-2_800x600.jpg 800w, https:\/\/shw-wm.de\/wp-content\/uploads\/shw_wm_service\/zubehoer\/spaenefoerderer\/2024-9351\/scharnierband-2_800x600-300x225.jpg 300w, https:\/\/shw-wm.de\/wp-content\/uploads\/shw_wm_service\/zubehoer\/spaenefoerderer\/2024-9351\/scharnierband-2_800x600-768x576.jpg 768w, https:\/\/shw-wm.de\/wp-content\/uploads\/shw_wm_service\/zubehoer\/spaenefoerderer\/2024-9351\/scharnierband-2_800x600-600x450.jpg 600w\" sizes=\"(max-width: 800px) 100vw, 800px\" \/>\t\t\t\t\t\t\t\t<\/a>\n\t\t\t\t\t\t\t\t\t\t\t\t\t\t\t<\/div>\n\t\t\t\t<\/div>\n\t\t\t\t\t<\/div>\n\t\t<\/div>\n\t\t\t\t<div class=\"elementor-column elementor-col-33 elementor-top-column elementor-element elementor-element-6b65eba\" data-id=\"6b65eba\" data-element_type=\"column\" data-e-type=\"column\">\n\t\t\t<div class=\"elementor-widget-wrap\">\n\t\t\t\t\t\t\t<\/div>\n\t\t<\/div>\n\t\t\t\t\t<\/div>\n\t\t<\/section>\n\t\t\t\t<\/div>\n\t\t","protected":false},"excerpt":{"rendered":"<p>Scharnierband Gesamtl\u00e4nge:11406,18 mm Bandbreite:304,8 mm F\u00f6rderh\u00f6he:1985 mm F\u00f6rderleistung mindestens:300 dm\u00b3\/h F\u00f6rdergeschwindigkeit mindestens:3 &#8211; 5 m\/min Baujahr:2001 Scharnierband Gesamtl\u00e4nge:9762,38 mm Bandbreite:228,6 mm F\u00f6rderh\u00f6he:2550 mm F\u00f6rderleistung mindestens:300 dm\u00b3\/h F\u00f6rdergeschwindigkeit mindestens:3 &#8211; 5 m\/min Baujahr:2008<\/p>\n","protected":false},"author":3,"featured_media":0,"parent":15031,"menu_order":0,"comment_status":"closed","ping_status":"closed","template":"","meta":{"footnotes":""},"class_list":["post-15054","page","type-page","status-publish","hentry"],"yoast_head":"<!-- This site is optimized with the Yoast SEO plugin v27.4 - https:\/\/yoast.com\/product\/yoast-seo-wordpress\/ -->\n<title>Chip conveyor | SHW - Werkzeugmaschinen<\/title>\n<meta name=\"robots\" content=\"index, follow, max-snippet:-1, max-image-preview:large, max-video-preview:-1\" \/>\n<link rel=\"canonical\" href=\"https:\/\/shw-wm.de\/zubehoer\/spaenefoerderer\/\" \/>\n<meta property=\"og:locale\" content=\"en_US\" \/>\n<meta property=\"og:type\" content=\"article\" \/>\n<meta property=\"og:title\" content=\"Chip conveyor | SHW - Werkzeugmaschinen\" \/>\n<meta property=\"og:description\" content=\"Scharnierband Gesamtl\u00e4nge:11406,18 mm Bandbreite:304,8 mm F\u00f6rderh\u00f6he:1985 mm F\u00f6rderleistung mindestens:300 dm\u00b3\/h F\u00f6rdergeschwindigkeit mindestens:3 &#8211; 5 m\/min Baujahr:2001 Scharnierband Gesamtl\u00e4nge:9762,38 mm Bandbreite:228,6 mm F\u00f6rderh\u00f6he:2550 mm F\u00f6rderleistung mindestens:300 dm\u00b3\/h F\u00f6rdergeschwindigkeit mindestens:3 &#8211; 5 m\/min Baujahr:2008\" \/>\n<meta property=\"og:url\" content=\"https:\/\/shw-wm.de\/zubehoer\/spaenefoerderer\/\" \/>\n<meta property=\"og:site_name\" content=\"SHW - Werkzeugmaschinen\" \/>\n<meta property=\"article:publisher\" content=\"https:\/\/www.facebook.com\/SHWWM\" \/>\n<meta property=\"article:modified_time\" content=\"2024-10-30T14:07:24+00:00\" \/>\n<meta property=\"og:image\" content=\"https:\/\/shw-wm.de\/wp-content\/uploads\/shw_wm_service\/zubehoer\/spaenefoerderer\/2024-9350\/scharnierband-1_800x600.jpg\" \/>\n\t<meta property=\"og:image:width\" content=\"800\" \/>\n\t<meta property=\"og:image:height\" content=\"600\" \/>\n\t<meta property=\"og:image:type\" content=\"image\/jpeg\" \/>\n<meta name=\"twitter:card\" content=\"summary_large_image\" \/>\n<meta name=\"twitter:site\" content=\"@SHW_WM_Gmbh\" \/>\n<script type=\"application\/ld+json\" class=\"yoast-schema-graph\">{\"@context\":\"https:\\\/\\\/schema.org\",\"@graph\":[{\"@type\":\"WebPage\",\"@id\":\"https:\\\/\\\/shw-wm.de\\\/zubehoer\\\/spaenefoerderer\\\/\",\"url\":\"https:\\\/\\\/shw-wm.de\\\/zubehoer\\\/spaenefoerderer\\\/\",\"name\":\"Chip conveyor | SHW - Werkzeugmaschinen\",\"isPartOf\":{\"@id\":\"https:\\\/\\\/shw-wm.de\\\/#website\"},\"primaryImageOfPage\":{\"@id\":\"https:\\\/\\\/shw-wm.de\\\/zubehoer\\\/spaenefoerderer\\\/#primaryimage\"},\"image\":{\"@id\":\"https:\\\/\\\/shw-wm.de\\\/zubehoer\\\/spaenefoerderer\\\/#primaryimage\"},\"thumbnailUrl\":\"https:\\\/\\\/shw-wm.de\\\/wp-content\\\/uploads\\\/shw_wm_service\\\/zubehoer\\\/spaenefoerderer\\\/2024-9350\\\/scharnierband-1_800x600.jpg\",\"datePublished\":\"2018-12-11T12:28:02+00:00\",\"dateModified\":\"2024-10-30T14:07:24+00:00\",\"breadcrumb\":{\"@id\":\"https:\\\/\\\/shw-wm.de\\\/zubehoer\\\/spaenefoerderer\\\/#breadcrumb\"},\"inLanguage\":\"en-US\",\"potentialAction\":[{\"@type\":\"ReadAction\",\"target\":[\"https:\\\/\\\/shw-wm.de\\\/zubehoer\\\/spaenefoerderer\\\/\"]}]},{\"@type\":\"ImageObject\",\"inLanguage\":\"en-US\",\"@id\":\"https:\\\/\\\/shw-wm.de\\\/zubehoer\\\/spaenefoerderer\\\/#primaryimage\",\"url\":\"https:\\\/\\\/shw-wm.de\\\/wp-content\\\/uploads\\\/shw_wm_service\\\/zubehoer\\\/spaenefoerderer\\\/2024-9350\\\/scharnierband-1_800x600.jpg\",\"contentUrl\":\"https:\\\/\\\/shw-wm.de\\\/wp-content\\\/uploads\\\/shw_wm_service\\\/zubehoer\\\/spaenefoerderer\\\/2024-9350\\\/scharnierband-1_800x600.jpg\"},{\"@type\":\"BreadcrumbList\",\"@id\":\"https:\\\/\\\/shw-wm.de\\\/zubehoer\\\/spaenefoerderer\\\/#breadcrumb\",\"itemListElement\":[{\"@type\":\"ListItem\",\"position\":1,\"name\":\"Home\",\"item\":\"https:\\\/\\\/shw-wm.de\\\/\"},{\"@type\":\"ListItem\",\"position\":2,\"name\":\"Accessories\",\"item\":\"https:\\\/\\\/shw-wm.de\\\/zubehoer\\\/\"},{\"@type\":\"ListItem\",\"position\":3,\"name\":\"Chip conveyor\"}]},{\"@type\":\"WebSite\",\"@id\":\"https:\\\/\\\/shw-wm.de\\\/#website\",\"url\":\"https:\\\/\\\/shw-wm.de\\\/\",\"name\":\"SHW - Werkzeugmaschinen\",\"description\":\"Hersteller von Fahrst\u00e4ndermaschinen\",\"publisher\":{\"@id\":\"https:\\\/\\\/shw-wm.de\\\/#organization\"},\"potentialAction\":[{\"@type\":\"SearchAction\",\"target\":{\"@type\":\"EntryPoint\",\"urlTemplate\":\"https:\\\/\\\/shw-wm.de\\\/?s={search_term_string}\"},\"query-input\":{\"@type\":\"PropertyValueSpecification\",\"valueRequired\":true,\"valueName\":\"search_term_string\"}}],\"inLanguage\":\"en-US\"},{\"@type\":\"Organization\",\"@id\":\"https:\\\/\\\/shw-wm.de\\\/#organization\",\"name\":\"SHW - Werkzeugmaschinen\",\"url\":\"https:\\\/\\\/shw-wm.de\\\/\",\"logo\":{\"@type\":\"ImageObject\",\"inLanguage\":\"en-US\",\"@id\":\"https:\\\/\\\/shw-wm.de\\\/#\\\/schema\\\/logo\\\/image\\\/\",\"url\":\"https:\\\/\\\/shw-wm.de\\\/wp-content\\\/uploads\\\/2021_Logo_mit_Flagge-1.jpg\",\"contentUrl\":\"https:\\\/\\\/shw-wm.de\\\/wp-content\\\/uploads\\\/2021_Logo_mit_Flagge-1.jpg\",\"width\":275,\"height\":119,\"caption\":\"SHW - Werkzeugmaschinen\"},\"image\":{\"@id\":\"https:\\\/\\\/shw-wm.de\\\/#\\\/schema\\\/logo\\\/image\\\/\"},\"sameAs\":[\"https:\\\/\\\/www.facebook.com\\\/SHWWM\",\"https:\\\/\\\/x.com\\\/SHW_WM_Gmbh\",\"https:\\\/\\\/www.instagram.com\\\/shw_werkzeugmaschinen\\\/\",\"https:\\\/\\\/www.youtube.com\\\/@SHWWerkzeugmaschinen\"]}]}<\/script>\n<!-- \/ Yoast SEO plugin. -->","yoast_head_json":{"title":"Chip conveyor | SHW - Werkzeugmaschinen","robots":{"index":"index","follow":"follow","max-snippet":"max-snippet:-1","max-image-preview":"max-image-preview:large","max-video-preview":"max-video-preview:-1"},"canonical":"https:\/\/shw-wm.de\/zubehoer\/spaenefoerderer\/","og_locale":"en_US","og_type":"article","og_title":"Chip conveyor | SHW - Werkzeugmaschinen","og_description":"Scharnierband Gesamtl\u00e4nge:11406,18 mm Bandbreite:304,8 mm F\u00f6rderh\u00f6he:1985 mm F\u00f6rderleistung mindestens:300 dm\u00b3\/h F\u00f6rdergeschwindigkeit mindestens:3 &#8211; 5 m\/min Baujahr:2001 Scharnierband Gesamtl\u00e4nge:9762,38 mm Bandbreite:228,6 mm F\u00f6rderh\u00f6he:2550 mm F\u00f6rderleistung mindestens:300 dm\u00b3\/h F\u00f6rdergeschwindigkeit mindestens:3 &#8211; 5 m\/min Baujahr:2008","og_url":"https:\/\/shw-wm.de\/zubehoer\/spaenefoerderer\/","og_site_name":"SHW - Werkzeugmaschinen","article_publisher":"https:\/\/www.facebook.com\/SHWWM","article_modified_time":"2024-10-30T14:07:24+00:00","og_image":[{"width":800,"height":600,"url":"https:\/\/shw-wm.de\/wp-content\/uploads\/shw_wm_service\/zubehoer\/spaenefoerderer\/2024-9350\/scharnierband-1_800x600.jpg","type":"image\/jpeg"}],"twitter_card":"summary_large_image","twitter_site":"@SHW_WM_Gmbh","schema":{"@context":"https:\/\/schema.org","@graph":[{"@type":"WebPage","@id":"https:\/\/shw-wm.de\/zubehoer\/spaenefoerderer\/","url":"https:\/\/shw-wm.de\/zubehoer\/spaenefoerderer\/","name":"Chip conveyor | SHW - Werkzeugmaschinen","isPartOf":{"@id":"https:\/\/shw-wm.de\/#website"},"primaryImageOfPage":{"@id":"https:\/\/shw-wm.de\/zubehoer\/spaenefoerderer\/#primaryimage"},"image":{"@id":"https:\/\/shw-wm.de\/zubehoer\/spaenefoerderer\/#primaryimage"},"thumbnailUrl":"https:\/\/shw-wm.de\/wp-content\/uploads\/shw_wm_service\/zubehoer\/spaenefoerderer\/2024-9350\/scharnierband-1_800x600.jpg","datePublished":"2018-12-11T12:28:02+00:00","dateModified":"2024-10-30T14:07:24+00:00","breadcrumb":{"@id":"https:\/\/shw-wm.de\/zubehoer\/spaenefoerderer\/#breadcrumb"},"inLanguage":"en-US","potentialAction":[{"@type":"ReadAction","target":["https:\/\/shw-wm.de\/zubehoer\/spaenefoerderer\/"]}]},{"@type":"ImageObject","inLanguage":"en-US","@id":"https:\/\/shw-wm.de\/zubehoer\/spaenefoerderer\/#primaryimage","url":"https:\/\/shw-wm.de\/wp-content\/uploads\/shw_wm_service\/zubehoer\/spaenefoerderer\/2024-9350\/scharnierband-1_800x600.jpg","contentUrl":"https:\/\/shw-wm.de\/wp-content\/uploads\/shw_wm_service\/zubehoer\/spaenefoerderer\/2024-9350\/scharnierband-1_800x600.jpg"},{"@type":"BreadcrumbList","@id":"https:\/\/shw-wm.de\/zubehoer\/spaenefoerderer\/#breadcrumb","itemListElement":[{"@type":"ListItem","position":1,"name":"Home","item":"https:\/\/shw-wm.de\/"},{"@type":"ListItem","position":2,"name":"Accessories","item":"https:\/\/shw-wm.de\/zubehoer\/"},{"@type":"ListItem","position":3,"name":"Chip conveyor"}]},{"@type":"WebSite","@id":"https:\/\/shw-wm.de\/#website","url":"https:\/\/shw-wm.de\/","name":"SHW - Werkzeugmaschinen","description":"Hersteller von Fahrst\u00e4ndermaschinen","publisher":{"@id":"https:\/\/shw-wm.de\/#organization"},"potentialAction":[{"@type":"SearchAction","target":{"@type":"EntryPoint","urlTemplate":"https:\/\/shw-wm.de\/?s={search_term_string}"},"query-input":{"@type":"PropertyValueSpecification","valueRequired":true,"valueName":"search_term_string"}}],"inLanguage":"en-US"},{"@type":"Organization","@id":"https:\/\/shw-wm.de\/#organization","name":"SHW - Werkzeugmaschinen","url":"https:\/\/shw-wm.de\/","logo":{"@type":"ImageObject","inLanguage":"en-US","@id":"https:\/\/shw-wm.de\/#\/schema\/logo\/image\/","url":"https:\/\/shw-wm.de\/wp-content\/uploads\/2021_Logo_mit_Flagge-1.jpg","contentUrl":"https:\/\/shw-wm.de\/wp-content\/uploads\/2021_Logo_mit_Flagge-1.jpg","width":275,"height":119,"caption":"SHW - Werkzeugmaschinen"},"image":{"@id":"https:\/\/shw-wm.de\/#\/schema\/logo\/image\/"},"sameAs":["https:\/\/www.facebook.com\/SHWWM","https:\/\/x.com\/SHW_WM_Gmbh","https:\/\/www.instagram.com\/shw_werkzeugmaschinen\/","https:\/\/www.youtube.com\/@SHWWerkzeugmaschinen"]}]}},"_links":{"self":[{"href":"https:\/\/shw-wm.de\/en\/wp-json\/wp\/v2\/pages\/15054","targetHints":{"allow":["GET"]}}],"collection":[{"href":"https:\/\/shw-wm.de\/en\/wp-json\/wp\/v2\/pages"}],"about":[{"href":"https:\/\/shw-wm.de\/en\/wp-json\/wp\/v2\/types\/page"}],"author":[{"embeddable":true,"href":"https:\/\/shw-wm.de\/en\/wp-json\/wp\/v2\/users\/3"}],"replies":[{"embeddable":true,"href":"https:\/\/shw-wm.de\/en\/wp-json\/wp\/v2\/comments?post=15054"}],"version-history":[{"count":2,"href":"https:\/\/shw-wm.de\/en\/wp-json\/wp\/v2\/pages\/15054\/revisions"}],"predecessor-version":[{"id":15755,"href":"https:\/\/shw-wm.de\/en\/wp-json\/wp\/v2\/pages\/15054\/revisions\/15755"}],"up":[{"embeddable":true,"href":"https:\/\/shw-wm.de\/en\/wp-json\/wp\/v2\/pages\/15031"}],"wp:attachment":[{"href":"https:\/\/shw-wm.de\/en\/wp-json\/wp\/v2\/media?parent=15054"}],"curies":[{"name":"wp","href":"https:\/\/api.w.org\/{rel}","templated":true}]}}