{"id":17090,"date":"2018-11-30T14:36:59","date_gmt":"2018-11-30T13:36:59","guid":{"rendered":"https:\/\/shw-wm.de\/powerspeed-4000\/"},"modified":"2025-10-13T14:32:18","modified_gmt":"2025-10-13T12:32:18","slug":"powerspeed-4000","status":"publish","type":"page","link":"https:\/\/shw-wm.de\/es\/maquinas-de-columna-movil\/powerspeed-4000\/","title":{"rendered":"PowerSpeed 4000"},"content":{"rendered":"\t\t<div data-elementor-type=\"wp-page\" data-elementor-id=\"17090\" class=\"elementor elementor-17090 elementor-4897\" data-elementor-post-type=\"page\">\n\t\t\t\t\t\t<section class=\"elementor-section elementor-top-section elementor-element elementor-element-61ab16b5 elementor-section-boxed elementor-section-height-default elementor-section-height-default\" data-id=\"61ab16b5\" data-element_type=\"section\" data-e-type=\"section\" data-settings=\"{&quot;background_background&quot;:&quot;classic&quot;}\">\n\t\t\t\t\t\t<div class=\"elementor-container elementor-column-gap-default\">\n\t\t\t\t\t<div class=\"elementor-column elementor-col-100 elementor-top-column elementor-element elementor-element-32136efc\" data-id=\"32136efc\" data-element_type=\"column\" data-e-type=\"column\">\n\t\t\t<div class=\"elementor-widget-wrap elementor-element-populated\">\n\t\t\t\t\t\t<div class=\"elementor-element elementor-element-e83ef33 elementor-widget elementor-widget-heading\" data-id=\"e83ef33\" data-element_type=\"widget\" data-e-type=\"widget\" data-widget_type=\"heading.default\">\n\t\t\t\t<div class=\"elementor-widget-container\">\n\t\t\t\t\t<h2 class=\"elementor-heading-title elementor-size-default\">PowerSpeed 4000<\/h2>\t\t\t\t<\/div>\n\t\t\t\t<\/div>\n\t\t\t\t\t<\/div>\n\t\t<\/div>\n\t\t\t\t\t<\/div>\n\t\t<\/section>\n\t\t<div class=\"elementor-element elementor-element-d1f9527 e-flex e-con-boxed e-con e-parent\" data-id=\"d1f9527\" data-element_type=\"container\" data-e-type=\"container\">\n\t\t\t\t\t<div class=\"e-con-inner\">\n\t\t\t\t<div class=\"elementor-element elementor-element-4afa020 elementor-widget elementor-widget-spacer\" data-id=\"4afa020\" data-element_type=\"widget\" data-e-type=\"widget\" data-widget_type=\"spacer.default\">\n\t\t\t\t<div class=\"elementor-widget-container\">\n\t\t\t\t\t\t\t<div class=\"elementor-spacer\">\n\t\t\t<div class=\"elementor-spacer-inner\"><\/div>\n\t\t<\/div>\n\t\t\t\t\t\t<\/div>\n\t\t\t\t<\/div>\n\t\t\t\t\t<\/div>\n\t\t\t\t<\/div>\n\t\t\t\t<section class=\"elementor-section elementor-top-section elementor-element elementor-element-cd0638f elementor-section-boxed elementor-section-height-default elementor-section-height-default\" data-id=\"cd0638f\" data-element_type=\"section\" data-e-type=\"section\">\n\t\t\t\t\t\t<div class=\"elementor-container elementor-column-gap-default\">\n\t\t\t\t\t<div class=\"elementor-column elementor-col-100 elementor-top-column elementor-element elementor-element-9c498d5\" data-id=\"9c498d5\" data-element_type=\"column\" data-e-type=\"column\">\n\t\t\t<div class=\"elementor-widget-wrap elementor-element-populated\">\n\t\t\t\t\t\t<div class=\"elementor-element elementor-element-2331c25 elementor-widget elementor-widget-image\" data-id=\"2331c25\" data-element_type=\"widget\" data-e-type=\"widget\" data-widget_type=\"image.default\">\n\t\t\t\t<div class=\"elementor-widget-container\">\n\t\t\t\t\t\t\t\t\t\t\t\t\t\t\t\t<a href=\"https:\/\/my.matterport.com\/show\/?m=2kqd4nHnadr\" target=\"_blank\">\n\t\t\t\t\t\t\t<img fetchpriority=\"high\" decoding=\"async\" width=\"800\" height=\"600\" src=\"https:\/\/shw-wm.de\/wp-content\/uploads\/IMG_5625red-1024x768.jpg\" class=\"attachment-large size-large wp-image-8594\" alt=\"\" srcset=\"https:\/\/shw-wm.de\/wp-content\/uploads\/IMG_5625red-1024x768.jpg 1024w, https:\/\/shw-wm.de\/wp-content\/uploads\/IMG_5625red-300x225.jpg 300w, https:\/\/shw-wm.de\/wp-content\/uploads\/IMG_5625red-768x576.jpg 768w, https:\/\/shw-wm.de\/wp-content\/uploads\/IMG_5625red.jpg 1080w\" sizes=\"(max-width: 800px) 100vw, 800px\" \/>\t\t\t\t\t\t\t\t<\/a>\n\t\t\t\t\t\t\t\t\t\t\t\t\t\t\t<\/div>\n\t\t\t\t<\/div>\n\t\t\t\t\t<\/div>\n\t\t<\/div>\n\t\t\t\t\t<\/div>\n\t\t<\/section>\n\t\t\t\t<section class=\"elementor-section elementor-top-section elementor-element elementor-element-e50a68b elementor-section-boxed elementor-section-height-default elementor-section-height-default\" data-id=\"e50a68b\" data-element_type=\"section\" data-e-type=\"section\">\n\t\t\t\t\t\t<div class=\"elementor-container elementor-column-gap-default\">\n\t\t\t\t\t<div class=\"elementor-column elementor-col-50 elementor-top-column elementor-element elementor-element-deeba14\" data-id=\"deeba14\" data-element_type=\"column\" data-e-type=\"column\">\n\t\t\t<div class=\"elementor-widget-wrap elementor-element-populated\">\n\t\t\t\t\t\t<div class=\"elementor-element elementor-element-dbfca0d elementor-tabs-view-horizontal elementor-widget elementor-widget-tabs\" data-id=\"dbfca0d\" data-element_type=\"widget\" data-e-type=\"widget\" data-widget_type=\"tabs.default\">\n\t\t\t\t<div class=\"elementor-widget-container\">\n\t\t\t\t\t\t\t<div class=\"elementor-tabs\">\n\t\t\t<div class=\"elementor-tabs-wrapper\" role=\"tablist\" >\n\t\t\t\t\t\t\t\t\t<div id=\"elementor-tab-title-2301\" class=\"elementor-tab-title elementor-tab-desktop-title\" aria-selected=\"true\" data-tab=\"1\" role=\"tab\" tabindex=\"0\" aria-controls=\"elementor-tab-content-2301\" aria-expanded=\"false\">DESCRIPCI\u00d3N<\/div>\n\t\t\t\t\t\t\t\t\t<div id=\"elementor-tab-title-2302\" class=\"elementor-tab-title elementor-tab-desktop-title\" aria-selected=\"false\" data-tab=\"2\" role=\"tab\" tabindex=\"-1\" aria-controls=\"elementor-tab-content-2302\" aria-expanded=\"false\">OPCIONES<\/div>\n\t\t\t\t\t\t\t\t\t<div id=\"elementor-tab-title-2303\" class=\"elementor-tab-title elementor-tab-desktop-title\" aria-selected=\"false\" data-tab=\"3\" role=\"tab\" tabindex=\"-1\" aria-controls=\"elementor-tab-content-2303\" aria-expanded=\"false\">DESCARGAS<\/div>\n\t\t\t\t\t\t\t<\/div>\n\t\t\t<div class=\"elementor-tabs-content-wrapper\" role=\"tablist\" aria-orientation=\"vertical\">\n\t\t\t\t\t\t\t\t\t<div class=\"elementor-tab-title elementor-tab-mobile-title\" aria-selected=\"true\" data-tab=\"1\" role=\"tab\" tabindex=\"0\" aria-controls=\"elementor-tab-content-2301\" aria-expanded=\"false\">DESCRIPCI\u00d3N<\/div>\n\t\t\t\t\t<div id=\"elementor-tab-content-2301\" class=\"elementor-tab-content elementor-clearfix\" data-tab=\"1\" role=\"tabpanel\" aria-labelledby=\"elementor-tab-title-2301\" tabindex=\"0\" hidden=\"false\"><p>La PowerSpeed 4000: la m\u00e1quina todoterreno definitiva entre las m\u00e1quinas de desplazamiento. Con su impresionante maniobrabilidad, permite casi cualquier operaci\u00f3n de mecanizado imaginable. Sin embargo, no s\u00f3lo la caracterizan sus vers\u00e1tiles funciones, sino tambi\u00e9n su potente potencia de hasta 75 kW y su impresionante velocidad de desplazamiento de hasta 40.000 mm\/min. El dise\u00f1o de la m\u00e1quina es tan atractivo como funcional. Adem\u00e1s, ofrecemos una amplia gama de opciones personalizadas para adaptar la PowerSpeed 4000 perfectamente a tus necesidades. Descubre el rendimiento y la flexibilidad inigualables de esta m\u00e1quina y lleva tus procesos de producci\u00f3n a un nuevo nivel.     <\/p>\n<\/div>\n\t\t\t\t\t\t\t\t\t<div class=\"elementor-tab-title elementor-tab-mobile-title\" aria-selected=\"false\" data-tab=\"2\" role=\"tab\" tabindex=\"-1\" aria-controls=\"elementor-tab-content-2302\" aria-expanded=\"false\">OPCIONES<\/div>\n\t\t\t\t\t<div id=\"elementor-tab-content-2302\" class=\"elementor-tab-content elementor-clearfix\" data-tab=\"2\" role=\"tabpanel\" aria-labelledby=\"elementor-tab-title-2302\" tabindex=\"0\" hidden=\"hidden\"><p><strong>Cabezales de fresado<\/strong><\/p>\n<ul>\n<li><a href=\"https:\/\/shw-wm.de\/fraeskoepfe\/universalfraeskoepfe\/\">Cabezales de fresado universales<\/a><\/li>\n<li><a href=\"https:\/\/shw-wm.de\/es\/cabezales-de-fresado-en-horquilla\/\">Cabezales de fresado en horquilla<\/a><\/li>\n<li><a href=\"https:\/\/shw-wm.de\/es\/cabezales-de-fresado-horizontal\/\">Cabezales de fresado horizontal<\/a><\/li>\n<li><a href=\"https:\/\/shw-wm.de\/es\/winkelfraeskoepfe\/\">Cabezales de fresado angular<\/a><\/li>\n<li><a href=\"https:\/\/shw-wm.de\/fraeskoepfe\/sonderfraeskoepfe\/\">Cabezales de fresado especiales<\/a><\/li>\n<\/ul>\n<p><strong>Manipulaci\u00f3n de piezas<\/strong><\/p>\n<ul>\n<li>Placa de sujeci\u00f3n<\/li>\n<li>Mesa(s) giratoria(s)<\/li>\n<li>Mesa giratoria con eje transversal<\/li>\n<li>Plato(s) giratorio(s)<\/li>\n<li>Tensor reversible<\/li>\n<li>Cambiador de palets<\/li>\n<\/ul>\n<p><strong>Manipulaci\u00f3n de herramientas<\/strong><\/p>\n<ul>\n<li>Cambiador de herramientas<\/li>\n<li>Revista de herramientas<\/li>\n<li>Estaci\u00f3n de carga de herramientas<\/li>\n<li>Recogida de herramientas<\/li>\n<\/ul>\n<p><strong>Controla<\/strong><\/p>\n<ul>\n<li>Siemens<\/li>\n<li>Heidenhain<\/li>\n<\/ul>\n<p><strong>Accesorios:<\/strong><\/p>\n<ul>\n<li>Estaremos encantados de presentarte nuestra amplia gama de accesorios en una reuni\u00f3n personal.<\/li>\n<\/ul>\n<\/div>\n\t\t\t\t\t\t\t\t\t<div class=\"elementor-tab-title elementor-tab-mobile-title\" aria-selected=\"false\" data-tab=\"3\" role=\"tab\" tabindex=\"-1\" aria-controls=\"elementor-tab-content-2303\" aria-expanded=\"false\">DESCARGAS<\/div>\n\t\t\t\t\t<div id=\"elementor-tab-content-2303\" class=\"elementor-tab-content elementor-clearfix\" data-tab=\"3\" role=\"tabpanel\" aria-labelledby=\"elementor-tab-title-2303\" tabindex=\"0\" hidden=\"hidden\"><p><strong>Folleto del producto<\/strong><\/p>\n<ul>\n<li><a href=\"\/wp-content\/uploads\/shw_downloads\/de\/fahrstaendermaschinen\/broschuere.pdf\">Folleto m\u00e1quinas de columna m\u00f3vil<\/a><\/li>\n<\/ul>\n<p><strong>Informes de usuarios<\/strong><\/p>\n<ul>\n<li>m\u00e1s informaci\u00f3n<\/li>\n<\/ul>\n<\/div>\n\t\t\t\t\t\t\t<\/div>\n\t\t<\/div>\n\t\t\t\t\t\t<\/div>\n\t\t\t\t<\/div>\n\t\t\t\t\t<\/div>\n\t\t<\/div>\n\t\t\t\t<div class=\"elementor-column elementor-col-50 elementor-top-column elementor-element elementor-element-72e506b\" data-id=\"72e506b\" data-element_type=\"column\" data-e-type=\"column\">\n\t\t\t<div class=\"elementor-widget-wrap elementor-element-populated\">\n\t\t\t\t\t\t<div class=\"elementor-element elementor-element-1787f64 elementor-widget elementor-widget-video\" data-id=\"1787f64\" data-element_type=\"widget\" data-e-type=\"widget\" data-settings=\"{&quot;youtube_url&quot;:&quot;https:\\\/\\\/youtu.be\\\/NJnTuyzed9w&quot;,&quot;video_type&quot;:&quot;youtube&quot;,&quot;controls&quot;:&quot;yes&quot;}\" data-widget_type=\"video.default\">\n\t\t\t\t<div class=\"elementor-widget-container\">\n\t\t\t\t\t\t\t<div class=\"elementor-wrapper elementor-open-inline\">\n\t\t\t<div class=\"elementor-video\"><\/div>\t\t<\/div>\n\t\t\t\t\t\t<\/div>\n\t\t\t\t<\/div>\n\t\t\t\t\t<\/div>\n\t\t<\/div>\n\t\t\t\t\t<\/div>\n\t\t<\/section>\n\t\t\t\t<section class=\"elementor-section elementor-top-section elementor-element elementor-element-13b9250 elementor-section-boxed elementor-section-height-default elementor-section-height-default\" data-id=\"13b9250\" data-element_type=\"section\" data-e-type=\"section\">\n\t\t\t\t\t\t<div class=\"elementor-container elementor-column-gap-default\">\n\t\t\t\t\t<div class=\"elementor-column elementor-col-100 elementor-top-column elementor-element elementor-element-da912ce\" data-id=\"da912ce\" data-element_type=\"column\" data-e-type=\"column\">\n\t\t\t<div class=\"elementor-widget-wrap elementor-element-populated\">\n\t\t\t\t\t\t<div class=\"elementor-element elementor-element-8e6db88 elementor-widget elementor-widget-heading\" data-id=\"8e6db88\" data-element_type=\"widget\" data-e-type=\"widget\" data-widget_type=\"heading.default\">\n\t\t\t\t<div class=\"elementor-widget-container\">\n\t\t\t\t\t<h2 class=\"elementor-heading-title elementor-size-default\"><a href=\"https:\/\/my.matterport.com\/show\/?m=2kqd4nHnadr\" target=\"_blank\">Visita virtual<\/a><\/h2>\t\t\t\t<\/div>\n\t\t\t\t<\/div>\n\t\t\t\t\t<\/div>\n\t\t<\/div>\n\t\t\t\t\t<\/div>\n\t\t<\/section>\n\t\t\t\t<section class=\"elementor-section elementor-top-section elementor-element elementor-element-983e6b5 elementor-section-boxed elementor-section-height-default elementor-section-height-default\" data-id=\"983e6b5\" data-element_type=\"section\" data-e-type=\"section\">\n\t\t\t\t\t\t<div class=\"elementor-container elementor-column-gap-default\">\n\t\t\t\t\t<div class=\"elementor-column elementor-col-100 elementor-top-column elementor-element elementor-element-7f56d29\" data-id=\"7f56d29\" data-element_type=\"column\" data-e-type=\"column\">\n\t\t\t<div class=\"elementor-widget-wrap elementor-element-populated\">\n\t\t\t\t\t\t<div class=\"elementor-element elementor-element-86c308c elementor-widget elementor-widget-image\" data-id=\"86c308c\" data-element_type=\"widget\" data-e-type=\"widget\" data-widget_type=\"image.default\">\n\t\t\t\t<div class=\"elementor-widget-container\">\n\t\t\t\t\t\t\t\t\t\t\t\t<figure class=\"wp-caption\">\n\t\t\t\t\t\t\t\t\t\t\t<a href=\"https:\/\/my.matterport.com\/show\/?m=htCnEyWNfNJ\">\n\t\t\t\t\t\t\t<img decoding=\"async\" width=\"800\" height=\"450\" src=\"https:\/\/shw-wm.de\/wp-content\/uploads\/SHW_Innovationstage-2020-SHW_WK_1-1024x576.jpg\" class=\"attachment-large size-large wp-image-17346\" alt=\"\" srcset=\"https:\/\/shw-wm.de\/wp-content\/uploads\/SHW_Innovationstage-2020-SHW_WK_1-1024x576.jpg 1024w, https:\/\/shw-wm.de\/wp-content\/uploads\/SHW_Innovationstage-2020-SHW_WK_1-300x169.jpg 300w, https:\/\/shw-wm.de\/wp-content\/uploads\/SHW_Innovationstage-2020-SHW_WK_1-768x432.jpg 768w, https:\/\/shw-wm.de\/wp-content\/uploads\/SHW_Innovationstage-2020-SHW_WK_1.jpg 1400w\" sizes=\"(max-width: 800px) 100vw, 800px\" \/>\t\t\t\t\t\t\t\t<\/a>\n\t\t\t\t\t\t\t\t\t\t\t<figcaption class=\"widget-image-caption wp-caption-text\">PowerSpeed 4000 C (Kienle)<\/figcaption>\n\t\t\t\t\t\t\t\t\t\t<\/figure>\n\t\t\t\t\t\t\t\t\t<\/div>\n\t\t\t\t<\/div>\n\t\t\t\t\t<\/div>\n\t\t<\/div>\n\t\t\t\t\t<\/div>\n\t\t<\/section>\n\t\t\t\t<\/div>\n\t\t","protected":false},"excerpt":{"rendered":"<p>PowerSpeed 4000 DESCRIPCI\u00d3N OPCIONES DESCARGAS DESCRIPCI\u00d3N La PowerSpeed 4000: la m\u00e1quina todoterreno definitiva entre las m\u00e1quinas de desplazamiento. Con su impresionante maniobrabilidad, permite casi cualquier operaci\u00f3n de mecanizado imaginable. Sin embargo, no s\u00f3lo la caracterizan sus vers\u00e1tiles funciones, sino tambi\u00e9n su potente potencia de hasta 75 kW y su impresionante velocidad de desplazamiento de hasta [&hellip;]<\/p>\n","protected":false},"author":3,"featured_media":0,"parent":17236,"menu_order":0,"comment_status":"closed","ping_status":"closed","template":"","meta":{"footnotes":""},"class_list":["post-17090","page","type-page","status-publish","hentry"],"yoast_head":"<!-- This site is optimized with the Yoast SEO plugin v27.4 - https:\/\/yoast.com\/product\/yoast-seo-wordpress\/ -->\n<title>PowerSpeed 4000 | SHW - Werkzeugmaschinen<\/title>\n<meta name=\"robots\" content=\"index, follow, max-snippet:-1, max-image-preview:large, max-video-preview:-1\" \/>\n<link rel=\"canonical\" href=\"https:\/\/shw-wm.de\/es\/maquinas-de-columna-movil\/powerspeed-4000\/\" \/>\n<meta property=\"og:locale\" content=\"es_ES\" \/>\n<meta property=\"og:type\" content=\"article\" \/>\n<meta property=\"og:title\" content=\"PowerSpeed 4000 | SHW - Werkzeugmaschinen\" \/>\n<meta property=\"og:description\" content=\"PowerSpeed 4000 DESCRIPCI\u00d3N OPCIONES DESCARGAS DESCRIPCI\u00d3N La PowerSpeed 4000: la m\u00e1quina todoterreno definitiva entre las m\u00e1quinas de desplazamiento. Con su impresionante maniobrabilidad, permite casi cualquier operaci\u00f3n de mecanizado imaginable. Sin embargo, no s\u00f3lo la caracterizan sus vers\u00e1tiles funciones, sino tambi\u00e9n su potente potencia de hasta 75 kW y su impresionante velocidad de desplazamiento de hasta [&hellip;]\" \/>\n<meta property=\"og:url\" content=\"https:\/\/shw-wm.de\/es\/maquinas-de-columna-movil\/powerspeed-4000\/\" \/>\n<meta property=\"og:site_name\" content=\"SHW - Werkzeugmaschinen\" \/>\n<meta property=\"article:publisher\" content=\"https:\/\/www.facebook.com\/SHWWM\" \/>\n<meta property=\"article:modified_time\" content=\"2025-10-13T12:32:18+00:00\" \/>\n<meta property=\"og:image\" content=\"https:\/\/shw-wm.de\/wp-content\/uploads\/IMG_5625red.jpg\" \/>\n\t<meta property=\"og:image:width\" content=\"1080\" \/>\n\t<meta property=\"og:image:height\" content=\"810\" \/>\n\t<meta property=\"og:image:type\" content=\"image\/jpeg\" \/>\n<meta name=\"twitter:card\" content=\"summary_large_image\" \/>\n<meta name=\"twitter:site\" content=\"@SHW_WM_Gmbh\" \/>\n<meta name=\"twitter:label1\" content=\"Tiempo de lectura\" \/>\n\t<meta name=\"twitter:data1\" content=\"1 minuto\" \/>\n<script type=\"application\/ld+json\" class=\"yoast-schema-graph\">{\"@context\":\"https:\\\/\\\/schema.org\",\"@graph\":[{\"@type\":\"WebPage\",\"@id\":\"https:\\\/\\\/shw-wm.de\\\/es\\\/maquinas-de-columna-movil\\\/powerspeed-4000\\\/\",\"url\":\"https:\\\/\\\/shw-wm.de\\\/es\\\/maquinas-de-columna-movil\\\/powerspeed-4000\\\/\",\"name\":\"PowerSpeed 4000 | SHW - Werkzeugmaschinen\",\"isPartOf\":{\"@id\":\"https:\\\/\\\/shw-wm.de\\\/#website\"},\"primaryImageOfPage\":{\"@id\":\"https:\\\/\\\/shw-wm.de\\\/es\\\/maquinas-de-columna-movil\\\/powerspeed-4000\\\/#primaryimage\"},\"image\":{\"@id\":\"https:\\\/\\\/shw-wm.de\\\/es\\\/maquinas-de-columna-movil\\\/powerspeed-4000\\\/#primaryimage\"},\"thumbnailUrl\":\"https:\\\/\\\/shw-wm.de\\\/wp-content\\\/uploads\\\/IMG_5625red-1024x768.jpg\",\"datePublished\":\"2018-11-30T13:36:59+00:00\",\"dateModified\":\"2025-10-13T12:32:18+00:00\",\"breadcrumb\":{\"@id\":\"https:\\\/\\\/shw-wm.de\\\/es\\\/maquinas-de-columna-movil\\\/powerspeed-4000\\\/#breadcrumb\"},\"inLanguage\":\"es\",\"potentialAction\":[{\"@type\":\"ReadAction\",\"target\":[\"https:\\\/\\\/shw-wm.de\\\/es\\\/maquinas-de-columna-movil\\\/powerspeed-4000\\\/\"]}]},{\"@type\":\"ImageObject\",\"inLanguage\":\"es\",\"@id\":\"https:\\\/\\\/shw-wm.de\\\/es\\\/maquinas-de-columna-movil\\\/powerspeed-4000\\\/#primaryimage\",\"url\":\"https:\\\/\\\/shw-wm.de\\\/wp-content\\\/uploads\\\/IMG_5625red-1024x768.jpg\",\"contentUrl\":\"https:\\\/\\\/shw-wm.de\\\/wp-content\\\/uploads\\\/IMG_5625red-1024x768.jpg\"},{\"@type\":\"BreadcrumbList\",\"@id\":\"https:\\\/\\\/shw-wm.de\\\/es\\\/maquinas-de-columna-movil\\\/powerspeed-4000\\\/#breadcrumb\",\"itemListElement\":[{\"@type\":\"ListItem\",\"position\":1,\"name\":\"Home\",\"item\":\"https:\\\/\\\/shw-wm.de\\\/es\\\/inicio\\\/\"},{\"@type\":\"ListItem\",\"position\":2,\"name\":\"M\u00e1quinas de columna m\u00f3vil\",\"item\":\"https:\\\/\\\/shw-wm.de\\\/es\\\/maquinas-de-columna-movil\\\/\"},{\"@type\":\"ListItem\",\"position\":3,\"name\":\"PowerSpeed 4000\"}]},{\"@type\":\"WebSite\",\"@id\":\"https:\\\/\\\/shw-wm.de\\\/#website\",\"url\":\"https:\\\/\\\/shw-wm.de\\\/\",\"name\":\"SHW - Werkzeugmaschinen\",\"description\":\"Hersteller von Fahrst\u00e4ndermaschinen\",\"publisher\":{\"@id\":\"https:\\\/\\\/shw-wm.de\\\/#organization\"},\"potentialAction\":[{\"@type\":\"SearchAction\",\"target\":{\"@type\":\"EntryPoint\",\"urlTemplate\":\"https:\\\/\\\/shw-wm.de\\\/?s={search_term_string}\"},\"query-input\":{\"@type\":\"PropertyValueSpecification\",\"valueRequired\":true,\"valueName\":\"search_term_string\"}}],\"inLanguage\":\"es\"},{\"@type\":\"Organization\",\"@id\":\"https:\\\/\\\/shw-wm.de\\\/#organization\",\"name\":\"SHW - M\u00e1quinas herramienta\",\"url\":\"https:\\\/\\\/shw-wm.de\\\/\",\"logo\":{\"@type\":\"ImageObject\",\"inLanguage\":\"es\",\"@id\":\"https:\\\/\\\/shw-wm.de\\\/#\\\/schema\\\/logo\\\/image\\\/\",\"url\":\"https:\\\/\\\/shw-wm.de\\\/wp-content\\\/uploads\\\/2021_Logo_mit_Flagge-1.jpg\",\"contentUrl\":\"https:\\\/\\\/shw-wm.de\\\/wp-content\\\/uploads\\\/2021_Logo_mit_Flagge-1.jpg\",\"width\":275,\"height\":119,\"caption\":\"SHW - M\u00e1quinas herramienta\"},\"image\":{\"@id\":\"https:\\\/\\\/shw-wm.de\\\/#\\\/schema\\\/logo\\\/image\\\/\"},\"sameAs\":[\"https:\\\/\\\/www.facebook.com\\\/SHWWM\",\"https:\\\/\\\/x.com\\\/SHW_WM_Gmbh\",\"https:\\\/\\\/www.instagram.com\\\/shw_werkzeugmaschinen\\\/\",\"https:\\\/\\\/www.youtube.com\\\/@SHWWerkzeugmaschinen\"]}]}<\/script>\n<!-- \/ Yoast SEO plugin. -->","yoast_head_json":{"title":"PowerSpeed 4000 | SHW - Werkzeugmaschinen","robots":{"index":"index","follow":"follow","max-snippet":"max-snippet:-1","max-image-preview":"max-image-preview:large","max-video-preview":"max-video-preview:-1"},"canonical":"https:\/\/shw-wm.de\/es\/maquinas-de-columna-movil\/powerspeed-4000\/","og_locale":"es_ES","og_type":"article","og_title":"PowerSpeed 4000 | SHW - Werkzeugmaschinen","og_description":"PowerSpeed 4000 DESCRIPCI\u00d3N OPCIONES DESCARGAS DESCRIPCI\u00d3N La PowerSpeed 4000: la m\u00e1quina todoterreno definitiva entre las m\u00e1quinas de desplazamiento. Con su impresionante maniobrabilidad, permite casi cualquier operaci\u00f3n de mecanizado imaginable. Sin embargo, no s\u00f3lo la caracterizan sus vers\u00e1tiles funciones, sino tambi\u00e9n su potente potencia de hasta 75 kW y su impresionante velocidad de desplazamiento de hasta [&hellip;]","og_url":"https:\/\/shw-wm.de\/es\/maquinas-de-columna-movil\/powerspeed-4000\/","og_site_name":"SHW - Werkzeugmaschinen","article_publisher":"https:\/\/www.facebook.com\/SHWWM","article_modified_time":"2025-10-13T12:32:18+00:00","og_image":[{"width":1080,"height":810,"url":"https:\/\/shw-wm.de\/wp-content\/uploads\/IMG_5625red.jpg","type":"image\/jpeg"}],"twitter_card":"summary_large_image","twitter_site":"@SHW_WM_Gmbh","twitter_misc":{"Tiempo de lectura":"1 minuto"},"schema":{"@context":"https:\/\/schema.org","@graph":[{"@type":"WebPage","@id":"https:\/\/shw-wm.de\/es\/maquinas-de-columna-movil\/powerspeed-4000\/","url":"https:\/\/shw-wm.de\/es\/maquinas-de-columna-movil\/powerspeed-4000\/","name":"PowerSpeed 4000 | SHW - Werkzeugmaschinen","isPartOf":{"@id":"https:\/\/shw-wm.de\/#website"},"primaryImageOfPage":{"@id":"https:\/\/shw-wm.de\/es\/maquinas-de-columna-movil\/powerspeed-4000\/#primaryimage"},"image":{"@id":"https:\/\/shw-wm.de\/es\/maquinas-de-columna-movil\/powerspeed-4000\/#primaryimage"},"thumbnailUrl":"https:\/\/shw-wm.de\/wp-content\/uploads\/IMG_5625red-1024x768.jpg","datePublished":"2018-11-30T13:36:59+00:00","dateModified":"2025-10-13T12:32:18+00:00","breadcrumb":{"@id":"https:\/\/shw-wm.de\/es\/maquinas-de-columna-movil\/powerspeed-4000\/#breadcrumb"},"inLanguage":"es","potentialAction":[{"@type":"ReadAction","target":["https:\/\/shw-wm.de\/es\/maquinas-de-columna-movil\/powerspeed-4000\/"]}]},{"@type":"ImageObject","inLanguage":"es","@id":"https:\/\/shw-wm.de\/es\/maquinas-de-columna-movil\/powerspeed-4000\/#primaryimage","url":"https:\/\/shw-wm.de\/wp-content\/uploads\/IMG_5625red-1024x768.jpg","contentUrl":"https:\/\/shw-wm.de\/wp-content\/uploads\/IMG_5625red-1024x768.jpg"},{"@type":"BreadcrumbList","@id":"https:\/\/shw-wm.de\/es\/maquinas-de-columna-movil\/powerspeed-4000\/#breadcrumb","itemListElement":[{"@type":"ListItem","position":1,"name":"Home","item":"https:\/\/shw-wm.de\/es\/inicio\/"},{"@type":"ListItem","position":2,"name":"M\u00e1quinas de columna m\u00f3vil","item":"https:\/\/shw-wm.de\/es\/maquinas-de-columna-movil\/"},{"@type":"ListItem","position":3,"name":"PowerSpeed 4000"}]},{"@type":"WebSite","@id":"https:\/\/shw-wm.de\/#website","url":"https:\/\/shw-wm.de\/","name":"SHW - Werkzeugmaschinen","description":"Hersteller von Fahrst\u00e4ndermaschinen","publisher":{"@id":"https:\/\/shw-wm.de\/#organization"},"potentialAction":[{"@type":"SearchAction","target":{"@type":"EntryPoint","urlTemplate":"https:\/\/shw-wm.de\/?s={search_term_string}"},"query-input":{"@type":"PropertyValueSpecification","valueRequired":true,"valueName":"search_term_string"}}],"inLanguage":"es"},{"@type":"Organization","@id":"https:\/\/shw-wm.de\/#organization","name":"SHW - M\u00e1quinas herramienta","url":"https:\/\/shw-wm.de\/","logo":{"@type":"ImageObject","inLanguage":"es","@id":"https:\/\/shw-wm.de\/#\/schema\/logo\/image\/","url":"https:\/\/shw-wm.de\/wp-content\/uploads\/2021_Logo_mit_Flagge-1.jpg","contentUrl":"https:\/\/shw-wm.de\/wp-content\/uploads\/2021_Logo_mit_Flagge-1.jpg","width":275,"height":119,"caption":"SHW - M\u00e1quinas herramienta"},"image":{"@id":"https:\/\/shw-wm.de\/#\/schema\/logo\/image\/"},"sameAs":["https:\/\/www.facebook.com\/SHWWM","https:\/\/x.com\/SHW_WM_Gmbh","https:\/\/www.instagram.com\/shw_werkzeugmaschinen\/","https:\/\/www.youtube.com\/@SHWWerkzeugmaschinen"]}]}},"_links":{"self":[{"href":"https:\/\/shw-wm.de\/es\/wp-json\/wp\/v2\/pages\/17090","targetHints":{"allow":["GET"]}}],"collection":[{"href":"https:\/\/shw-wm.de\/es\/wp-json\/wp\/v2\/pages"}],"about":[{"href":"https:\/\/shw-wm.de\/es\/wp-json\/wp\/v2\/types\/page"}],"author":[{"embeddable":true,"href":"https:\/\/shw-wm.de\/es\/wp-json\/wp\/v2\/users\/3"}],"replies":[{"embeddable":true,"href":"https:\/\/shw-wm.de\/es\/wp-json\/wp\/v2\/comments?post=17090"}],"version-history":[{"count":1,"href":"https:\/\/shw-wm.de\/es\/wp-json\/wp\/v2\/pages\/17090\/revisions"}],"predecessor-version":[{"id":17093,"href":"https:\/\/shw-wm.de\/es\/wp-json\/wp\/v2\/pages\/17090\/revisions\/17093"}],"up":[{"embeddable":true,"href":"https:\/\/shw-wm.de\/es\/wp-json\/wp\/v2\/pages\/17236"}],"wp:attachment":[{"href":"https:\/\/shw-wm.de\/es\/wp-json\/wp\/v2\/media?parent=17090"}],"curies":[{"name":"wp","href":"https:\/\/api.w.org\/{rel}","templated":true}]}}