{"id":17122,"date":"2018-11-30T22:45:04","date_gmt":"2018-11-30T21:45:04","guid":{"rendered":"https:\/\/shw-wm.de\/diagnostico-de-maquinas-control-de-colisiones\/"},"modified":"2025-10-13T14:31:27","modified_gmt":"2025-10-13T12:31:27","slug":"diagnostico-de-maquinas-control-de-colisiones","status":"publish","type":"page","link":"https:\/\/shw-wm.de\/es\/tecnologia\/software\/maquina-2\/diagnostico-de-maquinas-control-de-colisiones\/","title":{"rendered":"Diagn\u00f3stico de m\u00e1quinas Control de colisiones"},"content":{"rendered":"\t\t<div data-elementor-type=\"wp-page\" data-elementor-id=\"17122\" class=\"elementor elementor-17122 elementor-4991\" data-elementor-post-type=\"page\">\n\t\t\t\t\t\t<section class=\"elementor-section elementor-top-section elementor-element elementor-element-19b25069 elementor-section-boxed elementor-section-height-default elementor-section-height-default\" data-id=\"19b25069\" data-element_type=\"section\" data-e-type=\"section\" data-settings=\"{&quot;background_background&quot;:&quot;classic&quot;}\">\n\t\t\t\t\t\t<div class=\"elementor-container elementor-column-gap-default\">\n\t\t\t\t\t<div class=\"elementor-column elementor-col-100 elementor-top-column elementor-element elementor-element-69d7d667\" data-id=\"69d7d667\" data-element_type=\"column\" data-e-type=\"column\">\n\t\t\t<div class=\"elementor-widget-wrap elementor-element-populated\">\n\t\t\t\t\t\t<div class=\"elementor-element elementor-element-4cd10af6 elementor-widget elementor-widget-heading\" data-id=\"4cd10af6\" data-element_type=\"widget\" data-e-type=\"widget\" data-widget_type=\"heading.default\">\n\t\t\t\t<div class=\"elementor-widget-container\">\n\t\t\t\t\t<h2 class=\"elementor-heading-title elementor-size-default\">Diagn\u00f3stico de m\u00e1quinas y control de colisiones<\/h2>\t\t\t\t<\/div>\n\t\t\t\t<\/div>\n\t\t\t\t\t<\/div>\n\t\t<\/div>\n\t\t\t\t\t<\/div>\n\t\t<\/section>\n\t\t\t\t<section class=\"elementor-section elementor-top-section elementor-element elementor-element-41d7b2c elementor-section-boxed elementor-section-height-default elementor-section-height-default\" data-id=\"41d7b2c\" data-element_type=\"section\" data-e-type=\"section\">\n\t\t\t\t\t\t<div class=\"elementor-container elementor-column-gap-default\">\n\t\t\t\t\t<div class=\"elementor-column elementor-col-100 elementor-top-column elementor-element elementor-element-53d3b89\" data-id=\"53d3b89\" data-element_type=\"column\" data-e-type=\"column\">\n\t\t\t<div class=\"elementor-widget-wrap elementor-element-populated\">\n\t\t\t\t\t\t<div class=\"elementor-element elementor-element-6ed0409 elementor-widget elementor-widget-text-editor\" data-id=\"6ed0409\" data-element_type=\"widget\" data-e-type=\"widget\" data-widget_type=\"text-editor.default\">\n\t\t\t\t<div class=\"elementor-widget-container\">\n\t\t\t\t\t\t\t\t\t<p style=\"font-size: 36px; line-height: 42px;\"><img decoding=\"async\" class=\"alignnone size-full wp-image-5024\" src=\"https:\/\/shw-wm.de\/wp-content\/uploads\/shw_layout\/shw_logo_kompakt@2x.jpg\" alt=\"\" width=\"127.5\" height=\"34.5\">  UniSc@n<\/p>\t\t\t\t\t\t\t\t<\/div>\n\t\t\t\t<\/div>\n\t\t\t\t\t<\/div>\n\t\t<\/div>\n\t\t\t\t\t<\/div>\n\t\t<\/section>\n\t\t\t\t<section class=\"elementor-section elementor-top-section elementor-element elementor-element-faf6c6e elementor-section-boxed elementor-section-height-default elementor-section-height-default\" data-id=\"faf6c6e\" data-element_type=\"section\" data-e-type=\"section\">\n\t\t\t\t\t\t<div class=\"elementor-container elementor-column-gap-default\">\n\t\t\t\t\t<div class=\"elementor-column elementor-col-50 elementor-top-column elementor-element elementor-element-5d61a17\" data-id=\"5d61a17\" data-element_type=\"column\" data-e-type=\"column\">\n\t\t\t<div class=\"elementor-widget-wrap\">\n\t\t\t\t\t\t\t<\/div>\n\t\t<\/div>\n\t\t\t\t<div class=\"elementor-column elementor-col-50 elementor-top-column elementor-element elementor-element-19d5f153\" data-id=\"19d5f153\" data-element_type=\"column\" data-e-type=\"column\">\n\t\t\t<div class=\"elementor-widget-wrap\">\n\t\t\t\t\t\t\t<\/div>\n\t\t<\/div>\n\t\t\t\t\t<\/div>\n\t\t<\/section>\n\t\t\t\t<\/div>\n\t\t","protected":false},"excerpt":{"rendered":"<p>Diagn\u00f3stico de m\u00e1quinas y control de colisiones UniSc@n<\/p>\n","protected":false},"author":3,"featured_media":0,"parent":17138,"menu_order":0,"comment_status":"closed","ping_status":"closed","template":"","meta":{"footnotes":""},"class_list":["post-17122","page","type-page","status-publish","hentry"],"yoast_head":"<!-- This site is optimized with the Yoast SEO plugin v27.4 - https:\/\/yoast.com\/product\/yoast-seo-wordpress\/ -->\n<title>Diagn\u00f3stico de m\u00e1quinas Control de colisiones | SHW - Werkzeugmaschinen<\/title>\n<meta name=\"robots\" content=\"index, follow, max-snippet:-1, max-image-preview:large, max-video-preview:-1\" \/>\n<link rel=\"canonical\" href=\"https:\/\/shw-wm.de\/es\/software\/maquina-2\/diagnostico-de-maquinas-control-de-colisiones\/\" \/>\n<meta property=\"og:locale\" content=\"es_ES\" \/>\n<meta property=\"og:type\" content=\"article\" \/>\n<meta property=\"og:title\" content=\"Diagn\u00f3stico de m\u00e1quinas Control de colisiones | SHW - Werkzeugmaschinen\" \/>\n<meta property=\"og:description\" content=\"Diagn\u00f3stico de m\u00e1quinas y control de colisiones UniSc@n\" \/>\n<meta property=\"og:url\" content=\"https:\/\/shw-wm.de\/es\/software\/maquina-2\/diagnostico-de-maquinas-control-de-colisiones\/\" \/>\n<meta property=\"og:site_name\" content=\"SHW - Werkzeugmaschinen\" \/>\n<meta property=\"article:publisher\" content=\"https:\/\/www.facebook.com\/SHWWM\" \/>\n<meta property=\"article:modified_time\" content=\"2025-10-13T12:31:27+00:00\" \/>\n<meta property=\"og:image\" content=\"https:\/\/shw-wm.de\/wp-content\/uploads\/shw_layout\/shw_logo_kompakt@2x.jpg\" \/>\n\t<meta property=\"og:image:width\" content=\"255\" \/>\n\t<meta property=\"og:image:height\" content=\"69\" \/>\n\t<meta property=\"og:image:type\" content=\"image\/jpeg\" \/>\n<meta name=\"twitter:card\" content=\"summary_large_image\" \/>\n<meta name=\"twitter:site\" content=\"@SHW_WM_Gmbh\" \/>\n<script type=\"application\/ld+json\" class=\"yoast-schema-graph\">{\"@context\":\"https:\\\/\\\/schema.org\",\"@graph\":[{\"@type\":\"WebPage\",\"@id\":\"https:\\\/\\\/shw-wm.de\\\/es\\\/software\\\/maquina-2\\\/diagnostico-de-maquinas-control-de-colisiones\\\/\",\"url\":\"https:\\\/\\\/shw-wm.de\\\/es\\\/software\\\/maquina-2\\\/diagnostico-de-maquinas-control-de-colisiones\\\/\",\"name\":\"Diagn\u00f3stico de m\u00e1quinas Control de colisiones | SHW - Werkzeugmaschinen\",\"isPartOf\":{\"@id\":\"https:\\\/\\\/shw-wm.de\\\/#website\"},\"primaryImageOfPage\":{\"@id\":\"https:\\\/\\\/shw-wm.de\\\/es\\\/software\\\/maquina-2\\\/diagnostico-de-maquinas-control-de-colisiones\\\/#primaryimage\"},\"image\":{\"@id\":\"https:\\\/\\\/shw-wm.de\\\/es\\\/software\\\/maquina-2\\\/diagnostico-de-maquinas-control-de-colisiones\\\/#primaryimage\"},\"thumbnailUrl\":\"https:\\\/\\\/shw-wm.de\\\/wp-content\\\/uploads\\\/shw_layout\\\/shw_logo_kompakt@2x.jpg\",\"datePublished\":\"2018-11-30T21:45:04+00:00\",\"dateModified\":\"2025-10-13T12:31:27+00:00\",\"breadcrumb\":{\"@id\":\"https:\\\/\\\/shw-wm.de\\\/es\\\/software\\\/maquina-2\\\/diagnostico-de-maquinas-control-de-colisiones\\\/#breadcrumb\"},\"inLanguage\":\"es\",\"potentialAction\":[{\"@type\":\"ReadAction\",\"target\":[\"https:\\\/\\\/shw-wm.de\\\/es\\\/software\\\/maquina-2\\\/diagnostico-de-maquinas-control-de-colisiones\\\/\"]}]},{\"@type\":\"ImageObject\",\"inLanguage\":\"es\",\"@id\":\"https:\\\/\\\/shw-wm.de\\\/es\\\/software\\\/maquina-2\\\/diagnostico-de-maquinas-control-de-colisiones\\\/#primaryimage\",\"url\":\"https:\\\/\\\/shw-wm.de\\\/wp-content\\\/uploads\\\/shw_layout\\\/shw_logo_kompakt@2x.jpg\",\"contentUrl\":\"https:\\\/\\\/shw-wm.de\\\/wp-content\\\/uploads\\\/shw_layout\\\/shw_logo_kompakt@2x.jpg\"},{\"@type\":\"BreadcrumbList\",\"@id\":\"https:\\\/\\\/shw-wm.de\\\/es\\\/software\\\/maquina-2\\\/diagnostico-de-maquinas-control-de-colisiones\\\/#breadcrumb\",\"itemListElement\":[{\"@type\":\"ListItem\",\"position\":1,\"name\":\"Home\",\"item\":\"https:\\\/\\\/shw-wm.de\\\/es\\\/inicio\\\/\"},{\"@type\":\"ListItem\",\"position\":2,\"name\":\"M\u00e1quina\",\"item\":\"https:\\\/\\\/shw-wm.de\\\/es\\\/software\\\/maquina-2\\\/\"},{\"@type\":\"ListItem\",\"position\":3,\"name\":\"Diagn\u00f3stico de m\u00e1quinas Control de colisiones\"}]},{\"@type\":\"WebSite\",\"@id\":\"https:\\\/\\\/shw-wm.de\\\/#website\",\"url\":\"https:\\\/\\\/shw-wm.de\\\/\",\"name\":\"SHW - Werkzeugmaschinen\",\"description\":\"Hersteller von Fahrst\u00e4ndermaschinen\",\"publisher\":{\"@id\":\"https:\\\/\\\/shw-wm.de\\\/#organization\"},\"potentialAction\":[{\"@type\":\"SearchAction\",\"target\":{\"@type\":\"EntryPoint\",\"urlTemplate\":\"https:\\\/\\\/shw-wm.de\\\/?s={search_term_string}\"},\"query-input\":{\"@type\":\"PropertyValueSpecification\",\"valueRequired\":true,\"valueName\":\"search_term_string\"}}],\"inLanguage\":\"es\"},{\"@type\":\"Organization\",\"@id\":\"https:\\\/\\\/shw-wm.de\\\/#organization\",\"name\":\"SHW - M\u00e1quinas herramienta\",\"url\":\"https:\\\/\\\/shw-wm.de\\\/\",\"logo\":{\"@type\":\"ImageObject\",\"inLanguage\":\"es\",\"@id\":\"https:\\\/\\\/shw-wm.de\\\/#\\\/schema\\\/logo\\\/image\\\/\",\"url\":\"https:\\\/\\\/shw-wm.de\\\/wp-content\\\/uploads\\\/2021_Logo_mit_Flagge-1.jpg\",\"contentUrl\":\"https:\\\/\\\/shw-wm.de\\\/wp-content\\\/uploads\\\/2021_Logo_mit_Flagge-1.jpg\",\"width\":275,\"height\":119,\"caption\":\"SHW - M\u00e1quinas herramienta\"},\"image\":{\"@id\":\"https:\\\/\\\/shw-wm.de\\\/#\\\/schema\\\/logo\\\/image\\\/\"},\"sameAs\":[\"https:\\\/\\\/www.facebook.com\\\/SHWWM\",\"https:\\\/\\\/x.com\\\/SHW_WM_Gmbh\",\"https:\\\/\\\/www.instagram.com\\\/shw_werkzeugmaschinen\\\/\",\"https:\\\/\\\/www.youtube.com\\\/@SHWWerkzeugmaschinen\"]}]}<\/script>\n<!-- \/ Yoast SEO plugin. -->","yoast_head_json":{"title":"Diagn\u00f3stico de m\u00e1quinas Control de colisiones | SHW - Werkzeugmaschinen","robots":{"index":"index","follow":"follow","max-snippet":"max-snippet:-1","max-image-preview":"max-image-preview:large","max-video-preview":"max-video-preview:-1"},"canonical":"https:\/\/shw-wm.de\/es\/software\/maquina-2\/diagnostico-de-maquinas-control-de-colisiones\/","og_locale":"es_ES","og_type":"article","og_title":"Diagn\u00f3stico de m\u00e1quinas Control de colisiones | SHW - Werkzeugmaschinen","og_description":"Diagn\u00f3stico de m\u00e1quinas y control de colisiones UniSc@n","og_url":"https:\/\/shw-wm.de\/es\/software\/maquina-2\/diagnostico-de-maquinas-control-de-colisiones\/","og_site_name":"SHW - Werkzeugmaschinen","article_publisher":"https:\/\/www.facebook.com\/SHWWM","article_modified_time":"2025-10-13T12:31:27+00:00","og_image":[{"width":255,"height":69,"url":"https:\/\/shw-wm.de\/wp-content\/uploads\/shw_layout\/shw_logo_kompakt@2x.jpg","type":"image\/jpeg"}],"twitter_card":"summary_large_image","twitter_site":"@SHW_WM_Gmbh","schema":{"@context":"https:\/\/schema.org","@graph":[{"@type":"WebPage","@id":"https:\/\/shw-wm.de\/es\/software\/maquina-2\/diagnostico-de-maquinas-control-de-colisiones\/","url":"https:\/\/shw-wm.de\/es\/software\/maquina-2\/diagnostico-de-maquinas-control-de-colisiones\/","name":"Diagn\u00f3stico de m\u00e1quinas Control de colisiones | SHW - Werkzeugmaschinen","isPartOf":{"@id":"https:\/\/shw-wm.de\/#website"},"primaryImageOfPage":{"@id":"https:\/\/shw-wm.de\/es\/software\/maquina-2\/diagnostico-de-maquinas-control-de-colisiones\/#primaryimage"},"image":{"@id":"https:\/\/shw-wm.de\/es\/software\/maquina-2\/diagnostico-de-maquinas-control-de-colisiones\/#primaryimage"},"thumbnailUrl":"https:\/\/shw-wm.de\/wp-content\/uploads\/shw_layout\/shw_logo_kompakt@2x.jpg","datePublished":"2018-11-30T21:45:04+00:00","dateModified":"2025-10-13T12:31:27+00:00","breadcrumb":{"@id":"https:\/\/shw-wm.de\/es\/software\/maquina-2\/diagnostico-de-maquinas-control-de-colisiones\/#breadcrumb"},"inLanguage":"es","potentialAction":[{"@type":"ReadAction","target":["https:\/\/shw-wm.de\/es\/software\/maquina-2\/diagnostico-de-maquinas-control-de-colisiones\/"]}]},{"@type":"ImageObject","inLanguage":"es","@id":"https:\/\/shw-wm.de\/es\/software\/maquina-2\/diagnostico-de-maquinas-control-de-colisiones\/#primaryimage","url":"https:\/\/shw-wm.de\/wp-content\/uploads\/shw_layout\/shw_logo_kompakt@2x.jpg","contentUrl":"https:\/\/shw-wm.de\/wp-content\/uploads\/shw_layout\/shw_logo_kompakt@2x.jpg"},{"@type":"BreadcrumbList","@id":"https:\/\/shw-wm.de\/es\/software\/maquina-2\/diagnostico-de-maquinas-control-de-colisiones\/#breadcrumb","itemListElement":[{"@type":"ListItem","position":1,"name":"Home","item":"https:\/\/shw-wm.de\/es\/inicio\/"},{"@type":"ListItem","position":2,"name":"M\u00e1quina","item":"https:\/\/shw-wm.de\/es\/software\/maquina-2\/"},{"@type":"ListItem","position":3,"name":"Diagn\u00f3stico de m\u00e1quinas Control de colisiones"}]},{"@type":"WebSite","@id":"https:\/\/shw-wm.de\/#website","url":"https:\/\/shw-wm.de\/","name":"SHW - Werkzeugmaschinen","description":"Hersteller von Fahrst\u00e4ndermaschinen","publisher":{"@id":"https:\/\/shw-wm.de\/#organization"},"potentialAction":[{"@type":"SearchAction","target":{"@type":"EntryPoint","urlTemplate":"https:\/\/shw-wm.de\/?s={search_term_string}"},"query-input":{"@type":"PropertyValueSpecification","valueRequired":true,"valueName":"search_term_string"}}],"inLanguage":"es"},{"@type":"Organization","@id":"https:\/\/shw-wm.de\/#organization","name":"SHW - M\u00e1quinas herramienta","url":"https:\/\/shw-wm.de\/","logo":{"@type":"ImageObject","inLanguage":"es","@id":"https:\/\/shw-wm.de\/#\/schema\/logo\/image\/","url":"https:\/\/shw-wm.de\/wp-content\/uploads\/2021_Logo_mit_Flagge-1.jpg","contentUrl":"https:\/\/shw-wm.de\/wp-content\/uploads\/2021_Logo_mit_Flagge-1.jpg","width":275,"height":119,"caption":"SHW - M\u00e1quinas herramienta"},"image":{"@id":"https:\/\/shw-wm.de\/#\/schema\/logo\/image\/"},"sameAs":["https:\/\/www.facebook.com\/SHWWM","https:\/\/x.com\/SHW_WM_Gmbh","https:\/\/www.instagram.com\/shw_werkzeugmaschinen\/","https:\/\/www.youtube.com\/@SHWWerkzeugmaschinen"]}]}},"_links":{"self":[{"href":"https:\/\/shw-wm.de\/es\/wp-json\/wp\/v2\/pages\/17122","targetHints":{"allow":["GET"]}}],"collection":[{"href":"https:\/\/shw-wm.de\/es\/wp-json\/wp\/v2\/pages"}],"about":[{"href":"https:\/\/shw-wm.de\/es\/wp-json\/wp\/v2\/types\/page"}],"author":[{"embeddable":true,"href":"https:\/\/shw-wm.de\/es\/wp-json\/wp\/v2\/users\/3"}],"replies":[{"embeddable":true,"href":"https:\/\/shw-wm.de\/es\/wp-json\/wp\/v2\/comments?post=17122"}],"version-history":[{"count":1,"href":"https:\/\/shw-wm.de\/es\/wp-json\/wp\/v2\/pages\/17122\/revisions"}],"predecessor-version":[{"id":17124,"href":"https:\/\/shw-wm.de\/es\/wp-json\/wp\/v2\/pages\/17122\/revisions\/17124"}],"up":[{"embeddable":true,"href":"https:\/\/shw-wm.de\/es\/wp-json\/wp\/v2\/pages\/17138"}],"wp:attachment":[{"href":"https:\/\/shw-wm.de\/es\/wp-json\/wp\/v2\/media?parent=17122"}],"curies":[{"name":"wp","href":"https:\/\/api.w.org\/{rel}","templated":true}]}}