{"id":17148,"date":"2018-12-11T13:30:44","date_gmt":"2018-12-11T12:30:44","guid":{"rendered":"https:\/\/shw-wm.de\/cinta-de-bisagra\/"},"modified":"2025-10-13T14:31:41","modified_gmt":"2025-10-13T12:31:41","slug":"cinta-de-bisagra","status":"publish","type":"page","link":"https:\/\/shw-wm.de\/es\/accesorios\/transportador-de-virutas\/cinta-de-bisagra\/","title":{"rendered":"Cinta de bisagra"},"content":{"rendered":"\t\t<div data-elementor-type=\"wp-page\" data-elementor-id=\"17148\" class=\"elementor elementor-17148 elementor-6328 elementor-bc-flex-widget\" data-elementor-post-type=\"page\">\n\t\t\t\t\t\t<section class=\"elementor-section elementor-top-section elementor-element elementor-element-b02d253 elementor-section-boxed elementor-section-height-default elementor-section-height-default\" data-id=\"b02d253\" data-element_type=\"section\" data-e-type=\"section\">\n\t\t\t\t\t\t<div class=\"elementor-container elementor-column-gap-default\">\n\t\t\t\t\t<div class=\"elementor-column elementor-col-50 elementor-top-column elementor-element elementor-element-a61ed21\" data-id=\"a61ed21\" data-element_type=\"column\" data-e-type=\"column\">\n\t\t\t<div class=\"elementor-widget-wrap elementor-element-populated\">\n\t\t\t\t\t\t<div class=\"elementor-element elementor-element-e04f4ac elementor-widget elementor-widget-image\" data-id=\"e04f4ac\" data-element_type=\"widget\" data-e-type=\"widget\" data-widget_type=\"image.default\">\n\t\t\t\t<div class=\"elementor-widget-container\">\n\t\t\t\t\t\t\t\t\t\t\t\t\t\t\t<img fetchpriority=\"high\" decoding=\"async\" width=\"800\" height=\"600\" src=\"https:\/\/shw-wm.de\/wp-content\/uploads\/shw_wm_service\/zubehoer\/spaenefoerderer\/2024-9350\/scharnierband-1_800x600.jpg\" class=\"attachment-full size-full wp-image-6347\" alt=\"\" srcset=\"https:\/\/shw-wm.de\/wp-content\/uploads\/shw_wm_service\/zubehoer\/spaenefoerderer\/2024-9350\/scharnierband-1_800x600.jpg.webp 800w, https:\/\/shw-wm.de\/wp-content\/uploads\/shw_wm_service\/zubehoer\/spaenefoerderer\/2024-9350\/scharnierband-1_800x600-300x225.jpg.webp 300w, https:\/\/shw-wm.de\/wp-content\/uploads\/shw_wm_service\/zubehoer\/spaenefoerderer\/2024-9350\/scharnierband-1_800x600-768x576.jpg.webp 768w, https:\/\/shw-wm.de\/wp-content\/uploads\/shw_wm_service\/zubehoer\/spaenefoerderer\/2024-9350\/scharnierband-1_800x600-600x450.jpg.webp 600w\" sizes=\"(max-width: 800px) 100vw, 800px\" \/>\t\t\t\t\t\t\t\t\t\t\t\t\t\t\t<\/div>\n\t\t\t\t<\/div>\n\t\t\t\t\t<\/div>\n\t\t<\/div>\n\t\t\t\t<div class=\"elementor-column elementor-col-50 elementor-top-column elementor-element elementor-element-5cd78b2\" data-id=\"5cd78b2\" data-element_type=\"column\" data-e-type=\"column\">\n\t\t\t<div class=\"elementor-widget-wrap elementor-element-populated\">\n\t\t\t\t\t\t<div class=\"elementor-element elementor-element-dda0e78 elementor-widget elementor-widget-html\" data-id=\"dda0e78\" data-element_type=\"widget\" data-e-type=\"widget\" data-widget_type=\"html.default\">\n\t\t\t\t<div class=\"elementor-widget-container\">\n\t\t\t\t\t<div class=\"line even\">\n\t<p class=\"col-left\">N.\u00ba de producto<\/p><p class=\"col-right\">2024-9350<\/p>\n<\/div>\n<div class=\"line odd\">\n\t<p class=\"col-left\">Calzadas:<\/p><p class=\"col-right\">X = <br>Y = <br>Z =  <\/p>\n<\/div>\n<div class=\"line even\">\n\t<p class=\"col-left\">Control:<\/p><p class=\"col-right\"><\/p>\n<\/div>\n<div class=\"line odd\">\n\t<p class=\"col-left\">A\u00f1o de construcci\u00f3n:<\/p><p class=\"col-right\">2001<\/p>\n<\/div>\t\t\t\t<\/div>\n\t\t\t\t<\/div>\n\t\t\t\t\t<\/div>\n\t\t<\/div>\n\t\t\t\t\t<\/div>\n\t\t<\/section>\n\t\t\t\t<section class=\"elementor-section elementor-top-section elementor-element elementor-element-c61f414 elementor-section-boxed elementor-section-height-default elementor-section-height-default\" data-id=\"c61f414\" data-element_type=\"section\" data-e-type=\"section\">\n\t\t\t\t\t\t<div class=\"elementor-container elementor-column-gap-default\">\n\t\t\t\t\t<div class=\"elementor-column elementor-col-100 elementor-top-column elementor-element elementor-element-6461b6f\" data-id=\"6461b6f\" data-element_type=\"column\" data-e-type=\"column\">\n\t\t\t<div class=\"elementor-widget-wrap elementor-element-populated\">\n\t\t\t\t\t\t<div class=\"elementor-element elementor-element-5930731 elementor-widget-divider--view-line elementor-widget elementor-widget-divider\" data-id=\"5930731\" data-element_type=\"widget\" data-e-type=\"widget\" data-widget_type=\"divider.default\">\n\t\t\t\t<div class=\"elementor-widget-container\">\n\t\t\t\t\t\t\t<div class=\"elementor-divider\">\n\t\t\t<span class=\"elementor-divider-separator\">\n\t\t\t\t\t\t<\/span>\n\t\t<\/div>\n\t\t\t\t\t\t<\/div>\n\t\t\t\t<\/div>\n\t\t\t\t\t<\/div>\n\t\t<\/div>\n\t\t\t\t\t<\/div>\n\t\t<\/section>\n\t\t\t\t<section class=\"elementor-section elementor-top-section elementor-element elementor-element-c78352c elementor-section-boxed elementor-section-height-default elementor-section-height-default\" data-id=\"c78352c\" data-element_type=\"section\" data-e-type=\"section\">\n\t\t\t\t\t\t<div class=\"elementor-container elementor-column-gap-default\">\n\t\t\t\t\t<div class=\"elementor-column elementor-col-100 elementor-top-column elementor-element elementor-element-b701e98\" data-id=\"b701e98\" data-element_type=\"column\" data-e-type=\"column\">\n\t\t\t<div class=\"elementor-widget-wrap elementor-element-populated\">\n\t\t\t\t\t\t<div class=\"elementor-element elementor-element-b80752a elementor-widget elementor-widget-image-gallery\" data-id=\"b80752a\" data-element_type=\"widget\" data-e-type=\"widget\" data-widget_type=\"image-gallery.default\">\n\t\t\t\t<div class=\"elementor-widget-container\">\n\t\t\t\t\t\t\t<div class=\"elementor-image-gallery\">\n\t\t\t<div id='gallery-1' class='gallery galleryid-17148 gallery-columns-4 gallery-size-thumbnail'><figure class='gallery-item'>\n\t\t\t<div class='gallery-icon landscape'>\n\t\t\t\t<a data-elementor-open-lightbox=\"yes\" data-elementor-lightbox-slideshow=\"b80752a\" data-elementor-lightbox-title=\"scharnierband_1-1\" data-e-action-hash=\"#elementor-action%3Aaction%3Dlightbox%26settings%3DeyJpZCI6NjM0NSwidXJsIjoiaHR0cHM6XC9cL3Nody13bS5kZVwvd3AtY29udGVudFwvdXBsb2Fkc1wvc2h3X3dtX3NlcnZpY2VcL3p1YmVob2VyXC9zcGFlbmVmb2VyZGVyZXJcLzIwMjQtOTM1MFwvZ2FsZXJpZVwvc2NoYXJuaWVyYmFuZF8xLTEuanBnIiwic2xpZGVzaG93IjoiYjgwNzUyYSJ9\" href='https:\/\/shw-wm.de\/wp-content\/uploads\/shw_wm_service\/zubehoer\/spaenefoerderer\/2024-9350\/galerie\/scharnierband_1-1.jpg'><img decoding=\"async\" width=\"150\" height=\"150\" src=\"https:\/\/shw-wm.de\/wp-content\/uploads\/shw_wm_service\/zubehoer\/spaenefoerderer\/2024-9350\/galerie\/scharnierband_1-1-150x150.jpg\" class=\"attachment-thumbnail size-thumbnail\" alt=\"\" srcset=\"https:\/\/shw-wm.de\/wp-content\/uploads\/shw_wm_service\/zubehoer\/spaenefoerderer\/2024-9350\/galerie\/scharnierband_1-1-150x150.jpg.webp 150w, https:\/\/shw-wm.de\/wp-content\/uploads\/shw_wm_service\/zubehoer\/spaenefoerderer\/2024-9350\/galerie\/scharnierband_1-1-300x300.jpg.webp 300w, https:\/\/shw-wm.de\/wp-content\/uploads\/shw_wm_service\/zubehoer\/spaenefoerderer\/2024-9350\/galerie\/scharnierband_1-1-100x100.jpg.webp 100w\" sizes=\"(max-width: 150px) 100vw, 150px\" \/><\/a>\n\t\t\t<\/div><\/figure><figure class='gallery-item'>\n\t\t\t<div class='gallery-icon portrait'>\n\t\t\t\t<a data-elementor-open-lightbox=\"yes\" data-elementor-lightbox-slideshow=\"b80752a\" data-elementor-lightbox-title=\"scharnierband_1-2\" data-e-action-hash=\"#elementor-action%3Aaction%3Dlightbox%26settings%3DeyJpZCI6NjM0MiwidXJsIjoiaHR0cHM6XC9cL3Nody13bS5kZVwvd3AtY29udGVudFwvdXBsb2Fkc1wvc2h3X3dtX3NlcnZpY2VcL3p1YmVob2VyXC9zcGFlbmVmb2VyZGVyZXJcLzIwMjQtOTM1MFwvZ2FsZXJpZVwvc2NoYXJuaWVyYmFuZF8xLTIuanBnIiwic2xpZGVzaG93IjoiYjgwNzUyYSJ9\" href='https:\/\/shw-wm.de\/wp-content\/uploads\/shw_wm_service\/zubehoer\/spaenefoerderer\/2024-9350\/galerie\/scharnierband_1-2.jpg'><img decoding=\"async\" width=\"150\" height=\"150\" src=\"https:\/\/shw-wm.de\/wp-content\/uploads\/shw_wm_service\/zubehoer\/spaenefoerderer\/2024-9350\/galerie\/scharnierband_1-2-150x150.jpg\" class=\"attachment-thumbnail size-thumbnail\" alt=\"\" srcset=\"https:\/\/shw-wm.de\/wp-content\/uploads\/shw_wm_service\/zubehoer\/spaenefoerderer\/2024-9350\/galerie\/scharnierband_1-2-150x150.jpg.webp 150w, https:\/\/shw-wm.de\/wp-content\/uploads\/shw_wm_service\/zubehoer\/spaenefoerderer\/2024-9350\/galerie\/scharnierband_1-2-300x300.jpg.webp 300w, https:\/\/shw-wm.de\/wp-content\/uploads\/shw_wm_service\/zubehoer\/spaenefoerderer\/2024-9350\/galerie\/scharnierband_1-2-100x100.jpg.webp 100w\" sizes=\"(max-width: 150px) 100vw, 150px\" \/><\/a>\n\t\t\t<\/div><\/figure><figure class='gallery-item'>\n\t\t\t<div class='gallery-icon landscape'>\n\t\t\t\t<a data-elementor-open-lightbox=\"yes\" data-elementor-lightbox-slideshow=\"b80752a\" data-elementor-lightbox-title=\"scharnierband_1-3\" data-e-action-hash=\"#elementor-action%3Aaction%3Dlightbox%26settings%3DeyJpZCI6NjM0NCwidXJsIjoiaHR0cHM6XC9cL3Nody13bS5kZVwvd3AtY29udGVudFwvdXBsb2Fkc1wvc2h3X3dtX3NlcnZpY2VcL3p1YmVob2VyXC9zcGFlbmVmb2VyZGVyZXJcLzIwMjQtOTM1MFwvZ2FsZXJpZVwvc2NoYXJuaWVyYmFuZF8xLTMuanBnIiwic2xpZGVzaG93IjoiYjgwNzUyYSJ9\" href='https:\/\/shw-wm.de\/wp-content\/uploads\/shw_wm_service\/zubehoer\/spaenefoerderer\/2024-9350\/galerie\/scharnierband_1-3.jpg'><img loading=\"lazy\" decoding=\"async\" width=\"150\" height=\"150\" src=\"https:\/\/shw-wm.de\/wp-content\/uploads\/shw_wm_service\/zubehoer\/spaenefoerderer\/2024-9350\/galerie\/scharnierband_1-3-150x150.jpg\" class=\"attachment-thumbnail size-thumbnail\" alt=\"\" srcset=\"https:\/\/shw-wm.de\/wp-content\/uploads\/shw_wm_service\/zubehoer\/spaenefoerderer\/2024-9350\/galerie\/scharnierband_1-3-150x150.jpg.webp 150w, https:\/\/shw-wm.de\/wp-content\/uploads\/shw_wm_service\/zubehoer\/spaenefoerderer\/2024-9350\/galerie\/scharnierband_1-3-300x300.jpg.webp 300w, https:\/\/shw-wm.de\/wp-content\/uploads\/shw_wm_service\/zubehoer\/spaenefoerderer\/2024-9350\/galerie\/scharnierband_1-3-100x100.jpg.webp 100w\" sizes=\"(max-width: 150px) 100vw, 150px\" \/><\/a>\n\t\t\t<\/div><\/figure><figure class='gallery-item'>\n\t\t\t<div class='gallery-icon landscape'>\n\t\t\t\t<a data-elementor-open-lightbox=\"yes\" data-elementor-lightbox-slideshow=\"b80752a\" data-elementor-lightbox-title=\"scharnierband_1-4\" data-e-action-hash=\"#elementor-action%3Aaction%3Dlightbox%26settings%3DeyJpZCI6NjM0MywidXJsIjoiaHR0cHM6XC9cL3Nody13bS5kZVwvd3AtY29udGVudFwvdXBsb2Fkc1wvc2h3X3dtX3NlcnZpY2VcL3p1YmVob2VyXC9zcGFlbmVmb2VyZGVyZXJcLzIwMjQtOTM1MFwvZ2FsZXJpZVwvc2NoYXJuaWVyYmFuZF8xLTQuanBnIiwic2xpZGVzaG93IjoiYjgwNzUyYSJ9\" href='https:\/\/shw-wm.de\/wp-content\/uploads\/shw_wm_service\/zubehoer\/spaenefoerderer\/2024-9350\/galerie\/scharnierband_1-4.jpg'><img loading=\"lazy\" decoding=\"async\" width=\"150\" height=\"150\" src=\"https:\/\/shw-wm.de\/wp-content\/uploads\/shw_wm_service\/zubehoer\/spaenefoerderer\/2024-9350\/galerie\/scharnierband_1-4-150x150.jpg\" class=\"attachment-thumbnail size-thumbnail\" alt=\"\" srcset=\"https:\/\/shw-wm.de\/wp-content\/uploads\/shw_wm_service\/zubehoer\/spaenefoerderer\/2024-9350\/galerie\/scharnierband_1-4-150x150.jpg.webp 150w, https:\/\/shw-wm.de\/wp-content\/uploads\/shw_wm_service\/zubehoer\/spaenefoerderer\/2024-9350\/galerie\/scharnierband_1-4-300x300.jpg.webp 300w, https:\/\/shw-wm.de\/wp-content\/uploads\/shw_wm_service\/zubehoer\/spaenefoerderer\/2024-9350\/galerie\/scharnierband_1-4-100x100.jpg.webp 100w\" sizes=\"(max-width: 150px) 100vw, 150px\" \/><\/a>\n\t\t\t<\/div><\/figure>\n\t\t<\/div>\n\t\t<\/div>\n\t\t\t\t\t\t<\/div>\n\t\t\t\t<\/div>\n\t\t\t\t\t<\/div>\n\t\t<\/div>\n\t\t\t\t\t<\/div>\n\t\t<\/section>\n\t\t\t\t<section class=\"elementor-section elementor-top-section elementor-element elementor-element-89fb547 elementor-section-boxed elementor-section-height-default elementor-section-height-default\" data-id=\"89fb547\" data-element_type=\"section\" data-e-type=\"section\">\n\t\t\t\t\t\t<div class=\"elementor-container elementor-column-gap-default\">\n\t\t\t\t\t<div class=\"elementor-column elementor-col-100 elementor-top-column elementor-element elementor-element-fd6a1e0\" data-id=\"fd6a1e0\" data-element_type=\"column\" data-e-type=\"column\">\n\t\t\t<div class=\"elementor-widget-wrap elementor-element-populated\">\n\t\t\t\t\t\t<div class=\"elementor-element elementor-element-3119985 elementor-widget-divider--view-line elementor-widget elementor-widget-divider\" data-id=\"3119985\" data-element_type=\"widget\" data-e-type=\"widget\" data-widget_type=\"divider.default\">\n\t\t\t\t<div class=\"elementor-widget-container\">\n\t\t\t\t\t\t\t<div class=\"elementor-divider\">\n\t\t\t<span class=\"elementor-divider-separator\">\n\t\t\t\t\t\t<\/span>\n\t\t<\/div>\n\t\t\t\t\t\t<\/div>\n\t\t\t\t<\/div>\n\t\t\t\t\t<\/div>\n\t\t<\/div>\n\t\t\t\t\t<\/div>\n\t\t<\/section>\n\t\t\t\t<section class=\"elementor-section elementor-top-section elementor-element elementor-element-f627025 elementor-section-boxed elementor-section-height-default elementor-section-height-default\" data-id=\"f627025\" data-element_type=\"section\" data-e-type=\"section\">\n\t\t\t\t\t\t<div class=\"elementor-container elementor-column-gap-default\">\n\t\t\t\t\t<div class=\"elementor-column elementor-col-100 elementor-top-column elementor-element elementor-element-dbcee23\" data-id=\"dbcee23\" data-element_type=\"column\" data-e-type=\"column\">\n\t\t\t<div class=\"elementor-widget-wrap elementor-element-populated\">\n\t\t\t\t\t\t<div class=\"elementor-element elementor-element-ffd7668 elementor-tabs-view-horizontal elementor-widget elementor-widget-tabs\" data-id=\"ffd7668\" data-element_type=\"widget\" data-e-type=\"widget\" data-widget_type=\"tabs.default\">\n\t\t\t\t<div class=\"elementor-widget-container\">\n\t\t\t\t\t\t\t<div class=\"elementor-tabs\">\n\t\t\t<div class=\"elementor-tabs-wrapper\" role=\"tablist\" >\n\t\t\t\t\t\t\t\t\t<div id=\"elementor-tab-title-2681\" class=\"elementor-tab-title elementor-tab-desktop-title\" aria-selected=\"true\" data-tab=\"1\" role=\"tab\" tabindex=\"0\" aria-controls=\"elementor-tab-content-2681\" aria-expanded=\"false\">Detalles t\u00e9cnicos<\/div>\n\t\t\t\t\t\t\t\t\t<div id=\"elementor-tab-title-2682\" class=\"elementor-tab-title elementor-tab-desktop-title\" aria-selected=\"false\" data-tab=\"2\" role=\"tab\" tabindex=\"-1\" aria-controls=\"elementor-tab-content-2682\" aria-expanded=\"false\">Descargas<\/div>\n\t\t\t\t\t\t\t<\/div>\n\t\t\t<div class=\"elementor-tabs-content-wrapper\" role=\"tablist\" aria-orientation=\"vertical\">\n\t\t\t\t\t\t\t\t\t<div class=\"elementor-tab-title elementor-tab-mobile-title\" aria-selected=\"true\" data-tab=\"1\" role=\"tab\" tabindex=\"0\" aria-controls=\"elementor-tab-content-2681\" aria-expanded=\"false\">Detalles t\u00e9cnicos<\/div>\n\t\t\t\t\t<div id=\"elementor-tab-content-2681\" class=\"elementor-tab-content elementor-clearfix\" data-tab=\"1\" role=\"tabpanel\" aria-labelledby=\"elementor-tab-title-2681\" tabindex=\"0\" hidden=\"false\"><div class=\"machine-tech-details\">\n<div class=\"line even\">\n<p class=\"col-left\">Longitud total<\/p>\n<p class=\"col-right\">11406,18 mm<\/p>\n<\/div>\n<div class=\"line odd\">\n<p class=\"col-left\">Ancho de banda<\/p>\n<p class=\"col-right\">304,8 mm<\/p>\n<\/div>\n<div class=\"line even\">\n<p class=\"col-left\">Nivel de financiaci\u00f3n<\/p>\n<p class=\"col-right\">1985 mm<\/p>\n<\/div>\n<div class=\"line odd\">\n<p class=\"col-left\">Capacidad de transporte m\u00ednima<\/p>\n<p class=\"col-right\">300 dm\u00b3\/h<\/p>\n<\/div>\n<div class=\"line even\">\n<p class=\"col-left\">Velocidad de transporte m\u00ednima<\/p>\n<p class=\"col-right\">3 - 5 m\/min<\/p>\n<\/div>\n<\/div>\n<\/div>\n\t\t\t\t\t\t\t\t\t<div class=\"elementor-tab-title elementor-tab-mobile-title\" aria-selected=\"false\" data-tab=\"2\" role=\"tab\" tabindex=\"-1\" aria-controls=\"elementor-tab-content-2682\" aria-expanded=\"false\">Descargas<\/div>\n\t\t\t\t\t<div id=\"elementor-tab-content-2682\" class=\"elementor-tab-content elementor-clearfix\" data-tab=\"2\" role=\"tabpanel\" aria-labelledby=\"elementor-tab-title-2682\" tabindex=\"0\" hidden=\"hidden\"><ul class=\"list-default\">\n<li><a href=\"https:\/\/lagermaschinen.de\/machinedocs\/2024\/2024-9350-16112017083733795.pdf\" target=\"_blank\" rel=\"noopener\">dibujo t\u00e9cnico<\/a><\/li>\n<\/ul>\n<\/div>\n\t\t\t\t\t\t\t<\/div>\n\t\t<\/div>\n\t\t\t\t\t\t<\/div>\n\t\t\t\t<\/div>\n\t\t\t\t\t<\/div>\n\t\t<\/div>\n\t\t\t\t\t<\/div>\n\t\t<\/section>\n\t\t\t\t<\/div>\n\t\t","protected":false},"excerpt":{"rendered":"<p>N.\u00ba de producto 2024-9350 Calzadas: X = Y = Z = Control: A\u00f1o de construcci\u00f3n: 2001 Detalles t\u00e9cnicos Descargas Detalles t\u00e9cnicos Longitud total 11406,18 mm Ancho de banda 304,8 mm Nivel de financiaci\u00f3n 1985 mm Capacidad de transporte m\u00ednima 300 dm\u00b3\/h Velocidad de transporte m\u00ednima 3 &#8211; 5 m\/min Descargas dibujo t\u00e9cnico<\/p>\n","protected":false},"author":3,"featured_media":0,"parent":17154,"menu_order":0,"comment_status":"closed","ping_status":"closed","template":"","meta":{"footnotes":""},"class_list":["post-17148","page","type-page","status-publish","hentry"],"yoast_head":"<!-- This site is optimized with the Yoast SEO plugin v27.4 - https:\/\/yoast.com\/product\/yoast-seo-wordpress\/ -->\n<title>Cinta de bisagra | SHW - Werkzeugmaschinen<\/title>\n<meta name=\"robots\" content=\"index, follow, max-snippet:-1, max-image-preview:large, max-video-preview:-1\" \/>\n<link rel=\"canonical\" href=\"https:\/\/shw-wm.de\/es\/transportador-de-virutas\/cinta-de-bisagra\/\" \/>\n<meta property=\"og:locale\" content=\"es_ES\" \/>\n<meta property=\"og:type\" content=\"article\" \/>\n<meta property=\"og:title\" content=\"Cinta de bisagra | SHW - Werkzeugmaschinen\" \/>\n<meta property=\"og:description\" content=\"N.\u00ba de producto 2024-9350 Calzadas: X = Y = Z = Control: A\u00f1o de construcci\u00f3n: 2001 Detalles t\u00e9cnicos Descargas Detalles t\u00e9cnicos Longitud total 11406,18 mm Ancho de banda 304,8 mm Nivel de financiaci\u00f3n 1985 mm Capacidad de transporte m\u00ednima 300 dm\u00b3\/h Velocidad de transporte m\u00ednima 3 &#8211; 5 m\/min Descargas dibujo t\u00e9cnico\" \/>\n<meta property=\"og:url\" content=\"https:\/\/shw-wm.de\/es\/transportador-de-virutas\/cinta-de-bisagra\/\" \/>\n<meta property=\"og:site_name\" content=\"SHW - Werkzeugmaschinen\" \/>\n<meta property=\"article:publisher\" content=\"https:\/\/www.facebook.com\/SHWWM\" \/>\n<meta property=\"article:modified_time\" content=\"2025-10-13T12:31:41+00:00\" \/>\n<meta property=\"og:image\" content=\"https:\/\/shw-wm.de\/wp-content\/uploads\/shw_wm_service\/zubehoer\/spaenefoerderer\/2024-9350\/scharnierband-1_800x600.jpg\" \/>\n\t<meta property=\"og:image:width\" content=\"800\" \/>\n\t<meta property=\"og:image:height\" content=\"600\" \/>\n\t<meta property=\"og:image:type\" content=\"image\/jpeg\" \/>\n<meta name=\"twitter:card\" content=\"summary_large_image\" \/>\n<meta name=\"twitter:site\" content=\"@SHW_WM_Gmbh\" \/>\n<script type=\"application\/ld+json\" class=\"yoast-schema-graph\">{\"@context\":\"https:\\\/\\\/schema.org\",\"@graph\":[{\"@type\":\"WebPage\",\"@id\":\"https:\\\/\\\/shw-wm.de\\\/es\\\/transportador-de-virutas\\\/cinta-de-bisagra\\\/\",\"url\":\"https:\\\/\\\/shw-wm.de\\\/es\\\/transportador-de-virutas\\\/cinta-de-bisagra\\\/\",\"name\":\"Cinta de bisagra | SHW - Werkzeugmaschinen\",\"isPartOf\":{\"@id\":\"https:\\\/\\\/shw-wm.de\\\/#website\"},\"primaryImageOfPage\":{\"@id\":\"https:\\\/\\\/shw-wm.de\\\/es\\\/transportador-de-virutas\\\/cinta-de-bisagra\\\/#primaryimage\"},\"image\":{\"@id\":\"https:\\\/\\\/shw-wm.de\\\/es\\\/transportador-de-virutas\\\/cinta-de-bisagra\\\/#primaryimage\"},\"thumbnailUrl\":\"https:\\\/\\\/shw-wm.de\\\/wp-content\\\/uploads\\\/shw_wm_service\\\/zubehoer\\\/spaenefoerderer\\\/2024-9350\\\/scharnierband-1_800x600.jpg\",\"datePublished\":\"2018-12-11T12:30:44+00:00\",\"dateModified\":\"2025-10-13T12:31:41+00:00\",\"breadcrumb\":{\"@id\":\"https:\\\/\\\/shw-wm.de\\\/es\\\/transportador-de-virutas\\\/cinta-de-bisagra\\\/#breadcrumb\"},\"inLanguage\":\"es\",\"potentialAction\":[{\"@type\":\"ReadAction\",\"target\":[\"https:\\\/\\\/shw-wm.de\\\/es\\\/transportador-de-virutas\\\/cinta-de-bisagra\\\/\"]}]},{\"@type\":\"ImageObject\",\"inLanguage\":\"es\",\"@id\":\"https:\\\/\\\/shw-wm.de\\\/es\\\/transportador-de-virutas\\\/cinta-de-bisagra\\\/#primaryimage\",\"url\":\"https:\\\/\\\/shw-wm.de\\\/wp-content\\\/uploads\\\/shw_wm_service\\\/zubehoer\\\/spaenefoerderer\\\/2024-9350\\\/scharnierband-1_800x600.jpg\",\"contentUrl\":\"https:\\\/\\\/shw-wm.de\\\/wp-content\\\/uploads\\\/shw_wm_service\\\/zubehoer\\\/spaenefoerderer\\\/2024-9350\\\/scharnierband-1_800x600.jpg\"},{\"@type\":\"BreadcrumbList\",\"@id\":\"https:\\\/\\\/shw-wm.de\\\/es\\\/transportador-de-virutas\\\/cinta-de-bisagra\\\/#breadcrumb\",\"itemListElement\":[{\"@type\":\"ListItem\",\"position\":1,\"name\":\"Home\",\"item\":\"https:\\\/\\\/shw-wm.de\\\/es\\\/inicio\\\/\"},{\"@type\":\"ListItem\",\"position\":2,\"name\":\"Cinta de bisagra\"}]},{\"@type\":\"WebSite\",\"@id\":\"https:\\\/\\\/shw-wm.de\\\/#website\",\"url\":\"https:\\\/\\\/shw-wm.de\\\/\",\"name\":\"SHW - Werkzeugmaschinen\",\"description\":\"Hersteller von Fahrst\u00e4ndermaschinen\",\"publisher\":{\"@id\":\"https:\\\/\\\/shw-wm.de\\\/#organization\"},\"potentialAction\":[{\"@type\":\"SearchAction\",\"target\":{\"@type\":\"EntryPoint\",\"urlTemplate\":\"https:\\\/\\\/shw-wm.de\\\/?s={search_term_string}\"},\"query-input\":{\"@type\":\"PropertyValueSpecification\",\"valueRequired\":true,\"valueName\":\"search_term_string\"}}],\"inLanguage\":\"es\"},{\"@type\":\"Organization\",\"@id\":\"https:\\\/\\\/shw-wm.de\\\/#organization\",\"name\":\"SHW - M\u00e1quinas herramienta\",\"url\":\"https:\\\/\\\/shw-wm.de\\\/\",\"logo\":{\"@type\":\"ImageObject\",\"inLanguage\":\"es\",\"@id\":\"https:\\\/\\\/shw-wm.de\\\/#\\\/schema\\\/logo\\\/image\\\/\",\"url\":\"https:\\\/\\\/shw-wm.de\\\/wp-content\\\/uploads\\\/2021_Logo_mit_Flagge-1.jpg\",\"contentUrl\":\"https:\\\/\\\/shw-wm.de\\\/wp-content\\\/uploads\\\/2021_Logo_mit_Flagge-1.jpg\",\"width\":275,\"height\":119,\"caption\":\"SHW - M\u00e1quinas herramienta\"},\"image\":{\"@id\":\"https:\\\/\\\/shw-wm.de\\\/#\\\/schema\\\/logo\\\/image\\\/\"},\"sameAs\":[\"https:\\\/\\\/www.facebook.com\\\/SHWWM\",\"https:\\\/\\\/x.com\\\/SHW_WM_Gmbh\",\"https:\\\/\\\/www.instagram.com\\\/shw_werkzeugmaschinen\\\/\",\"https:\\\/\\\/www.youtube.com\\\/@SHWWerkzeugmaschinen\"]}]}<\/script>\n<!-- \/ Yoast SEO plugin. -->","yoast_head_json":{"title":"Cinta de bisagra | SHW - Werkzeugmaschinen","robots":{"index":"index","follow":"follow","max-snippet":"max-snippet:-1","max-image-preview":"max-image-preview:large","max-video-preview":"max-video-preview:-1"},"canonical":"https:\/\/shw-wm.de\/es\/transportador-de-virutas\/cinta-de-bisagra\/","og_locale":"es_ES","og_type":"article","og_title":"Cinta de bisagra | SHW - Werkzeugmaschinen","og_description":"N.\u00ba de producto 2024-9350 Calzadas: X = Y = Z = Control: A\u00f1o de construcci\u00f3n: 2001 Detalles t\u00e9cnicos Descargas Detalles t\u00e9cnicos Longitud total 11406,18 mm Ancho de banda 304,8 mm Nivel de financiaci\u00f3n 1985 mm Capacidad de transporte m\u00ednima 300 dm\u00b3\/h Velocidad de transporte m\u00ednima 3 &#8211; 5 m\/min Descargas dibujo t\u00e9cnico","og_url":"https:\/\/shw-wm.de\/es\/transportador-de-virutas\/cinta-de-bisagra\/","og_site_name":"SHW - Werkzeugmaschinen","article_publisher":"https:\/\/www.facebook.com\/SHWWM","article_modified_time":"2025-10-13T12:31:41+00:00","og_image":[{"width":800,"height":600,"url":"https:\/\/shw-wm.de\/wp-content\/uploads\/shw_wm_service\/zubehoer\/spaenefoerderer\/2024-9350\/scharnierband-1_800x600.jpg","type":"image\/jpeg"}],"twitter_card":"summary_large_image","twitter_site":"@SHW_WM_Gmbh","schema":{"@context":"https:\/\/schema.org","@graph":[{"@type":"WebPage","@id":"https:\/\/shw-wm.de\/es\/transportador-de-virutas\/cinta-de-bisagra\/","url":"https:\/\/shw-wm.de\/es\/transportador-de-virutas\/cinta-de-bisagra\/","name":"Cinta de bisagra | SHW - Werkzeugmaschinen","isPartOf":{"@id":"https:\/\/shw-wm.de\/#website"},"primaryImageOfPage":{"@id":"https:\/\/shw-wm.de\/es\/transportador-de-virutas\/cinta-de-bisagra\/#primaryimage"},"image":{"@id":"https:\/\/shw-wm.de\/es\/transportador-de-virutas\/cinta-de-bisagra\/#primaryimage"},"thumbnailUrl":"https:\/\/shw-wm.de\/wp-content\/uploads\/shw_wm_service\/zubehoer\/spaenefoerderer\/2024-9350\/scharnierband-1_800x600.jpg","datePublished":"2018-12-11T12:30:44+00:00","dateModified":"2025-10-13T12:31:41+00:00","breadcrumb":{"@id":"https:\/\/shw-wm.de\/es\/transportador-de-virutas\/cinta-de-bisagra\/#breadcrumb"},"inLanguage":"es","potentialAction":[{"@type":"ReadAction","target":["https:\/\/shw-wm.de\/es\/transportador-de-virutas\/cinta-de-bisagra\/"]}]},{"@type":"ImageObject","inLanguage":"es","@id":"https:\/\/shw-wm.de\/es\/transportador-de-virutas\/cinta-de-bisagra\/#primaryimage","url":"https:\/\/shw-wm.de\/wp-content\/uploads\/shw_wm_service\/zubehoer\/spaenefoerderer\/2024-9350\/scharnierband-1_800x600.jpg","contentUrl":"https:\/\/shw-wm.de\/wp-content\/uploads\/shw_wm_service\/zubehoer\/spaenefoerderer\/2024-9350\/scharnierband-1_800x600.jpg"},{"@type":"BreadcrumbList","@id":"https:\/\/shw-wm.de\/es\/transportador-de-virutas\/cinta-de-bisagra\/#breadcrumb","itemListElement":[{"@type":"ListItem","position":1,"name":"Home","item":"https:\/\/shw-wm.de\/es\/inicio\/"},{"@type":"ListItem","position":2,"name":"Cinta de bisagra"}]},{"@type":"WebSite","@id":"https:\/\/shw-wm.de\/#website","url":"https:\/\/shw-wm.de\/","name":"SHW - Werkzeugmaschinen","description":"Hersteller von Fahrst\u00e4ndermaschinen","publisher":{"@id":"https:\/\/shw-wm.de\/#organization"},"potentialAction":[{"@type":"SearchAction","target":{"@type":"EntryPoint","urlTemplate":"https:\/\/shw-wm.de\/?s={search_term_string}"},"query-input":{"@type":"PropertyValueSpecification","valueRequired":true,"valueName":"search_term_string"}}],"inLanguage":"es"},{"@type":"Organization","@id":"https:\/\/shw-wm.de\/#organization","name":"SHW - M\u00e1quinas herramienta","url":"https:\/\/shw-wm.de\/","logo":{"@type":"ImageObject","inLanguage":"es","@id":"https:\/\/shw-wm.de\/#\/schema\/logo\/image\/","url":"https:\/\/shw-wm.de\/wp-content\/uploads\/2021_Logo_mit_Flagge-1.jpg","contentUrl":"https:\/\/shw-wm.de\/wp-content\/uploads\/2021_Logo_mit_Flagge-1.jpg","width":275,"height":119,"caption":"SHW - M\u00e1quinas herramienta"},"image":{"@id":"https:\/\/shw-wm.de\/#\/schema\/logo\/image\/"},"sameAs":["https:\/\/www.facebook.com\/SHWWM","https:\/\/x.com\/SHW_WM_Gmbh","https:\/\/www.instagram.com\/shw_werkzeugmaschinen\/","https:\/\/www.youtube.com\/@SHWWerkzeugmaschinen"]}]}},"_links":{"self":[{"href":"https:\/\/shw-wm.de\/es\/wp-json\/wp\/v2\/pages\/17148","targetHints":{"allow":["GET"]}}],"collection":[{"href":"https:\/\/shw-wm.de\/es\/wp-json\/wp\/v2\/pages"}],"about":[{"href":"https:\/\/shw-wm.de\/es\/wp-json\/wp\/v2\/types\/page"}],"author":[{"embeddable":true,"href":"https:\/\/shw-wm.de\/es\/wp-json\/wp\/v2\/users\/3"}],"replies":[{"embeddable":true,"href":"https:\/\/shw-wm.de\/es\/wp-json\/wp\/v2\/comments?post=17148"}],"version-history":[{"count":1,"href":"https:\/\/shw-wm.de\/es\/wp-json\/wp\/v2\/pages\/17148\/revisions"}],"predecessor-version":[{"id":17151,"href":"https:\/\/shw-wm.de\/es\/wp-json\/wp\/v2\/pages\/17148\/revisions\/17151"}],"up":[{"embeddable":true,"href":"https:\/\/shw-wm.de\/es\/wp-json\/wp\/v2\/pages\/17154"}],"wp:attachment":[{"href":"https:\/\/shw-wm.de\/es\/wp-json\/wp\/v2\/media?parent=17148"}],"curies":[{"name":"wp","href":"https:\/\/api.w.org\/{rel}","templated":true}]}}