{"id":17296,"date":"2023-10-12T15:02:44","date_gmt":"2023-10-12T13:02:44","guid":{"rendered":"https:\/\/shw-wm.de\/sostenibilidad\/"},"modified":"2025-10-13T14:33:54","modified_gmt":"2025-10-13T12:33:54","slug":"sostenibilidad","status":"publish","type":"page","link":"https:\/\/shw-wm.de\/es\/sostenibilidad\/","title":{"rendered":"Sostenibilidad"},"content":{"rendered":"\t\t<div data-elementor-type=\"wp-page\" data-elementor-id=\"17296\" class=\"elementor elementor-17296 elementor-11797\" data-elementor-post-type=\"page\">\n\t\t\t\t<div class=\"elementor-element elementor-element-3876258 e-flex e-con-boxed e-con e-parent\" data-id=\"3876258\" data-element_type=\"container\" data-e-type=\"container\" data-settings=\"{&quot;background_background&quot;:&quot;classic&quot;}\">\n\t\t\t\t\t<div class=\"e-con-inner\">\n\t\t<div class=\"elementor-element elementor-element-83b6035 e-con-full e-flex e-con e-child\" data-id=\"83b6035\" data-element_type=\"container\" data-e-type=\"container\">\n\t\t\t\t<div class=\"elementor-element elementor-element-47b78df elementor-widget elementor-widget-spacer\" data-id=\"47b78df\" data-element_type=\"widget\" data-e-type=\"widget\" data-widget_type=\"spacer.default\">\n\t\t\t\t<div class=\"elementor-widget-container\">\n\t\t\t\t\t\t\t<div class=\"elementor-spacer\">\n\t\t\t<div class=\"elementor-spacer-inner\"><\/div>\n\t\t<\/div>\n\t\t\t\t\t\t<\/div>\n\t\t\t\t<\/div>\n\t\t\t\t<div class=\"elementor-element elementor-element-08988d9 elementor-widget elementor-widget-heading\" data-id=\"08988d9\" data-element_type=\"widget\" data-e-type=\"widget\" data-widget_type=\"heading.default\">\n\t\t\t\t<div class=\"elementor-widget-container\">\n\t\t\t\t\t<h1 class=\"elementor-heading-title elementor-size-default\">De forma responsable <br>hacia el futuro<\/h1>\t\t\t\t<\/div>\n\t\t\t\t<\/div>\n\t\t\t\t<div class=\"elementor-element elementor-element-02e39c9 elementor-widget elementor-widget-spacer\" data-id=\"02e39c9\" data-element_type=\"widget\" data-e-type=\"widget\" data-widget_type=\"spacer.default\">\n\t\t\t\t<div class=\"elementor-widget-container\">\n\t\t\t\t\t\t\t<div class=\"elementor-spacer\">\n\t\t\t<div class=\"elementor-spacer-inner\"><\/div>\n\t\t<\/div>\n\t\t\t\t\t\t<\/div>\n\t\t\t\t<\/div>\n\t\t\t\t<\/div>\n\t\t\t\t\t<\/div>\n\t\t\t\t<\/div>\n\t\t\t\t<section class=\"elementor-section elementor-top-section elementor-element elementor-element-7eb88909 elementor-section-boxed elementor-section-height-default elementor-section-height-default\" data-id=\"7eb88909\" data-element_type=\"section\" data-e-type=\"section\" data-settings=\"{&quot;background_background&quot;:&quot;classic&quot;}\">\n\t\t\t\t\t\t<div class=\"elementor-container elementor-column-gap-default\">\n\t\t\t\t\t<div class=\"elementor-column elementor-col-100 elementor-top-column elementor-element elementor-element-20fa846d\" data-id=\"20fa846d\" data-element_type=\"column\" data-e-type=\"column\">\n\t\t\t<div class=\"elementor-widget-wrap elementor-element-populated\">\n\t\t\t\t\t\t<div class=\"elementor-element elementor-element-25425c89 elementor-widget elementor-widget-heading\" data-id=\"25425c89\" data-element_type=\"widget\" data-e-type=\"widget\" data-widget_type=\"heading.default\">\n\t\t\t\t<div class=\"elementor-widget-container\">\n\t\t\t\t\t<h2 class=\"elementor-heading-title elementor-size-default\">Marcamos el rumbo hacia un futuro m\u00e1s verde<\/h2>\t\t\t\t<\/div>\n\t\t\t\t<\/div>\n\t\t\t\t\t<\/div>\n\t\t<\/div>\n\t\t\t\t\t<\/div>\n\t\t<\/section>\n\t\t\t\t<section class=\"elementor-section elementor-top-section elementor-element elementor-element-056bda9 elementor-section-boxed elementor-section-height-default elementor-section-height-default\" data-id=\"056bda9\" data-element_type=\"section\" data-e-type=\"section\">\n\t\t\t\t\t\t<div class=\"elementor-container elementor-column-gap-default\">\n\t\t\t\t\t<div class=\"elementor-column elementor-col-100 elementor-top-column elementor-element elementor-element-1e49259\" data-id=\"1e49259\" data-element_type=\"column\" data-e-type=\"column\">\n\t\t\t<div class=\"elementor-widget-wrap elementor-element-populated\">\n\t\t\t\t\t\t<section class=\"elementor-section elementor-inner-section elementor-element elementor-element-93321ad elementor-section-boxed elementor-section-height-default elementor-section-height-default\" data-id=\"93321ad\" data-element_type=\"section\" data-e-type=\"section\">\n\t\t\t\t\t\t<div class=\"elementor-container elementor-column-gap-default\">\n\t\t\t\t\t<div class=\"elementor-column elementor-col-100 elementor-inner-column elementor-element elementor-element-d12ec8a\" data-id=\"d12ec8a\" data-element_type=\"column\" data-e-type=\"column\" data-settings=\"{&quot;background_background&quot;:&quot;classic&quot;}\">\n\t\t\t<div class=\"elementor-widget-wrap elementor-element-populated\">\n\t\t\t\t\t\t<div class=\"elementor-element elementor-element-a18e00d elementor-widget elementor-widget-button\" data-id=\"a18e00d\" data-element_type=\"widget\" data-e-type=\"widget\" data-widget_type=\"button.default\">\n\t\t\t\t<div class=\"elementor-widget-container\">\n\t\t\t\t\t\t\t\t\t<div class=\"elementor-button-wrapper\">\n\t\t\t\t\t<a class=\"elementor-button elementor-button-link elementor-size-sm\" href=\"https:\/\/shw-wm.de\/wp-content\/uploads\/Verhaltenscodex.pdf\" target=\"_blank\">\n\t\t\t\t\t\t<span class=\"elementor-button-content-wrapper\">\n\t\t\t\t\t\t\t\t\t<span class=\"elementor-button-text\">C\u00f3digo de conducta<\/span>\n\t\t\t\t\t<\/span>\n\t\t\t\t\t<\/a>\n\t\t\t\t<\/div>\n\t\t\t\t\t\t\t\t<\/div>\n\t\t\t\t<\/div>\n\t\t\t\t<div class=\"elementor-element elementor-element-136c019 elementor-widget elementor-widget-button\" data-id=\"136c019\" data-element_type=\"widget\" data-e-type=\"widget\" data-widget_type=\"button.default\">\n\t\t\t\t<div class=\"elementor-widget-container\">\n\t\t\t\t\t\t\t\t\t<div class=\"elementor-button-wrapper\">\n\t\t\t\t\t<a class=\"elementor-button elementor-button-link elementor-size-sm\" href=\"https:\/\/shw-wm.de\/downloads\/\" target=\"_blank\">\n\t\t\t\t\t\t<span class=\"elementor-button-content-wrapper\">\n\t\t\t\t\t\t\t\t\t<span class=\"elementor-button-text\">Certificaci\u00f3n<\/span>\n\t\t\t\t\t<\/span>\n\t\t\t\t\t<\/a>\n\t\t\t\t<\/div>\n\t\t\t\t\t\t\t\t<\/div>\n\t\t\t\t<\/div>\n\t\t\t\t<div class=\"elementor-element elementor-element-c5396ac elementor-widget elementor-widget-button\" data-id=\"c5396ac\" data-element_type=\"widget\" data-e-type=\"widget\" data-widget_type=\"button.default\">\n\t\t\t\t<div class=\"elementor-widget-container\">\n\t\t\t\t\t\t\t\t\t<div class=\"elementor-button-wrapper\">\n\t\t\t\t\t<a class=\"elementor-button elementor-button-link elementor-size-sm\" href=\"https:\/\/shw-wm.de\/wp-content\/uploads\/Nachhaltigkeitsbericht-2023-SHW-WM.pdf\" target=\"_blank\">\n\t\t\t\t\t\t<span class=\"elementor-button-content-wrapper\">\n\t\t\t\t\t\t\t\t\t<span class=\"elementor-button-text\">Informe de Sostenibilidad 2023<\/span>\n\t\t\t\t\t<\/span>\n\t\t\t\t\t<\/a>\n\t\t\t\t<\/div>\n\t\t\t\t\t\t\t\t<\/div>\n\t\t\t\t<\/div>\n\t\t\t\t<div class=\"elementor-element elementor-element-3bd614f elementor-widget__width-initial elementor-widget elementor-widget-image\" data-id=\"3bd614f\" data-element_type=\"widget\" data-e-type=\"widget\" data-widget_type=\"image.default\">\n\t\t\t\t<div class=\"elementor-widget-container\">\n\t\t\t\t\t\t\t\t\t\t\t\t\t\t\t\t<a href=\"https:\/\/firmeneintrag.creditreform.de\/73433\/8171177129\/SHW_WERKZEUGMASCHINEN_GMBH#firmenauskunft\" target=\"_blank\">\n\t\t\t\t\t\t\t<img decoding=\"async\" width=\"194\" height=\"204\" src=\"https:\/\/shw-wm.de\/wp-content\/uploads\/MyESG-logo-e1744788743827.jpg\" class=\"attachment-medium size-medium wp-image-17368\" alt=\"\" \/>\t\t\t\t\t\t\t\t<\/a>\n\t\t\t\t\t\t\t\t\t\t\t\t\t\t\t<\/div>\n\t\t\t\t<\/div>\n\t\t\t\t<div class=\"elementor-element elementor-element-47a126a elementor-widget elementor-widget-image\" data-id=\"47a126a\" data-element_type=\"widget\" data-e-type=\"widget\" data-widget_type=\"image.default\">\n\t\t\t\t<div class=\"elementor-widget-container\">\n\t\t\t\t\t\t\t\t\t\t\t\t\t\t\t<img fetchpriority=\"high\" decoding=\"async\" width=\"800\" height=\"566\" src=\"https:\/\/shw-wm.de\/wp-content\/uploads\/ecoccockpit_Seite_1-1024x724.png\" class=\"attachment-large size-large wp-image-17298\" alt=\"\" srcset=\"https:\/\/shw-wm.de\/wp-content\/uploads\/ecoccockpit_Seite_1-1024x724.png 1024w, https:\/\/shw-wm.de\/wp-content\/uploads\/ecoccockpit_Seite_1-300x212.png 300w, https:\/\/shw-wm.de\/wp-content\/uploads\/ecoccockpit_Seite_1-768x543.png 768w, https:\/\/shw-wm.de\/wp-content\/uploads\/ecoccockpit_Seite_1-1536x1087.png 1536w, https:\/\/shw-wm.de\/wp-content\/uploads\/ecoccockpit_Seite_1-2048x1449.png 2048w\" sizes=\"(max-width: 800px) 100vw, 800px\" \/>\t\t\t\t\t\t\t\t\t\t\t\t\t\t\t<\/div>\n\t\t\t\t<\/div>\n\t\t\t\t\t<\/div>\n\t\t<\/div>\n\t\t\t\t\t<\/div>\n\t\t<\/section>\n\t\t\t\t\t<\/div>\n\t\t<\/div>\n\t\t\t\t\t<\/div>\n\t\t<\/section>\n\t\t\t\t<\/div>\n\t\t","protected":false},"excerpt":{"rendered":"<p>De forma responsable hacia el futuro Marcamos el rumbo hacia un futuro m\u00e1s verde C\u00f3digo de conducta Certificaci\u00f3n Informe de Sostenibilidad 2023<\/p>\n","protected":false},"author":4,"featured_media":0,"parent":0,"menu_order":0,"comment_status":"closed","ping_status":"closed","template":"","meta":{"footnotes":""},"class_list":["post-17296","page","type-page","status-publish","hentry"],"yoast_head":"<!-- This site is optimized with the Yoast SEO plugin v27.4 - https:\/\/yoast.com\/product\/yoast-seo-wordpress\/ -->\n<title>Sostenibilidad | SHW - Werkzeugmaschinen<\/title>\n<meta name=\"robots\" content=\"index, follow, max-snippet:-1, max-image-preview:large, max-video-preview:-1\" \/>\n<link rel=\"canonical\" href=\"https:\/\/shw-wm.de\/es\/sostenibilidad\/\" \/>\n<meta property=\"og:locale\" content=\"es_ES\" \/>\n<meta property=\"og:type\" content=\"article\" \/>\n<meta property=\"og:title\" content=\"Sostenibilidad | SHW - Werkzeugmaschinen\" \/>\n<meta property=\"og:description\" content=\"De forma responsable hacia el futuro Marcamos el rumbo hacia un futuro m\u00e1s verde C\u00f3digo de conducta Certificaci\u00f3n Informe de Sostenibilidad 2023\" \/>\n<meta property=\"og:url\" content=\"https:\/\/shw-wm.de\/es\/sostenibilidad\/\" \/>\n<meta property=\"og:site_name\" content=\"SHW - Werkzeugmaschinen\" \/>\n<meta property=\"article:publisher\" content=\"https:\/\/www.facebook.com\/SHWWM\" \/>\n<meta property=\"article:modified_time\" content=\"2025-10-13T12:33:54+00:00\" \/>\n<meta property=\"og:image\" content=\"https:\/\/shw-wm.de\/wp-content\/uploads\/MyESG-logo-e1744788743827.jpg\" \/>\n\t<meta property=\"og:image:width\" content=\"194\" \/>\n\t<meta property=\"og:image:height\" content=\"204\" \/>\n\t<meta property=\"og:image:type\" content=\"image\/jpeg\" \/>\n<meta name=\"twitter:card\" content=\"summary_large_image\" \/>\n<meta name=\"twitter:site\" content=\"@SHW_WM_Gmbh\" \/>\n<script type=\"application\/ld+json\" class=\"yoast-schema-graph\">{\"@context\":\"https:\\\/\\\/schema.org\",\"@graph\":[{\"@type\":\"WebPage\",\"@id\":\"https:\\\/\\\/shw-wm.de\\\/es\\\/sostenibilidad\\\/\",\"url\":\"https:\\\/\\\/shw-wm.de\\\/es\\\/sostenibilidad\\\/\",\"name\":\"Sostenibilidad | SHW - Werkzeugmaschinen\",\"isPartOf\":{\"@id\":\"https:\\\/\\\/shw-wm.de\\\/#website\"},\"primaryImageOfPage\":{\"@id\":\"https:\\\/\\\/shw-wm.de\\\/es\\\/sostenibilidad\\\/#primaryimage\"},\"image\":{\"@id\":\"https:\\\/\\\/shw-wm.de\\\/es\\\/sostenibilidad\\\/#primaryimage\"},\"thumbnailUrl\":\"https:\\\/\\\/shw-wm.de\\\/wp-content\\\/uploads\\\/MyESG-logo-e1744788743827.jpg\",\"datePublished\":\"2023-10-12T13:02:44+00:00\",\"dateModified\":\"2025-10-13T12:33:54+00:00\",\"breadcrumb\":{\"@id\":\"https:\\\/\\\/shw-wm.de\\\/es\\\/sostenibilidad\\\/#breadcrumb\"},\"inLanguage\":\"es\",\"potentialAction\":[{\"@type\":\"ReadAction\",\"target\":[\"https:\\\/\\\/shw-wm.de\\\/es\\\/sostenibilidad\\\/\"]}]},{\"@type\":\"ImageObject\",\"inLanguage\":\"es\",\"@id\":\"https:\\\/\\\/shw-wm.de\\\/es\\\/sostenibilidad\\\/#primaryimage\",\"url\":\"https:\\\/\\\/shw-wm.de\\\/wp-content\\\/uploads\\\/MyESG-logo-e1744788743827.jpg\",\"contentUrl\":\"https:\\\/\\\/shw-wm.de\\\/wp-content\\\/uploads\\\/MyESG-logo-e1744788743827.jpg\"},{\"@type\":\"BreadcrumbList\",\"@id\":\"https:\\\/\\\/shw-wm.de\\\/es\\\/sostenibilidad\\\/#breadcrumb\",\"itemListElement\":[{\"@type\":\"ListItem\",\"position\":1,\"name\":\"Home\",\"item\":\"https:\\\/\\\/shw-wm.de\\\/es\\\/inicio\\\/\"},{\"@type\":\"ListItem\",\"position\":2,\"name\":\"Sostenibilidad\"}]},{\"@type\":\"WebSite\",\"@id\":\"https:\\\/\\\/shw-wm.de\\\/#website\",\"url\":\"https:\\\/\\\/shw-wm.de\\\/\",\"name\":\"SHW - Werkzeugmaschinen\",\"description\":\"Hersteller von Fahrst\u00e4ndermaschinen\",\"publisher\":{\"@id\":\"https:\\\/\\\/shw-wm.de\\\/#organization\"},\"potentialAction\":[{\"@type\":\"SearchAction\",\"target\":{\"@type\":\"EntryPoint\",\"urlTemplate\":\"https:\\\/\\\/shw-wm.de\\\/?s={search_term_string}\"},\"query-input\":{\"@type\":\"PropertyValueSpecification\",\"valueRequired\":true,\"valueName\":\"search_term_string\"}}],\"inLanguage\":\"es\"},{\"@type\":\"Organization\",\"@id\":\"https:\\\/\\\/shw-wm.de\\\/#organization\",\"name\":\"SHW - M\u00e1quinas herramienta\",\"url\":\"https:\\\/\\\/shw-wm.de\\\/\",\"logo\":{\"@type\":\"ImageObject\",\"inLanguage\":\"es\",\"@id\":\"https:\\\/\\\/shw-wm.de\\\/#\\\/schema\\\/logo\\\/image\\\/\",\"url\":\"https:\\\/\\\/shw-wm.de\\\/wp-content\\\/uploads\\\/2021_Logo_mit_Flagge-1.jpg\",\"contentUrl\":\"https:\\\/\\\/shw-wm.de\\\/wp-content\\\/uploads\\\/2021_Logo_mit_Flagge-1.jpg\",\"width\":275,\"height\":119,\"caption\":\"SHW - M\u00e1quinas herramienta\"},\"image\":{\"@id\":\"https:\\\/\\\/shw-wm.de\\\/#\\\/schema\\\/logo\\\/image\\\/\"},\"sameAs\":[\"https:\\\/\\\/www.facebook.com\\\/SHWWM\",\"https:\\\/\\\/x.com\\\/SHW_WM_Gmbh\",\"https:\\\/\\\/www.instagram.com\\\/shw_werkzeugmaschinen\\\/\",\"https:\\\/\\\/www.youtube.com\\\/@SHWWerkzeugmaschinen\"]}]}<\/script>\n<!-- \/ Yoast SEO plugin. -->","yoast_head_json":{"title":"Sostenibilidad | SHW - Werkzeugmaschinen","robots":{"index":"index","follow":"follow","max-snippet":"max-snippet:-1","max-image-preview":"max-image-preview:large","max-video-preview":"max-video-preview:-1"},"canonical":"https:\/\/shw-wm.de\/es\/sostenibilidad\/","og_locale":"es_ES","og_type":"article","og_title":"Sostenibilidad | SHW - Werkzeugmaschinen","og_description":"De forma responsable hacia el futuro Marcamos el rumbo hacia un futuro m\u00e1s verde C\u00f3digo de conducta Certificaci\u00f3n Informe de Sostenibilidad 2023","og_url":"https:\/\/shw-wm.de\/es\/sostenibilidad\/","og_site_name":"SHW - Werkzeugmaschinen","article_publisher":"https:\/\/www.facebook.com\/SHWWM","article_modified_time":"2025-10-13T12:33:54+00:00","og_image":[{"width":194,"height":204,"url":"https:\/\/shw-wm.de\/wp-content\/uploads\/MyESG-logo-e1744788743827.jpg","type":"image\/jpeg"}],"twitter_card":"summary_large_image","twitter_site":"@SHW_WM_Gmbh","schema":{"@context":"https:\/\/schema.org","@graph":[{"@type":"WebPage","@id":"https:\/\/shw-wm.de\/es\/sostenibilidad\/","url":"https:\/\/shw-wm.de\/es\/sostenibilidad\/","name":"Sostenibilidad | SHW - Werkzeugmaschinen","isPartOf":{"@id":"https:\/\/shw-wm.de\/#website"},"primaryImageOfPage":{"@id":"https:\/\/shw-wm.de\/es\/sostenibilidad\/#primaryimage"},"image":{"@id":"https:\/\/shw-wm.de\/es\/sostenibilidad\/#primaryimage"},"thumbnailUrl":"https:\/\/shw-wm.de\/wp-content\/uploads\/MyESG-logo-e1744788743827.jpg","datePublished":"2023-10-12T13:02:44+00:00","dateModified":"2025-10-13T12:33:54+00:00","breadcrumb":{"@id":"https:\/\/shw-wm.de\/es\/sostenibilidad\/#breadcrumb"},"inLanguage":"es","potentialAction":[{"@type":"ReadAction","target":["https:\/\/shw-wm.de\/es\/sostenibilidad\/"]}]},{"@type":"ImageObject","inLanguage":"es","@id":"https:\/\/shw-wm.de\/es\/sostenibilidad\/#primaryimage","url":"https:\/\/shw-wm.de\/wp-content\/uploads\/MyESG-logo-e1744788743827.jpg","contentUrl":"https:\/\/shw-wm.de\/wp-content\/uploads\/MyESG-logo-e1744788743827.jpg"},{"@type":"BreadcrumbList","@id":"https:\/\/shw-wm.de\/es\/sostenibilidad\/#breadcrumb","itemListElement":[{"@type":"ListItem","position":1,"name":"Home","item":"https:\/\/shw-wm.de\/es\/inicio\/"},{"@type":"ListItem","position":2,"name":"Sostenibilidad"}]},{"@type":"WebSite","@id":"https:\/\/shw-wm.de\/#website","url":"https:\/\/shw-wm.de\/","name":"SHW - Werkzeugmaschinen","description":"Hersteller von Fahrst\u00e4ndermaschinen","publisher":{"@id":"https:\/\/shw-wm.de\/#organization"},"potentialAction":[{"@type":"SearchAction","target":{"@type":"EntryPoint","urlTemplate":"https:\/\/shw-wm.de\/?s={search_term_string}"},"query-input":{"@type":"PropertyValueSpecification","valueRequired":true,"valueName":"search_term_string"}}],"inLanguage":"es"},{"@type":"Organization","@id":"https:\/\/shw-wm.de\/#organization","name":"SHW - M\u00e1quinas herramienta","url":"https:\/\/shw-wm.de\/","logo":{"@type":"ImageObject","inLanguage":"es","@id":"https:\/\/shw-wm.de\/#\/schema\/logo\/image\/","url":"https:\/\/shw-wm.de\/wp-content\/uploads\/2021_Logo_mit_Flagge-1.jpg","contentUrl":"https:\/\/shw-wm.de\/wp-content\/uploads\/2021_Logo_mit_Flagge-1.jpg","width":275,"height":119,"caption":"SHW - M\u00e1quinas herramienta"},"image":{"@id":"https:\/\/shw-wm.de\/#\/schema\/logo\/image\/"},"sameAs":["https:\/\/www.facebook.com\/SHWWM","https:\/\/x.com\/SHW_WM_Gmbh","https:\/\/www.instagram.com\/shw_werkzeugmaschinen\/","https:\/\/www.youtube.com\/@SHWWerkzeugmaschinen"]}]}},"_links":{"self":[{"href":"https:\/\/shw-wm.de\/es\/wp-json\/wp\/v2\/pages\/17296","targetHints":{"allow":["GET"]}}],"collection":[{"href":"https:\/\/shw-wm.de\/es\/wp-json\/wp\/v2\/pages"}],"about":[{"href":"https:\/\/shw-wm.de\/es\/wp-json\/wp\/v2\/types\/page"}],"author":[{"embeddable":true,"href":"https:\/\/shw-wm.de\/es\/wp-json\/wp\/v2\/users\/4"}],"replies":[{"embeddable":true,"href":"https:\/\/shw-wm.de\/es\/wp-json\/wp\/v2\/comments?post=17296"}],"version-history":[{"count":1,"href":"https:\/\/shw-wm.de\/es\/wp-json\/wp\/v2\/pages\/17296\/revisions"}],"predecessor-version":[{"id":17302,"href":"https:\/\/shw-wm.de\/es\/wp-json\/wp\/v2\/pages\/17296\/revisions\/17302"}],"wp:attachment":[{"href":"https:\/\/shw-wm.de\/es\/wp-json\/wp\/v2\/media?parent=17296"}],"curies":[{"name":"wp","href":"https:\/\/api.w.org\/{rel}","templated":true}]}}