{"id":17303,"date":"2024-03-04T14:34:44","date_gmt":"2024-03-04T13:34:44","guid":{"rendered":"https:\/\/shw-wm.de\/sistemas-de-cambio-de-palets\/cambiador-de-palets-de-almacenamiento-redondo\/"},"modified":"2025-10-13T14:33:54","modified_gmt":"2025-10-13T12:33:54","slug":"cambiador-de-palets-de-almacenamiento-redondo","status":"publish","type":"page","link":"https:\/\/shw-wm.de\/es\/sistemas-de-cambio-de-palets\/cambiador-de-palets-de-almacenamiento-redondo\/","title":{"rendered":"Cambiador de palets de almacenamiento redondo"},"content":{"rendered":"\t\t<div data-elementor-type=\"wp-page\" data-elementor-id=\"17303\" class=\"elementor elementor-17303 elementor-12431\" data-elementor-post-type=\"page\">\n\t\t\t\t\t\t<section class=\"elementor-section elementor-top-section elementor-element elementor-element-daa5e4b elementor-section-boxed elementor-section-height-default elementor-section-height-default\" data-id=\"daa5e4b\" data-element_type=\"section\" data-e-type=\"section\" data-settings=\"{&quot;background_background&quot;:&quot;classic&quot;}\">\n\t\t\t\t\t\t<div class=\"elementor-container elementor-column-gap-default\">\n\t\t\t\t\t<div class=\"elementor-column elementor-col-100 elementor-top-column elementor-element elementor-element-9e0a477\" data-id=\"9e0a477\" data-element_type=\"column\" data-e-type=\"column\">\n\t\t\t<div class=\"elementor-widget-wrap elementor-element-populated\">\n\t\t\t\t\t\t<div class=\"elementor-element elementor-element-0a2fef7 elementor-widget elementor-widget-heading\" data-id=\"0a2fef7\" data-element_type=\"widget\" data-e-type=\"widget\" data-widget_type=\"heading.default\">\n\t\t\t\t<div class=\"elementor-widget-container\">\n\t\t\t\t\t<h2 class=\"elementor-heading-title elementor-size-default\">Cambiador de palets de almacenamiento redondo<\/h2>\t\t\t\t<\/div>\n\t\t\t\t<\/div>\n\t\t\t\t\t<\/div>\n\t\t<\/div>\n\t\t\t\t\t<\/div>\n\t\t<\/section>\n\t\t<div class=\"elementor-element elementor-element-a0dfad9 e-flex e-con-boxed e-con e-parent\" data-id=\"a0dfad9\" data-element_type=\"container\" data-e-type=\"container\">\n\t\t\t\t\t<div class=\"e-con-inner\">\n\t\t\t\t<div class=\"elementor-element elementor-element-f17c666 elementor-widget elementor-widget-spacer\" data-id=\"f17c666\" data-element_type=\"widget\" data-e-type=\"widget\" data-widget_type=\"spacer.default\">\n\t\t\t\t<div class=\"elementor-widget-container\">\n\t\t\t\t\t\t\t<div class=\"elementor-spacer\">\n\t\t\t<div class=\"elementor-spacer-inner\"><\/div>\n\t\t<\/div>\n\t\t\t\t\t\t<\/div>\n\t\t\t\t<\/div>\n\t\t\t\t\t<\/div>\n\t\t\t\t<\/div>\n\t\t\t\t<section class=\"elementor-section elementor-top-section elementor-element elementor-element-a1dd394 elementor-section-boxed elementor-section-height-default elementor-section-height-default\" data-id=\"a1dd394\" data-element_type=\"section\" data-e-type=\"section\">\n\t\t\t\t\t\t<div class=\"elementor-container elementor-column-gap-default\">\n\t\t\t\t\t<div class=\"elementor-column elementor-col-100 elementor-top-column elementor-element elementor-element-9061058\" data-id=\"9061058\" data-element_type=\"column\" data-e-type=\"column\">\n\t\t\t<div class=\"elementor-widget-wrap elementor-element-populated\">\n\t\t\t\t\t\t<div class=\"elementor-element elementor-element-31700b7 elementor-widget elementor-widget-image\" data-id=\"31700b7\" data-element_type=\"widget\" data-e-type=\"widget\" data-widget_type=\"image.default\">\n\t\t\t\t<div class=\"elementor-widget-container\">\n\t\t\t\t\t\t\t\t\t\t\t\t\t\t\t<img fetchpriority=\"high\" decoding=\"async\" width=\"800\" height=\"564\" src=\"https:\/\/shw-wm.de\/wp-content\/uploads\/PW3fach-1024x722.png\" class=\"attachment-large size-large wp-image-17290\" alt=\"\" srcset=\"https:\/\/shw-wm.de\/wp-content\/uploads\/PW3fach-1024x722.png.webp 1024w, https:\/\/shw-wm.de\/wp-content\/uploads\/PW3fach-300x211.png.webp 300w, https:\/\/shw-wm.de\/wp-content\/uploads\/PW3fach-768x541.png.webp 768w, https:\/\/shw-wm.de\/wp-content\/uploads\/PW3fach-1536x1083.png.webp 1536w, https:\/\/shw-wm.de\/wp-content\/uploads\/PW3fach-2048x1444.png.webp 2048w, https:\/\/shw-wm.de\/wp-content\/uploads\/PW3fach-600x423.png.webp 600w\" sizes=\"(max-width: 800px) 100vw, 800px\" \/>\t\t\t\t\t\t\t\t\t\t\t\t\t\t\t<\/div>\n\t\t\t\t<\/div>\n\t\t\t\t\t<\/div>\n\t\t<\/div>\n\t\t\t\t\t<\/div>\n\t\t<\/section>\n\t\t\t\t<section class=\"elementor-section elementor-top-section elementor-element elementor-element-2c1a42c elementor-section-boxed elementor-section-height-default elementor-section-height-default\" data-id=\"2c1a42c\" data-element_type=\"section\" data-e-type=\"section\">\n\t\t\t\t\t\t<div class=\"elementor-container elementor-column-gap-default\">\n\t\t\t\t\t<div class=\"elementor-column elementor-col-100 elementor-top-column elementor-element elementor-element-5c230b0\" data-id=\"5c230b0\" data-element_type=\"column\" data-e-type=\"column\">\n\t\t\t<div class=\"elementor-widget-wrap elementor-element-populated\">\n\t\t\t\t\t\t<div class=\"elementor-element elementor-element-48572e7 elementor-widget-divider--view-line elementor-widget elementor-widget-divider\" data-id=\"48572e7\" data-element_type=\"widget\" data-e-type=\"widget\" data-widget_type=\"divider.default\">\n\t\t\t\t<div class=\"elementor-widget-container\">\n\t\t\t\t\t\t\t<div class=\"elementor-divider\">\n\t\t\t<span class=\"elementor-divider-separator\">\n\t\t\t\t\t\t<\/span>\n\t\t<\/div>\n\t\t\t\t\t\t<\/div>\n\t\t\t\t<\/div>\n\t\t\t\t\t<\/div>\n\t\t<\/div>\n\t\t\t\t\t<\/div>\n\t\t<\/section>\n\t\t\t\t<section class=\"elementor-section elementor-top-section elementor-element elementor-element-e50a68b elementor-section-boxed elementor-section-height-default elementor-section-height-default\" data-id=\"e50a68b\" data-element_type=\"section\" data-e-type=\"section\">\n\t\t\t\t\t\t<div class=\"elementor-container elementor-column-gap-default\">\n\t\t\t\t\t<div class=\"elementor-column elementor-col-50 elementor-top-column elementor-element elementor-element-deeba14\" data-id=\"deeba14\" data-element_type=\"column\" data-e-type=\"column\">\n\t\t\t<div class=\"elementor-widget-wrap elementor-element-populated\">\n\t\t\t\t\t\t<div class=\"elementor-element elementor-element-dbfca0d elementor-tabs-view-horizontal elementor-widget elementor-widget-tabs\" data-id=\"dbfca0d\" data-element_type=\"widget\" data-e-type=\"widget\" data-widget_type=\"tabs.default\">\n\t\t\t\t<div class=\"elementor-widget-container\">\n\t\t\t\t\t\t\t<div class=\"elementor-tabs\">\n\t\t\t<div class=\"elementor-tabs-wrapper\" role=\"tablist\" >\n\t\t\t\t\t\t\t\t\t<div id=\"elementor-tab-title-2301\" class=\"elementor-tab-title elementor-tab-desktop-title\" aria-selected=\"true\" data-tab=\"1\" role=\"tab\" tabindex=\"0\" aria-controls=\"elementor-tab-content-2301\" aria-expanded=\"false\">DESCRIPCI\u00d3N<\/div>\n\t\t\t\t\t\t\t<\/div>\n\t\t\t<div class=\"elementor-tabs-content-wrapper\" role=\"tablist\" aria-orientation=\"vertical\">\n\t\t\t\t\t\t\t\t\t<div class=\"elementor-tab-title elementor-tab-mobile-title\" aria-selected=\"true\" data-tab=\"1\" role=\"tab\" tabindex=\"0\" aria-controls=\"elementor-tab-content-2301\" aria-expanded=\"false\">DESCRIPCI\u00d3N<\/div>\n\t\t\t\t\t<div id=\"elementor-tab-content-2301\" class=\"elementor-tab-content elementor-clearfix\" data-tab=\"1\" role=\"tabpanel\" aria-labelledby=\"elementor-tab-title-2301\" tabindex=\"0\" hidden=\"false\"><p>Los hasta 4 palets se disponen en forma de estrella alrededor de la m\u00e1quina. Una estaci\u00f3n de preparaci\u00f3n, alineada con la estaci\u00f3n de funcionamiento de la m\u00e1quina, garantiza un flujo de trabajo optimizado. <\/p>\n<p>El cambiador de palets de almacenamiento redondo ofrece una amplia gama de opciones de configuraci\u00f3n, personalizadas para tus tareas de producci\u00f3n.<\/p>\n<p>La retroadaptaci\u00f3n es posible.<\/p>\n<\/div>\n\t\t\t\t\t\t\t<\/div>\n\t\t<\/div>\n\t\t\t\t\t\t<\/div>\n\t\t\t\t<\/div>\n\t\t\t\t\t<\/div>\n\t\t<\/div>\n\t\t\t\t<div class=\"elementor-column elementor-col-50 elementor-top-column elementor-element elementor-element-72e506b\" data-id=\"72e506b\" data-element_type=\"column\" data-e-type=\"column\">\n\t\t\t<div class=\"elementor-widget-wrap\">\n\t\t\t\t\t\t\t<\/div>\n\t\t<\/div>\n\t\t\t\t\t<\/div>\n\t\t<\/section>\n\t\t\t\t<\/div>\n\t\t","protected":false},"excerpt":{"rendered":"<p>Cambiador de palets de almacenamiento redondo DESCRIPCI\u00d3N DESCRIPCI\u00d3N Los hasta 4 palets se disponen en forma de estrella alrededor de la m\u00e1quina. Una estaci\u00f3n de preparaci\u00f3n, alineada con la estaci\u00f3n de funcionamiento de la m\u00e1quina, garantiza un flujo de trabajo optimizado. El cambiador de palets de almacenamiento redondo ofrece una amplia gama de opciones de [&hellip;]<\/p>\n","protected":false},"author":4,"featured_media":0,"parent":17279,"menu_order":0,"comment_status":"closed","ping_status":"closed","template":"","meta":{"footnotes":""},"class_list":["post-17303","page","type-page","status-publish","hentry"],"yoast_head":"<!-- This site is optimized with the Yoast SEO plugin v27.4 - https:\/\/yoast.com\/product\/yoast-seo-wordpress\/ -->\n<title>Cambiador de palets de almacenamiento redondo | SHW - Werkzeugmaschinen<\/title>\n<meta name=\"robots\" content=\"index, follow, max-snippet:-1, max-image-preview:large, max-video-preview:-1\" \/>\n<link rel=\"canonical\" href=\"https:\/\/shw-wm.de\/es\/sistemas-de-cambio-de-palets\/cambiador-de-palets-de-almacenamiento-redondo\/\" \/>\n<meta property=\"og:locale\" content=\"es_ES\" \/>\n<meta property=\"og:type\" content=\"article\" \/>\n<meta property=\"og:title\" content=\"Cambiador de palets de almacenamiento redondo | SHW - Werkzeugmaschinen\" \/>\n<meta property=\"og:description\" content=\"Cambiador de palets de almacenamiento redondo DESCRIPCI\u00d3N DESCRIPCI\u00d3N Los hasta 4 palets se disponen en forma de estrella alrededor de la m\u00e1quina. Una estaci\u00f3n de preparaci\u00f3n, alineada con la estaci\u00f3n de funcionamiento de la m\u00e1quina, garantiza un flujo de trabajo optimizado. El cambiador de palets de almacenamiento redondo ofrece una amplia gama de opciones de [&hellip;]\" \/>\n<meta property=\"og:url\" content=\"https:\/\/shw-wm.de\/es\/sistemas-de-cambio-de-palets\/cambiador-de-palets-de-almacenamiento-redondo\/\" \/>\n<meta property=\"og:site_name\" content=\"SHW - Werkzeugmaschinen\" \/>\n<meta property=\"article:publisher\" content=\"https:\/\/www.facebook.com\/SHWWM\" \/>\n<meta property=\"article:modified_time\" content=\"2025-10-13T12:33:54+00:00\" \/>\n<meta property=\"og:image\" content=\"https:\/\/shw-wm.de\/wp-content\/uploads\/PW3fach-1024x722.png\" \/>\n\t<meta property=\"og:image:width\" content=\"1024\" \/>\n\t<meta property=\"og:image:height\" content=\"722\" \/>\n\t<meta property=\"og:image:type\" content=\"image\/png\" \/>\n<meta name=\"twitter:card\" content=\"summary_large_image\" \/>\n<meta name=\"twitter:site\" content=\"@SHW_WM_Gmbh\" \/>\n<script type=\"application\/ld+json\" class=\"yoast-schema-graph\">{\"@context\":\"https:\\\/\\\/schema.org\",\"@graph\":[{\"@type\":\"WebPage\",\"@id\":\"https:\\\/\\\/shw-wm.de\\\/es\\\/sistemas-de-cambio-de-palets\\\/cambiador-de-palets-de-almacenamiento-redondo\\\/\",\"url\":\"https:\\\/\\\/shw-wm.de\\\/es\\\/sistemas-de-cambio-de-palets\\\/cambiador-de-palets-de-almacenamiento-redondo\\\/\",\"name\":\"Cambiador de palets de almacenamiento redondo | SHW - Werkzeugmaschinen\",\"isPartOf\":{\"@id\":\"https:\\\/\\\/shw-wm.de\\\/#website\"},\"primaryImageOfPage\":{\"@id\":\"https:\\\/\\\/shw-wm.de\\\/es\\\/sistemas-de-cambio-de-palets\\\/cambiador-de-palets-de-almacenamiento-redondo\\\/#primaryimage\"},\"image\":{\"@id\":\"https:\\\/\\\/shw-wm.de\\\/es\\\/sistemas-de-cambio-de-palets\\\/cambiador-de-palets-de-almacenamiento-redondo\\\/#primaryimage\"},\"thumbnailUrl\":\"https:\\\/\\\/shw-wm.de\\\/wp-content\\\/uploads\\\/PW3fach-1024x722.png\",\"datePublished\":\"2024-03-04T13:34:44+00:00\",\"dateModified\":\"2025-10-13T12:33:54+00:00\",\"breadcrumb\":{\"@id\":\"https:\\\/\\\/shw-wm.de\\\/es\\\/sistemas-de-cambio-de-palets\\\/cambiador-de-palets-de-almacenamiento-redondo\\\/#breadcrumb\"},\"inLanguage\":\"es\",\"potentialAction\":[{\"@type\":\"ReadAction\",\"target\":[\"https:\\\/\\\/shw-wm.de\\\/es\\\/sistemas-de-cambio-de-palets\\\/cambiador-de-palets-de-almacenamiento-redondo\\\/\"]}]},{\"@type\":\"ImageObject\",\"inLanguage\":\"es\",\"@id\":\"https:\\\/\\\/shw-wm.de\\\/es\\\/sistemas-de-cambio-de-palets\\\/cambiador-de-palets-de-almacenamiento-redondo\\\/#primaryimage\",\"url\":\"https:\\\/\\\/shw-wm.de\\\/wp-content\\\/uploads\\\/PW3fach-1024x722.png\",\"contentUrl\":\"https:\\\/\\\/shw-wm.de\\\/wp-content\\\/uploads\\\/PW3fach-1024x722.png\"},{\"@type\":\"BreadcrumbList\",\"@id\":\"https:\\\/\\\/shw-wm.de\\\/es\\\/sistemas-de-cambio-de-palets\\\/cambiador-de-palets-de-almacenamiento-redondo\\\/#breadcrumb\",\"itemListElement\":[{\"@type\":\"ListItem\",\"position\":1,\"name\":\"Home\",\"item\":\"https:\\\/\\\/shw-wm.de\\\/es\\\/inicio\\\/\"},{\"@type\":\"ListItem\",\"position\":2,\"name\":\"Sistemas de cambio de palets\",\"item\":\"https:\\\/\\\/shw-wm.de\\\/es\\\/sistemas-de-cambio-de-palets\\\/\"},{\"@type\":\"ListItem\",\"position\":3,\"name\":\"Cambiador de palets de almacenamiento redondo\"}]},{\"@type\":\"WebSite\",\"@id\":\"https:\\\/\\\/shw-wm.de\\\/#website\",\"url\":\"https:\\\/\\\/shw-wm.de\\\/\",\"name\":\"SHW - Werkzeugmaschinen\",\"description\":\"Hersteller von Fahrst\u00e4ndermaschinen\",\"publisher\":{\"@id\":\"https:\\\/\\\/shw-wm.de\\\/#organization\"},\"potentialAction\":[{\"@type\":\"SearchAction\",\"target\":{\"@type\":\"EntryPoint\",\"urlTemplate\":\"https:\\\/\\\/shw-wm.de\\\/?s={search_term_string}\"},\"query-input\":{\"@type\":\"PropertyValueSpecification\",\"valueRequired\":true,\"valueName\":\"search_term_string\"}}],\"inLanguage\":\"es\"},{\"@type\":\"Organization\",\"@id\":\"https:\\\/\\\/shw-wm.de\\\/#organization\",\"name\":\"SHW - M\u00e1quinas herramienta\",\"url\":\"https:\\\/\\\/shw-wm.de\\\/\",\"logo\":{\"@type\":\"ImageObject\",\"inLanguage\":\"es\",\"@id\":\"https:\\\/\\\/shw-wm.de\\\/#\\\/schema\\\/logo\\\/image\\\/\",\"url\":\"https:\\\/\\\/shw-wm.de\\\/wp-content\\\/uploads\\\/2021_Logo_mit_Flagge-1.jpg\",\"contentUrl\":\"https:\\\/\\\/shw-wm.de\\\/wp-content\\\/uploads\\\/2021_Logo_mit_Flagge-1.jpg\",\"width\":275,\"height\":119,\"caption\":\"SHW - M\u00e1quinas herramienta\"},\"image\":{\"@id\":\"https:\\\/\\\/shw-wm.de\\\/#\\\/schema\\\/logo\\\/image\\\/\"},\"sameAs\":[\"https:\\\/\\\/www.facebook.com\\\/SHWWM\",\"https:\\\/\\\/x.com\\\/SHW_WM_Gmbh\",\"https:\\\/\\\/www.instagram.com\\\/shw_werkzeugmaschinen\\\/\",\"https:\\\/\\\/www.youtube.com\\\/@SHWWerkzeugmaschinen\"]}]}<\/script>\n<!-- \/ Yoast SEO plugin. -->","yoast_head_json":{"title":"Cambiador de palets de almacenamiento redondo | SHW - Werkzeugmaschinen","robots":{"index":"index","follow":"follow","max-snippet":"max-snippet:-1","max-image-preview":"max-image-preview:large","max-video-preview":"max-video-preview:-1"},"canonical":"https:\/\/shw-wm.de\/es\/sistemas-de-cambio-de-palets\/cambiador-de-palets-de-almacenamiento-redondo\/","og_locale":"es_ES","og_type":"article","og_title":"Cambiador de palets de almacenamiento redondo | SHW - Werkzeugmaschinen","og_description":"Cambiador de palets de almacenamiento redondo DESCRIPCI\u00d3N DESCRIPCI\u00d3N Los hasta 4 palets se disponen en forma de estrella alrededor de la m\u00e1quina. Una estaci\u00f3n de preparaci\u00f3n, alineada con la estaci\u00f3n de funcionamiento de la m\u00e1quina, garantiza un flujo de trabajo optimizado. El cambiador de palets de almacenamiento redondo ofrece una amplia gama de opciones de [&hellip;]","og_url":"https:\/\/shw-wm.de\/es\/sistemas-de-cambio-de-palets\/cambiador-de-palets-de-almacenamiento-redondo\/","og_site_name":"SHW - Werkzeugmaschinen","article_publisher":"https:\/\/www.facebook.com\/SHWWM","article_modified_time":"2025-10-13T12:33:54+00:00","og_image":[{"width":1024,"height":722,"url":"https:\/\/shw-wm.de\/wp-content\/uploads\/PW3fach-1024x722.png","type":"image\/png"}],"twitter_card":"summary_large_image","twitter_site":"@SHW_WM_Gmbh","schema":{"@context":"https:\/\/schema.org","@graph":[{"@type":"WebPage","@id":"https:\/\/shw-wm.de\/es\/sistemas-de-cambio-de-palets\/cambiador-de-palets-de-almacenamiento-redondo\/","url":"https:\/\/shw-wm.de\/es\/sistemas-de-cambio-de-palets\/cambiador-de-palets-de-almacenamiento-redondo\/","name":"Cambiador de palets de almacenamiento redondo | SHW - Werkzeugmaschinen","isPartOf":{"@id":"https:\/\/shw-wm.de\/#website"},"primaryImageOfPage":{"@id":"https:\/\/shw-wm.de\/es\/sistemas-de-cambio-de-palets\/cambiador-de-palets-de-almacenamiento-redondo\/#primaryimage"},"image":{"@id":"https:\/\/shw-wm.de\/es\/sistemas-de-cambio-de-palets\/cambiador-de-palets-de-almacenamiento-redondo\/#primaryimage"},"thumbnailUrl":"https:\/\/shw-wm.de\/wp-content\/uploads\/PW3fach-1024x722.png","datePublished":"2024-03-04T13:34:44+00:00","dateModified":"2025-10-13T12:33:54+00:00","breadcrumb":{"@id":"https:\/\/shw-wm.de\/es\/sistemas-de-cambio-de-palets\/cambiador-de-palets-de-almacenamiento-redondo\/#breadcrumb"},"inLanguage":"es","potentialAction":[{"@type":"ReadAction","target":["https:\/\/shw-wm.de\/es\/sistemas-de-cambio-de-palets\/cambiador-de-palets-de-almacenamiento-redondo\/"]}]},{"@type":"ImageObject","inLanguage":"es","@id":"https:\/\/shw-wm.de\/es\/sistemas-de-cambio-de-palets\/cambiador-de-palets-de-almacenamiento-redondo\/#primaryimage","url":"https:\/\/shw-wm.de\/wp-content\/uploads\/PW3fach-1024x722.png","contentUrl":"https:\/\/shw-wm.de\/wp-content\/uploads\/PW3fach-1024x722.png"},{"@type":"BreadcrumbList","@id":"https:\/\/shw-wm.de\/es\/sistemas-de-cambio-de-palets\/cambiador-de-palets-de-almacenamiento-redondo\/#breadcrumb","itemListElement":[{"@type":"ListItem","position":1,"name":"Home","item":"https:\/\/shw-wm.de\/es\/inicio\/"},{"@type":"ListItem","position":2,"name":"Sistemas de cambio de palets","item":"https:\/\/shw-wm.de\/es\/sistemas-de-cambio-de-palets\/"},{"@type":"ListItem","position":3,"name":"Cambiador de palets de almacenamiento redondo"}]},{"@type":"WebSite","@id":"https:\/\/shw-wm.de\/#website","url":"https:\/\/shw-wm.de\/","name":"SHW - Werkzeugmaschinen","description":"Hersteller von Fahrst\u00e4ndermaschinen","publisher":{"@id":"https:\/\/shw-wm.de\/#organization"},"potentialAction":[{"@type":"SearchAction","target":{"@type":"EntryPoint","urlTemplate":"https:\/\/shw-wm.de\/?s={search_term_string}"},"query-input":{"@type":"PropertyValueSpecification","valueRequired":true,"valueName":"search_term_string"}}],"inLanguage":"es"},{"@type":"Organization","@id":"https:\/\/shw-wm.de\/#organization","name":"SHW - M\u00e1quinas herramienta","url":"https:\/\/shw-wm.de\/","logo":{"@type":"ImageObject","inLanguage":"es","@id":"https:\/\/shw-wm.de\/#\/schema\/logo\/image\/","url":"https:\/\/shw-wm.de\/wp-content\/uploads\/2021_Logo_mit_Flagge-1.jpg","contentUrl":"https:\/\/shw-wm.de\/wp-content\/uploads\/2021_Logo_mit_Flagge-1.jpg","width":275,"height":119,"caption":"SHW - M\u00e1quinas herramienta"},"image":{"@id":"https:\/\/shw-wm.de\/#\/schema\/logo\/image\/"},"sameAs":["https:\/\/www.facebook.com\/SHWWM","https:\/\/x.com\/SHW_WM_Gmbh","https:\/\/www.instagram.com\/shw_werkzeugmaschinen\/","https:\/\/www.youtube.com\/@SHWWerkzeugmaschinen"]}]}},"_links":{"self":[{"href":"https:\/\/shw-wm.de\/es\/wp-json\/wp\/v2\/pages\/17303","targetHints":{"allow":["GET"]}}],"collection":[{"href":"https:\/\/shw-wm.de\/es\/wp-json\/wp\/v2\/pages"}],"about":[{"href":"https:\/\/shw-wm.de\/es\/wp-json\/wp\/v2\/types\/page"}],"author":[{"embeddable":true,"href":"https:\/\/shw-wm.de\/es\/wp-json\/wp\/v2\/users\/4"}],"replies":[{"embeddable":true,"href":"https:\/\/shw-wm.de\/es\/wp-json\/wp\/v2\/comments?post=17303"}],"version-history":[{"count":1,"href":"https:\/\/shw-wm.de\/es\/wp-json\/wp\/v2\/pages\/17303\/revisions"}],"predecessor-version":[{"id":17305,"href":"https:\/\/shw-wm.de\/es\/wp-json\/wp\/v2\/pages\/17303\/revisions\/17305"}],"up":[{"embeddable":true,"href":"https:\/\/shw-wm.de\/es\/wp-json\/wp\/v2\/pages\/17279"}],"wp:attachment":[{"href":"https:\/\/shw-wm.de\/es\/wp-json\/wp\/v2\/media?parent=17303"}],"curies":[{"name":"wp","href":"https:\/\/api.w.org\/{rel}","templated":true}]}}