{"id":17328,"date":"2020-10-27T14:25:56","date_gmt":"2020-10-27T13:25:56","guid":{"rendered":"https:\/\/shw-wm.de\/maquinas-de-columna-movil\/cubo-powerspeed\/"},"modified":"2025-10-13T14:34:01","modified_gmt":"2025-10-13T12:34:01","slug":"cubo-powerspeed","status":"publish","type":"page","link":"https:\/\/shw-wm.de\/es\/maquinas-de-columna-movil\/cubo-powerspeed\/","title":{"rendered":"Cubo PowerSpeed"},"content":{"rendered":"\t\t<div data-elementor-type=\"wp-page\" data-elementor-id=\"17328\" class=\"elementor elementor-17328 elementor-8340\" data-elementor-post-type=\"page\">\n\t\t\t\t\t\t<section class=\"elementor-section elementor-top-section elementor-element elementor-element-34e5449d elementor-section-boxed elementor-section-height-default elementor-section-height-default\" data-id=\"34e5449d\" data-element_type=\"section\" data-e-type=\"section\" data-settings=\"{&quot;background_background&quot;:&quot;classic&quot;}\">\n\t\t\t\t\t\t<div class=\"elementor-container elementor-column-gap-default\">\n\t\t\t\t\t<div class=\"elementor-column elementor-col-100 elementor-top-column elementor-element elementor-element-745d4816\" data-id=\"745d4816\" data-element_type=\"column\" data-e-type=\"column\">\n\t\t\t<div class=\"elementor-widget-wrap elementor-element-populated\">\n\t\t\t\t\t\t<div class=\"elementor-element elementor-element-3a13bc55 elementor-widget elementor-widget-heading\" data-id=\"3a13bc55\" data-element_type=\"widget\" data-e-type=\"widget\" data-widget_type=\"heading.default\">\n\t\t\t\t<div class=\"elementor-widget-container\">\n\t\t\t\t\t<h2 class=\"elementor-heading-title elementor-size-default\">Cubo PowerSpeed<\/h2>\t\t\t\t<\/div>\n\t\t\t\t<\/div>\n\t\t\t\t\t<\/div>\n\t\t<\/div>\n\t\t\t\t\t<\/div>\n\t\t<\/section>\n\t\t<div class=\"elementor-element elementor-element-0b5af70 e-flex e-con-boxed e-con e-parent\" data-id=\"0b5af70\" data-element_type=\"container\" data-e-type=\"container\">\n\t\t\t\t\t<div class=\"e-con-inner\">\n\t\t\t\t<div class=\"elementor-element elementor-element-26bc28d elementor-widget elementor-widget-spacer\" data-id=\"26bc28d\" data-element_type=\"widget\" data-e-type=\"widget\" data-widget_type=\"spacer.default\">\n\t\t\t\t<div class=\"elementor-widget-container\">\n\t\t\t\t\t\t\t<div class=\"elementor-spacer\">\n\t\t\t<div class=\"elementor-spacer-inner\"><\/div>\n\t\t<\/div>\n\t\t\t\t\t\t<\/div>\n\t\t\t\t<\/div>\n\t\t\t\t\t<\/div>\n\t\t\t\t<\/div>\n\t\t\t\t<section class=\"elementor-section elementor-top-section elementor-element elementor-element-6e16eef elementor-section-boxed elementor-section-height-default elementor-section-height-default\" data-id=\"6e16eef\" data-element_type=\"section\" data-e-type=\"section\">\n\t\t\t\t\t\t<div class=\"elementor-container elementor-column-gap-default\">\n\t\t\t\t\t<div class=\"elementor-column elementor-col-100 elementor-top-column elementor-element elementor-element-e1e60e0\" data-id=\"e1e60e0\" data-element_type=\"column\" data-e-type=\"column\">\n\t\t\t<div class=\"elementor-widget-wrap elementor-element-populated\">\n\t\t\t\t\t\t<div class=\"elementor-element elementor-element-398c1c6 elementor-widget elementor-widget-image\" data-id=\"398c1c6\" data-element_type=\"widget\" data-e-type=\"widget\" data-widget_type=\"image.default\">\n\t\t\t\t<div class=\"elementor-widget-container\">\n\t\t\t\t\t\t\t\t\t\t\t\t\t\t\t<img fetchpriority=\"high\" decoding=\"async\" width=\"800\" height=\"450\" src=\"https:\/\/shw-wm.de\/wp-content\/uploads\/08_01_PSCube_20-1024x576.png\" class=\"attachment-large size-large wp-image-9739\" alt=\"\" srcset=\"https:\/\/shw-wm.de\/wp-content\/uploads\/08_01_PSCube_20-1024x576.png 1024w, https:\/\/shw-wm.de\/wp-content\/uploads\/08_01_PSCube_20-300x169.png 300w, https:\/\/shw-wm.de\/wp-content\/uploads\/08_01_PSCube_20-768x432.png 768w, https:\/\/shw-wm.de\/wp-content\/uploads\/08_01_PSCube_20-1536x864.png 1536w, https:\/\/shw-wm.de\/wp-content\/uploads\/08_01_PSCube_20.png 1920w\" sizes=\"(max-width: 800px) 100vw, 800px\" \/>\t\t\t\t\t\t\t\t\t\t\t\t\t\t\t<\/div>\n\t\t\t\t<\/div>\n\t\t\t\t\t<\/div>\n\t\t<\/div>\n\t\t\t\t\t<\/div>\n\t\t<\/section>\n\t\t\t\t<section class=\"elementor-section elementor-top-section elementor-element elementor-element-5f681b0 elementor-section-boxed elementor-section-height-default elementor-section-height-default\" data-id=\"5f681b0\" data-element_type=\"section\" data-e-type=\"section\">\n\t\t\t\t\t\t<div class=\"elementor-container elementor-column-gap-default\">\n\t\t\t\t\t<div class=\"elementor-column elementor-col-100 elementor-top-column elementor-element elementor-element-5a71200\" data-id=\"5a71200\" data-element_type=\"column\" data-e-type=\"column\">\n\t\t\t<div class=\"elementor-widget-wrap elementor-element-populated\">\n\t\t\t\t\t\t<div class=\"elementor-element elementor-element-29eac45 elementor-widget-divider--view-line elementor-widget elementor-widget-divider\" data-id=\"29eac45\" data-element_type=\"widget\" data-e-type=\"widget\" data-widget_type=\"divider.default\">\n\t\t\t\t<div class=\"elementor-widget-container\">\n\t\t\t\t\t\t\t<div class=\"elementor-divider\">\n\t\t\t<span class=\"elementor-divider-separator\">\n\t\t\t\t\t\t<\/span>\n\t\t<\/div>\n\t\t\t\t\t\t<\/div>\n\t\t\t\t<\/div>\n\t\t\t\t\t<\/div>\n\t\t<\/div>\n\t\t\t\t\t<\/div>\n\t\t<\/section>\n\t\t\t\t<section class=\"elementor-section elementor-top-section elementor-element elementor-element-e50a68b elementor-section-boxed elementor-section-height-default elementor-section-height-default\" data-id=\"e50a68b\" data-element_type=\"section\" data-e-type=\"section\">\n\t\t\t\t\t\t<div class=\"elementor-container elementor-column-gap-default\">\n\t\t\t\t\t<div class=\"elementor-column elementor-col-50 elementor-top-column elementor-element elementor-element-deeba14\" data-id=\"deeba14\" data-element_type=\"column\" data-e-type=\"column\">\n\t\t\t<div class=\"elementor-widget-wrap elementor-element-populated\">\n\t\t\t\t\t\t<div class=\"elementor-element elementor-element-dbfca0d elementor-tabs-view-horizontal elementor-widget elementor-widget-tabs\" data-id=\"dbfca0d\" data-element_type=\"widget\" data-e-type=\"widget\" data-widget_type=\"tabs.default\">\n\t\t\t\t<div class=\"elementor-widget-container\">\n\t\t\t\t\t\t\t<div class=\"elementor-tabs\">\n\t\t\t<div class=\"elementor-tabs-wrapper\" role=\"tablist\" >\n\t\t\t\t\t\t\t\t\t<div id=\"elementor-tab-title-2301\" class=\"elementor-tab-title elementor-tab-desktop-title\" aria-selected=\"true\" data-tab=\"1\" role=\"tab\" tabindex=\"0\" aria-controls=\"elementor-tab-content-2301\" aria-expanded=\"false\">DESCRIPCI\u00d3N<\/div>\n\t\t\t\t\t\t\t\t\t<div id=\"elementor-tab-title-2302\" class=\"elementor-tab-title elementor-tab-desktop-title\" aria-selected=\"false\" data-tab=\"2\" role=\"tab\" tabindex=\"-1\" aria-controls=\"elementor-tab-content-2302\" aria-expanded=\"false\">OPCIONES<\/div>\n\t\t\t\t\t\t\t\t\t<div id=\"elementor-tab-title-2303\" class=\"elementor-tab-title elementor-tab-desktop-title\" aria-selected=\"false\" data-tab=\"3\" role=\"tab\" tabindex=\"-1\" aria-controls=\"elementor-tab-content-2303\" aria-expanded=\"false\">DESCARGAS<\/div>\n\t\t\t\t\t\t\t<\/div>\n\t\t\t<div class=\"elementor-tabs-content-wrapper\" role=\"tablist\" aria-orientation=\"vertical\">\n\t\t\t\t\t\t\t\t\t<div class=\"elementor-tab-title elementor-tab-mobile-title\" aria-selected=\"true\" data-tab=\"1\" role=\"tab\" tabindex=\"0\" aria-controls=\"elementor-tab-content-2301\" aria-expanded=\"false\">DESCRIPCI\u00d3N<\/div>\n\t\t\t\t\t<div id=\"elementor-tab-content-2301\" class=\"elementor-tab-content elementor-clearfix\" data-tab=\"1\" role=\"tabpanel\" aria-labelledby=\"elementor-tab-title-2301\" tabindex=\"0\" hidden=\"false\"><p>La combinaci\u00f3n de tus requisitos espec\u00ed\ufb01cos de m\u00e1quina con componentes de alta calidad nos ha inspirado para desarrollar un concepto de m\u00e1quina innovador. El cubo PowerSpeed es el resultado de este proceso de pensamiento y te ofrece una soluci\u00f3n personalizada para tus tareas de mecanizado individuales. <\/p>\n<p>La PowerSpeed Cube es extremadamente vers\u00e1til gracias a la posibilidad de configurar los recorridos y las situaciones de sujeci\u00f3n. Puedes con\ufb01gurar la m\u00e1quina seg\u00fan tus necesidades para conseguir el mejor resultado posible para tu procesamiento. Las numerosas opciones de combinaci\u00f3n hacen de la m\u00e1quina un cubo escalable que se adapta perfectamente a tus necesidades.  <\/p>\n<p>Caracter\u00edsticas innovadoras como el TightBlock, que permite una instalaci\u00f3n nivelada sin necesidad de una compleja cimentaci\u00f3n escalonada, la gesti\u00f3n optimizada de las virutas y la completa carcasa de la m\u00e1quina son s\u00f3lo algunas de las opciones integradas que hacen de la PowerSpeed Cube una m\u00e1quina de columna m\u00f3vil de primera clase. Lleva el mecanizado a un nuevo nivel y te permite mecanizar tus piezas de forma e\ufb03ciente y precisa. <\/p>\n<p>La PowerSpeed Cube combina individualidad, flexibilidad y tecnolog\u00eda de alta calidad para optimizar tu proceso de producci\u00f3n y ofrecerte el m\u00e1ximo rendimiento y calidad. Esta m\u00e1quina abre nuevas posibilidades para unos resultados de mecanizado extraordinarios <\/p>\n<\/div>\n\t\t\t\t\t\t\t\t\t<div class=\"elementor-tab-title elementor-tab-mobile-title\" aria-selected=\"false\" data-tab=\"2\" role=\"tab\" tabindex=\"-1\" aria-controls=\"elementor-tab-content-2302\" aria-expanded=\"false\">OPCIONES<\/div>\n\t\t\t\t\t<div id=\"elementor-tab-content-2302\" class=\"elementor-tab-content elementor-clearfix\" data-tab=\"2\" role=\"tabpanel\" aria-labelledby=\"elementor-tab-title-2302\" tabindex=\"0\" hidden=\"hidden\"><p>La combinaci\u00f3n de tus requisitos individuales para una m\u00e1quina y un elevado n\u00famero de componentes de calidad nos impuls\u00f3 a pensar en un nuevo concepto de m\u00e1quina. Una amplia gama de variantes, gracias a recorridos y situaciones de sujeci\u00f3n configurables, hacen de tu PowerSpeed Cube la soluci\u00f3n personalizada para tu tarea de mecanizado. Simb\u00f3licamente, los ejes principales representan la esquina de un cubo, que se convierte en un cubo escalable gracias a las opciones de combinaci\u00f3n 3x3x3. El TightBlock, que permite una instalaci\u00f3n enrasada sin una compleja cimentaci\u00f3n escalonada, la gesti\u00f3n optimizada de virutas, la carcasa completa de la m\u00e1quina y muchas otras opciones integradas completan la cl\u00e1sica m\u00e1quina de columna m\u00f3vil y elevan el mecanizado a un nuevo nivel.   <\/p>\n<\/div>\n\t\t\t\t\t\t\t\t\t<div class=\"elementor-tab-title elementor-tab-mobile-title\" aria-selected=\"false\" data-tab=\"3\" role=\"tab\" tabindex=\"-1\" aria-controls=\"elementor-tab-content-2303\" aria-expanded=\"false\">DESCARGAS<\/div>\n\t\t\t\t\t<div id=\"elementor-tab-content-2303\" class=\"elementor-tab-content elementor-clearfix\" data-tab=\"3\" role=\"tabpanel\" aria-labelledby=\"elementor-tab-title-2303\" tabindex=\"0\" hidden=\"hidden\"><p><strong>Folleto del producto<\/strong><\/p>\n<ul>\n<li><a href=\"https:\/\/shw-wm.de\/wp-content\/uploads\/20220117PS_Cube_aktualisiert_Dispo-scaled.jpg\" target=\"_blank\" rel=\"noopener\">Ficha t\u00e9cnica  <\/a><\/li>\n<\/ul>\n<\/div>\n\t\t\t\t\t\t\t<\/div>\n\t\t<\/div>\n\t\t\t\t\t\t<\/div>\n\t\t\t\t<\/div>\n\t\t\t\t\t<\/div>\n\t\t<\/div>\n\t\t\t\t<div class=\"elementor-column elementor-col-50 elementor-top-column elementor-element elementor-element-72e506b\" data-id=\"72e506b\" data-element_type=\"column\" data-e-type=\"column\">\n\t\t\t<div class=\"elementor-widget-wrap elementor-element-populated\">\n\t\t\t\t\t\t<div class=\"elementor-element elementor-element-535598f elementor-widget elementor-widget-video\" data-id=\"535598f\" data-element_type=\"widget\" data-e-type=\"widget\" data-settings=\"{&quot;youtube_url&quot;:&quot;https:\\\/\\\/youtu.be\\\/NJnTuyzed9w&quot;,&quot;video_type&quot;:&quot;youtube&quot;,&quot;controls&quot;:&quot;yes&quot;}\" data-widget_type=\"video.default\">\n\t\t\t\t<div class=\"elementor-widget-container\">\n\t\t\t\t\t\t\t<div class=\"elementor-wrapper elementor-open-inline\">\n\t\t\t<div class=\"elementor-video\"><\/div>\t\t<\/div>\n\t\t\t\t\t\t<\/div>\n\t\t\t\t<\/div>\n\t\t\t\t\t<\/div>\n\t\t<\/div>\n\t\t\t\t\t<\/div>\n\t\t<\/section>\n\t\t\t\t<section class=\"elementor-section elementor-top-section elementor-element elementor-element-1b503fd elementor-section-boxed elementor-section-height-default elementor-section-height-default\" data-id=\"1b503fd\" data-element_type=\"section\" data-e-type=\"section\">\n\t\t\t\t\t\t<div class=\"elementor-container elementor-column-gap-default\">\n\t\t\t\t\t<div class=\"elementor-column elementor-col-100 elementor-top-column elementor-element elementor-element-1dc816f\" data-id=\"1dc816f\" data-element_type=\"column\" data-e-type=\"column\">\n\t\t\t<div class=\"elementor-widget-wrap elementor-element-populated\">\n\t\t\t\t\t\t<div class=\"elementor-element elementor-element-fbb4e5f elementor-widget elementor-widget-heading\" data-id=\"fbb4e5f\" data-element_type=\"widget\" data-e-type=\"widget\" data-widget_type=\"heading.default\">\n\t\t\t\t<div class=\"elementor-widget-container\">\n\t\t\t\t\t<h2 class=\"elementor-heading-title elementor-size-default\"><h2 data-elementor-setting-key=\"title\" data-pen-placeholder=\"Eingabe hier...\">Visita virtual<\/h2><\/h2>\t\t\t\t<\/div>\n\t\t\t\t<\/div>\n\t\t\t\t\t<\/div>\n\t\t<\/div>\n\t\t\t\t\t<\/div>\n\t\t<\/section>\n\t\t\t\t<section class=\"elementor-section elementor-top-section elementor-element elementor-element-a1ef108 elementor-section-boxed elementor-section-height-default elementor-section-height-default\" data-id=\"a1ef108\" data-element_type=\"section\" data-e-type=\"section\">\n\t\t\t\t\t\t<div class=\"elementor-container elementor-column-gap-default\">\n\t\t\t\t\t<div class=\"elementor-column elementor-col-100 elementor-top-column elementor-element elementor-element-ff8bf94\" data-id=\"ff8bf94\" data-element_type=\"column\" data-e-type=\"column\">\n\t\t\t<div class=\"elementor-widget-wrap elementor-element-populated\">\n\t\t\t\t\t\t<div class=\"elementor-element elementor-element-57da7a1 elementor-widget elementor-widget-image\" data-id=\"57da7a1\" data-element_type=\"widget\" data-e-type=\"widget\" data-widget_type=\"image.default\">\n\t\t\t\t<div class=\"elementor-widget-container\">\n\t\t\t\t\t\t\t\t\t\t\t\t<figure class=\"wp-caption\">\n\t\t\t\t\t\t\t\t\t\t\t<a href=\"https:\/\/my.matterport.com\/show\/?m=Gv8L3SvbhQa\">\n\t\t\t\t\t\t\t<img decoding=\"async\" width=\"800\" height=\"450\" src=\"https:\/\/shw-wm.de\/wp-content\/uploads\/SHW_Innovationstage-2020-SHW_WK_1-1024x576.jpg\" class=\"attachment-large size-large wp-image-17346\" alt=\"\" srcset=\"https:\/\/shw-wm.de\/wp-content\/uploads\/SHW_Innovationstage-2020-SHW_WK_1-1024x576.jpg 1024w, https:\/\/shw-wm.de\/wp-content\/uploads\/SHW_Innovationstage-2020-SHW_WK_1-300x169.jpg 300w, https:\/\/shw-wm.de\/wp-content\/uploads\/SHW_Innovationstage-2020-SHW_WK_1-768x432.jpg 768w, https:\/\/shw-wm.de\/wp-content\/uploads\/SHW_Innovationstage-2020-SHW_WK_1.jpg 1400w\" sizes=\"(max-width: 800px) 100vw, 800px\" \/>\t\t\t\t\t\t\t\t<\/a>\n\t\t\t\t\t\t\t\t\t\t\t<figcaption class=\"widget-image-caption wp-caption-text\">PowerSpeed Cube con cabezal de fresado diagonal<\/figcaption>\n\t\t\t\t\t\t\t\t\t\t<\/figure>\n\t\t\t\t\t\t\t\t\t<\/div>\n\t\t\t\t<\/div>\n\t\t\t\t\t<\/div>\n\t\t<\/div>\n\t\t\t\t\t<\/div>\n\t\t<\/section>\n\t\t\t\t<\/div>\n\t\t","protected":false},"excerpt":{"rendered":"<p>Cubo PowerSpeed DESCRIPCI\u00d3N OPCIONES DESCARGAS DESCRIPCI\u00d3N La combinaci\u00f3n de tus requisitos espec\u00ed\ufb01cos de m\u00e1quina con componentes de alta calidad nos ha inspirado para desarrollar un concepto de m\u00e1quina innovador. El cubo PowerSpeed es el resultado de este proceso de pensamiento y te ofrece una soluci\u00f3n personalizada para tus tareas de mecanizado individuales. La PowerSpeed Cube [&hellip;]<\/p>\n","protected":false},"author":4,"featured_media":0,"parent":17236,"menu_order":0,"comment_status":"closed","ping_status":"closed","template":"","meta":{"footnotes":""},"class_list":["post-17328","page","type-page","status-publish","hentry"],"yoast_head":"<!-- This site is optimized with the Yoast SEO plugin v27.4 - https:\/\/yoast.com\/product\/yoast-seo-wordpress\/ -->\n<title>Cubo PowerSpeed | SHW - Werkzeugmaschinen<\/title>\n<meta name=\"robots\" content=\"index, follow, max-snippet:-1, max-image-preview:large, max-video-preview:-1\" \/>\n<link rel=\"canonical\" href=\"https:\/\/shw-wm.de\/es\/maquinas-de-columna-movil\/cubo-powerspeed\/\" \/>\n<meta property=\"og:locale\" content=\"es_ES\" \/>\n<meta property=\"og:type\" content=\"article\" \/>\n<meta property=\"og:title\" content=\"Cubo PowerSpeed | SHW - Werkzeugmaschinen\" \/>\n<meta property=\"og:description\" content=\"Cubo PowerSpeed DESCRIPCI\u00d3N OPCIONES DESCARGAS DESCRIPCI\u00d3N La combinaci\u00f3n de tus requisitos espec\u00ed\ufb01cos de m\u00e1quina con componentes de alta calidad nos ha inspirado para desarrollar un concepto de m\u00e1quina innovador. El cubo PowerSpeed es el resultado de este proceso de pensamiento y te ofrece una soluci\u00f3n personalizada para tus tareas de mecanizado individuales. La PowerSpeed Cube [&hellip;]\" \/>\n<meta property=\"og:url\" content=\"https:\/\/shw-wm.de\/es\/maquinas-de-columna-movil\/cubo-powerspeed\/\" \/>\n<meta property=\"og:site_name\" content=\"SHW - Werkzeugmaschinen\" \/>\n<meta property=\"article:publisher\" content=\"https:\/\/www.facebook.com\/SHWWM\" \/>\n<meta property=\"article:modified_time\" content=\"2025-10-13T12:34:01+00:00\" \/>\n<meta property=\"og:image\" content=\"https:\/\/shw-wm.de\/wp-content\/uploads\/08_01_PSCube_20.png\" \/>\n\t<meta property=\"og:image:width\" content=\"1920\" \/>\n\t<meta property=\"og:image:height\" content=\"1080\" \/>\n\t<meta property=\"og:image:type\" content=\"image\/png\" \/>\n<meta name=\"twitter:card\" content=\"summary_large_image\" \/>\n<meta name=\"twitter:site\" content=\"@SHW_WM_Gmbh\" \/>\n<meta name=\"twitter:label1\" content=\"Tiempo de lectura\" \/>\n\t<meta name=\"twitter:data1\" content=\"2 minutos\" \/>\n<script type=\"application\/ld+json\" class=\"yoast-schema-graph\">{\"@context\":\"https:\\\/\\\/schema.org\",\"@graph\":[{\"@type\":\"WebPage\",\"@id\":\"https:\\\/\\\/shw-wm.de\\\/es\\\/maquinas-de-columna-movil\\\/cubo-powerspeed\\\/\",\"url\":\"https:\\\/\\\/shw-wm.de\\\/es\\\/maquinas-de-columna-movil\\\/cubo-powerspeed\\\/\",\"name\":\"Cubo PowerSpeed | SHW - Werkzeugmaschinen\",\"isPartOf\":{\"@id\":\"https:\\\/\\\/shw-wm.de\\\/#website\"},\"primaryImageOfPage\":{\"@id\":\"https:\\\/\\\/shw-wm.de\\\/es\\\/maquinas-de-columna-movil\\\/cubo-powerspeed\\\/#primaryimage\"},\"image\":{\"@id\":\"https:\\\/\\\/shw-wm.de\\\/es\\\/maquinas-de-columna-movil\\\/cubo-powerspeed\\\/#primaryimage\"},\"thumbnailUrl\":\"https:\\\/\\\/shw-wm.de\\\/wp-content\\\/uploads\\\/08_01_PSCube_20-1024x576.png\",\"datePublished\":\"2020-10-27T13:25:56+00:00\",\"dateModified\":\"2025-10-13T12:34:01+00:00\",\"breadcrumb\":{\"@id\":\"https:\\\/\\\/shw-wm.de\\\/es\\\/maquinas-de-columna-movil\\\/cubo-powerspeed\\\/#breadcrumb\"},\"inLanguage\":\"es\",\"potentialAction\":[{\"@type\":\"ReadAction\",\"target\":[\"https:\\\/\\\/shw-wm.de\\\/es\\\/maquinas-de-columna-movil\\\/cubo-powerspeed\\\/\"]}]},{\"@type\":\"ImageObject\",\"inLanguage\":\"es\",\"@id\":\"https:\\\/\\\/shw-wm.de\\\/es\\\/maquinas-de-columna-movil\\\/cubo-powerspeed\\\/#primaryimage\",\"url\":\"https:\\\/\\\/shw-wm.de\\\/wp-content\\\/uploads\\\/08_01_PSCube_20-1024x576.png\",\"contentUrl\":\"https:\\\/\\\/shw-wm.de\\\/wp-content\\\/uploads\\\/08_01_PSCube_20-1024x576.png\"},{\"@type\":\"BreadcrumbList\",\"@id\":\"https:\\\/\\\/shw-wm.de\\\/es\\\/maquinas-de-columna-movil\\\/cubo-powerspeed\\\/#breadcrumb\",\"itemListElement\":[{\"@type\":\"ListItem\",\"position\":1,\"name\":\"Home\",\"item\":\"https:\\\/\\\/shw-wm.de\\\/es\\\/inicio\\\/\"},{\"@type\":\"ListItem\",\"position\":2,\"name\":\"M\u00e1quinas de columna m\u00f3vil\",\"item\":\"https:\\\/\\\/shw-wm.de\\\/es\\\/maquinas-de-columna-movil\\\/\"},{\"@type\":\"ListItem\",\"position\":3,\"name\":\"Cubo PowerSpeed\"}]},{\"@type\":\"WebSite\",\"@id\":\"https:\\\/\\\/shw-wm.de\\\/#website\",\"url\":\"https:\\\/\\\/shw-wm.de\\\/\",\"name\":\"SHW - Werkzeugmaschinen\",\"description\":\"Hersteller von Fahrst\u00e4ndermaschinen\",\"publisher\":{\"@id\":\"https:\\\/\\\/shw-wm.de\\\/#organization\"},\"potentialAction\":[{\"@type\":\"SearchAction\",\"target\":{\"@type\":\"EntryPoint\",\"urlTemplate\":\"https:\\\/\\\/shw-wm.de\\\/?s={search_term_string}\"},\"query-input\":{\"@type\":\"PropertyValueSpecification\",\"valueRequired\":true,\"valueName\":\"search_term_string\"}}],\"inLanguage\":\"es\"},{\"@type\":\"Organization\",\"@id\":\"https:\\\/\\\/shw-wm.de\\\/#organization\",\"name\":\"SHW - M\u00e1quinas herramienta\",\"url\":\"https:\\\/\\\/shw-wm.de\\\/\",\"logo\":{\"@type\":\"ImageObject\",\"inLanguage\":\"es\",\"@id\":\"https:\\\/\\\/shw-wm.de\\\/#\\\/schema\\\/logo\\\/image\\\/\",\"url\":\"https:\\\/\\\/shw-wm.de\\\/wp-content\\\/uploads\\\/2021_Logo_mit_Flagge-1.jpg\",\"contentUrl\":\"https:\\\/\\\/shw-wm.de\\\/wp-content\\\/uploads\\\/2021_Logo_mit_Flagge-1.jpg\",\"width\":275,\"height\":119,\"caption\":\"SHW - M\u00e1quinas herramienta\"},\"image\":{\"@id\":\"https:\\\/\\\/shw-wm.de\\\/#\\\/schema\\\/logo\\\/image\\\/\"},\"sameAs\":[\"https:\\\/\\\/www.facebook.com\\\/SHWWM\",\"https:\\\/\\\/x.com\\\/SHW_WM_Gmbh\",\"https:\\\/\\\/www.instagram.com\\\/shw_werkzeugmaschinen\\\/\",\"https:\\\/\\\/www.youtube.com\\\/@SHWWerkzeugmaschinen\"]}]}<\/script>\n<!-- \/ Yoast SEO plugin. -->","yoast_head_json":{"title":"Cubo PowerSpeed | SHW - Werkzeugmaschinen","robots":{"index":"index","follow":"follow","max-snippet":"max-snippet:-1","max-image-preview":"max-image-preview:large","max-video-preview":"max-video-preview:-1"},"canonical":"https:\/\/shw-wm.de\/es\/maquinas-de-columna-movil\/cubo-powerspeed\/","og_locale":"es_ES","og_type":"article","og_title":"Cubo PowerSpeed | SHW - Werkzeugmaschinen","og_description":"Cubo PowerSpeed DESCRIPCI\u00d3N OPCIONES DESCARGAS DESCRIPCI\u00d3N La combinaci\u00f3n de tus requisitos espec\u00ed\ufb01cos de m\u00e1quina con componentes de alta calidad nos ha inspirado para desarrollar un concepto de m\u00e1quina innovador. El cubo PowerSpeed es el resultado de este proceso de pensamiento y te ofrece una soluci\u00f3n personalizada para tus tareas de mecanizado individuales. La PowerSpeed Cube [&hellip;]","og_url":"https:\/\/shw-wm.de\/es\/maquinas-de-columna-movil\/cubo-powerspeed\/","og_site_name":"SHW - Werkzeugmaschinen","article_publisher":"https:\/\/www.facebook.com\/SHWWM","article_modified_time":"2025-10-13T12:34:01+00:00","og_image":[{"width":1920,"height":1080,"url":"https:\/\/shw-wm.de\/wp-content\/uploads\/08_01_PSCube_20.png","type":"image\/png"}],"twitter_card":"summary_large_image","twitter_site":"@SHW_WM_Gmbh","twitter_misc":{"Tiempo de lectura":"2 minutos"},"schema":{"@context":"https:\/\/schema.org","@graph":[{"@type":"WebPage","@id":"https:\/\/shw-wm.de\/es\/maquinas-de-columna-movil\/cubo-powerspeed\/","url":"https:\/\/shw-wm.de\/es\/maquinas-de-columna-movil\/cubo-powerspeed\/","name":"Cubo PowerSpeed | SHW - Werkzeugmaschinen","isPartOf":{"@id":"https:\/\/shw-wm.de\/#website"},"primaryImageOfPage":{"@id":"https:\/\/shw-wm.de\/es\/maquinas-de-columna-movil\/cubo-powerspeed\/#primaryimage"},"image":{"@id":"https:\/\/shw-wm.de\/es\/maquinas-de-columna-movil\/cubo-powerspeed\/#primaryimage"},"thumbnailUrl":"https:\/\/shw-wm.de\/wp-content\/uploads\/08_01_PSCube_20-1024x576.png","datePublished":"2020-10-27T13:25:56+00:00","dateModified":"2025-10-13T12:34:01+00:00","breadcrumb":{"@id":"https:\/\/shw-wm.de\/es\/maquinas-de-columna-movil\/cubo-powerspeed\/#breadcrumb"},"inLanguage":"es","potentialAction":[{"@type":"ReadAction","target":["https:\/\/shw-wm.de\/es\/maquinas-de-columna-movil\/cubo-powerspeed\/"]}]},{"@type":"ImageObject","inLanguage":"es","@id":"https:\/\/shw-wm.de\/es\/maquinas-de-columna-movil\/cubo-powerspeed\/#primaryimage","url":"https:\/\/shw-wm.de\/wp-content\/uploads\/08_01_PSCube_20-1024x576.png","contentUrl":"https:\/\/shw-wm.de\/wp-content\/uploads\/08_01_PSCube_20-1024x576.png"},{"@type":"BreadcrumbList","@id":"https:\/\/shw-wm.de\/es\/maquinas-de-columna-movil\/cubo-powerspeed\/#breadcrumb","itemListElement":[{"@type":"ListItem","position":1,"name":"Home","item":"https:\/\/shw-wm.de\/es\/inicio\/"},{"@type":"ListItem","position":2,"name":"M\u00e1quinas de columna m\u00f3vil","item":"https:\/\/shw-wm.de\/es\/maquinas-de-columna-movil\/"},{"@type":"ListItem","position":3,"name":"Cubo PowerSpeed"}]},{"@type":"WebSite","@id":"https:\/\/shw-wm.de\/#website","url":"https:\/\/shw-wm.de\/","name":"SHW - Werkzeugmaschinen","description":"Hersteller von Fahrst\u00e4ndermaschinen","publisher":{"@id":"https:\/\/shw-wm.de\/#organization"},"potentialAction":[{"@type":"SearchAction","target":{"@type":"EntryPoint","urlTemplate":"https:\/\/shw-wm.de\/?s={search_term_string}"},"query-input":{"@type":"PropertyValueSpecification","valueRequired":true,"valueName":"search_term_string"}}],"inLanguage":"es"},{"@type":"Organization","@id":"https:\/\/shw-wm.de\/#organization","name":"SHW - M\u00e1quinas herramienta","url":"https:\/\/shw-wm.de\/","logo":{"@type":"ImageObject","inLanguage":"es","@id":"https:\/\/shw-wm.de\/#\/schema\/logo\/image\/","url":"https:\/\/shw-wm.de\/wp-content\/uploads\/2021_Logo_mit_Flagge-1.jpg","contentUrl":"https:\/\/shw-wm.de\/wp-content\/uploads\/2021_Logo_mit_Flagge-1.jpg","width":275,"height":119,"caption":"SHW - M\u00e1quinas herramienta"},"image":{"@id":"https:\/\/shw-wm.de\/#\/schema\/logo\/image\/"},"sameAs":["https:\/\/www.facebook.com\/SHWWM","https:\/\/x.com\/SHW_WM_Gmbh","https:\/\/www.instagram.com\/shw_werkzeugmaschinen\/","https:\/\/www.youtube.com\/@SHWWerkzeugmaschinen"]}]}},"_links":{"self":[{"href":"https:\/\/shw-wm.de\/es\/wp-json\/wp\/v2\/pages\/17328","targetHints":{"allow":["GET"]}}],"collection":[{"href":"https:\/\/shw-wm.de\/es\/wp-json\/wp\/v2\/pages"}],"about":[{"href":"https:\/\/shw-wm.de\/es\/wp-json\/wp\/v2\/types\/page"}],"author":[{"embeddable":true,"href":"https:\/\/shw-wm.de\/es\/wp-json\/wp\/v2\/users\/4"}],"replies":[{"embeddable":true,"href":"https:\/\/shw-wm.de\/es\/wp-json\/wp\/v2\/comments?post=17328"}],"version-history":[{"count":1,"href":"https:\/\/shw-wm.de\/es\/wp-json\/wp\/v2\/pages\/17328\/revisions"}],"predecessor-version":[{"id":17331,"href":"https:\/\/shw-wm.de\/es\/wp-json\/wp\/v2\/pages\/17328\/revisions\/17331"}],"up":[{"embeddable":true,"href":"https:\/\/shw-wm.de\/es\/wp-json\/wp\/v2\/pages\/17236"}],"wp:attachment":[{"href":"https:\/\/shw-wm.de\/es\/wp-json\/wp\/v2\/media?parent=17328"}],"curies":[{"name":"wp","href":"https:\/\/api.w.org\/{rel}","templated":true}]}}