{"id":17337,"date":"2021-04-21T15:15:25","date_gmt":"2021-04-21T13:15:25","guid":{"rendered":"https:\/\/shw-wm.de\/maquinas-de-columna-movil\/globo-unispeed\/"},"modified":"2025-10-13T14:34:02","modified_gmt":"2025-10-13T12:34:02","slug":"globo-unispeed","status":"publish","type":"page","link":"https:\/\/shw-wm.de\/es\/maquinas-de-columna-movil\/globo-unispeed\/","title":{"rendered":"Globo UniSpeed"},"content":{"rendered":"\t\t<div data-elementor-type=\"wp-page\" data-elementor-id=\"17337\" class=\"elementor elementor-17337 elementor-8774\" data-elementor-post-type=\"page\">\n\t\t\t\t\t\t<section class=\"elementor-section elementor-top-section elementor-element elementor-element-3f534b67 elementor-section-boxed elementor-section-height-default elementor-section-height-default\" data-id=\"3f534b67\" data-element_type=\"section\" data-e-type=\"section\" data-settings=\"{&quot;background_background&quot;:&quot;classic&quot;}\">\n\t\t\t\t\t\t<div class=\"elementor-container elementor-column-gap-default\">\n\t\t\t\t\t<div class=\"elementor-column elementor-col-100 elementor-top-column elementor-element elementor-element-2d3a266a\" data-id=\"2d3a266a\" data-element_type=\"column\" data-e-type=\"column\">\n\t\t\t<div class=\"elementor-widget-wrap elementor-element-populated\">\n\t\t\t\t\t\t<div class=\"elementor-element elementor-element-52ab24d5 elementor-widget elementor-widget-heading\" data-id=\"52ab24d5\" data-element_type=\"widget\" data-e-type=\"widget\" data-widget_type=\"heading.default\">\n\t\t\t\t<div class=\"elementor-widget-container\">\n\t\t\t\t\t<h2 class=\"elementor-heading-title elementor-size-default\">UniSpeed GLOBE<\/h2>\t\t\t\t<\/div>\n\t\t\t\t<\/div>\n\t\t\t\t\t<\/div>\n\t\t<\/div>\n\t\t\t\t\t<\/div>\n\t\t<\/section>\n\t\t<div class=\"elementor-element elementor-element-440faea e-flex e-con-boxed e-con e-parent\" data-id=\"440faea\" data-element_type=\"container\" data-e-type=\"container\">\n\t\t\t\t\t<div class=\"e-con-inner\">\n\t\t\t\t<div class=\"elementor-element elementor-element-73390a8 elementor-widget elementor-widget-spacer\" data-id=\"73390a8\" data-element_type=\"widget\" data-e-type=\"widget\" data-widget_type=\"spacer.default\">\n\t\t\t\t<div class=\"elementor-widget-container\">\n\t\t\t\t\t\t\t<div class=\"elementor-spacer\">\n\t\t\t<div class=\"elementor-spacer-inner\"><\/div>\n\t\t<\/div>\n\t\t\t\t\t\t<\/div>\n\t\t\t\t<\/div>\n\t\t\t\t\t<\/div>\n\t\t\t\t<\/div>\n\t\t\t\t<section class=\"elementor-section elementor-top-section elementor-element elementor-element-a96a5ca elementor-section-boxed elementor-section-height-default elementor-section-height-default\" data-id=\"a96a5ca\" data-element_type=\"section\" data-e-type=\"section\">\n\t\t\t\t\t\t<div class=\"elementor-container elementor-column-gap-default\">\n\t\t\t\t\t<div class=\"elementor-column elementor-col-100 elementor-top-column elementor-element elementor-element-6c293a2\" data-id=\"6c293a2\" data-element_type=\"column\" data-e-type=\"column\">\n\t\t\t<div class=\"elementor-widget-wrap elementor-element-populated\">\n\t\t\t\t\t\t<div class=\"elementor-element elementor-element-a42edec elementor-widget elementor-widget-image\" data-id=\"a42edec\" data-element_type=\"widget\" data-e-type=\"widget\" data-widget_type=\"image.default\">\n\t\t\t\t<div class=\"elementor-widget-container\">\n\t\t\t\t\t\t\t\t\t\t\t\t\t\t\t<img fetchpriority=\"high\" decoding=\"async\" width=\"800\" height=\"450\" src=\"https:\/\/shw-wm.de\/wp-content\/uploads\/01_1US-Globe_weiss-1024x576.jpg\" class=\"attachment-large size-large wp-image-9793\" alt=\"\" srcset=\"https:\/\/shw-wm.de\/wp-content\/uploads\/01_1US-Globe_weiss-1024x576.jpg 1024w, https:\/\/shw-wm.de\/wp-content\/uploads\/01_1US-Globe_weiss-300x169.jpg 300w, https:\/\/shw-wm.de\/wp-content\/uploads\/01_1US-Globe_weiss-768x432.jpg 768w, https:\/\/shw-wm.de\/wp-content\/uploads\/01_1US-Globe_weiss-1536x864.jpg 1536w, https:\/\/shw-wm.de\/wp-content\/uploads\/01_1US-Globe_weiss-2048x1152.jpg 2048w\" sizes=\"(max-width: 800px) 100vw, 800px\" \/>\t\t\t\t\t\t\t\t\t\t\t\t\t\t\t<\/div>\n\t\t\t\t<\/div>\n\t\t\t\t\t<\/div>\n\t\t<\/div>\n\t\t\t\t\t<\/div>\n\t\t<\/section>\n\t\t\t\t<section class=\"elementor-section elementor-top-section elementor-element elementor-element-c599ef0 elementor-section-boxed elementor-section-height-default elementor-section-height-default\" data-id=\"c599ef0\" data-element_type=\"section\" data-e-type=\"section\">\n\t\t\t\t\t\t<div class=\"elementor-container elementor-column-gap-default\">\n\t\t\t\t\t<div class=\"elementor-column elementor-col-100 elementor-top-column elementor-element elementor-element-cb8c666\" data-id=\"cb8c666\" data-element_type=\"column\" data-e-type=\"column\">\n\t\t\t<div class=\"elementor-widget-wrap elementor-element-populated\">\n\t\t\t\t\t\t<div class=\"elementor-element elementor-element-626610d elementor-widget-divider--view-line elementor-widget elementor-widget-divider\" data-id=\"626610d\" data-element_type=\"widget\" data-e-type=\"widget\" data-widget_type=\"divider.default\">\n\t\t\t\t<div class=\"elementor-widget-container\">\n\t\t\t\t\t\t\t<div class=\"elementor-divider\">\n\t\t\t<span class=\"elementor-divider-separator\">\n\t\t\t\t\t\t<\/span>\n\t\t<\/div>\n\t\t\t\t\t\t<\/div>\n\t\t\t\t<\/div>\n\t\t\t\t\t<\/div>\n\t\t<\/div>\n\t\t\t\t\t<\/div>\n\t\t<\/section>\n\t\t\t\t<section class=\"elementor-section elementor-top-section elementor-element elementor-element-e50a68b elementor-section-boxed elementor-section-height-default elementor-section-height-default\" data-id=\"e50a68b\" data-element_type=\"section\" data-e-type=\"section\">\n\t\t\t\t\t\t<div class=\"elementor-container elementor-column-gap-default\">\n\t\t\t\t\t<div class=\"elementor-column elementor-col-50 elementor-top-column elementor-element elementor-element-deeba14\" data-id=\"deeba14\" data-element_type=\"column\" data-e-type=\"column\">\n\t\t\t<div class=\"elementor-widget-wrap elementor-element-populated\">\n\t\t\t\t\t\t<div class=\"elementor-element elementor-element-dbfca0d elementor-tabs-view-horizontal elementor-widget elementor-widget-tabs\" data-id=\"dbfca0d\" data-element_type=\"widget\" data-e-type=\"widget\" data-widget_type=\"tabs.default\">\n\t\t\t\t<div class=\"elementor-widget-container\">\n\t\t\t\t\t\t\t<div class=\"elementor-tabs\">\n\t\t\t<div class=\"elementor-tabs-wrapper\" role=\"tablist\" >\n\t\t\t\t\t\t\t\t\t<div id=\"elementor-tab-title-2301\" class=\"elementor-tab-title elementor-tab-desktop-title\" aria-selected=\"true\" data-tab=\"1\" role=\"tab\" tabindex=\"0\" aria-controls=\"elementor-tab-content-2301\" aria-expanded=\"false\">DESCRIPCI\u00d3N<\/div>\n\t\t\t\t\t\t\t\t\t<div id=\"elementor-tab-title-2302\" class=\"elementor-tab-title elementor-tab-desktop-title\" aria-selected=\"false\" data-tab=\"2\" role=\"tab\" tabindex=\"-1\" aria-controls=\"elementor-tab-content-2302\" aria-expanded=\"false\">OPCIONES<\/div>\n\t\t\t\t\t\t\t\t\t<div id=\"elementor-tab-title-2303\" class=\"elementor-tab-title elementor-tab-desktop-title\" aria-selected=\"false\" data-tab=\"3\" role=\"tab\" tabindex=\"-1\" aria-controls=\"elementor-tab-content-2303\" aria-expanded=\"false\">DESCARGAS<\/div>\n\t\t\t\t\t\t\t<\/div>\n\t\t\t<div class=\"elementor-tabs-content-wrapper\" role=\"tablist\" aria-orientation=\"vertical\">\n\t\t\t\t\t\t\t\t\t<div class=\"elementor-tab-title elementor-tab-mobile-title\" aria-selected=\"true\" data-tab=\"1\" role=\"tab\" tabindex=\"0\" aria-controls=\"elementor-tab-content-2301\" aria-expanded=\"false\">DESCRIPCI\u00d3N<\/div>\n\t\t\t\t\t<div id=\"elementor-tab-content-2301\" class=\"elementor-tab-content elementor-clearfix\" data-tab=\"1\" role=\"tabpanel\" aria-labelledby=\"elementor-tab-title-2301\" tabindex=\"0\" hidden=\"false\"><p>La UniSpeed Globe es la m\u00e1quina polivalente definitiva para los exigentes requisitos del mecanizado pesado. Este centro de mecanizado de 6 ejes de \u00faltima generaci\u00f3n tambi\u00e9n ofrece una opci\u00f3n de torneado, por lo que es perfecto para abordar todas tus tareas de mecanizado con facilidad. <\/p>\n<p>Gracias al exclusivo cabezal de fresado universal de dise\u00f1o ortogonal -ambos ejes del cabezal de fresado, dentados en hilera de 1\u00ba- tienes a tu disposici\u00f3n la asombrosa cifra de 64.800 posiciones de mecanizado. Esta extraordinaria versatilidad te permite mecanizar incluso las piezas m\u00e1s complejas con la m\u00e1xima precisi\u00f3n. <\/p>\n<p>La UniSpeed Globe tambi\u00e9n impresiona por su bastidor h\u00edbrido resistente a la torsi\u00f3n, que permite nivelarla en suelos de naves est\u00e1ndar. Esto no s\u00f3lo mejora la estabilidad, sino que tambi\u00e9n hace que la m\u00e1quina sea m\u00e1s f\u00e1cil de manejar y manejar. <\/p>\n<p>En resumen, la UniSpeed Globe combina una tecnolog\u00eda potente, una precisi\u00f3n impresionante y una facilidad de uso \u00f3ptima en una unidad compacta. Sea cual sea el reto al que te enfrentes, esta m\u00e1quina est\u00e1 preparada para llevar tus procesos de producci\u00f3n a un nuevo nivel. <\/p>\n<\/div>\n\t\t\t\t\t\t\t\t\t<div class=\"elementor-tab-title elementor-tab-mobile-title\" aria-selected=\"false\" data-tab=\"2\" role=\"tab\" tabindex=\"-1\" aria-controls=\"elementor-tab-content-2302\" aria-expanded=\"false\">OPCIONES<\/div>\n\t\t\t\t\t<div id=\"elementor-tab-content-2302\" class=\"elementor-tab-content elementor-clearfix\" data-tab=\"2\" role=\"tabpanel\" aria-labelledby=\"elementor-tab-title-2302\" tabindex=\"0\" hidden=\"hidden\"><h2>Globo UniSpeed<\/h2>\n<p>Compacto y universal<\/p>\n<p>El centro de mecanizado compacto de 5 ejes, UniSpeed Globe, <br \/>es el todoterreno para el mecanizado pesado<\/p>\n<ul>\n<li><strong>Ideal para resolver tus tareas de mecanizado.<\/strong><\/li>\n<\/ul>\n<h2><strong>Datos t\u00e9cnicos<\/strong><\/h2>\n<p>El <strong>cabezal de fresado universal<\/strong> de dise\u00f1o ortogonal, ambos ejes del cabezal de fresado con dentado hiliar de 1\u00b0, permite hasta 64.000 posiciones de mecanizado.<\/p>\n<ul>\n<li><strong>Par de<\/strong> hasta 875 Nm<\/li>\n<li><strong>Velocidad<\/strong> hasta 6.000 min-1<\/li>\n<li><strong>Mesa de sujeci\u00f3n<\/strong> 2.000 x 1.600 mm o<strong> mesa giratoria<\/strong> \u00d8 1.600 mm, 8 toneladas<\/li>\n<li><strong>Cambiador de<\/strong> herramientas con hasta 90 herramientas<\/li>\n<li><strong>Filtro compacto<\/strong> de 950 l \/ 40 bar IKZ<\/li>\n<li><strong>Nivel de pasillo Instalaci\u00f3n<\/strong> en suelos de naves industriales est\u00e1ndar gracias al bastidor h\u00edbrido resistente a la torsi\u00f3n<\/li>\n<li>\u00daltima <strong>generaci\u00f3n de control<\/strong> Heidenhain TNC 640 \/ Siemens 840D sl<\/li>\n<\/ul>\n<\/div>\n\t\t\t\t\t\t\t\t\t<div class=\"elementor-tab-title elementor-tab-mobile-title\" aria-selected=\"false\" data-tab=\"3\" role=\"tab\" tabindex=\"-1\" aria-controls=\"elementor-tab-content-2303\" aria-expanded=\"false\">DESCARGAS<\/div>\n\t\t\t\t\t<div id=\"elementor-tab-content-2303\" class=\"elementor-tab-content elementor-clearfix\" data-tab=\"3\" role=\"tabpanel\" aria-labelledby=\"elementor-tab-title-2303\" tabindex=\"0\" hidden=\"hidden\"><p><strong>Folleto del producto<\/strong><\/p>\n<ul>\n<li><a href=\"https:\/\/shw-wm.de\/wp-content\/uploads\/20220117US-Globe_aktualisiert_Dispo_post.pdf\" target=\"_blank\" rel=\"noopener\">Ficha t\u00e9cnica<\/a><\/li>\n<\/ul>\n<\/div>\n\t\t\t\t\t\t\t<\/div>\n\t\t<\/div>\n\t\t\t\t\t\t<\/div>\n\t\t\t\t<\/div>\n\t\t\t\t\t<\/div>\n\t\t<\/div>\n\t\t\t\t<div class=\"elementor-column elementor-col-50 elementor-top-column elementor-element elementor-element-72e506b\" data-id=\"72e506b\" data-element_type=\"column\" data-e-type=\"column\">\n\t\t\t<div class=\"elementor-widget-wrap elementor-element-populated\">\n\t\t\t\t\t\t<div class=\"elementor-element elementor-element-e0b1e35 elementor-widget elementor-widget-video\" data-id=\"e0b1e35\" data-element_type=\"widget\" data-e-type=\"widget\" data-settings=\"{&quot;youtube_url&quot;:&quot;https:\\\/\\\/www.youtube.com\\\/watch?v=P5ZdB_WE0YI&quot;,&quot;autoplay&quot;:&quot;yes&quot;,&quot;play_on_mobile&quot;:&quot;yes&quot;,&quot;mute&quot;:&quot;yes&quot;,&quot;loop&quot;:&quot;yes&quot;,&quot;video_type&quot;:&quot;youtube&quot;,&quot;controls&quot;:&quot;yes&quot;}\" data-widget_type=\"video.default\">\n\t\t\t\t<div class=\"elementor-widget-container\">\n\t\t\t\t\t\t\t<div class=\"elementor-wrapper elementor-open-inline\">\n\t\t\t<div class=\"elementor-video\"><\/div>\t\t<\/div>\n\t\t\t\t\t\t<\/div>\n\t\t\t\t<\/div>\n\t\t\t\t\t<\/div>\n\t\t<\/div>\n\t\t\t\t\t<\/div>\n\t\t<\/section>\n\t\t\t\t<section class=\"elementor-section elementor-top-section elementor-element elementor-element-9d65f1e elementor-section-boxed elementor-section-height-default elementor-section-height-default\" data-id=\"9d65f1e\" data-element_type=\"section\" data-e-type=\"section\">\n\t\t\t\t\t\t<div class=\"elementor-container elementor-column-gap-default\">\n\t\t\t\t\t<div class=\"elementor-column elementor-col-100 elementor-top-column elementor-element elementor-element-89d5ca3\" data-id=\"89d5ca3\" data-element_type=\"column\" data-e-type=\"column\">\n\t\t\t<div class=\"elementor-widget-wrap elementor-element-populated\">\n\t\t\t\t\t\t<div class=\"elementor-element elementor-element-788d9ad elementor-widget elementor-widget-spacer\" data-id=\"788d9ad\" data-element_type=\"widget\" data-e-type=\"widget\" data-widget_type=\"spacer.default\">\n\t\t\t\t<div class=\"elementor-widget-container\">\n\t\t\t\t\t\t\t<div class=\"elementor-spacer\">\n\t\t\t<div class=\"elementor-spacer-inner\"><\/div>\n\t\t<\/div>\n\t\t\t\t\t\t<\/div>\n\t\t\t\t<\/div>\n\t\t\t\t\t<\/div>\n\t\t<\/div>\n\t\t\t\t\t<\/div>\n\t\t<\/section>\n\t\t\t\t<\/div>\n\t\t","protected":false},"excerpt":{"rendered":"<p>UniSpeed GLOBE DESCRIPCI\u00d3N OPCIONES DESCARGAS DESCRIPCI\u00d3N La UniSpeed Globe es la m\u00e1quina polivalente definitiva para los exigentes requisitos del mecanizado pesado. Este centro de mecanizado de 6 ejes de \u00faltima generaci\u00f3n tambi\u00e9n ofrece una opci\u00f3n de torneado, por lo que es perfecto para abordar todas tus tareas de mecanizado con facilidad. Gracias al exclusivo cabezal [&hellip;]<\/p>\n","protected":false},"author":4,"featured_media":0,"parent":17236,"menu_order":0,"comment_status":"closed","ping_status":"closed","template":"","meta":{"footnotes":""},"class_list":["post-17337","page","type-page","status-publish","hentry"],"yoast_head":"<!-- This site is optimized with the Yoast SEO plugin v27.4 - https:\/\/yoast.com\/product\/yoast-seo-wordpress\/ -->\n<title>Globo UniSpeed | SHW - Werkzeugmaschinen<\/title>\n<meta name=\"robots\" content=\"index, follow, max-snippet:-1, max-image-preview:large, max-video-preview:-1\" \/>\n<link rel=\"canonical\" href=\"https:\/\/shw-wm.de\/es\/maquinas-de-columna-movil\/globo-unispeed\/\" \/>\n<meta property=\"og:locale\" content=\"es_ES\" \/>\n<meta property=\"og:type\" content=\"article\" \/>\n<meta property=\"og:title\" content=\"Globo UniSpeed | SHW - Werkzeugmaschinen\" \/>\n<meta property=\"og:description\" content=\"UniSpeed GLOBE DESCRIPCI\u00d3N OPCIONES DESCARGAS DESCRIPCI\u00d3N La UniSpeed Globe es la m\u00e1quina polivalente definitiva para los exigentes requisitos del mecanizado pesado. Este centro de mecanizado de 6 ejes de \u00faltima generaci\u00f3n tambi\u00e9n ofrece una opci\u00f3n de torneado, por lo que es perfecto para abordar todas tus tareas de mecanizado con facilidad. Gracias al exclusivo cabezal [&hellip;]\" \/>\n<meta property=\"og:url\" content=\"https:\/\/shw-wm.de\/es\/maquinas-de-columna-movil\/globo-unispeed\/\" \/>\n<meta property=\"og:site_name\" content=\"SHW - Werkzeugmaschinen\" \/>\n<meta property=\"article:publisher\" content=\"https:\/\/www.facebook.com\/SHWWM\" \/>\n<meta property=\"article:modified_time\" content=\"2025-10-13T12:34:02+00:00\" \/>\n<meta property=\"og:image\" content=\"https:\/\/shw-wm.de\/wp-content\/uploads\/01_1US-Globe_weiss-scaled.jpg\" \/>\n\t<meta property=\"og:image:width\" content=\"2560\" \/>\n\t<meta property=\"og:image:height\" content=\"1440\" \/>\n\t<meta property=\"og:image:type\" content=\"image\/jpeg\" \/>\n<meta name=\"twitter:card\" content=\"summary_large_image\" \/>\n<meta name=\"twitter:site\" content=\"@SHW_WM_Gmbh\" \/>\n<meta name=\"twitter:label1\" content=\"Tiempo de lectura\" \/>\n\t<meta name=\"twitter:data1\" content=\"2 minutos\" \/>\n<script type=\"application\/ld+json\" class=\"yoast-schema-graph\">{\"@context\":\"https:\\\/\\\/schema.org\",\"@graph\":[{\"@type\":\"WebPage\",\"@id\":\"https:\\\/\\\/shw-wm.de\\\/es\\\/maquinas-de-columna-movil\\\/globo-unispeed\\\/\",\"url\":\"https:\\\/\\\/shw-wm.de\\\/es\\\/maquinas-de-columna-movil\\\/globo-unispeed\\\/\",\"name\":\"Globo UniSpeed | SHW - Werkzeugmaschinen\",\"isPartOf\":{\"@id\":\"https:\\\/\\\/shw-wm.de\\\/#website\"},\"primaryImageOfPage\":{\"@id\":\"https:\\\/\\\/shw-wm.de\\\/es\\\/maquinas-de-columna-movil\\\/globo-unispeed\\\/#primaryimage\"},\"image\":{\"@id\":\"https:\\\/\\\/shw-wm.de\\\/es\\\/maquinas-de-columna-movil\\\/globo-unispeed\\\/#primaryimage\"},\"thumbnailUrl\":\"https:\\\/\\\/shw-wm.de\\\/wp-content\\\/uploads\\\/01_1US-Globe_weiss-1024x576.jpg\",\"datePublished\":\"2021-04-21T13:15:25+00:00\",\"dateModified\":\"2025-10-13T12:34:02+00:00\",\"breadcrumb\":{\"@id\":\"https:\\\/\\\/shw-wm.de\\\/es\\\/maquinas-de-columna-movil\\\/globo-unispeed\\\/#breadcrumb\"},\"inLanguage\":\"es\",\"potentialAction\":[{\"@type\":\"ReadAction\",\"target\":[\"https:\\\/\\\/shw-wm.de\\\/es\\\/maquinas-de-columna-movil\\\/globo-unispeed\\\/\"]}]},{\"@type\":\"ImageObject\",\"inLanguage\":\"es\",\"@id\":\"https:\\\/\\\/shw-wm.de\\\/es\\\/maquinas-de-columna-movil\\\/globo-unispeed\\\/#primaryimage\",\"url\":\"https:\\\/\\\/shw-wm.de\\\/wp-content\\\/uploads\\\/01_1US-Globe_weiss-1024x576.jpg\",\"contentUrl\":\"https:\\\/\\\/shw-wm.de\\\/wp-content\\\/uploads\\\/01_1US-Globe_weiss-1024x576.jpg\"},{\"@type\":\"BreadcrumbList\",\"@id\":\"https:\\\/\\\/shw-wm.de\\\/es\\\/maquinas-de-columna-movil\\\/globo-unispeed\\\/#breadcrumb\",\"itemListElement\":[{\"@type\":\"ListItem\",\"position\":1,\"name\":\"Home\",\"item\":\"https:\\\/\\\/shw-wm.de\\\/es\\\/inicio\\\/\"},{\"@type\":\"ListItem\",\"position\":2,\"name\":\"M\u00e1quinas de columna m\u00f3vil\",\"item\":\"https:\\\/\\\/shw-wm.de\\\/es\\\/maquinas-de-columna-movil\\\/\"},{\"@type\":\"ListItem\",\"position\":3,\"name\":\"Globo UniSpeed\"}]},{\"@type\":\"WebSite\",\"@id\":\"https:\\\/\\\/shw-wm.de\\\/#website\",\"url\":\"https:\\\/\\\/shw-wm.de\\\/\",\"name\":\"SHW - Werkzeugmaschinen\",\"description\":\"Hersteller von Fahrst\u00e4ndermaschinen\",\"publisher\":{\"@id\":\"https:\\\/\\\/shw-wm.de\\\/#organization\"},\"potentialAction\":[{\"@type\":\"SearchAction\",\"target\":{\"@type\":\"EntryPoint\",\"urlTemplate\":\"https:\\\/\\\/shw-wm.de\\\/?s={search_term_string}\"},\"query-input\":{\"@type\":\"PropertyValueSpecification\",\"valueRequired\":true,\"valueName\":\"search_term_string\"}}],\"inLanguage\":\"es\"},{\"@type\":\"Organization\",\"@id\":\"https:\\\/\\\/shw-wm.de\\\/#organization\",\"name\":\"SHW - M\u00e1quinas herramienta\",\"url\":\"https:\\\/\\\/shw-wm.de\\\/\",\"logo\":{\"@type\":\"ImageObject\",\"inLanguage\":\"es\",\"@id\":\"https:\\\/\\\/shw-wm.de\\\/#\\\/schema\\\/logo\\\/image\\\/\",\"url\":\"https:\\\/\\\/shw-wm.de\\\/wp-content\\\/uploads\\\/2021_Logo_mit_Flagge-1.jpg\",\"contentUrl\":\"https:\\\/\\\/shw-wm.de\\\/wp-content\\\/uploads\\\/2021_Logo_mit_Flagge-1.jpg\",\"width\":275,\"height\":119,\"caption\":\"SHW - M\u00e1quinas herramienta\"},\"image\":{\"@id\":\"https:\\\/\\\/shw-wm.de\\\/#\\\/schema\\\/logo\\\/image\\\/\"},\"sameAs\":[\"https:\\\/\\\/www.facebook.com\\\/SHWWM\",\"https:\\\/\\\/x.com\\\/SHW_WM_Gmbh\",\"https:\\\/\\\/www.instagram.com\\\/shw_werkzeugmaschinen\\\/\",\"https:\\\/\\\/www.youtube.com\\\/@SHWWerkzeugmaschinen\"]}]}<\/script>\n<!-- \/ Yoast SEO plugin. -->","yoast_head_json":{"title":"Globo UniSpeed | SHW - Werkzeugmaschinen","robots":{"index":"index","follow":"follow","max-snippet":"max-snippet:-1","max-image-preview":"max-image-preview:large","max-video-preview":"max-video-preview:-1"},"canonical":"https:\/\/shw-wm.de\/es\/maquinas-de-columna-movil\/globo-unispeed\/","og_locale":"es_ES","og_type":"article","og_title":"Globo UniSpeed | SHW - Werkzeugmaschinen","og_description":"UniSpeed GLOBE DESCRIPCI\u00d3N OPCIONES DESCARGAS DESCRIPCI\u00d3N La UniSpeed Globe es la m\u00e1quina polivalente definitiva para los exigentes requisitos del mecanizado pesado. Este centro de mecanizado de 6 ejes de \u00faltima generaci\u00f3n tambi\u00e9n ofrece una opci\u00f3n de torneado, por lo que es perfecto para abordar todas tus tareas de mecanizado con facilidad. Gracias al exclusivo cabezal [&hellip;]","og_url":"https:\/\/shw-wm.de\/es\/maquinas-de-columna-movil\/globo-unispeed\/","og_site_name":"SHW - Werkzeugmaschinen","article_publisher":"https:\/\/www.facebook.com\/SHWWM","article_modified_time":"2025-10-13T12:34:02+00:00","og_image":[{"width":2560,"height":1440,"url":"https:\/\/shw-wm.de\/wp-content\/uploads\/01_1US-Globe_weiss-scaled.jpg","type":"image\/jpeg"}],"twitter_card":"summary_large_image","twitter_site":"@SHW_WM_Gmbh","twitter_misc":{"Tiempo de lectura":"2 minutos"},"schema":{"@context":"https:\/\/schema.org","@graph":[{"@type":"WebPage","@id":"https:\/\/shw-wm.de\/es\/maquinas-de-columna-movil\/globo-unispeed\/","url":"https:\/\/shw-wm.de\/es\/maquinas-de-columna-movil\/globo-unispeed\/","name":"Globo UniSpeed | SHW - Werkzeugmaschinen","isPartOf":{"@id":"https:\/\/shw-wm.de\/#website"},"primaryImageOfPage":{"@id":"https:\/\/shw-wm.de\/es\/maquinas-de-columna-movil\/globo-unispeed\/#primaryimage"},"image":{"@id":"https:\/\/shw-wm.de\/es\/maquinas-de-columna-movil\/globo-unispeed\/#primaryimage"},"thumbnailUrl":"https:\/\/shw-wm.de\/wp-content\/uploads\/01_1US-Globe_weiss-1024x576.jpg","datePublished":"2021-04-21T13:15:25+00:00","dateModified":"2025-10-13T12:34:02+00:00","breadcrumb":{"@id":"https:\/\/shw-wm.de\/es\/maquinas-de-columna-movil\/globo-unispeed\/#breadcrumb"},"inLanguage":"es","potentialAction":[{"@type":"ReadAction","target":["https:\/\/shw-wm.de\/es\/maquinas-de-columna-movil\/globo-unispeed\/"]}]},{"@type":"ImageObject","inLanguage":"es","@id":"https:\/\/shw-wm.de\/es\/maquinas-de-columna-movil\/globo-unispeed\/#primaryimage","url":"https:\/\/shw-wm.de\/wp-content\/uploads\/01_1US-Globe_weiss-1024x576.jpg","contentUrl":"https:\/\/shw-wm.de\/wp-content\/uploads\/01_1US-Globe_weiss-1024x576.jpg"},{"@type":"BreadcrumbList","@id":"https:\/\/shw-wm.de\/es\/maquinas-de-columna-movil\/globo-unispeed\/#breadcrumb","itemListElement":[{"@type":"ListItem","position":1,"name":"Home","item":"https:\/\/shw-wm.de\/es\/inicio\/"},{"@type":"ListItem","position":2,"name":"M\u00e1quinas de columna m\u00f3vil","item":"https:\/\/shw-wm.de\/es\/maquinas-de-columna-movil\/"},{"@type":"ListItem","position":3,"name":"Globo UniSpeed"}]},{"@type":"WebSite","@id":"https:\/\/shw-wm.de\/#website","url":"https:\/\/shw-wm.de\/","name":"SHW - Werkzeugmaschinen","description":"Hersteller von Fahrst\u00e4ndermaschinen","publisher":{"@id":"https:\/\/shw-wm.de\/#organization"},"potentialAction":[{"@type":"SearchAction","target":{"@type":"EntryPoint","urlTemplate":"https:\/\/shw-wm.de\/?s={search_term_string}"},"query-input":{"@type":"PropertyValueSpecification","valueRequired":true,"valueName":"search_term_string"}}],"inLanguage":"es"},{"@type":"Organization","@id":"https:\/\/shw-wm.de\/#organization","name":"SHW - M\u00e1quinas herramienta","url":"https:\/\/shw-wm.de\/","logo":{"@type":"ImageObject","inLanguage":"es","@id":"https:\/\/shw-wm.de\/#\/schema\/logo\/image\/","url":"https:\/\/shw-wm.de\/wp-content\/uploads\/2021_Logo_mit_Flagge-1.jpg","contentUrl":"https:\/\/shw-wm.de\/wp-content\/uploads\/2021_Logo_mit_Flagge-1.jpg","width":275,"height":119,"caption":"SHW - M\u00e1quinas herramienta"},"image":{"@id":"https:\/\/shw-wm.de\/#\/schema\/logo\/image\/"},"sameAs":["https:\/\/www.facebook.com\/SHWWM","https:\/\/x.com\/SHW_WM_Gmbh","https:\/\/www.instagram.com\/shw_werkzeugmaschinen\/","https:\/\/www.youtube.com\/@SHWWerkzeugmaschinen"]}]}},"_links":{"self":[{"href":"https:\/\/shw-wm.de\/es\/wp-json\/wp\/v2\/pages\/17337","targetHints":{"allow":["GET"]}}],"collection":[{"href":"https:\/\/shw-wm.de\/es\/wp-json\/wp\/v2\/pages"}],"about":[{"href":"https:\/\/shw-wm.de\/es\/wp-json\/wp\/v2\/types\/page"}],"author":[{"embeddable":true,"href":"https:\/\/shw-wm.de\/es\/wp-json\/wp\/v2\/users\/4"}],"replies":[{"embeddable":true,"href":"https:\/\/shw-wm.de\/es\/wp-json\/wp\/v2\/comments?post=17337"}],"version-history":[{"count":1,"href":"https:\/\/shw-wm.de\/es\/wp-json\/wp\/v2\/pages\/17337\/revisions"}],"predecessor-version":[{"id":17338,"href":"https:\/\/shw-wm.de\/es\/wp-json\/wp\/v2\/pages\/17337\/revisions\/17338"}],"up":[{"embeddable":true,"href":"https:\/\/shw-wm.de\/es\/wp-json\/wp\/v2\/pages\/17236"}],"wp:attachment":[{"href":"https:\/\/shw-wm.de\/es\/wp-json\/wp\/v2\/media?parent=17337"}],"curies":[{"name":"wp","href":"https:\/\/api.w.org\/{rel}","templated":true}]}}