{"id":17521,"date":"2019-05-16T13:10:08","date_gmt":"2019-05-16T11:10:08","guid":{"rendered":"https:\/\/shw-wm.de\/servicio\/mercado-de-maquinas-shw\/"},"modified":"2026-03-09T07:55:29","modified_gmt":"2026-03-09T06:55:29","slug":"mercado-de-maquinas-shw","status":"publish","type":"page","link":"https:\/\/shw-wm.de\/es\/servicio\/mercado-de-maquinas-shw\/","title":{"rendered":"Mercado de m\u00e1quinas SHW"},"content":{"rendered":"\t\t<div data-elementor-type=\"wp-page\" data-elementor-id=\"17521\" class=\"elementor elementor-17521 elementor-7485\" data-elementor-post-type=\"page\">\n\t\t\t\t\t\t<section class=\"elementor-section elementor-top-section elementor-element elementor-element-37cd5ccd elementor-section-boxed elementor-section-height-default elementor-section-height-default\" data-id=\"37cd5ccd\" data-element_type=\"section\" data-e-type=\"section\" data-settings=\"{&quot;background_background&quot;:&quot;classic&quot;}\">\n\t\t\t\t\t\t<div class=\"elementor-container elementor-column-gap-default\">\n\t\t\t\t\t<div class=\"elementor-column elementor-col-100 elementor-top-column elementor-element elementor-element-179c054a\" data-id=\"179c054a\" data-element_type=\"column\" data-e-type=\"column\">\n\t\t\t<div class=\"elementor-widget-wrap elementor-element-populated\">\n\t\t\t\t\t\t<div class=\"elementor-element elementor-element-15fa6b46 elementor-widget elementor-widget-heading\" data-id=\"15fa6b46\" data-element_type=\"widget\" data-e-type=\"widget\" data-widget_type=\"heading.default\">\n\t\t\t\t<div class=\"elementor-widget-container\">\n\t\t\t\t\t<h2 class=\"elementor-heading-title elementor-size-default\">Mercado de m\u00e1quinas SHW<\/h2>\t\t\t\t<\/div>\n\t\t\t\t<\/div>\n\t\t\t\t\t<\/div>\n\t\t<\/div>\n\t\t\t\t\t<\/div>\n\t\t<\/section>\n\t\t<div class=\"elementor-element elementor-element-3148836 e-grid e-con-boxed e-con e-parent\" data-id=\"3148836\" data-element_type=\"container\" data-e-type=\"container\">\n\t\t\t\t\t<div class=\"e-con-inner\">\n\t\t<div class=\"elementor-element elementor-element-717a546 e-con-full e-flex e-con e-child\" data-id=\"717a546\" data-element_type=\"container\" data-e-type=\"container\">\n\t\t\t\t<div class=\"elementor-element elementor-element-0762547 elementor-widget elementor-widget-heading\" data-id=\"0762547\" data-element_type=\"widget\" data-e-type=\"widget\" data-widget_type=\"heading.default\">\n\t\t\t\t<div class=\"elementor-widget-container\">\n\t\t\t\t\t<h2 class=\"elementor-heading-title elementor-size-default\">PowerSpeed 5C  <\/h2>\t\t\t\t<\/div>\n\t\t\t\t<\/div>\n\t\t\t\t<div class=\"elementor-element elementor-element-a67e3d6 elementor-widget elementor-widget-image\" data-id=\"a67e3d6\" data-element_type=\"widget\" data-e-type=\"widget\" data-widget_type=\"image.default\">\n\t\t\t\t<div class=\"elementor-widget-container\">\n\t\t\t\t\t\t\t\t\t\t\t\t\t\t\t\t<a href=\"https:\/\/shw-wm.de\/es\/venta-de-maquinas\/powerspeed-5c\/\">\n\t\t\t\t\t\t\t<img fetchpriority=\"high\" decoding=\"async\" width=\"800\" height=\"580\" src=\"https:\/\/shw-wm.de\/wp-content\/uploads\/IMG_9012-2-1024x742.jpg\" class=\"attachment-large size-large wp-image-18979\" alt=\"\" srcset=\"https:\/\/shw-wm.de\/wp-content\/uploads\/IMG_9012-2-1024x742.jpg 1024w, https:\/\/shw-wm.de\/wp-content\/uploads\/IMG_9012-2-300x217.jpg 300w, https:\/\/shw-wm.de\/wp-content\/uploads\/IMG_9012-2-768x556.jpg 768w, https:\/\/shw-wm.de\/wp-content\/uploads\/IMG_9012-2-1536x1113.jpg 1536w, https:\/\/shw-wm.de\/wp-content\/uploads\/IMG_9012-2-600x435.jpg 600w, https:\/\/shw-wm.de\/wp-content\/uploads\/IMG_9012-2.jpg 1600w\" sizes=\"(max-width: 800px) 100vw, 800px\" \/>\t\t\t\t\t\t\t\t<\/a>\n\t\t\t\t\t\t\t\t\t\t\t\t\t\t\t<\/div>\n\t\t\t\t<\/div>\n\t\t\t\t<\/div>\n\t\t<div class=\"elementor-element elementor-element-bf7c781 e-con-full e-flex e-con e-child\" data-id=\"bf7c781\" data-element_type=\"container\" data-e-type=\"container\">\n\t\t<div class=\"elementor-element elementor-element-c964fe8 e-con-full e-flex e-con e-child\" data-id=\"c964fe8\" data-element_type=\"container\" data-e-type=\"container\">\n\t\t\t\t<div class=\"elementor-element elementor-element-5bda833 elementor-widget elementor-widget-heading\" data-id=\"5bda833\" data-element_type=\"widget\" data-e-type=\"widget\" data-widget_type=\"heading.default\">\n\t\t\t\t<div class=\"elementor-widget-container\">\n\t\t\t\t\t<h2 class=\"elementor-heading-title elementor-size-default\"><span style=\"font-size: 2rem\">UniSpeed 5T<\/span><\/h2>\t\t\t\t<\/div>\n\t\t\t\t<\/div>\n\t\t\t\t<div class=\"elementor-element elementor-element-efd0d91 elementor-widget elementor-widget-image\" data-id=\"efd0d91\" data-element_type=\"widget\" data-e-type=\"widget\" data-widget_type=\"image.default\">\n\t\t\t\t<div class=\"elementor-widget-container\">\n\t\t\t\t\t\t\t\t\t\t\t\t\t\t\t\t<a href=\"https:\/\/shw-wm.de\/es\/venta-de-maquinas\/unispeed-5t\/\">\n\t\t\t\t\t\t\t<img decoding=\"async\" width=\"800\" height=\"641\" src=\"https:\/\/shw-wm.de\/wp-content\/uploads\/2025-04-22_08-52-18_240-1024x820.jpg\" class=\"attachment-large size-large wp-image-17494\" alt=\"\" srcset=\"https:\/\/shw-wm.de\/wp-content\/uploads\/2025-04-22_08-52-18_240-1024x820.jpg 1024w, https:\/\/shw-wm.de\/wp-content\/uploads\/2025-04-22_08-52-18_240-300x240.jpg 300w, https:\/\/shw-wm.de\/wp-content\/uploads\/2025-04-22_08-52-18_240-768x615.jpg 768w, https:\/\/shw-wm.de\/wp-content\/uploads\/2025-04-22_08-52-18_240-1536x1230.jpg 1536w, https:\/\/shw-wm.de\/wp-content\/uploads\/2025-04-22_08-52-18_240-2048x1640.jpg 2048w\" sizes=\"(max-width: 800px) 100vw, 800px\" \/>\t\t\t\t\t\t\t\t<\/a>\n\t\t\t\t\t\t\t\t\t\t\t\t\t\t\t<\/div>\n\t\t\t\t<\/div>\n\t\t\t\t<\/div>\n\t\t\t\t<\/div>\n\t\t<div class=\"elementor-element elementor-element-d2aa2dc e-con-full e-flex e-con e-child\" data-id=\"d2aa2dc\" data-element_type=\"container\" data-e-type=\"container\">\n\t\t<div class=\"elementor-element elementor-element-2f878ee e-con-full e-flex e-con e-child\" data-id=\"2f878ee\" data-element_type=\"container\" data-e-type=\"container\">\n\t\t\t\t<div class=\"elementor-element elementor-element-33b6ddc elementor-widget elementor-widget-heading\" data-id=\"33b6ddc\" data-element_type=\"widget\" data-e-type=\"widget\" data-widget_type=\"heading.default\">\n\t\t\t\t<div class=\"elementor-widget-container\">\n\t\t\t\t\t<h2 class=\"elementor-heading-title elementor-size-default\">Matec 40HV<\/h2>\t\t\t\t<\/div>\n\t\t\t\t<\/div>\n\t\t\t\t<div class=\"elementor-element elementor-element-56711ac elementor-widget elementor-widget-image\" data-id=\"56711ac\" data-element_type=\"widget\" data-e-type=\"widget\" data-widget_type=\"image.default\">\n\t\t\t\t<div class=\"elementor-widget-container\">\n\t\t\t\t\t\t\t\t\t\t\t\t\t\t\t\t<a href=\"https:\/\/shw-wm.de\/es\/venta-de-maquinas\/matec-40hv\/\">\n\t\t\t\t\t\t\t<img decoding=\"async\" width=\"360\" height=\"215\" src=\"https:\/\/shw-wm.de\/wp-content\/uploads\/matec-40hv.jpeg\" class=\"attachment-large size-large wp-image-18993\" alt=\"\" srcset=\"https:\/\/shw-wm.de\/wp-content\/uploads\/matec-40hv.jpeg 360w, https:\/\/shw-wm.de\/wp-content\/uploads\/matec-40hv-300x179.jpeg 300w\" sizes=\"(max-width: 360px) 100vw, 360px\" \/>\t\t\t\t\t\t\t\t<\/a>\n\t\t\t\t\t\t\t\t\t\t\t\t\t\t\t<\/div>\n\t\t\t\t<\/div>\n\t\t\t\t<\/div>\n\t\t\t\t<\/div>\n\t\t<div class=\"elementor-element elementor-element-82caefe e-con-full e-flex e-con e-child\" data-id=\"82caefe\" data-element_type=\"container\" data-e-type=\"container\">\n\t\t<div class=\"elementor-element elementor-element-9064bef e-con-full e-flex e-con e-child\" data-id=\"9064bef\" data-element_type=\"container\" data-e-type=\"container\">\n\t\t\t\t<div class=\"elementor-element elementor-element-024dbfd elementor-widget elementor-widget-heading\" data-id=\"024dbfd\" data-element_type=\"widget\" data-e-type=\"widget\" data-widget_type=\"heading.default\">\n\t\t\t\t<div class=\"elementor-widget-container\">\n\t\t\t\t\t<h2 class=\"elementor-heading-title elementor-size-default\">Matec 50HV<\/h2>\t\t\t\t<\/div>\n\t\t\t\t<\/div>\n\t\t\t\t<div class=\"elementor-element elementor-element-e0f3d12 elementor-widget elementor-widget-image\" data-id=\"e0f3d12\" data-element_type=\"widget\" data-e-type=\"widget\" data-widget_type=\"image.default\">\n\t\t\t\t<div class=\"elementor-widget-container\">\n\t\t\t\t\t\t\t\t\t\t\t\t\t\t\t\t<a href=\"https:\/\/shw-wm.de\/es\/venta-de-maquinas\/matec-50hv\/\">\n\t\t\t\t\t\t\t<img loading=\"lazy\" decoding=\"async\" width=\"360\" height=\"215\" src=\"https:\/\/shw-wm.de\/wp-content\/uploads\/matec-50hv.jpeg\" class=\"attachment-large size-large wp-image-18994\" alt=\"\" srcset=\"https:\/\/shw-wm.de\/wp-content\/uploads\/matec-50hv.jpeg 360w, https:\/\/shw-wm.de\/wp-content\/uploads\/matec-50hv-300x179.jpeg 300w\" sizes=\"(max-width: 360px) 100vw, 360px\" \/>\t\t\t\t\t\t\t\t<\/a>\n\t\t\t\t\t\t\t\t\t\t\t\t\t\t\t<\/div>\n\t\t\t\t<\/div>\n\t\t\t\t<\/div>\n\t\t\t\t<\/div>\n\t\t<div class=\"elementor-element elementor-element-66bb669 e-con-full e-flex e-con e-child\" data-id=\"66bb669\" data-element_type=\"container\" data-e-type=\"container\">\n\t\t\t\t<\/div>\n\t\t\t\t\t<\/div>\n\t\t\t\t<\/div>\n\t\t<div class=\"elementor-element elementor-element-5b04fd5 e-flex e-con-boxed e-con e-parent\" data-id=\"5b04fd5\" data-element_type=\"container\" data-e-type=\"container\">\n\t\t\t\t\t<div class=\"e-con-inner\">\n\t\t\t\t<div class=\"elementor-element elementor-element-f79b14d elementor-widget elementor-widget-spacer\" data-id=\"f79b14d\" data-element_type=\"widget\" data-e-type=\"widget\" data-widget_type=\"spacer.default\">\n\t\t\t\t<div class=\"elementor-widget-container\">\n\t\t\t\t\t\t\t<div class=\"elementor-spacer\">\n\t\t\t<div class=\"elementor-spacer-inner\"><\/div>\n\t\t<\/div>\n\t\t\t\t\t\t<\/div>\n\t\t\t\t<\/div>\n\t\t\t\t\t<\/div>\n\t\t\t\t<\/div>\n\t\t<div class=\"elementor-element elementor-element-4ebd05b e-flex e-con-boxed e-con e-parent\" data-id=\"4ebd05b\" data-element_type=\"container\" data-e-type=\"container\">\n\t\t\t\t\t<div class=\"e-con-inner\">\n\t\t\t\t<div class=\"elementor-element elementor-element-81a8383 elementor-widget elementor-widget-heading\" data-id=\"81a8383\" data-element_type=\"widget\" data-e-type=\"widget\" data-widget_type=\"heading.default\">\n\t\t\t\t<div class=\"elementor-widget-container\">\n\t\t\t\t\t<h2 class=\"elementor-heading-title elementor-size-default\"><span>M\u00e1quinas nuevas - disponibles a corto plazo<\/span><span style=\"color: inherit;font-family: inherit;font-size: 2rem\"><\/span><br><\/h2>\t\t\t\t<\/div>\n\t\t\t\t<\/div>\n\t\t<div class=\"elementor-element elementor-element-443adac e-grid e-con-full e-con e-child\" data-id=\"443adac\" data-element_type=\"container\" data-e-type=\"container\">\n\t\t<div class=\"elementor-element elementor-element-4c00e26 e-con-full e-flex e-con e-child\" data-id=\"4c00e26\" data-element_type=\"container\" data-e-type=\"container\">\n\t\t<div class=\"elementor-element elementor-element-529cf5d e-con-full e-flex e-con e-child\" data-id=\"529cf5d\" data-element_type=\"container\" data-e-type=\"container\">\n\t\t\t\t<div class=\"elementor-element elementor-element-e059b13 elementor-widget elementor-widget-heading\" data-id=\"e059b13\" data-element_type=\"widget\" data-e-type=\"widget\" data-widget_type=\"heading.default\">\n\t\t\t\t<div class=\"elementor-widget-container\">\n\t\t\t\t\t<h2 class=\"elementor-heading-title elementor-size-default\">Matec 30HV<br>con mando HEIDENHAIN TNC7<\/h2>\t\t\t\t<\/div>\n\t\t\t\t<\/div>\n\t\t\t\t<div class=\"elementor-element elementor-element-604b269 elementor-widget elementor-widget-image\" data-id=\"604b269\" data-element_type=\"widget\" data-e-type=\"widget\" data-widget_type=\"image.default\">\n\t\t\t\t<div class=\"elementor-widget-container\">\n\t\t\t\t\t\t\t\t\t\t\t\t\t\t\t\t<a href=\"https:\/\/shw-wm.de\/es\/venta-de-maquinas\/matec-30hv-con-unidad-de-control-heidenhain-tnc7\/\">\n\t\t\t\t\t\t\t<img loading=\"lazy\" decoding=\"async\" width=\"360\" height=\"215\" src=\"https:\/\/shw-wm.de\/wp-content\/uploads\/matec-30HV-Heidenhain.jpeg\" class=\"attachment-large size-large wp-image-19064\" alt=\"\" srcset=\"https:\/\/shw-wm.de\/wp-content\/uploads\/matec-30HV-Heidenhain.jpeg 360w, https:\/\/shw-wm.de\/wp-content\/uploads\/matec-30HV-Heidenhain-300x179.jpeg 300w\" sizes=\"(max-width: 360px) 100vw, 360px\" \/>\t\t\t\t\t\t\t\t<\/a>\n\t\t\t\t\t\t\t\t\t\t\t\t\t\t\t<\/div>\n\t\t\t\t<\/div>\n\t\t\t\t<\/div>\n\t\t\t\t<\/div>\n\t\t<div class=\"elementor-element elementor-element-8bcb15f e-con-full e-flex e-con e-child\" data-id=\"8bcb15f\" data-element_type=\"container\" data-e-type=\"container\">\n\t\t<div class=\"elementor-element elementor-element-67c2032 e-con-full e-flex e-con e-child\" data-id=\"67c2032\" data-element_type=\"container\" data-e-type=\"container\">\n\t\t\t\t<div class=\"elementor-element elementor-element-dbcc43f elementor-widget elementor-widget-heading\" data-id=\"dbcc43f\" data-element_type=\"widget\" data-e-type=\"widget\" data-widget_type=\"heading.default\">\n\t\t\t\t<div class=\"elementor-widget-container\">\n\t\t\t\t\t<h2 class=\"elementor-heading-title elementor-size-default\">Matec 30HV<br>con unidad de control SINUMERIK ONE<\/h2>\t\t\t\t<\/div>\n\t\t\t\t<\/div>\n\t\t\t\t<div class=\"elementor-element elementor-element-310453f elementor-widget elementor-widget-image\" data-id=\"310453f\" data-element_type=\"widget\" data-e-type=\"widget\" data-widget_type=\"image.default\">\n\t\t\t\t<div class=\"elementor-widget-container\">\n\t\t\t\t\t\t\t\t\t\t\t\t\t\t\t\t<a href=\"https:\/\/shw-wm.de\/es\/venta-de-maquinas\/matec-30hv-con-unidad-de-control-sinumerik-one\/\">\n\t\t\t\t\t\t\t<img loading=\"lazy\" decoding=\"async\" width=\"360\" height=\"215\" src=\"https:\/\/shw-wm.de\/wp-content\/uploads\/matec-30HV-Sinumerik-one.jpeg\" class=\"attachment-large size-large wp-image-19065\" alt=\"\" srcset=\"https:\/\/shw-wm.de\/wp-content\/uploads\/matec-30HV-Sinumerik-one.jpeg 360w, https:\/\/shw-wm.de\/wp-content\/uploads\/matec-30HV-Sinumerik-one-300x179.jpeg 300w\" sizes=\"(max-width: 360px) 100vw, 360px\" \/>\t\t\t\t\t\t\t\t<\/a>\n\t\t\t\t\t\t\t\t\t\t\t\t\t\t\t<\/div>\n\t\t\t\t<\/div>\n\t\t\t\t<\/div>\n\t\t\t\t<\/div>\n\t\t\t\t<\/div>\n\t\t\t\t\t<\/div>\n\t\t\t\t<\/div>\n\t\t\t\t<\/div>\n\t\t","protected":false},"excerpt":{"rendered":"<p>Mercado de m\u00e1quinas SHW PowerSpeed 5C UniSpeed 5T Matec 40HV Matec 50HV M\u00e1quinas nuevas - disponibles a corto plazo Matec 30HVcon mando HEIDENHAIN TNC7 Matec 30HVcon unidad de control SINUMERIK ONE<\/p>\n","protected":false},"author":3,"featured_media":0,"parent":17255,"menu_order":0,"comment_status":"closed","ping_status":"closed","template":"","meta":{"footnotes":""},"class_list":["post-17521","page","type-page","status-publish","hentry"],"yoast_head":"<!-- This site is optimized with the Yoast SEO plugin v27.4 - https:\/\/yoast.com\/product\/yoast-seo-wordpress\/ -->\n<title>Mercado de m\u00e1quinas SHW | SHW - Werkzeugmaschinen<\/title>\n<meta name=\"robots\" content=\"index, follow, max-snippet:-1, max-image-preview:large, max-video-preview:-1\" \/>\n<link rel=\"canonical\" href=\"https:\/\/shw-wm.de\/es\/servicio\/mercado-de-maquinas-shw\/\" \/>\n<meta property=\"og:locale\" content=\"es_ES\" \/>\n<meta property=\"og:type\" content=\"article\" \/>\n<meta property=\"og:title\" content=\"Mercado de m\u00e1quinas SHW | SHW - Werkzeugmaschinen\" \/>\n<meta property=\"og:description\" content=\"Mercado de m\u00e1quinas SHW PowerSpeed 5C UniSpeed 5T Matec 40HV Matec 50HV M\u00e1quinas nuevas - disponibles a corto plazo Matec 30HVcon mando HEIDENHAIN TNC7 Matec 30HVcon unidad de control SINUMERIK ONE\" \/>\n<meta property=\"og:url\" content=\"https:\/\/shw-wm.de\/es\/servicio\/mercado-de-maquinas-shw\/\" \/>\n<meta property=\"og:site_name\" content=\"SHW - Werkzeugmaschinen\" \/>\n<meta property=\"article:publisher\" content=\"https:\/\/www.facebook.com\/SHWWM\" \/>\n<meta property=\"article:modified_time\" content=\"2026-03-09T06:55:29+00:00\" \/>\n<meta property=\"og:image\" content=\"https:\/\/shw-wm.de\/wp-content\/uploads\/IMG_9012-2.jpg\" \/>\n\t<meta property=\"og:image:width\" content=\"1600\" \/>\n\t<meta property=\"og:image:height\" content=\"1159\" \/>\n\t<meta property=\"og:image:type\" content=\"image\/jpeg\" \/>\n<meta name=\"twitter:card\" content=\"summary_large_image\" \/>\n<meta name=\"twitter:site\" content=\"@SHW_WM_Gmbh\" \/>\n<script type=\"application\/ld+json\" class=\"yoast-schema-graph\">{\"@context\":\"https:\\\/\\\/schema.org\",\"@graph\":[{\"@type\":\"WebPage\",\"@id\":\"https:\\\/\\\/shw-wm.de\\\/es\\\/servicio\\\/mercado-de-maquinas-shw\\\/\",\"url\":\"https:\\\/\\\/shw-wm.de\\\/es\\\/servicio\\\/mercado-de-maquinas-shw\\\/\",\"name\":\"Mercado de m\u00e1quinas SHW | SHW - Werkzeugmaschinen\",\"isPartOf\":{\"@id\":\"https:\\\/\\\/shw-wm.de\\\/#website\"},\"primaryImageOfPage\":{\"@id\":\"https:\\\/\\\/shw-wm.de\\\/es\\\/servicio\\\/mercado-de-maquinas-shw\\\/#primaryimage\"},\"image\":{\"@id\":\"https:\\\/\\\/shw-wm.de\\\/es\\\/servicio\\\/mercado-de-maquinas-shw\\\/#primaryimage\"},\"thumbnailUrl\":\"https:\\\/\\\/shw-wm.de\\\/wp-content\\\/uploads\\\/IMG_9012-2-1024x742.jpg\",\"datePublished\":\"2019-05-16T11:10:08+00:00\",\"dateModified\":\"2026-03-09T06:55:29+00:00\",\"breadcrumb\":{\"@id\":\"https:\\\/\\\/shw-wm.de\\\/es\\\/servicio\\\/mercado-de-maquinas-shw\\\/#breadcrumb\"},\"inLanguage\":\"es\",\"potentialAction\":[{\"@type\":\"ReadAction\",\"target\":[\"https:\\\/\\\/shw-wm.de\\\/es\\\/servicio\\\/mercado-de-maquinas-shw\\\/\"]}]},{\"@type\":\"ImageObject\",\"inLanguage\":\"es\",\"@id\":\"https:\\\/\\\/shw-wm.de\\\/es\\\/servicio\\\/mercado-de-maquinas-shw\\\/#primaryimage\",\"url\":\"https:\\\/\\\/shw-wm.de\\\/wp-content\\\/uploads\\\/IMG_9012-2-1024x742.jpg\",\"contentUrl\":\"https:\\\/\\\/shw-wm.de\\\/wp-content\\\/uploads\\\/IMG_9012-2-1024x742.jpg\"},{\"@type\":\"BreadcrumbList\",\"@id\":\"https:\\\/\\\/shw-wm.de\\\/es\\\/servicio\\\/mercado-de-maquinas-shw\\\/#breadcrumb\",\"itemListElement\":[{\"@type\":\"ListItem\",\"position\":1,\"name\":\"Home\",\"item\":\"https:\\\/\\\/shw-wm.de\\\/es\\\/inicio\\\/\"},{\"@type\":\"ListItem\",\"position\":2,\"name\":\"Servicio\",\"item\":\"https:\\\/\\\/shw-wm.de\\\/es\\\/servicio\\\/\"},{\"@type\":\"ListItem\",\"position\":3,\"name\":\"Mercado de m\u00e1quinas SHW\"}]},{\"@type\":\"WebSite\",\"@id\":\"https:\\\/\\\/shw-wm.de\\\/#website\",\"url\":\"https:\\\/\\\/shw-wm.de\\\/\",\"name\":\"SHW - Werkzeugmaschinen\",\"description\":\"Hersteller von Fahrst\u00e4ndermaschinen\",\"publisher\":{\"@id\":\"https:\\\/\\\/shw-wm.de\\\/#organization\"},\"potentialAction\":[{\"@type\":\"SearchAction\",\"target\":{\"@type\":\"EntryPoint\",\"urlTemplate\":\"https:\\\/\\\/shw-wm.de\\\/?s={search_term_string}\"},\"query-input\":{\"@type\":\"PropertyValueSpecification\",\"valueRequired\":true,\"valueName\":\"search_term_string\"}}],\"inLanguage\":\"es\"},{\"@type\":\"Organization\",\"@id\":\"https:\\\/\\\/shw-wm.de\\\/#organization\",\"name\":\"SHW - M\u00e1quinas herramienta\",\"url\":\"https:\\\/\\\/shw-wm.de\\\/\",\"logo\":{\"@type\":\"ImageObject\",\"inLanguage\":\"es\",\"@id\":\"https:\\\/\\\/shw-wm.de\\\/#\\\/schema\\\/logo\\\/image\\\/\",\"url\":\"https:\\\/\\\/shw-wm.de\\\/wp-content\\\/uploads\\\/2021_Logo_mit_Flagge-1.jpg\",\"contentUrl\":\"https:\\\/\\\/shw-wm.de\\\/wp-content\\\/uploads\\\/2021_Logo_mit_Flagge-1.jpg\",\"width\":275,\"height\":119,\"caption\":\"SHW - M\u00e1quinas herramienta\"},\"image\":{\"@id\":\"https:\\\/\\\/shw-wm.de\\\/#\\\/schema\\\/logo\\\/image\\\/\"},\"sameAs\":[\"https:\\\/\\\/www.facebook.com\\\/SHWWM\",\"https:\\\/\\\/x.com\\\/SHW_WM_Gmbh\",\"https:\\\/\\\/www.instagram.com\\\/shw_werkzeugmaschinen\\\/\",\"https:\\\/\\\/www.youtube.com\\\/@SHWWerkzeugmaschinen\"]}]}<\/script>\n<!-- \/ Yoast SEO plugin. -->","yoast_head_json":{"title":"Mercado de m\u00e1quinas SHW | SHW - Werkzeugmaschinen","robots":{"index":"index","follow":"follow","max-snippet":"max-snippet:-1","max-image-preview":"max-image-preview:large","max-video-preview":"max-video-preview:-1"},"canonical":"https:\/\/shw-wm.de\/es\/servicio\/mercado-de-maquinas-shw\/","og_locale":"es_ES","og_type":"article","og_title":"Mercado de m\u00e1quinas SHW | SHW - Werkzeugmaschinen","og_description":"Mercado de m\u00e1quinas SHW PowerSpeed 5C UniSpeed 5T Matec 40HV Matec 50HV M\u00e1quinas nuevas - disponibles a corto plazo Matec 30HVcon mando HEIDENHAIN TNC7 Matec 30HVcon unidad de control SINUMERIK ONE","og_url":"https:\/\/shw-wm.de\/es\/servicio\/mercado-de-maquinas-shw\/","og_site_name":"SHW - Werkzeugmaschinen","article_publisher":"https:\/\/www.facebook.com\/SHWWM","article_modified_time":"2026-03-09T06:55:29+00:00","og_image":[{"width":1600,"height":1159,"url":"https:\/\/shw-wm.de\/wp-content\/uploads\/IMG_9012-2.jpg","type":"image\/jpeg"}],"twitter_card":"summary_large_image","twitter_site":"@SHW_WM_Gmbh","schema":{"@context":"https:\/\/schema.org","@graph":[{"@type":"WebPage","@id":"https:\/\/shw-wm.de\/es\/servicio\/mercado-de-maquinas-shw\/","url":"https:\/\/shw-wm.de\/es\/servicio\/mercado-de-maquinas-shw\/","name":"Mercado de m\u00e1quinas SHW | SHW - Werkzeugmaschinen","isPartOf":{"@id":"https:\/\/shw-wm.de\/#website"},"primaryImageOfPage":{"@id":"https:\/\/shw-wm.de\/es\/servicio\/mercado-de-maquinas-shw\/#primaryimage"},"image":{"@id":"https:\/\/shw-wm.de\/es\/servicio\/mercado-de-maquinas-shw\/#primaryimage"},"thumbnailUrl":"https:\/\/shw-wm.de\/wp-content\/uploads\/IMG_9012-2-1024x742.jpg","datePublished":"2019-05-16T11:10:08+00:00","dateModified":"2026-03-09T06:55:29+00:00","breadcrumb":{"@id":"https:\/\/shw-wm.de\/es\/servicio\/mercado-de-maquinas-shw\/#breadcrumb"},"inLanguage":"es","potentialAction":[{"@type":"ReadAction","target":["https:\/\/shw-wm.de\/es\/servicio\/mercado-de-maquinas-shw\/"]}]},{"@type":"ImageObject","inLanguage":"es","@id":"https:\/\/shw-wm.de\/es\/servicio\/mercado-de-maquinas-shw\/#primaryimage","url":"https:\/\/shw-wm.de\/wp-content\/uploads\/IMG_9012-2-1024x742.jpg","contentUrl":"https:\/\/shw-wm.de\/wp-content\/uploads\/IMG_9012-2-1024x742.jpg"},{"@type":"BreadcrumbList","@id":"https:\/\/shw-wm.de\/es\/servicio\/mercado-de-maquinas-shw\/#breadcrumb","itemListElement":[{"@type":"ListItem","position":1,"name":"Home","item":"https:\/\/shw-wm.de\/es\/inicio\/"},{"@type":"ListItem","position":2,"name":"Servicio","item":"https:\/\/shw-wm.de\/es\/servicio\/"},{"@type":"ListItem","position":3,"name":"Mercado de m\u00e1quinas SHW"}]},{"@type":"WebSite","@id":"https:\/\/shw-wm.de\/#website","url":"https:\/\/shw-wm.de\/","name":"SHW - Werkzeugmaschinen","description":"Hersteller von Fahrst\u00e4ndermaschinen","publisher":{"@id":"https:\/\/shw-wm.de\/#organization"},"potentialAction":[{"@type":"SearchAction","target":{"@type":"EntryPoint","urlTemplate":"https:\/\/shw-wm.de\/?s={search_term_string}"},"query-input":{"@type":"PropertyValueSpecification","valueRequired":true,"valueName":"search_term_string"}}],"inLanguage":"es"},{"@type":"Organization","@id":"https:\/\/shw-wm.de\/#organization","name":"SHW - M\u00e1quinas herramienta","url":"https:\/\/shw-wm.de\/","logo":{"@type":"ImageObject","inLanguage":"es","@id":"https:\/\/shw-wm.de\/#\/schema\/logo\/image\/","url":"https:\/\/shw-wm.de\/wp-content\/uploads\/2021_Logo_mit_Flagge-1.jpg","contentUrl":"https:\/\/shw-wm.de\/wp-content\/uploads\/2021_Logo_mit_Flagge-1.jpg","width":275,"height":119,"caption":"SHW - M\u00e1quinas herramienta"},"image":{"@id":"https:\/\/shw-wm.de\/#\/schema\/logo\/image\/"},"sameAs":["https:\/\/www.facebook.com\/SHWWM","https:\/\/x.com\/SHW_WM_Gmbh","https:\/\/www.instagram.com\/shw_werkzeugmaschinen\/","https:\/\/www.youtube.com\/@SHWWerkzeugmaschinen"]}]}},"_links":{"self":[{"href":"https:\/\/shw-wm.de\/es\/wp-json\/wp\/v2\/pages\/17521","targetHints":{"allow":["GET"]}}],"collection":[{"href":"https:\/\/shw-wm.de\/es\/wp-json\/wp\/v2\/pages"}],"about":[{"href":"https:\/\/shw-wm.de\/es\/wp-json\/wp\/v2\/types\/page"}],"author":[{"embeddable":true,"href":"https:\/\/shw-wm.de\/es\/wp-json\/wp\/v2\/users\/3"}],"replies":[{"embeddable":true,"href":"https:\/\/shw-wm.de\/es\/wp-json\/wp\/v2\/comments?post=17521"}],"version-history":[{"count":14,"href":"https:\/\/shw-wm.de\/es\/wp-json\/wp\/v2\/pages\/17521\/revisions"}],"predecessor-version":[{"id":19278,"href":"https:\/\/shw-wm.de\/es\/wp-json\/wp\/v2\/pages\/17521\/revisions\/19278"}],"up":[{"embeddable":true,"href":"https:\/\/shw-wm.de\/es\/wp-json\/wp\/v2\/pages\/17255"}],"wp:attachment":[{"href":"https:\/\/shw-wm.de\/es\/wp-json\/wp\/v2\/media?parent=17521"}],"curies":[{"name":"wp","href":"https:\/\/api.w.org\/{rel}","templated":true}]}}