{"id":19023,"date":"2026-02-17T13:12:27","date_gmt":"2026-02-17T12:12:27","guid":{"rendered":"https:\/\/shw-wm.de\/venta-de-maquinas\/matec-40hv\/"},"modified":"2026-02-23T11:33:26","modified_gmt":"2026-02-23T10:33:26","slug":"matec-40hv","status":"publish","type":"page","link":"https:\/\/shw-wm.de\/es\/venta-de-maquinas\/matec-40hv\/","title":{"rendered":"Matec 40HV"},"content":{"rendered":"\t\t<div data-elementor-type=\"wp-page\" data-elementor-id=\"19023\" class=\"elementor elementor-19023 elementor-19007\" data-elementor-post-type=\"page\">\n\t\t\t\t\t\t<section class=\"elementor-section elementor-top-section elementor-element elementor-element-b02d253 elementor-section-boxed elementor-section-height-default elementor-section-height-default\" data-id=\"b02d253\" data-element_type=\"section\" data-e-type=\"section\">\n\t\t\t\t\t\t<div class=\"elementor-container elementor-column-gap-default\">\n\t\t\t\t\t<div class=\"elementor-column elementor-col-50 elementor-top-column elementor-element elementor-element-a61ed21\" data-id=\"a61ed21\" data-element_type=\"column\" data-e-type=\"column\">\n\t\t\t<div class=\"elementor-widget-wrap elementor-element-populated\">\n\t\t\t\t\t\t<div class=\"elementor-element elementor-element-e04f4ac elementor-widget elementor-widget-image\" data-id=\"e04f4ac\" data-element_type=\"widget\" data-e-type=\"widget\" data-widget_type=\"image.default\">\n\t\t\t\t<div class=\"elementor-widget-container\">\n\t\t\t\t\t\t\t\t\t\t\t\t\t\t\t<img fetchpriority=\"high\" decoding=\"async\" width=\"360\" height=\"215\" src=\"https:\/\/shw-wm.de\/wp-content\/uploads\/matec-40hv.jpeg\" class=\"attachment-full size-full wp-image-18993\" alt=\"\" srcset=\"https:\/\/shw-wm.de\/wp-content\/uploads\/matec-40hv.jpeg 360w, https:\/\/shw-wm.de\/wp-content\/uploads\/matec-40hv-300x179.jpeg 300w\" sizes=\"(max-width: 360px) 100vw, 360px\" \/>\t\t\t\t\t\t\t\t\t\t\t\t\t\t\t<\/div>\n\t\t\t\t<\/div>\n\t\t\t\t\t<\/div>\n\t\t<\/div>\n\t\t\t\t<div class=\"elementor-column elementor-col-50 elementor-top-column elementor-element elementor-element-5cd78b2\" data-id=\"5cd78b2\" data-element_type=\"column\" data-e-type=\"column\">\n\t\t\t<div class=\"elementor-widget-wrap elementor-element-populated\">\n\t\t\t\t\t\t<div class=\"elementor-element elementor-element-dda0e78 elementor-widget elementor-widget-html\" data-id=\"dda0e78\" data-element_type=\"widget\" data-e-type=\"widget\" data-widget_type=\"html.default\">\n\t\t\t\t<div class=\"elementor-widget-container\">\n\t\t\t\t\t<div class=\"line even\">\n\t<p class=\"col-left\">disponible a partir de enero de 2025<\/p><p class=\"col-right\">\n<\/p><div class=\"line odd\">\n\t<p class=\"col-left\">Calzadas:<\/p><p class=\"col-right\">X = 4.000 mm<br>Y = 825 mm<br>Z = 1.100 mm (horizontal) 990 mm (vertical)<\/p>\n<\/div>\n<div class=\"line even\">\n\t<p class=\"col-left\">Control:<\/p><p class=\"col-right\">SINUMERIK 840 D-Powerline<\/p>\n<\/div>\n<div class=\"line odd\">\n\t<\/p>\n<\/div><\/div>\t\t\t\t<\/div>\n\t\t\t\t<\/div>\n\t\t\t\t<div class=\"elementor-element elementor-element-210f8cd elementor-widget elementor-widget-button\" data-id=\"210f8cd\" data-element_type=\"widget\" data-e-type=\"widget\" data-widget_type=\"button.default\">\n\t\t\t\t<div class=\"elementor-widget-container\">\n\t\t\t\t\t\t\t\t\t<div class=\"elementor-button-wrapper\">\n\t\t\t\t\t<a class=\"elementor-button elementor-button-link elementor-size-sm\" href=\"mailto:info@shw-wm.de?subject=Anfrage%20Maschine%20MATEC40HV\" target=\"_blank\">\n\t\t\t\t\t\t<span class=\"elementor-button-content-wrapper\">\n\t\t\t\t\t\t<span class=\"elementor-button-icon\">\n\t\t\t\t<svg aria-hidden=\"true\" class=\"e-font-icon-svg e-far-envelope\" viewBox=\"0 0 512 512\" xmlns=\"http:\/\/www.w3.org\/2000\/svg\"><path d=\"M464 64H48C21.49 64 0 85.49 0 112v288c0 26.51 21.49 48 48 48h416c26.51 0 48-21.49 48-48V112c0-26.51-21.49-48-48-48zm0 48v40.805c-22.422 18.259-58.168 46.651-134.587 106.49-16.841 13.247-50.201 45.072-73.413 44.701-23.208.375-56.579-31.459-73.413-44.701C106.18 199.465 70.425 171.067 48 152.805V112h416zM48 400V214.398c22.914 18.251 55.409 43.862 104.938 82.646 21.857 17.205 60.134 55.186 103.062 54.955 42.717.231 80.509-37.199 103.053-54.947 49.528-38.783 82.032-64.401 104.947-82.653V400H48z\"><\/path><\/svg>\t\t\t<\/span>\n\t\t\t\t\t\t\t\t\t<span class=\"elementor-button-text\">Estoy interesado en esta m\u00e1quina<\/span>\n\t\t\t\t\t<\/span>\n\t\t\t\t\t<\/a>\n\t\t\t\t<\/div>\n\t\t\t\t\t\t\t\t<\/div>\n\t\t\t\t<\/div>\n\t\t\t\t\t<\/div>\n\t\t<\/div>\n\t\t\t\t\t<\/div>\n\t\t<\/section>\n\t\t\t\t<section class=\"elementor-section elementor-top-section elementor-element elementor-element-697d4a3 elementor-section-boxed elementor-section-height-default elementor-section-height-default\" data-id=\"697d4a3\" data-element_type=\"section\" data-e-type=\"section\">\n\t\t\t\t\t\t<div class=\"elementor-container elementor-column-gap-default\">\n\t\t\t\t\t<div class=\"elementor-column elementor-col-100 elementor-top-column elementor-element elementor-element-f8e5ef5\" data-id=\"f8e5ef5\" data-element_type=\"column\" data-e-type=\"column\">\n\t\t\t<div class=\"elementor-widget-wrap elementor-element-populated\">\n\t\t\t\t\t\t<div class=\"elementor-element elementor-element-640075b elementor-widget-divider--view-line elementor-widget elementor-widget-divider\" data-id=\"640075b\" data-element_type=\"widget\" data-e-type=\"widget\" data-widget_type=\"divider.default\">\n\t\t\t\t<div class=\"elementor-widget-container\">\n\t\t\t\t\t\t\t<div class=\"elementor-divider\">\n\t\t\t<span class=\"elementor-divider-separator\">\n\t\t\t\t\t\t<\/span>\n\t\t<\/div>\n\t\t\t\t\t\t<\/div>\n\t\t\t\t<\/div>\n\t\t\t\t\t<\/div>\n\t\t<\/div>\n\t\t\t\t\t<\/div>\n\t\t<\/section>\n\t\t\t\t<section class=\"elementor-section elementor-top-section elementor-element elementor-element-f627025 elementor-section-boxed elementor-section-height-default elementor-section-height-default\" data-id=\"f627025\" data-element_type=\"section\" data-e-type=\"section\">\n\t\t\t\t\t\t<div class=\"elementor-container elementor-column-gap-default\">\n\t\t\t\t\t<div class=\"elementor-column elementor-col-100 elementor-top-column elementor-element elementor-element-dbcee23\" data-id=\"dbcee23\" data-element_type=\"column\" data-e-type=\"column\">\n\t\t\t<div class=\"elementor-widget-wrap elementor-element-populated\">\n\t\t\t\t\t\t<div class=\"elementor-element elementor-element-ffd7668 elementor-tabs-view-horizontal elementor-widget elementor-widget-tabs\" data-id=\"ffd7668\" data-element_type=\"widget\" data-e-type=\"widget\" data-widget_type=\"tabs.default\">\n\t\t\t\t<div class=\"elementor-widget-container\">\n\t\t\t\t\t\t\t<div class=\"elementor-tabs\">\n\t\t\t<div class=\"elementor-tabs-wrapper\" role=\"tablist\" >\n\t\t\t\t\t\t\t\t\t<div id=\"elementor-tab-title-2681\" class=\"elementor-tab-title elementor-tab-desktop-title\" aria-selected=\"true\" data-tab=\"1\" role=\"tab\" tabindex=\"0\" aria-controls=\"elementor-tab-content-2681\" aria-expanded=\"false\">Detalles t\u00e9cnicos<\/div>\n\t\t\t\t\t\t\t\t\t<div id=\"elementor-tab-title-2682\" class=\"elementor-tab-title elementor-tab-desktop-title\" aria-selected=\"false\" data-tab=\"2\" role=\"tab\" tabindex=\"-1\" aria-controls=\"elementor-tab-content-2682\" aria-expanded=\"false\">Informaci\u00f3n sobre el producto<\/div>\n\t\t\t\t\t\t\t\t\t<div id=\"elementor-tab-title-2683\" class=\"elementor-tab-title elementor-tab-desktop-title\" aria-selected=\"false\" data-tab=\"3\" role=\"tab\" tabindex=\"-1\" aria-controls=\"elementor-tab-content-2683\" aria-expanded=\"false\">Descargas<\/div>\n\t\t\t\t\t\t\t\t\t<div id=\"elementor-tab-title-2684\" class=\"elementor-tab-title elementor-tab-desktop-title\" aria-selected=\"false\" data-tab=\"4\" role=\"tab\" tabindex=\"-1\" aria-controls=\"elementor-tab-content-2684\" aria-expanded=\"false\">Solicitud de compra<\/div>\n\t\t\t\t\t\t\t<\/div>\n\t\t\t<div class=\"elementor-tabs-content-wrapper\" role=\"tablist\" aria-orientation=\"vertical\">\n\t\t\t\t\t\t\t\t\t<div class=\"elementor-tab-title elementor-tab-mobile-title\" aria-selected=\"true\" data-tab=\"1\" role=\"tab\" tabindex=\"0\" aria-controls=\"elementor-tab-content-2681\" aria-expanded=\"false\">Detalles t\u00e9cnicos<\/div>\n\t\t\t\t\t<div id=\"elementor-tab-content-2681\" class=\"elementor-tab-content elementor-clearfix\" data-tab=\"1\" role=\"tabpanel\" aria-labelledby=\"elementor-tab-title-2681\" tabindex=\"0\" hidden=\"false\"><div class=\"machine-tech-details\">\n<div class=\"line even\">\n<p class=\"col-left\">Recorrido X = 4.000 mm<\/p>\n<\/div>\n<div class=\"line odd\">\n<p class=\"col-left\">Trayectoria Y = 825 mm<\/p>\n<\/div>\n<div class=\"line even\">\n<p class=\"col-left\">Recorrido Z = 1.100 mm (horizontal) 990 mm (vertical)<\/p>\n<\/div>\n<div class=\"line odd\">\n<p class=\"col-left\">Sistema de control: SINUMERIK 840 D-Powerline<\/p>\n<\/div>\n<div class=\"line odd\">\n<p class=\"col-left\">Portaherramientas: HSK 100<\/p>\n<\/div>\n<\/div>\n<\/div>\n\t\t\t\t\t\t\t\t\t<div class=\"elementor-tab-title elementor-tab-mobile-title\" aria-selected=\"false\" data-tab=\"2\" role=\"tab\" tabindex=\"-1\" aria-controls=\"elementor-tab-content-2682\" aria-expanded=\"false\">Informaci\u00f3n sobre el producto<\/div>\n\t\t\t\t\t<div id=\"elementor-tab-content-2682\" class=\"elementor-tab-content elementor-clearfix\" data-tab=\"2\" role=\"tabpanel\" aria-labelledby=\"elementor-tab-title-2682\" tabindex=\"0\" hidden=\"hidden\"><p><strong>MATEC 40HV<\/strong><\/p>\n<p>Equipamiento b\u00e1sico:<\/p>\n<ul>\n<li>Cabezal giratorio NC continuo +\/- 105\u00b0.<\/li>\n<li>Motor husillo 20-12.000 rpm, 44 kW, 280 Nm<\/li>\n<li>Portaherramientas HSK 100<\/li>\n<li>40 plazas para herramientas + cargador adicional 60 plazas<\/li>\n<li>Mesa giratoria CNC<br \/>- con placa frontal \u00d8 630 mm I 1.000 1\/min<br \/>Fresado m\u00e1x.: 850 kg, torneado m\u00e1x.: 850 kg<br \/>Incluye sistema de medici\u00f3n directa de trayectoria y eje CNC<br \/>con controlador de eje Precisi\u00f3n parcial: +\/- 4<br \/>integrado en la mesa de la m\u00e1quina<\/li>\n<li>Distribuidor giratorio de 6 v\u00edas para mesa giratoria<\/li>\n<li>Volante electr\u00f3nico<\/li>\n<li>Control de temperatura para el sistema de refrigerante<br \/>Temperatura constante +\/- 2 grados<br \/>incl. dep\u00f3sito de refrigerante 900 l<br \/>con sensor en el bastidor base <\/li>\n<li>Alimentaci\u00f3n interna de refrigerante 70 bar \/ capacidad del dep\u00f3sito 900 litros<\/li>\n<li>Sonda t\u00e1ctil 3D con radio<\/li>\n<li>Sistema de extracci\u00f3n de neblina de aceite<\/li>\n<li>Pared divisoria para sistema de estaci\u00f3n doble para eje Y hasta 800 mm<\/li>\n<li>Detecci\u00f3n de rotura de herramienta y medici\u00f3n de longitud<br \/>Versi\u00f3n con horquilla l\u00e1ser corta y boquilla de soplado,<br \/>incl. software de medici\u00f3n de herramienta <\/li>\n<\/ul>\n<p>Nuevas piezas de la m\u00e1quina:<\/p>\n<ul>\n<li>Todos los carriles gu\u00eda y carros gu\u00eda<\/li>\n<li>KGT en los ejes X, Y y Z<\/li>\n<li>Enfriador<\/li>\n<li>Mangueras y piezas peque\u00f1as diversas <\/li>\n<li>todas las piezas defectuosas, si se encuentran<\/li>\n<\/ul>\n<p>12 meses de garant\u00eda en todas las piezas nuevas.<\/p>\n<\/div>\n\t\t\t\t\t\t\t\t\t<div class=\"elementor-tab-title elementor-tab-mobile-title\" aria-selected=\"false\" data-tab=\"3\" role=\"tab\" tabindex=\"-1\" aria-controls=\"elementor-tab-content-2683\" aria-expanded=\"false\">Descargas<\/div>\n\t\t\t\t\t<div id=\"elementor-tab-content-2683\" class=\"elementor-tab-content elementor-clearfix\" data-tab=\"3\" role=\"tabpanel\" aria-labelledby=\"elementor-tab-title-2683\" tabindex=\"0\" hidden=\"hidden\"><\/div>\n\t\t\t\t\t\t\t\t\t<div class=\"elementor-tab-title elementor-tab-mobile-title\" aria-selected=\"false\" data-tab=\"4\" role=\"tab\" tabindex=\"-1\" aria-controls=\"elementor-tab-content-2684\" aria-expanded=\"false\">Solicitud de compra<\/div>\n\t\t\t\t\t<div id=\"elementor-tab-content-2684\" class=\"elementor-tab-content elementor-clearfix\" data-tab=\"4\" role=\"tabpanel\" aria-labelledby=\"elementor-tab-title-2684\" tabindex=\"0\" hidden=\"hidden\"><p>\n<div class=\"wpcf7 no-js\" id=\"wpcf7-f17245-o1\" lang=\"es-ES\" dir=\"ltr\" data-wpcf7-id=\"17245\">\n<div class=\"screen-reader-response\"><p role=\"status\" aria-live=\"polite\" aria-atomic=\"true\"><\/p> <ul><\/ul><\/div>\n<form action=\"\/es\/wp-json\/wp\/v2\/pages\/19023#wpcf7-f17245-o1\" method=\"post\" class=\"wpcf7-form init\" aria-label=\"Formulario de contacto\" novalidate=\"novalidate\" data-status=\"init\">\n<fieldset class=\"hidden-fields-container\"><input type=\"hidden\" name=\"_wpcf7\" value=\"17245\" \/><input type=\"hidden\" name=\"_wpcf7_version\" value=\"6.1.5\" \/><input type=\"hidden\" name=\"_wpcf7_locale\" value=\"es_ES\" \/><input type=\"hidden\" name=\"_wpcf7_unit_tag\" value=\"wpcf7-f17245-o1\" \/><input type=\"hidden\" name=\"_wpcf7_container_post\" value=\"0\" \/><input type=\"hidden\" name=\"_wpcf7_posted_data_hash\" value=\"\" \/><input type=\"hidden\" name=\"_wpcf7_recaptcha_response\" value=\"\" \/>\n<\/fieldset>\n<div class=\"fina-getInTouch_form\">\n\t<p class=\"left w-48\"><label>[text* marcador de posici\u00f3n de empresa \u00abEmpresa *\u00bb]<\/label>\n\t<\/p>\n\t<p class=\"right w-48\"><label>[text* tu-nombre marcador de posici\u00f3n \u00abPersona de contacto *\u00bb]<\/label>\n\t<\/p>\n\t<p class=\"left w-48\"><label><span class=\"wpcf7-form-control-wrap\" data-name=\"street-number\"><input size=\"40\" maxlength=\"400\" class=\"wpcf7-form-control wpcf7-text\" aria-invalid=\"false\" placeholder=\"Calle, n\u00famero\" value=\"\" type=\"text\" name=\"street-number\" \/><\/span><\/label>\n\t<\/p>\n\t<p class=\"left w-16\"><label><span class=\"wpcf7-form-control-wrap\" data-name=\"zip\"><input size=\"40\" maxlength=\"400\" class=\"wpcf7-form-control wpcf7-text\" aria-invalid=\"false\" placeholder=\"C\u00d3DIGO POSTAL\" value=\"\" type=\"text\" name=\"zip\" \/><\/span><\/label>\n\t<\/p>\n\t<p class=\"right w-30\"><label><span class=\"wpcf7-form-control-wrap\" data-name=\"city\"><input size=\"40\" maxlength=\"400\" class=\"wpcf7-form-control wpcf7-text\" aria-invalid=\"false\" placeholder=\"Ubicaci\u00f3n\" value=\"\" type=\"text\" name=\"city\" \/><\/span><\/label>\n\t<\/p>\n\t<p class=\"left w-48\"><label>[email* marcador de posici\u00f3n de correo electr\u00f3nico \u00abTu direcci\u00f3n de correo electr\u00f3nico *\u00bb]<\/label>\n\t<\/p>\n\t<p class=\"right w-48\"><label>[text* marcador de posici\u00f3n del tel\u00e9fono \u00abTel\u00e9fono *\u00bb]<\/label>\n\t<\/p>\n\t<div class=\"clr\">\n\t<\/div>\n\t<p class=\"full-width\"><label><span class=\"wpcf7-form-control-wrap\" data-name=\"marcador\"><textarea cols=\"40\" rows=\"10\" maxlength=\"2000\" class=\"wpcf7-form-control wpcf7-textarea wpcf7-validates-as-required\" aria-required=\"true\" aria-invalid=\"false\" name=\"marcador\">Mensaje *<\/textarea><\/span><\/label>\n\t<\/p>\n\t<div class=\"clr\">\n\t<\/div>\n\t<p class=\"full-width\">\n\t<\/p>\n\t<p>* Campos obligatorios<br \/>\nAl enviar el formulario de contacto, aceptas que tus datos se utilicen para procesar tu solicitud. ( Puedes encontrar m\u00e1s informaci\u00f3n y avisos de cancelaci\u00f3n en la <a href=\"\/datenschutz\/\" target=\"datenschutz\">pol\u00edtica de privacidad<\/a> ).\n\t<\/p>\n\t<div class=\"clr\">\n\t<\/div>\n\n\t<div class=\"clr\">\n\t<\/div>\n\t<p class=\"fc-shw-blue\"><input class=\"wpcf7-form-control wpcf7-submit has-spinner\" type=\"submit\" value=\"Env\u00eda\" \/>\n\t<\/p>\n\t<div class=\"clr\">\n\t<\/div>\n<\/div><div class=\"wpcf7-response-output\" aria-hidden=\"true\"><\/div>\n<\/form>\n<\/div>\n<\/p>\n<\/div>\n\t\t\t\t\t\t\t<\/div>\n\t\t<\/div>\n\t\t\t\t\t\t<\/div>\n\t\t\t\t<\/div>\n\t\t\t\t\t<\/div>\n\t\t<\/div>\n\t\t\t\t\t<\/div>\n\t\t<\/section>\n\t\t\t\t<section class=\"elementor-section elementor-top-section elementor-element elementor-element-09d0de5 elementor-section-boxed elementor-section-height-default elementor-section-height-default\" data-id=\"09d0de5\" data-element_type=\"section\" data-e-type=\"section\">\n\t\t\t\t\t\t<div class=\"elementor-container elementor-column-gap-default\">\n\t\t\t\t\t<div class=\"elementor-column elementor-col-100 elementor-top-column elementor-element elementor-element-fb5b4e2\" data-id=\"fb5b4e2\" data-element_type=\"column\" data-e-type=\"column\">\n\t\t\t<div class=\"elementor-widget-wrap\">\n\t\t\t\t\t\t\t<\/div>\n\t\t<\/div>\n\t\t\t\t\t<\/div>\n\t\t<\/section>\n\t\t\t\t<\/div>\n\t\t","protected":false},"excerpt":{"rendered":"<p>disponible a partir de enero de 2025 Calzadas: X = 4.000 mmY = 825 mmZ = 1.100 mm (horizontal) 990 mm (vertical) Control: SINUMERIK 840 D-Powerline Estoy interesado en esta m\u00e1quina Detalles t\u00e9cnicos Informaci\u00f3n sobre el producto Descargas Solicitud de compra Detalles t\u00e9cnicos Recorrido X = 4.000 mm Trayectoria Y = 825 mm Recorrido Z [&hellip;]<\/p>\n","protected":false},"author":6,"featured_media":0,"parent":17117,"menu_order":0,"comment_status":"closed","ping_status":"closed","template":"","meta":{"footnotes":""},"class_list":["post-19023","page","type-page","status-publish","hentry"],"yoast_head":"<!-- This site is optimized with the Yoast SEO plugin v26.8 - https:\/\/yoast.com\/product\/yoast-seo-wordpress\/ -->\n<title>Matec 40HV | SHW - Werkzeugmaschinen<\/title>\n<meta name=\"robots\" content=\"index, follow, max-snippet:-1, max-image-preview:large, max-video-preview:-1\" \/>\n<link rel=\"canonical\" href=\"https:\/\/shw-wm.de\/es\/venta-de-maquinas\/matec-40hv\/\" \/>\n<meta property=\"og:locale\" content=\"es_ES\" \/>\n<meta property=\"og:type\" content=\"article\" \/>\n<meta property=\"og:title\" content=\"Matec 40HV | SHW - Werkzeugmaschinen\" \/>\n<meta property=\"og:description\" content=\"disponible a partir de enero de 2025 Calzadas: X = 4.000 mmY = 825 mmZ = 1.100 mm (horizontal) 990 mm (vertical) Control: SINUMERIK 840 D-Powerline Estoy interesado en esta m\u00e1quina Detalles t\u00e9cnicos Informaci\u00f3n sobre el producto Descargas Solicitud de compra Detalles t\u00e9cnicos Recorrido X = 4.000 mm Trayectoria Y = 825 mm Recorrido Z [&hellip;]\" \/>\n<meta property=\"og:url\" content=\"https:\/\/shw-wm.de\/es\/venta-de-maquinas\/matec-40hv\/\" \/>\n<meta property=\"og:site_name\" content=\"SHW - Werkzeugmaschinen\" \/>\n<meta property=\"article:publisher\" content=\"https:\/\/www.facebook.com\/SHWWM\" \/>\n<meta property=\"article:modified_time\" content=\"2026-02-23T10:33:26+00:00\" \/>\n<meta property=\"og:image\" content=\"https:\/\/shw-wm.de\/wp-content\/uploads\/matec-40hv.jpeg\" \/>\n\t<meta property=\"og:image:width\" content=\"360\" \/>\n\t<meta property=\"og:image:height\" content=\"215\" \/>\n\t<meta property=\"og:image:type\" content=\"image\/jpeg\" \/>\n<meta name=\"twitter:card\" content=\"summary_large_image\" \/>\n<meta name=\"twitter:site\" content=\"@SHW_WM_Gmbh\" \/>\n<meta name=\"twitter:label1\" content=\"Tiempo de lectura\" \/>\n\t<meta name=\"twitter:data1\" content=\"1 minuto\" \/>\n<script type=\"application\/ld+json\" class=\"yoast-schema-graph\">{\"@context\":\"https:\/\/schema.org\",\"@graph\":[{\"@type\":\"WebPage\",\"@id\":\"https:\/\/shw-wm.de\/es\/venta-de-maquinas\/matec-40hv\/\",\"url\":\"https:\/\/shw-wm.de\/es\/venta-de-maquinas\/matec-40hv\/\",\"name\":\"Matec 40HV | SHW - Werkzeugmaschinen\",\"isPartOf\":{\"@id\":\"https:\/\/shw-wm.de\/#website\"},\"primaryImageOfPage\":{\"@id\":\"https:\/\/shw-wm.de\/es\/venta-de-maquinas\/matec-40hv\/#primaryimage\"},\"image\":{\"@id\":\"https:\/\/shw-wm.de\/es\/venta-de-maquinas\/matec-40hv\/#primaryimage\"},\"thumbnailUrl\":\"https:\/\/shw-wm.de\/wp-content\/uploads\/matec-40hv.jpeg\",\"datePublished\":\"2026-02-17T12:12:27+00:00\",\"dateModified\":\"2026-02-23T10:33:26+00:00\",\"breadcrumb\":{\"@id\":\"https:\/\/shw-wm.de\/es\/venta-de-maquinas\/matec-40hv\/#breadcrumb\"},\"inLanguage\":\"es\",\"potentialAction\":[{\"@type\":\"ReadAction\",\"target\":[\"https:\/\/shw-wm.de\/es\/venta-de-maquinas\/matec-40hv\/\"]}]},{\"@type\":\"ImageObject\",\"inLanguage\":\"es\",\"@id\":\"https:\/\/shw-wm.de\/es\/venta-de-maquinas\/matec-40hv\/#primaryimage\",\"url\":\"https:\/\/shw-wm.de\/wp-content\/uploads\/matec-40hv.jpeg\",\"contentUrl\":\"https:\/\/shw-wm.de\/wp-content\/uploads\/matec-40hv.jpeg\"},{\"@type\":\"BreadcrumbList\",\"@id\":\"https:\/\/shw-wm.de\/es\/venta-de-maquinas\/matec-40hv\/#breadcrumb\",\"itemListElement\":[{\"@type\":\"ListItem\",\"position\":1,\"name\":\"Home\",\"item\":\"https:\/\/shw-wm.de\/es\/inicio\/\"},{\"@type\":\"ListItem\",\"position\":2,\"name\":\"Venta de m\u00e1quinas\",\"item\":\"https:\/\/shw-wm.de\/es\/venta-de-maquinas\/\"},{\"@type\":\"ListItem\",\"position\":3,\"name\":\"Matec 40HV\"}]},{\"@type\":\"WebSite\",\"@id\":\"https:\/\/shw-wm.de\/#website\",\"url\":\"https:\/\/shw-wm.de\/\",\"name\":\"SHW - Werkzeugmaschinen\",\"description\":\"Hersteller von Fahrst\u00e4ndermaschinen\",\"publisher\":{\"@id\":\"https:\/\/shw-wm.de\/#organization\"},\"potentialAction\":[{\"@type\":\"SearchAction\",\"target\":{\"@type\":\"EntryPoint\",\"urlTemplate\":\"https:\/\/shw-wm.de\/?s={search_term_string}\"},\"query-input\":{\"@type\":\"PropertyValueSpecification\",\"valueRequired\":true,\"valueName\":\"search_term_string\"}}],\"inLanguage\":\"es\"},{\"@type\":\"Organization\",\"@id\":\"https:\/\/shw-wm.de\/#organization\",\"name\":\"SHW - M\u00e1quinas herramienta\",\"url\":\"https:\/\/shw-wm.de\/\",\"logo\":{\"@type\":\"ImageObject\",\"inLanguage\":\"es\",\"@id\":\"https:\/\/shw-wm.de\/#\/schema\/logo\/image\/\",\"url\":\"https:\/\/shw-wm.de\/wp-content\/uploads\/2021_Logo_mit_Flagge-1.jpg\",\"contentUrl\":\"https:\/\/shw-wm.de\/wp-content\/uploads\/2021_Logo_mit_Flagge-1.jpg\",\"width\":275,\"height\":119,\"caption\":\"SHW - M\u00e1quinas herramienta\"},\"image\":{\"@id\":\"https:\/\/shw-wm.de\/#\/schema\/logo\/image\/\"},\"sameAs\":[\"https:\/\/www.facebook.com\/SHWWM\",\"https:\/\/x.com\/SHW_WM_Gmbh\",\"https:\/\/www.instagram.com\/shw_werkzeugmaschinen\/\",\"https:\/\/www.youtube.com\/@SHWWerkzeugmaschinen\"]}]}<\/script>\n<!-- \/ Yoast SEO plugin. -->","yoast_head_json":{"title":"Matec 40HV | SHW - Werkzeugmaschinen","robots":{"index":"index","follow":"follow","max-snippet":"max-snippet:-1","max-image-preview":"max-image-preview:large","max-video-preview":"max-video-preview:-1"},"canonical":"https:\/\/shw-wm.de\/es\/venta-de-maquinas\/matec-40hv\/","og_locale":"es_ES","og_type":"article","og_title":"Matec 40HV | SHW - Werkzeugmaschinen","og_description":"disponible a partir de enero de 2025 Calzadas: X = 4.000 mmY = 825 mmZ = 1.100 mm (horizontal) 990 mm (vertical) Control: SINUMERIK 840 D-Powerline Estoy interesado en esta m\u00e1quina Detalles t\u00e9cnicos Informaci\u00f3n sobre el producto Descargas Solicitud de compra Detalles t\u00e9cnicos Recorrido X = 4.000 mm Trayectoria Y = 825 mm Recorrido Z [&hellip;]","og_url":"https:\/\/shw-wm.de\/es\/venta-de-maquinas\/matec-40hv\/","og_site_name":"SHW - Werkzeugmaschinen","article_publisher":"https:\/\/www.facebook.com\/SHWWM","article_modified_time":"2026-02-23T10:33:26+00:00","og_image":[{"width":360,"height":215,"url":"https:\/\/shw-wm.de\/wp-content\/uploads\/matec-40hv.jpeg","type":"image\/jpeg"}],"twitter_card":"summary_large_image","twitter_site":"@SHW_WM_Gmbh","twitter_misc":{"Tiempo de lectura":"1 minuto"},"schema":{"@context":"https:\/\/schema.org","@graph":[{"@type":"WebPage","@id":"https:\/\/shw-wm.de\/es\/venta-de-maquinas\/matec-40hv\/","url":"https:\/\/shw-wm.de\/es\/venta-de-maquinas\/matec-40hv\/","name":"Matec 40HV | SHW - Werkzeugmaschinen","isPartOf":{"@id":"https:\/\/shw-wm.de\/#website"},"primaryImageOfPage":{"@id":"https:\/\/shw-wm.de\/es\/venta-de-maquinas\/matec-40hv\/#primaryimage"},"image":{"@id":"https:\/\/shw-wm.de\/es\/venta-de-maquinas\/matec-40hv\/#primaryimage"},"thumbnailUrl":"https:\/\/shw-wm.de\/wp-content\/uploads\/matec-40hv.jpeg","datePublished":"2026-02-17T12:12:27+00:00","dateModified":"2026-02-23T10:33:26+00:00","breadcrumb":{"@id":"https:\/\/shw-wm.de\/es\/venta-de-maquinas\/matec-40hv\/#breadcrumb"},"inLanguage":"es","potentialAction":[{"@type":"ReadAction","target":["https:\/\/shw-wm.de\/es\/venta-de-maquinas\/matec-40hv\/"]}]},{"@type":"ImageObject","inLanguage":"es","@id":"https:\/\/shw-wm.de\/es\/venta-de-maquinas\/matec-40hv\/#primaryimage","url":"https:\/\/shw-wm.de\/wp-content\/uploads\/matec-40hv.jpeg","contentUrl":"https:\/\/shw-wm.de\/wp-content\/uploads\/matec-40hv.jpeg"},{"@type":"BreadcrumbList","@id":"https:\/\/shw-wm.de\/es\/venta-de-maquinas\/matec-40hv\/#breadcrumb","itemListElement":[{"@type":"ListItem","position":1,"name":"Home","item":"https:\/\/shw-wm.de\/es\/inicio\/"},{"@type":"ListItem","position":2,"name":"Venta de m\u00e1quinas","item":"https:\/\/shw-wm.de\/es\/venta-de-maquinas\/"},{"@type":"ListItem","position":3,"name":"Matec 40HV"}]},{"@type":"WebSite","@id":"https:\/\/shw-wm.de\/#website","url":"https:\/\/shw-wm.de\/","name":"SHW - Werkzeugmaschinen","description":"Hersteller von Fahrst\u00e4ndermaschinen","publisher":{"@id":"https:\/\/shw-wm.de\/#organization"},"potentialAction":[{"@type":"SearchAction","target":{"@type":"EntryPoint","urlTemplate":"https:\/\/shw-wm.de\/?s={search_term_string}"},"query-input":{"@type":"PropertyValueSpecification","valueRequired":true,"valueName":"search_term_string"}}],"inLanguage":"es"},{"@type":"Organization","@id":"https:\/\/shw-wm.de\/#organization","name":"SHW - M\u00e1quinas herramienta","url":"https:\/\/shw-wm.de\/","logo":{"@type":"ImageObject","inLanguage":"es","@id":"https:\/\/shw-wm.de\/#\/schema\/logo\/image\/","url":"https:\/\/shw-wm.de\/wp-content\/uploads\/2021_Logo_mit_Flagge-1.jpg","contentUrl":"https:\/\/shw-wm.de\/wp-content\/uploads\/2021_Logo_mit_Flagge-1.jpg","width":275,"height":119,"caption":"SHW - M\u00e1quinas herramienta"},"image":{"@id":"https:\/\/shw-wm.de\/#\/schema\/logo\/image\/"},"sameAs":["https:\/\/www.facebook.com\/SHWWM","https:\/\/x.com\/SHW_WM_Gmbh","https:\/\/www.instagram.com\/shw_werkzeugmaschinen\/","https:\/\/www.youtube.com\/@SHWWerkzeugmaschinen"]}]}},"_links":{"self":[{"href":"https:\/\/shw-wm.de\/es\/wp-json\/wp\/v2\/pages\/19023","targetHints":{"allow":["GET"]}}],"collection":[{"href":"https:\/\/shw-wm.de\/es\/wp-json\/wp\/v2\/pages"}],"about":[{"href":"https:\/\/shw-wm.de\/es\/wp-json\/wp\/v2\/types\/page"}],"author":[{"embeddable":true,"href":"https:\/\/shw-wm.de\/es\/wp-json\/wp\/v2\/users\/6"}],"replies":[{"embeddable":true,"href":"https:\/\/shw-wm.de\/es\/wp-json\/wp\/v2\/comments?post=19023"}],"version-history":[{"count":7,"href":"https:\/\/shw-wm.de\/es\/wp-json\/wp\/v2\/pages\/19023\/revisions"}],"predecessor-version":[{"id":19238,"href":"https:\/\/shw-wm.de\/es\/wp-json\/wp\/v2\/pages\/19023\/revisions\/19238"}],"up":[{"embeddable":true,"href":"https:\/\/shw-wm.de\/es\/wp-json\/wp\/v2\/pages\/17117"}],"wp:attachment":[{"href":"https:\/\/shw-wm.de\/es\/wp-json\/wp\/v2\/media?parent=19023"}],"curies":[{"name":"wp","href":"https:\/\/api.w.org\/{rel}","templated":true}]}}