{"id":17075,"date":"2018-11-27T12:24:10","date_gmt":"2018-11-27T11:24:10","guid":{"rendered":"https:\/\/shw-wm.de\/mentions-legales\/"},"modified":"2025-10-13T14:29:52","modified_gmt":"2025-10-13T12:29:52","slug":"mentions-legales","status":"publish","type":"page","link":"https:\/\/shw-wm.de\/fr\/mentions-legales\/","title":{"rendered":"Mentions l\u00e9gales"},"content":{"rendered":"\t\t<div data-elementor-type=\"wp-page\" data-elementor-id=\"17075\" class=\"elementor elementor-17075 elementor-4353\" data-elementor-post-type=\"page\">\n\t\t\t\t\t\t<section class=\"elementor-section elementor-top-section elementor-element elementor-element-25363f3 elementor-section-boxed elementor-section-height-default elementor-section-height-default\" data-id=\"25363f3\" data-element_type=\"section\" data-e-type=\"section\">\n\t\t\t\t\t\t<div class=\"elementor-container elementor-column-gap-default\">\n\t\t\t\t\t<div class=\"elementor-column elementor-col-100 elementor-top-column elementor-element elementor-element-67d62188\" data-id=\"67d62188\" data-element_type=\"column\" data-e-type=\"column\">\n\t\t\t<div class=\"elementor-widget-wrap elementor-element-populated\">\n\t\t\t\t\t\t<div class=\"elementor-element elementor-element-4194ba76 elementor-widget elementor-widget-text-editor\" data-id=\"4194ba76\" data-element_type=\"widget\" data-e-type=\"widget\" data-widget_type=\"text-editor.default\">\n\t\t\t\t<div class=\"elementor-widget-container\">\n\t\t\t\t\t\t\t\t\t<h2>Informations conform\u00e9ment au \u00a7 5 TMG<\/h2><p>SHW Werkzeugmaschinen GmbH<br>Alte Schmiede 1<br>73433 Aalen-Wasseralfingen<\/p><p>Registre du commerce : HRB 737497<br>Tribunal d&rsquo;enregistrement : Tribunal d&rsquo;instance d&rsquo;Ulm<\/p><p><strong>Repr\u00e9sent\u00e9 par le directeur g\u00e9n\u00e9ral :<\/strong><br>Martin Greis<\/p><h2>Contact<\/h2><p>T\u00e9l\u00e9phone : +49 (0)7361 5578 800<br>T\u00e9l\u00e9copieur : +49 (0)7361 5578 900<br>E-mail : info@shw-wm.de<\/p><h2>Num\u00e9ro d&rsquo;identification de la taxe sur le chiffre d&rsquo;affaires<\/h2><p>Num\u00e9ro d&rsquo;identification de la taxe sur le chiffre d&rsquo;affaires conform\u00e9ment au \u00a727 a de la loi sur la taxe sur le chiffre d&rsquo;affaires :<br>DE815779210<\/p><h2>R\u00e8glement des litiges<\/h2><p>La Commission europ\u00e9enne met \u00e0 disposition une plateforme de r\u00e8glement en ligne des litiges (RLL) <a href=\"https:\/\/ec.europa.eu\/consumers\/odr\" target=\"_blank\" rel=\"noopener\">: https:\/\/ec.europa.eu\/consumers\/odr.<\/a><br>Vous trouverez notre adresse \u00e9lectronique en haut de la page des mentions l\u00e9gales.<\/p><p>Nous ne sommes pas pr\u00eats ou oblig\u00e9s de participer \u00e0 des proc\u00e9dures de r\u00e8glement des litiges devant un organisme de conciliation des consommateurs.<\/p><h3>Responsabilit\u00e9 du contenu<\/h3><p>En tant que prestataire de services, nous sommes responsables, conform\u00e9ment au \u00a7 7 alin\u00e9a 1 de la loi allemande sur les t\u00e9l\u00e9m\u00e9dias (TMG), de nos propres contenus sur ces pages selon les lois g\u00e9n\u00e9rales. Conform\u00e9ment aux \u00a7\u00a7 8 \u00e0 10 de la TMG, nous ne sommes toutefois pas tenus, en tant que prestataire de services, de surveiller les informations externes transmises ou enregistr\u00e9es ou de rechercher les circonstances qui indiquent une activit\u00e9 ill\u00e9gale.  <\/p><p>L&rsquo;obligation de supprimer ou de bloquer l&rsquo;utilisation d&rsquo;informations conform\u00e9ment aux lois g\u00e9n\u00e9rales n&rsquo;est pas affect\u00e9e par cette disposition. Une responsabilit\u00e9 \u00e0 cet \u00e9gard n&rsquo;est toutefois possible qu&rsquo;\u00e0 partir du moment o\u00f9 une violation concr\u00e8te de la loi est connue. D\u00e8s la prise de connaissance d&rsquo;une telle violation, nous supprimerons imm\u00e9diatement le contenu en question.  <\/p><h3>Responsabilit\u00e9 des liens<\/h3><p>Notre offre contient des liens vers des sites Web externes de tiers, sur lesquels nous n&rsquo;avons aucune influence. Nous ne pouvons donc pas nous porter garants de ces contenus externes. Le fournisseur ou l&rsquo;exploitant des pages li\u00e9es est toujours responsable du contenu de ces pages. Les pages li\u00e9es ont \u00e9t\u00e9 v\u00e9rifi\u00e9es au moment de la cr\u00e9ation du lien afin de s&rsquo;assurer qu&rsquo;elles n&rsquo;enfreignaient pas la loi. Aucun contenu ill\u00e9gal n&rsquo;a \u00e9t\u00e9 identifi\u00e9 au moment de la cr\u00e9ation des liens.    <\/p><p>Un contr\u00f4le permanent du contenu des pages li\u00e9es n&rsquo;est cependant pas exigible sans indices concrets d&rsquo;une violation de la loi. Si nous prenons connaissance d&rsquo;une violation de la loi, nous supprimerons imm\u00e9diatement les liens en question. <\/p><h3>Droit d&rsquo;auteur<\/h3><p>Les contenus et \u0153uvres cr\u00e9\u00e9s par les exploitants de ces pages sont soumis au droit d&rsquo;auteur allemand. La reproduction, le traitement, la diffusion et tout type d&rsquo;exploitation en dehors des limites du droit d&rsquo;auteur n\u00e9cessitent l&rsquo;accord \u00e9crit de l&rsquo;auteur ou du cr\u00e9ateur concern\u00e9. Les t\u00e9l\u00e9chargements et les copies de ce site ne sont autoris\u00e9s que pour un usage priv\u00e9 et non commercial.  <\/p><p>Dans la mesure o\u00f9 les contenus de ce site n&rsquo;ont pas \u00e9t\u00e9 cr\u00e9\u00e9s par l&rsquo;exploitant, les droits d&rsquo;auteur de tiers sont respect\u00e9s. En particulier, les contenus de tiers sont identifi\u00e9s comme tels. Si vous constatez n\u00e9anmoins une violation des droits d&rsquo;auteur, nous vous prions de nous en informer. D\u00e8s que nous aurons connaissance d&rsquo;une violation de la loi, nous supprimerons imm\u00e9diatement le contenu en question.   <\/p><h3 style=\"font-family: -apple-system, system-ui, 'Segoe UI', Roboto, 'Helvetica Neue', Arial, sans-serif, 'Apple Color Emoji', 'Segoe UI Emoji', 'Segoe UI Symbol'; color: #212529;\"><a href=\"https:\/\/shw-wm.de\/datenschutzerklaerung\/\" target=\"_blank\" rel=\"noopener\">D\u00e9claration de confidentialit\u00e9<\/a><\/h3>\t\t\t\t\t\t\t\t<\/div>\n\t\t\t\t<\/div>\n\t\t\t\t\t<\/div>\n\t\t<\/div>\n\t\t\t\t\t<\/div>\n\t\t<\/section>\n\t\t\t\t<\/div>\n\t\t","protected":false},"excerpt":{"rendered":"<p>Informations conform\u00e9ment au \u00a7 5 TMG SHW Werkzeugmaschinen GmbHAlte Schmiede 173433 Aalen-Wasseralfingen Registre du commerce : HRB 737497Tribunal d&rsquo;enregistrement : Tribunal d&rsquo;instance d&rsquo;Ulm Repr\u00e9sent\u00e9 par le directeur g\u00e9n\u00e9ral :Martin Greis Contact T\u00e9l\u00e9phone : +49 (0)7361 5578 800T\u00e9l\u00e9copieur : +49 (0)7361 5578 900E-mail : info@shw-wm.de Num\u00e9ro d&rsquo;identification de la taxe sur le chiffre d&rsquo;affaires Num\u00e9ro d&rsquo;identification [&hellip;]<\/p>\n","protected":false},"author":3,"featured_media":0,"parent":0,"menu_order":0,"comment_status":"closed","ping_status":"closed","template":"","meta":{"footnotes":""},"class_list":["post-17075","page","type-page","status-publish","hentry"],"yoast_head":"<!-- This site is optimized with the Yoast SEO plugin v27.4 - https:\/\/yoast.com\/product\/yoast-seo-wordpress\/ -->\n<title>Mentions l\u00e9gales | SHW - Werkzeugmaschinen<\/title>\n<meta name=\"robots\" content=\"noindex, nofollow\" \/>\n<meta property=\"og:locale\" content=\"fr_FR\" \/>\n<meta property=\"og:type\" content=\"article\" \/>\n<meta property=\"og:title\" content=\"Mentions l\u00e9gales | SHW - Werkzeugmaschinen\" \/>\n<meta property=\"og:description\" content=\"Informations conform\u00e9ment au \u00a7 5 TMG SHW Werkzeugmaschinen GmbHAlte Schmiede 173433 Aalen-Wasseralfingen Registre du commerce : HRB 737497Tribunal d&rsquo;enregistrement : Tribunal d&rsquo;instance d&rsquo;Ulm Repr\u00e9sent\u00e9 par le directeur g\u00e9n\u00e9ral :Martin Greis Contact T\u00e9l\u00e9phone : +49 (0)7361 5578 800T\u00e9l\u00e9copieur : +49 (0)7361 5578 900E-mail : info@shw-wm.de Num\u00e9ro d&rsquo;identification de la taxe sur le chiffre d&rsquo;affaires Num\u00e9ro d&rsquo;identification [&hellip;]\" \/>\n<meta property=\"og:url\" content=\"https:\/\/shw-wm.de\/fr\/mentions-legales\/\" \/>\n<meta property=\"og:site_name\" content=\"SHW - Werkzeugmaschinen\" \/>\n<meta property=\"article:publisher\" content=\"https:\/\/www.facebook.com\/SHWWM\" \/>\n<meta property=\"article:modified_time\" content=\"2025-10-13T12:29:52+00:00\" \/>\n<meta property=\"og:image\" content=\"https:\/\/shw-wm.de\/wp-content\/uploads\/2021_Logo_mit_Flagge-removebg-preview.png\" \/>\n\t<meta property=\"og:image:width\" content=\"275\" \/>\n\t<meta property=\"og:image:height\" content=\"119\" \/>\n\t<meta property=\"og:image:type\" content=\"image\/png\" \/>\n<meta name=\"twitter:card\" content=\"summary_large_image\" \/>\n<meta name=\"twitter:site\" content=\"@SHW_WM_Gmbh\" \/>\n<meta name=\"twitter:label1\" content=\"Dur\u00e9e de lecture estim\u00e9e\" \/>\n\t<meta name=\"twitter:data1\" content=\"3 minutes\" \/>\n<script type=\"application\/ld+json\" class=\"yoast-schema-graph\">{\"@context\":\"https:\\\/\\\/schema.org\",\"@graph\":[{\"@type\":\"WebPage\",\"@id\":\"https:\\\/\\\/shw-wm.de\\\/fr\\\/mentions-legales\\\/\",\"url\":\"https:\\\/\\\/shw-wm.de\\\/fr\\\/mentions-legales\\\/\",\"name\":\"Mentions l\u00e9gales | SHW - Werkzeugmaschinen\",\"isPartOf\":{\"@id\":\"https:\\\/\\\/shw-wm.de\\\/#website\"},\"datePublished\":\"2018-11-27T11:24:10+00:00\",\"dateModified\":\"2025-10-13T12:29:52+00:00\",\"breadcrumb\":{\"@id\":\"https:\\\/\\\/shw-wm.de\\\/fr\\\/mentions-legales\\\/#breadcrumb\"},\"inLanguage\":\"fr-FR\",\"potentialAction\":[{\"@type\":\"ReadAction\",\"target\":[\"https:\\\/\\\/shw-wm.de\\\/fr\\\/mentions-legales\\\/\"]}]},{\"@type\":\"BreadcrumbList\",\"@id\":\"https:\\\/\\\/shw-wm.de\\\/fr\\\/mentions-legales\\\/#breadcrumb\",\"itemListElement\":[{\"@type\":\"ListItem\",\"position\":1,\"name\":\"Home\",\"item\":\"https:\\\/\\\/shw-wm.de\\\/fr\\\/accueil\\\/\"},{\"@type\":\"ListItem\",\"position\":2,\"name\":\"Mentions l\u00e9gales\"}]},{\"@type\":\"WebSite\",\"@id\":\"https:\\\/\\\/shw-wm.de\\\/#website\",\"url\":\"https:\\\/\\\/shw-wm.de\\\/\",\"name\":\"SHW - Werkzeugmaschinen\",\"description\":\"Hersteller von Fahrst\u00e4ndermaschinen\",\"publisher\":{\"@id\":\"https:\\\/\\\/shw-wm.de\\\/#organization\"},\"potentialAction\":[{\"@type\":\"SearchAction\",\"target\":{\"@type\":\"EntryPoint\",\"urlTemplate\":\"https:\\\/\\\/shw-wm.de\\\/?s={search_term_string}\"},\"query-input\":{\"@type\":\"PropertyValueSpecification\",\"valueRequired\":true,\"valueName\":\"search_term_string\"}}],\"inLanguage\":\"fr-FR\"},{\"@type\":\"Organization\",\"@id\":\"https:\\\/\\\/shw-wm.de\\\/#organization\",\"name\":\"SHW - Werkzeugmaschinen\",\"url\":\"https:\\\/\\\/shw-wm.de\\\/\",\"logo\":{\"@type\":\"ImageObject\",\"inLanguage\":\"fr-FR\",\"@id\":\"https:\\\/\\\/shw-wm.de\\\/#\\\/schema\\\/logo\\\/image\\\/\",\"url\":\"https:\\\/\\\/shw-wm.de\\\/wp-content\\\/uploads\\\/2021_Logo_mit_Flagge-1.jpg\",\"contentUrl\":\"https:\\\/\\\/shw-wm.de\\\/wp-content\\\/uploads\\\/2021_Logo_mit_Flagge-1.jpg\",\"width\":275,\"height\":119,\"caption\":\"SHW - Werkzeugmaschinen\"},\"image\":{\"@id\":\"https:\\\/\\\/shw-wm.de\\\/#\\\/schema\\\/logo\\\/image\\\/\"},\"sameAs\":[\"https:\\\/\\\/www.facebook.com\\\/SHWWM\",\"https:\\\/\\\/x.com\\\/SHW_WM_Gmbh\",\"https:\\\/\\\/www.instagram.com\\\/shw_werkzeugmaschinen\\\/\",\"https:\\\/\\\/www.youtube.com\\\/@SHWWerkzeugmaschinen\"]}]}<\/script>\n<!-- \/ Yoast SEO plugin. -->","yoast_head_json":{"title":"Mentions l\u00e9gales | SHW - Werkzeugmaschinen","robots":{"index":"noindex","follow":"nofollow"},"og_locale":"fr_FR","og_type":"article","og_title":"Mentions l\u00e9gales | SHW - Werkzeugmaschinen","og_description":"Informations conform\u00e9ment au \u00a7 5 TMG SHW Werkzeugmaschinen GmbHAlte Schmiede 173433 Aalen-Wasseralfingen Registre du commerce : HRB 737497Tribunal d&rsquo;enregistrement : Tribunal d&rsquo;instance d&rsquo;Ulm Repr\u00e9sent\u00e9 par le directeur g\u00e9n\u00e9ral :Martin Greis Contact T\u00e9l\u00e9phone : +49 (0)7361 5578 800T\u00e9l\u00e9copieur : +49 (0)7361 5578 900E-mail : info@shw-wm.de Num\u00e9ro d&rsquo;identification de la taxe sur le chiffre d&rsquo;affaires Num\u00e9ro d&rsquo;identification [&hellip;]","og_url":"https:\/\/shw-wm.de\/fr\/mentions-legales\/","og_site_name":"SHW - Werkzeugmaschinen","article_publisher":"https:\/\/www.facebook.com\/SHWWM","article_modified_time":"2025-10-13T12:29:52+00:00","og_image":[{"width":275,"height":119,"url":"https:\/\/shw-wm.de\/wp-content\/uploads\/2021_Logo_mit_Flagge-removebg-preview.png","type":"image\/png"}],"twitter_card":"summary_large_image","twitter_site":"@SHW_WM_Gmbh","twitter_misc":{"Dur\u00e9e de lecture estim\u00e9e":"3 minutes"},"schema":{"@context":"https:\/\/schema.org","@graph":[{"@type":"WebPage","@id":"https:\/\/shw-wm.de\/fr\/mentions-legales\/","url":"https:\/\/shw-wm.de\/fr\/mentions-legales\/","name":"Mentions l\u00e9gales | SHW - Werkzeugmaschinen","isPartOf":{"@id":"https:\/\/shw-wm.de\/#website"},"datePublished":"2018-11-27T11:24:10+00:00","dateModified":"2025-10-13T12:29:52+00:00","breadcrumb":{"@id":"https:\/\/shw-wm.de\/fr\/mentions-legales\/#breadcrumb"},"inLanguage":"fr-FR","potentialAction":[{"@type":"ReadAction","target":["https:\/\/shw-wm.de\/fr\/mentions-legales\/"]}]},{"@type":"BreadcrumbList","@id":"https:\/\/shw-wm.de\/fr\/mentions-legales\/#breadcrumb","itemListElement":[{"@type":"ListItem","position":1,"name":"Home","item":"https:\/\/shw-wm.de\/fr\/accueil\/"},{"@type":"ListItem","position":2,"name":"Mentions l\u00e9gales"}]},{"@type":"WebSite","@id":"https:\/\/shw-wm.de\/#website","url":"https:\/\/shw-wm.de\/","name":"SHW - Werkzeugmaschinen","description":"Hersteller von Fahrst\u00e4ndermaschinen","publisher":{"@id":"https:\/\/shw-wm.de\/#organization"},"potentialAction":[{"@type":"SearchAction","target":{"@type":"EntryPoint","urlTemplate":"https:\/\/shw-wm.de\/?s={search_term_string}"},"query-input":{"@type":"PropertyValueSpecification","valueRequired":true,"valueName":"search_term_string"}}],"inLanguage":"fr-FR"},{"@type":"Organization","@id":"https:\/\/shw-wm.de\/#organization","name":"SHW - Werkzeugmaschinen","url":"https:\/\/shw-wm.de\/","logo":{"@type":"ImageObject","inLanguage":"fr-FR","@id":"https:\/\/shw-wm.de\/#\/schema\/logo\/image\/","url":"https:\/\/shw-wm.de\/wp-content\/uploads\/2021_Logo_mit_Flagge-1.jpg","contentUrl":"https:\/\/shw-wm.de\/wp-content\/uploads\/2021_Logo_mit_Flagge-1.jpg","width":275,"height":119,"caption":"SHW - Werkzeugmaschinen"},"image":{"@id":"https:\/\/shw-wm.de\/#\/schema\/logo\/image\/"},"sameAs":["https:\/\/www.facebook.com\/SHWWM","https:\/\/x.com\/SHW_WM_Gmbh","https:\/\/www.instagram.com\/shw_werkzeugmaschinen\/","https:\/\/www.youtube.com\/@SHWWerkzeugmaschinen"]}]}},"_links":{"self":[{"href":"https:\/\/shw-wm.de\/fr\/wp-json\/wp\/v2\/pages\/17075","targetHints":{"allow":["GET"]}}],"collection":[{"href":"https:\/\/shw-wm.de\/fr\/wp-json\/wp\/v2\/pages"}],"about":[{"href":"https:\/\/shw-wm.de\/fr\/wp-json\/wp\/v2\/types\/page"}],"author":[{"embeddable":true,"href":"https:\/\/shw-wm.de\/fr\/wp-json\/wp\/v2\/users\/3"}],"replies":[{"embeddable":true,"href":"https:\/\/shw-wm.de\/fr\/wp-json\/wp\/v2\/comments?post=17075"}],"version-history":[{"count":1,"href":"https:\/\/shw-wm.de\/fr\/wp-json\/wp\/v2\/pages\/17075\/revisions"}],"predecessor-version":[{"id":17076,"href":"https:\/\/shw-wm.de\/fr\/wp-json\/wp\/v2\/pages\/17075\/revisions\/17076"}],"wp:attachment":[{"href":"https:\/\/shw-wm.de\/fr\/wp-json\/wp\/v2\/media?parent=17075"}],"curies":[{"name":"wp","href":"https:\/\/api.w.org\/{rel}","templated":true}]}}