{"id":17712,"date":"2024-03-04T14:27:12","date_gmt":"2024-03-04T13:27:12","guid":{"rendered":"https:\/\/shw-wm.de\/changeur-de-palettes-double\/"},"modified":"2025-10-13T15:35:43","modified_gmt":"2025-10-13T13:35:43","slug":"changeur-de-palettes-double","status":"publish","type":"page","link":"https:\/\/shw-wm.de\/fr\/systemes-de-changement-de-palettes\/changeur-de-palettes-double\/","title":{"rendered":"Changeur de palettes double"},"content":{"rendered":"\t\t<div data-elementor-type=\"wp-page\" data-elementor-id=\"17712\" class=\"elementor elementor-17712 elementor-12420\" data-elementor-post-type=\"page\">\n\t\t\t\t\t\t<section class=\"elementor-section elementor-top-section elementor-element elementor-element-297d2998 elementor-section-boxed elementor-section-height-default elementor-section-height-default\" data-id=\"297d2998\" data-element_type=\"section\" data-e-type=\"section\" data-settings=\"{&quot;background_background&quot;:&quot;classic&quot;}\">\n\t\t\t\t\t\t<div class=\"elementor-container elementor-column-gap-default\">\n\t\t\t\t\t<div class=\"elementor-column elementor-col-100 elementor-top-column elementor-element elementor-element-6aef666f\" data-id=\"6aef666f\" data-element_type=\"column\" data-e-type=\"column\">\n\t\t\t<div class=\"elementor-widget-wrap elementor-element-populated\">\n\t\t\t\t\t\t<div class=\"elementor-element elementor-element-4a3f7d09 elementor-widget elementor-widget-heading\" data-id=\"4a3f7d09\" data-element_type=\"widget\" data-e-type=\"widget\" data-widget_type=\"heading.default\">\n\t\t\t\t<div class=\"elementor-widget-container\">\n\t\t\t\t\t<h2 class=\"elementor-heading-title elementor-size-default\">Changeur de palettes double<\/h2>\t\t\t\t<\/div>\n\t\t\t\t<\/div>\n\t\t\t\t\t<\/div>\n\t\t<\/div>\n\t\t\t\t\t<\/div>\n\t\t<\/section>\n\t\t<div class=\"elementor-element elementor-element-d31e4de e-flex e-con-boxed e-con e-parent\" data-id=\"d31e4de\" data-element_type=\"container\" data-e-type=\"container\">\n\t\t\t\t\t<div class=\"e-con-inner\">\n\t\t\t\t<div class=\"elementor-element elementor-element-06b4058 elementor-widget elementor-widget-spacer\" data-id=\"06b4058\" data-element_type=\"widget\" data-e-type=\"widget\" data-widget_type=\"spacer.default\">\n\t\t\t\t<div class=\"elementor-widget-container\">\n\t\t\t\t\t\t\t<div class=\"elementor-spacer\">\n\t\t\t<div class=\"elementor-spacer-inner\"><\/div>\n\t\t<\/div>\n\t\t\t\t\t\t<\/div>\n\t\t\t\t<\/div>\n\t\t\t\t\t<\/div>\n\t\t\t\t<\/div>\n\t\t\t\t<section class=\"elementor-section elementor-top-section elementor-element elementor-element-038bb8d elementor-section-boxed elementor-section-height-default elementor-section-height-default\" data-id=\"038bb8d\" data-element_type=\"section\" data-e-type=\"section\">\n\t\t\t\t\t\t<div class=\"elementor-container elementor-column-gap-default\">\n\t\t\t\t\t<div class=\"elementor-column elementor-col-100 elementor-top-column elementor-element elementor-element-9d4991e\" data-id=\"9d4991e\" data-element_type=\"column\" data-e-type=\"column\">\n\t\t\t<div class=\"elementor-widget-wrap elementor-element-populated\">\n\t\t\t\t\t\t<div class=\"elementor-element elementor-element-31700b7 elementor-widget elementor-widget-image\" data-id=\"31700b7\" data-element_type=\"widget\" data-e-type=\"widget\" data-widget_type=\"image.default\">\n\t\t\t\t<div class=\"elementor-widget-container\">\n\t\t\t\t\t\t\t\t\t\t\t\t\t\t\t<img fetchpriority=\"high\" decoding=\"async\" width=\"800\" height=\"600\" src=\"https:\/\/shw-wm.de\/wp-content\/uploads\/IMG_1882-1-1024x768.jpg\" class=\"attachment-large size-large wp-image-17717\" alt=\"\" srcset=\"https:\/\/shw-wm.de\/wp-content\/uploads\/IMG_1882-1-1024x768.jpg 1024w, https:\/\/shw-wm.de\/wp-content\/uploads\/IMG_1882-1-300x225.jpg 300w, https:\/\/shw-wm.de\/wp-content\/uploads\/IMG_1882-1-768x576.jpg 768w, https:\/\/shw-wm.de\/wp-content\/uploads\/IMG_1882-1-1536x1152.jpg 1536w, https:\/\/shw-wm.de\/wp-content\/uploads\/IMG_1882-1-2048x1536.jpg 2048w, https:\/\/shw-wm.de\/wp-content\/uploads\/IMG_1882-1-600x450.jpg 600w\" sizes=\"(max-width: 800px) 100vw, 800px\" \/>\t\t\t\t\t\t\t\t\t\t\t\t\t\t\t<\/div>\n\t\t\t\t<\/div>\n\t\t\t\t\t<\/div>\n\t\t<\/div>\n\t\t\t\t\t<\/div>\n\t\t<\/section>\n\t\t\t\t<section class=\"elementor-section elementor-top-section elementor-element elementor-element-8fe0638 elementor-section-boxed elementor-section-height-default elementor-section-height-default\" data-id=\"8fe0638\" data-element_type=\"section\" data-e-type=\"section\">\n\t\t\t\t\t\t<div class=\"elementor-container elementor-column-gap-default\">\n\t\t\t\t\t<div class=\"elementor-column elementor-col-100 elementor-top-column elementor-element elementor-element-b1e6ebd\" data-id=\"b1e6ebd\" data-element_type=\"column\" data-e-type=\"column\">\n\t\t\t<div class=\"elementor-widget-wrap elementor-element-populated\">\n\t\t\t\t\t\t<div class=\"elementor-element elementor-element-4392c6f elementor-widget-divider--view-line elementor-widget elementor-widget-divider\" data-id=\"4392c6f\" data-element_type=\"widget\" data-e-type=\"widget\" data-widget_type=\"divider.default\">\n\t\t\t\t<div class=\"elementor-widget-container\">\n\t\t\t\t\t\t\t<div class=\"elementor-divider\">\n\t\t\t<span class=\"elementor-divider-separator\">\n\t\t\t\t\t\t<\/span>\n\t\t<\/div>\n\t\t\t\t\t\t<\/div>\n\t\t\t\t<\/div>\n\t\t\t\t\t<\/div>\n\t\t<\/div>\n\t\t\t\t\t<\/div>\n\t\t<\/section>\n\t\t\t\t<section class=\"elementor-section elementor-top-section elementor-element elementor-element-e50a68b elementor-section-boxed elementor-section-height-default elementor-section-height-default\" data-id=\"e50a68b\" data-element_type=\"section\" data-e-type=\"section\">\n\t\t\t\t\t\t<div class=\"elementor-container elementor-column-gap-default\">\n\t\t\t\t\t<div class=\"elementor-column elementor-col-50 elementor-top-column elementor-element elementor-element-deeba14\" data-id=\"deeba14\" data-element_type=\"column\" data-e-type=\"column\">\n\t\t\t<div class=\"elementor-widget-wrap elementor-element-populated\">\n\t\t\t\t\t\t<div class=\"elementor-element elementor-element-dbfca0d elementor-tabs-view-horizontal elementor-widget elementor-widget-tabs\" data-id=\"dbfca0d\" data-element_type=\"widget\" data-e-type=\"widget\" data-widget_type=\"tabs.default\">\n\t\t\t\t<div class=\"elementor-widget-container\">\n\t\t\t\t\t\t\t<div class=\"elementor-tabs\">\n\t\t\t<div class=\"elementor-tabs-wrapper\" role=\"tablist\" >\n\t\t\t\t\t\t\t\t\t<div id=\"elementor-tab-title-2301\" class=\"elementor-tab-title elementor-tab-desktop-title\" aria-selected=\"true\" data-tab=\"1\" role=\"tab\" tabindex=\"0\" aria-controls=\"elementor-tab-content-2301\" aria-expanded=\"false\">DESCRIPTION<\/div>\n\t\t\t\t\t\t\t<\/div>\n\t\t\t<div class=\"elementor-tabs-content-wrapper\" role=\"tablist\" aria-orientation=\"vertical\">\n\t\t\t\t\t\t\t\t\t<div class=\"elementor-tab-title elementor-tab-mobile-title\" aria-selected=\"true\" data-tab=\"1\" role=\"tab\" tabindex=\"0\" aria-controls=\"elementor-tab-content-2301\" aria-expanded=\"false\">DESCRIPTION<\/div>\n\t\t\t\t\t<div id=\"elementor-tab-content-2301\" class=\"elementor-tab-content elementor-clearfix\" data-tab=\"1\" role=\"tabpanel\" aria-labelledby=\"elementor-tab-title-2301\" tabindex=\"0\" hidden=\"false\"><p>Le mod\u00e8le d&rsquo;entr\u00e9e de gamme \u00e9conomique vous permet, gr\u00e2ce \u00e0 deux palettes, d&rsquo;effectuer la pr\u00e9paration en temps masqu\u00e9. Cela permet d&rsquo;augmenter consid\u00e9rablement la productivit\u00e9 tout en conservant un encombrement raisonnable. <\/p>\n<p>L&rsquo;unit\u00e9 de transfert nouvellement d\u00e9velopp\u00e9e fait de la machine et du syst\u00e8me de changement de palettes deux ensembles autonomes. Il est ainsi possible d&rsquo;installer le changeur de plaques double sur les machines UniSpeed et PowerSpeed existantes, ainsi que sur le PowerSpeed Cube, avec des moyens limit\u00e9s. <\/p>\n<\/div>\n\t\t\t\t\t\t\t<\/div>\n\t\t<\/div>\n\t\t\t\t\t\t<\/div>\n\t\t\t\t<\/div>\n\t\t\t\t\t<\/div>\n\t\t<\/div>\n\t\t\t\t<div class=\"elementor-column elementor-col-50 elementor-top-column elementor-element elementor-element-72e506b\" data-id=\"72e506b\" data-element_type=\"column\" data-e-type=\"column\">\n\t\t\t<div class=\"elementor-widget-wrap\">\n\t\t\t\t\t\t\t<\/div>\n\t\t<\/div>\n\t\t\t\t\t<\/div>\n\t\t<\/section>\n\t\t\t\t<\/div>\n\t\t","protected":false},"excerpt":{"rendered":"<p>Changeur de palettes double DESCRIPTION DESCRIPTION Le mod\u00e8le d&rsquo;entr\u00e9e de gamme \u00e9conomique vous permet, gr\u00e2ce \u00e0 deux palettes, d&rsquo;effectuer la pr\u00e9paration en temps masqu\u00e9. Cela permet d&rsquo;augmenter consid\u00e9rablement la productivit\u00e9 tout en conservant un encombrement raisonnable. L&rsquo;unit\u00e9 de transfert nouvellement d\u00e9velopp\u00e9e fait de la machine et du syst\u00e8me de changement de palettes deux ensembles autonomes. [&hellip;]<\/p>\n","protected":false},"author":4,"featured_media":0,"parent":17716,"menu_order":0,"comment_status":"closed","ping_status":"closed","template":"","meta":{"footnotes":""},"class_list":["post-17712","page","type-page","status-publish","hentry"],"yoast_head":"<!-- This site is optimized with the Yoast SEO plugin v27.4 - https:\/\/yoast.com\/product\/yoast-seo-wordpress\/ -->\n<title>Changeur de palettes double | SHW - Werkzeugmaschinen<\/title>\n<meta name=\"robots\" content=\"index, follow, max-snippet:-1, max-image-preview:large, max-video-preview:-1\" \/>\n<link rel=\"canonical\" href=\"https:\/\/shw-wm.de\/fr\/systemes-de-changement-de-palettes\/changeur-de-palettes-double\/\" \/>\n<meta property=\"og:locale\" content=\"fr_FR\" \/>\n<meta property=\"og:type\" content=\"article\" \/>\n<meta property=\"og:title\" content=\"Changeur de palettes double | SHW - Werkzeugmaschinen\" \/>\n<meta property=\"og:description\" content=\"Changeur de palettes double DESCRIPTION DESCRIPTION Le mod\u00e8le d&rsquo;entr\u00e9e de gamme \u00e9conomique vous permet, gr\u00e2ce \u00e0 deux palettes, d&rsquo;effectuer la pr\u00e9paration en temps masqu\u00e9. Cela permet d&rsquo;augmenter consid\u00e9rablement la productivit\u00e9 tout en conservant un encombrement raisonnable. L&rsquo;unit\u00e9 de transfert nouvellement d\u00e9velopp\u00e9e fait de la machine et du syst\u00e8me de changement de palettes deux ensembles autonomes. [&hellip;]\" \/>\n<meta property=\"og:url\" content=\"https:\/\/shw-wm.de\/fr\/systemes-de-changement-de-palettes\/changeur-de-palettes-double\/\" \/>\n<meta property=\"og:site_name\" content=\"SHW - Werkzeugmaschinen\" \/>\n<meta property=\"article:publisher\" content=\"https:\/\/www.facebook.com\/SHWWM\" \/>\n<meta property=\"article:modified_time\" content=\"2025-10-13T13:35:43+00:00\" \/>\n<meta property=\"og:image\" content=\"https:\/\/shw-wm.de\/wp-content\/uploads\/IMG_1882-1-scaled.jpg\" \/>\n\t<meta property=\"og:image:width\" content=\"2560\" \/>\n\t<meta property=\"og:image:height\" content=\"1920\" \/>\n\t<meta property=\"og:image:type\" content=\"image\/jpeg\" \/>\n<meta name=\"twitter:card\" content=\"summary_large_image\" \/>\n<meta name=\"twitter:site\" content=\"@SHW_WM_Gmbh\" \/>\n<meta name=\"twitter:label1\" content=\"Dur\u00e9e de lecture estim\u00e9e\" \/>\n\t<meta name=\"twitter:data1\" content=\"1 minute\" \/>\n<script type=\"application\/ld+json\" class=\"yoast-schema-graph\">{\"@context\":\"https:\\\/\\\/schema.org\",\"@graph\":[{\"@type\":\"WebPage\",\"@id\":\"https:\\\/\\\/shw-wm.de\\\/fr\\\/systemes-de-changement-de-palettes\\\/changeur-de-palettes-double\\\/\",\"url\":\"https:\\\/\\\/shw-wm.de\\\/fr\\\/systemes-de-changement-de-palettes\\\/changeur-de-palettes-double\\\/\",\"name\":\"Changeur de palettes double | SHW - Werkzeugmaschinen\",\"isPartOf\":{\"@id\":\"https:\\\/\\\/shw-wm.de\\\/#website\"},\"primaryImageOfPage\":{\"@id\":\"https:\\\/\\\/shw-wm.de\\\/fr\\\/systemes-de-changement-de-palettes\\\/changeur-de-palettes-double\\\/#primaryimage\"},\"image\":{\"@id\":\"https:\\\/\\\/shw-wm.de\\\/fr\\\/systemes-de-changement-de-palettes\\\/changeur-de-palettes-double\\\/#primaryimage\"},\"thumbnailUrl\":\"https:\\\/\\\/shw-wm.de\\\/wp-content\\\/uploads\\\/IMG_1882-1-1024x768.jpg\",\"datePublished\":\"2024-03-04T13:27:12+00:00\",\"dateModified\":\"2025-10-13T13:35:43+00:00\",\"breadcrumb\":{\"@id\":\"https:\\\/\\\/shw-wm.de\\\/fr\\\/systemes-de-changement-de-palettes\\\/changeur-de-palettes-double\\\/#breadcrumb\"},\"inLanguage\":\"fr-FR\",\"potentialAction\":[{\"@type\":\"ReadAction\",\"target\":[\"https:\\\/\\\/shw-wm.de\\\/fr\\\/systemes-de-changement-de-palettes\\\/changeur-de-palettes-double\\\/\"]}]},{\"@type\":\"ImageObject\",\"inLanguage\":\"fr-FR\",\"@id\":\"https:\\\/\\\/shw-wm.de\\\/fr\\\/systemes-de-changement-de-palettes\\\/changeur-de-palettes-double\\\/#primaryimage\",\"url\":\"https:\\\/\\\/shw-wm.de\\\/wp-content\\\/uploads\\\/IMG_1882-1-1024x768.jpg\",\"contentUrl\":\"https:\\\/\\\/shw-wm.de\\\/wp-content\\\/uploads\\\/IMG_1882-1-1024x768.jpg\"},{\"@type\":\"BreadcrumbList\",\"@id\":\"https:\\\/\\\/shw-wm.de\\\/fr\\\/systemes-de-changement-de-palettes\\\/changeur-de-palettes-double\\\/#breadcrumb\",\"itemListElement\":[{\"@type\":\"ListItem\",\"position\":1,\"name\":\"Home\",\"item\":\"https:\\\/\\\/shw-wm.de\\\/fr\\\/accueil\\\/\"},{\"@type\":\"ListItem\",\"position\":2,\"name\":\"Changeur de palettes double\"}]},{\"@type\":\"WebSite\",\"@id\":\"https:\\\/\\\/shw-wm.de\\\/#website\",\"url\":\"https:\\\/\\\/shw-wm.de\\\/\",\"name\":\"SHW - Werkzeugmaschinen\",\"description\":\"Hersteller von Fahrst\u00e4ndermaschinen\",\"publisher\":{\"@id\":\"https:\\\/\\\/shw-wm.de\\\/#organization\"},\"potentialAction\":[{\"@type\":\"SearchAction\",\"target\":{\"@type\":\"EntryPoint\",\"urlTemplate\":\"https:\\\/\\\/shw-wm.de\\\/?s={search_term_string}\"},\"query-input\":{\"@type\":\"PropertyValueSpecification\",\"valueRequired\":true,\"valueName\":\"search_term_string\"}}],\"inLanguage\":\"fr-FR\"},{\"@type\":\"Organization\",\"@id\":\"https:\\\/\\\/shw-wm.de\\\/#organization\",\"name\":\"SHW - Werkzeugmaschinen\",\"url\":\"https:\\\/\\\/shw-wm.de\\\/\",\"logo\":{\"@type\":\"ImageObject\",\"inLanguage\":\"fr-FR\",\"@id\":\"https:\\\/\\\/shw-wm.de\\\/#\\\/schema\\\/logo\\\/image\\\/\",\"url\":\"https:\\\/\\\/shw-wm.de\\\/wp-content\\\/uploads\\\/2021_Logo_mit_Flagge-1.jpg\",\"contentUrl\":\"https:\\\/\\\/shw-wm.de\\\/wp-content\\\/uploads\\\/2021_Logo_mit_Flagge-1.jpg\",\"width\":275,\"height\":119,\"caption\":\"SHW - Werkzeugmaschinen\"},\"image\":{\"@id\":\"https:\\\/\\\/shw-wm.de\\\/#\\\/schema\\\/logo\\\/image\\\/\"},\"sameAs\":[\"https:\\\/\\\/www.facebook.com\\\/SHWWM\",\"https:\\\/\\\/x.com\\\/SHW_WM_Gmbh\",\"https:\\\/\\\/www.instagram.com\\\/shw_werkzeugmaschinen\\\/\",\"https:\\\/\\\/www.youtube.com\\\/@SHWWerkzeugmaschinen\"]}]}<\/script>\n<!-- \/ Yoast SEO plugin. -->","yoast_head_json":{"title":"Changeur de palettes double | SHW - Werkzeugmaschinen","robots":{"index":"index","follow":"follow","max-snippet":"max-snippet:-1","max-image-preview":"max-image-preview:large","max-video-preview":"max-video-preview:-1"},"canonical":"https:\/\/shw-wm.de\/fr\/systemes-de-changement-de-palettes\/changeur-de-palettes-double\/","og_locale":"fr_FR","og_type":"article","og_title":"Changeur de palettes double | SHW - Werkzeugmaschinen","og_description":"Changeur de palettes double DESCRIPTION DESCRIPTION Le mod\u00e8le d&rsquo;entr\u00e9e de gamme \u00e9conomique vous permet, gr\u00e2ce \u00e0 deux palettes, d&rsquo;effectuer la pr\u00e9paration en temps masqu\u00e9. Cela permet d&rsquo;augmenter consid\u00e9rablement la productivit\u00e9 tout en conservant un encombrement raisonnable. L&rsquo;unit\u00e9 de transfert nouvellement d\u00e9velopp\u00e9e fait de la machine et du syst\u00e8me de changement de palettes deux ensembles autonomes. [&hellip;]","og_url":"https:\/\/shw-wm.de\/fr\/systemes-de-changement-de-palettes\/changeur-de-palettes-double\/","og_site_name":"SHW - Werkzeugmaschinen","article_publisher":"https:\/\/www.facebook.com\/SHWWM","article_modified_time":"2025-10-13T13:35:43+00:00","og_image":[{"width":2560,"height":1920,"url":"https:\/\/shw-wm.de\/wp-content\/uploads\/IMG_1882-1-scaled.jpg","type":"image\/jpeg"}],"twitter_card":"summary_large_image","twitter_site":"@SHW_WM_Gmbh","twitter_misc":{"Dur\u00e9e de lecture estim\u00e9e":"1 minute"},"schema":{"@context":"https:\/\/schema.org","@graph":[{"@type":"WebPage","@id":"https:\/\/shw-wm.de\/fr\/systemes-de-changement-de-palettes\/changeur-de-palettes-double\/","url":"https:\/\/shw-wm.de\/fr\/systemes-de-changement-de-palettes\/changeur-de-palettes-double\/","name":"Changeur de palettes double | SHW - Werkzeugmaschinen","isPartOf":{"@id":"https:\/\/shw-wm.de\/#website"},"primaryImageOfPage":{"@id":"https:\/\/shw-wm.de\/fr\/systemes-de-changement-de-palettes\/changeur-de-palettes-double\/#primaryimage"},"image":{"@id":"https:\/\/shw-wm.de\/fr\/systemes-de-changement-de-palettes\/changeur-de-palettes-double\/#primaryimage"},"thumbnailUrl":"https:\/\/shw-wm.de\/wp-content\/uploads\/IMG_1882-1-1024x768.jpg","datePublished":"2024-03-04T13:27:12+00:00","dateModified":"2025-10-13T13:35:43+00:00","breadcrumb":{"@id":"https:\/\/shw-wm.de\/fr\/systemes-de-changement-de-palettes\/changeur-de-palettes-double\/#breadcrumb"},"inLanguage":"fr-FR","potentialAction":[{"@type":"ReadAction","target":["https:\/\/shw-wm.de\/fr\/systemes-de-changement-de-palettes\/changeur-de-palettes-double\/"]}]},{"@type":"ImageObject","inLanguage":"fr-FR","@id":"https:\/\/shw-wm.de\/fr\/systemes-de-changement-de-palettes\/changeur-de-palettes-double\/#primaryimage","url":"https:\/\/shw-wm.de\/wp-content\/uploads\/IMG_1882-1-1024x768.jpg","contentUrl":"https:\/\/shw-wm.de\/wp-content\/uploads\/IMG_1882-1-1024x768.jpg"},{"@type":"BreadcrumbList","@id":"https:\/\/shw-wm.de\/fr\/systemes-de-changement-de-palettes\/changeur-de-palettes-double\/#breadcrumb","itemListElement":[{"@type":"ListItem","position":1,"name":"Home","item":"https:\/\/shw-wm.de\/fr\/accueil\/"},{"@type":"ListItem","position":2,"name":"Changeur de palettes double"}]},{"@type":"WebSite","@id":"https:\/\/shw-wm.de\/#website","url":"https:\/\/shw-wm.de\/","name":"SHW - Werkzeugmaschinen","description":"Hersteller von Fahrst\u00e4ndermaschinen","publisher":{"@id":"https:\/\/shw-wm.de\/#organization"},"potentialAction":[{"@type":"SearchAction","target":{"@type":"EntryPoint","urlTemplate":"https:\/\/shw-wm.de\/?s={search_term_string}"},"query-input":{"@type":"PropertyValueSpecification","valueRequired":true,"valueName":"search_term_string"}}],"inLanguage":"fr-FR"},{"@type":"Organization","@id":"https:\/\/shw-wm.de\/#organization","name":"SHW - Werkzeugmaschinen","url":"https:\/\/shw-wm.de\/","logo":{"@type":"ImageObject","inLanguage":"fr-FR","@id":"https:\/\/shw-wm.de\/#\/schema\/logo\/image\/","url":"https:\/\/shw-wm.de\/wp-content\/uploads\/2021_Logo_mit_Flagge-1.jpg","contentUrl":"https:\/\/shw-wm.de\/wp-content\/uploads\/2021_Logo_mit_Flagge-1.jpg","width":275,"height":119,"caption":"SHW - Werkzeugmaschinen"},"image":{"@id":"https:\/\/shw-wm.de\/#\/schema\/logo\/image\/"},"sameAs":["https:\/\/www.facebook.com\/SHWWM","https:\/\/x.com\/SHW_WM_Gmbh","https:\/\/www.instagram.com\/shw_werkzeugmaschinen\/","https:\/\/www.youtube.com\/@SHWWerkzeugmaschinen"]}]}},"_links":{"self":[{"href":"https:\/\/shw-wm.de\/fr\/wp-json\/wp\/v2\/pages\/17712","targetHints":{"allow":["GET"]}}],"collection":[{"href":"https:\/\/shw-wm.de\/fr\/wp-json\/wp\/v2\/pages"}],"about":[{"href":"https:\/\/shw-wm.de\/fr\/wp-json\/wp\/v2\/types\/page"}],"author":[{"embeddable":true,"href":"https:\/\/shw-wm.de\/fr\/wp-json\/wp\/v2\/users\/4"}],"replies":[{"embeddable":true,"href":"https:\/\/shw-wm.de\/fr\/wp-json\/wp\/v2\/comments?post=17712"}],"version-history":[{"count":1,"href":"https:\/\/shw-wm.de\/fr\/wp-json\/wp\/v2\/pages\/17712\/revisions"}],"predecessor-version":[{"id":17714,"href":"https:\/\/shw-wm.de\/fr\/wp-json\/wp\/v2\/pages\/17712\/revisions\/17714"}],"up":[{"embeddable":true,"href":"https:\/\/shw-wm.de\/fr\/wp-json\/wp\/v2\/pages\/17716"}],"wp:attachment":[{"href":"https:\/\/shw-wm.de\/fr\/wp-json\/wp\/v2\/media?parent=17712"}],"curies":[{"name":"wp","href":"https:\/\/api.w.org\/{rel}","templated":true}]}}