{"id":17736,"date":"2024-03-04T14:34:44","date_gmt":"2024-03-04T13:34:44","guid":{"rendered":"https:\/\/shw-wm.de\/systemes-de-changement-de-palettes\/changeur-de-palettes-a-stockage-circulaire\/"},"modified":"2025-10-13T15:35:45","modified_gmt":"2025-10-13T13:35:45","slug":"changeur-de-palettes-a-stockage-circulaire","status":"publish","type":"page","link":"https:\/\/shw-wm.de\/fr\/systemes-de-changement-de-palettes\/changeur-de-palettes-a-stockage-circulaire\/","title":{"rendered":"Changeur de palettes \u00e0 stockage circulaire"},"content":{"rendered":"\t\t<div data-elementor-type=\"wp-page\" data-elementor-id=\"17736\" class=\"elementor elementor-17736 elementor-12431\" data-elementor-post-type=\"page\">\n\t\t\t\t\t\t<section class=\"elementor-section elementor-top-section elementor-element elementor-element-daa5e4b elementor-section-boxed elementor-section-height-default elementor-section-height-default\" data-id=\"daa5e4b\" data-element_type=\"section\" data-e-type=\"section\" data-settings=\"{&quot;background_background&quot;:&quot;classic&quot;}\">\n\t\t\t\t\t\t<div class=\"elementor-container elementor-column-gap-default\">\n\t\t\t\t\t<div class=\"elementor-column elementor-col-100 elementor-top-column elementor-element elementor-element-9e0a477\" data-id=\"9e0a477\" data-element_type=\"column\" data-e-type=\"column\">\n\t\t\t<div class=\"elementor-widget-wrap elementor-element-populated\">\n\t\t\t\t\t\t<div class=\"elementor-element elementor-element-0a2fef7 elementor-widget elementor-widget-heading\" data-id=\"0a2fef7\" data-element_type=\"widget\" data-e-type=\"widget\" data-widget_type=\"heading.default\">\n\t\t\t\t<div class=\"elementor-widget-container\">\n\t\t\t\t\t<h2 class=\"elementor-heading-title elementor-size-default\">Changeur de palettes \u00e0 stockage circulaire<\/h2>\t\t\t\t<\/div>\n\t\t\t\t<\/div>\n\t\t\t\t\t<\/div>\n\t\t<\/div>\n\t\t\t\t\t<\/div>\n\t\t<\/section>\n\t\t<div class=\"elementor-element elementor-element-a0dfad9 e-flex e-con-boxed e-con e-parent\" data-id=\"a0dfad9\" data-element_type=\"container\" data-e-type=\"container\">\n\t\t\t\t\t<div class=\"e-con-inner\">\n\t\t\t\t<div class=\"elementor-element elementor-element-f17c666 elementor-widget elementor-widget-spacer\" data-id=\"f17c666\" data-element_type=\"widget\" data-e-type=\"widget\" data-widget_type=\"spacer.default\">\n\t\t\t\t<div class=\"elementor-widget-container\">\n\t\t\t\t\t\t\t<div class=\"elementor-spacer\">\n\t\t\t<div class=\"elementor-spacer-inner\"><\/div>\n\t\t<\/div>\n\t\t\t\t\t\t<\/div>\n\t\t\t\t<\/div>\n\t\t\t\t\t<\/div>\n\t\t\t\t<\/div>\n\t\t\t\t<section class=\"elementor-section elementor-top-section elementor-element elementor-element-a1dd394 elementor-section-boxed elementor-section-height-default elementor-section-height-default\" data-id=\"a1dd394\" data-element_type=\"section\" data-e-type=\"section\">\n\t\t\t\t\t\t<div class=\"elementor-container elementor-column-gap-default\">\n\t\t\t\t\t<div class=\"elementor-column elementor-col-100 elementor-top-column elementor-element elementor-element-9061058\" data-id=\"9061058\" data-element_type=\"column\" data-e-type=\"column\">\n\t\t\t<div class=\"elementor-widget-wrap elementor-element-populated\">\n\t\t\t\t\t\t<div class=\"elementor-element elementor-element-31700b7 elementor-widget elementor-widget-image\" data-id=\"31700b7\" data-element_type=\"widget\" data-e-type=\"widget\" data-widget_type=\"image.default\">\n\t\t\t\t<div class=\"elementor-widget-container\">\n\t\t\t\t\t\t\t\t\t\t\t\t\t\t\t<img fetchpriority=\"high\" decoding=\"async\" width=\"800\" height=\"564\" src=\"https:\/\/shw-wm.de\/wp-content\/uploads\/PW3fach-1024x722.png\" class=\"attachment-large size-large wp-image-17720\" alt=\"\" srcset=\"https:\/\/shw-wm.de\/wp-content\/uploads\/PW3fach-1024x722.png 1024w, https:\/\/shw-wm.de\/wp-content\/uploads\/PW3fach-300x211.png 300w, https:\/\/shw-wm.de\/wp-content\/uploads\/PW3fach-768x541.png 768w, https:\/\/shw-wm.de\/wp-content\/uploads\/PW3fach-1536x1083.png 1536w, https:\/\/shw-wm.de\/wp-content\/uploads\/PW3fach-2048x1444.png 2048w, https:\/\/shw-wm.de\/wp-content\/uploads\/PW3fach-600x423.png 600w\" sizes=\"(max-width: 800px) 100vw, 800px\" \/>\t\t\t\t\t\t\t\t\t\t\t\t\t\t\t<\/div>\n\t\t\t\t<\/div>\n\t\t\t\t\t<\/div>\n\t\t<\/div>\n\t\t\t\t\t<\/div>\n\t\t<\/section>\n\t\t\t\t<section class=\"elementor-section elementor-top-section elementor-element elementor-element-2c1a42c elementor-section-boxed elementor-section-height-default elementor-section-height-default\" data-id=\"2c1a42c\" data-element_type=\"section\" data-e-type=\"section\">\n\t\t\t\t\t\t<div class=\"elementor-container elementor-column-gap-default\">\n\t\t\t\t\t<div class=\"elementor-column elementor-col-100 elementor-top-column elementor-element elementor-element-5c230b0\" data-id=\"5c230b0\" data-element_type=\"column\" data-e-type=\"column\">\n\t\t\t<div class=\"elementor-widget-wrap elementor-element-populated\">\n\t\t\t\t\t\t<div class=\"elementor-element elementor-element-48572e7 elementor-widget-divider--view-line elementor-widget elementor-widget-divider\" data-id=\"48572e7\" data-element_type=\"widget\" data-e-type=\"widget\" data-widget_type=\"divider.default\">\n\t\t\t\t<div class=\"elementor-widget-container\">\n\t\t\t\t\t\t\t<div class=\"elementor-divider\">\n\t\t\t<span class=\"elementor-divider-separator\">\n\t\t\t\t\t\t<\/span>\n\t\t<\/div>\n\t\t\t\t\t\t<\/div>\n\t\t\t\t<\/div>\n\t\t\t\t\t<\/div>\n\t\t<\/div>\n\t\t\t\t\t<\/div>\n\t\t<\/section>\n\t\t\t\t<section class=\"elementor-section elementor-top-section elementor-element elementor-element-e50a68b elementor-section-boxed elementor-section-height-default elementor-section-height-default\" data-id=\"e50a68b\" data-element_type=\"section\" data-e-type=\"section\">\n\t\t\t\t\t\t<div class=\"elementor-container elementor-column-gap-default\">\n\t\t\t\t\t<div class=\"elementor-column elementor-col-50 elementor-top-column elementor-element elementor-element-deeba14\" data-id=\"deeba14\" data-element_type=\"column\" data-e-type=\"column\">\n\t\t\t<div class=\"elementor-widget-wrap elementor-element-populated\">\n\t\t\t\t\t\t<div class=\"elementor-element elementor-element-dbfca0d elementor-tabs-view-horizontal elementor-widget elementor-widget-tabs\" data-id=\"dbfca0d\" data-element_type=\"widget\" data-e-type=\"widget\" data-widget_type=\"tabs.default\">\n\t\t\t\t<div class=\"elementor-widget-container\">\n\t\t\t\t\t\t\t<div class=\"elementor-tabs\">\n\t\t\t<div class=\"elementor-tabs-wrapper\" role=\"tablist\" >\n\t\t\t\t\t\t\t\t\t<div id=\"elementor-tab-title-2301\" class=\"elementor-tab-title elementor-tab-desktop-title\" aria-selected=\"true\" data-tab=\"1\" role=\"tab\" tabindex=\"0\" aria-controls=\"elementor-tab-content-2301\" aria-expanded=\"false\">DESCRIPTION<\/div>\n\t\t\t\t\t\t\t<\/div>\n\t\t\t<div class=\"elementor-tabs-content-wrapper\" role=\"tablist\" aria-orientation=\"vertical\">\n\t\t\t\t\t\t\t\t\t<div class=\"elementor-tab-title elementor-tab-mobile-title\" aria-selected=\"true\" data-tab=\"1\" role=\"tab\" tabindex=\"0\" aria-controls=\"elementor-tab-content-2301\" aria-expanded=\"false\">DESCRIPTION<\/div>\n\t\t\t\t\t<div id=\"elementor-tab-content-2301\" class=\"elementor-tab-content elementor-clearfix\" data-tab=\"1\" role=\"tabpanel\" aria-labelledby=\"elementor-tab-title-2301\" tabindex=\"0\" hidden=\"false\"><p>Les palettes, jusqu&rsquo;\u00e0 4, s&rsquo;agencent en \u00e9toile autour de la machine. Un poste de pr\u00e9paration orient\u00e9 vers le poste de commande de la machine garantit un flux de travail optimis\u00e9. <\/p>\n<p>Le changeur de palettes de stockage circulaire offre une multitude de possibilit\u00e9s de configuration, adapt\u00e9es \u00e0 vos t\u00e2ches de production.<\/p>\n<p>Une extension ult\u00e9rieure est possible.<\/p>\n<\/div>\n\t\t\t\t\t\t\t<\/div>\n\t\t<\/div>\n\t\t\t\t\t\t<\/div>\n\t\t\t\t<\/div>\n\t\t\t\t\t<\/div>\n\t\t<\/div>\n\t\t\t\t<div class=\"elementor-column elementor-col-50 elementor-top-column elementor-element elementor-element-72e506b\" data-id=\"72e506b\" data-element_type=\"column\" data-e-type=\"column\">\n\t\t\t<div class=\"elementor-widget-wrap\">\n\t\t\t\t\t\t\t<\/div>\n\t\t<\/div>\n\t\t\t\t\t<\/div>\n\t\t<\/section>\n\t\t\t\t<\/div>\n\t\t","protected":false},"excerpt":{"rendered":"<p>Changeur de palettes \u00e0 stockage circulaire DESCRIPTION DESCRIPTION Les palettes, jusqu&rsquo;\u00e0 4, s&rsquo;agencent en \u00e9toile autour de la machine. Un poste de pr\u00e9paration orient\u00e9 vers le poste de commande de la machine garantit un flux de travail optimis\u00e9. Le changeur de palettes de stockage circulaire offre une multitude de possibilit\u00e9s de configuration, adapt\u00e9es \u00e0 vos [&hellip;]<\/p>\n","protected":false},"author":4,"featured_media":0,"parent":17716,"menu_order":0,"comment_status":"closed","ping_status":"closed","template":"","meta":{"footnotes":""},"class_list":["post-17736","page","type-page","status-publish","hentry"],"yoast_head":"<!-- This site is optimized with the Yoast SEO plugin v27.4 - https:\/\/yoast.com\/product\/yoast-seo-wordpress\/ -->\n<title>Changeur de palettes \u00e0 stockage circulaire | SHW - Werkzeugmaschinen<\/title>\n<meta name=\"robots\" content=\"index, follow, max-snippet:-1, max-image-preview:large, max-video-preview:-1\" \/>\n<link rel=\"canonical\" href=\"https:\/\/shw-wm.de\/fr\/systemes-de-changement-de-palettes\/changeur-de-palettes-a-stockage-circulaire\/\" \/>\n<meta property=\"og:locale\" content=\"fr_FR\" \/>\n<meta property=\"og:type\" content=\"article\" \/>\n<meta property=\"og:title\" content=\"Changeur de palettes \u00e0 stockage circulaire | SHW - Werkzeugmaschinen\" \/>\n<meta property=\"og:description\" content=\"Changeur de palettes \u00e0 stockage circulaire DESCRIPTION DESCRIPTION Les palettes, jusqu&rsquo;\u00e0 4, s&rsquo;agencent en \u00e9toile autour de la machine. Un poste de pr\u00e9paration orient\u00e9 vers le poste de commande de la machine garantit un flux de travail optimis\u00e9. Le changeur de palettes de stockage circulaire offre une multitude de possibilit\u00e9s de configuration, adapt\u00e9es \u00e0 vos [&hellip;]\" \/>\n<meta property=\"og:url\" content=\"https:\/\/shw-wm.de\/fr\/systemes-de-changement-de-palettes\/changeur-de-palettes-a-stockage-circulaire\/\" \/>\n<meta property=\"og:site_name\" content=\"SHW - Werkzeugmaschinen\" \/>\n<meta property=\"article:publisher\" content=\"https:\/\/www.facebook.com\/SHWWM\" \/>\n<meta property=\"article:modified_time\" content=\"2025-10-13T13:35:45+00:00\" \/>\n<meta property=\"og:image\" content=\"https:\/\/shw-wm.de\/wp-content\/uploads\/PW3fach-1024x722.png\" \/>\n\t<meta property=\"og:image:width\" content=\"1024\" \/>\n\t<meta property=\"og:image:height\" content=\"722\" \/>\n\t<meta property=\"og:image:type\" content=\"image\/png\" \/>\n<meta name=\"twitter:card\" content=\"summary_large_image\" \/>\n<meta name=\"twitter:site\" content=\"@SHW_WM_Gmbh\" \/>\n<script type=\"application\/ld+json\" class=\"yoast-schema-graph\">{\"@context\":\"https:\\\/\\\/schema.org\",\"@graph\":[{\"@type\":\"WebPage\",\"@id\":\"https:\\\/\\\/shw-wm.de\\\/fr\\\/systemes-de-changement-de-palettes\\\/changeur-de-palettes-a-stockage-circulaire\\\/\",\"url\":\"https:\\\/\\\/shw-wm.de\\\/fr\\\/systemes-de-changement-de-palettes\\\/changeur-de-palettes-a-stockage-circulaire\\\/\",\"name\":\"Changeur de palettes \u00e0 stockage circulaire | SHW - Werkzeugmaschinen\",\"isPartOf\":{\"@id\":\"https:\\\/\\\/shw-wm.de\\\/#website\"},\"primaryImageOfPage\":{\"@id\":\"https:\\\/\\\/shw-wm.de\\\/fr\\\/systemes-de-changement-de-palettes\\\/changeur-de-palettes-a-stockage-circulaire\\\/#primaryimage\"},\"image\":{\"@id\":\"https:\\\/\\\/shw-wm.de\\\/fr\\\/systemes-de-changement-de-palettes\\\/changeur-de-palettes-a-stockage-circulaire\\\/#primaryimage\"},\"thumbnailUrl\":\"https:\\\/\\\/shw-wm.de\\\/wp-content\\\/uploads\\\/PW3fach-1024x722.png\",\"datePublished\":\"2024-03-04T13:34:44+00:00\",\"dateModified\":\"2025-10-13T13:35:45+00:00\",\"breadcrumb\":{\"@id\":\"https:\\\/\\\/shw-wm.de\\\/fr\\\/systemes-de-changement-de-palettes\\\/changeur-de-palettes-a-stockage-circulaire\\\/#breadcrumb\"},\"inLanguage\":\"fr-FR\",\"potentialAction\":[{\"@type\":\"ReadAction\",\"target\":[\"https:\\\/\\\/shw-wm.de\\\/fr\\\/systemes-de-changement-de-palettes\\\/changeur-de-palettes-a-stockage-circulaire\\\/\"]}]},{\"@type\":\"ImageObject\",\"inLanguage\":\"fr-FR\",\"@id\":\"https:\\\/\\\/shw-wm.de\\\/fr\\\/systemes-de-changement-de-palettes\\\/changeur-de-palettes-a-stockage-circulaire\\\/#primaryimage\",\"url\":\"https:\\\/\\\/shw-wm.de\\\/wp-content\\\/uploads\\\/PW3fach-1024x722.png\",\"contentUrl\":\"https:\\\/\\\/shw-wm.de\\\/wp-content\\\/uploads\\\/PW3fach-1024x722.png\"},{\"@type\":\"BreadcrumbList\",\"@id\":\"https:\\\/\\\/shw-wm.de\\\/fr\\\/systemes-de-changement-de-palettes\\\/changeur-de-palettes-a-stockage-circulaire\\\/#breadcrumb\",\"itemListElement\":[{\"@type\":\"ListItem\",\"position\":1,\"name\":\"Home\",\"item\":\"https:\\\/\\\/shw-wm.de\\\/fr\\\/accueil\\\/\"},{\"@type\":\"ListItem\",\"position\":2,\"name\":\"Syst\u00e8mes de changement de palettes\",\"item\":\"https:\\\/\\\/shw-wm.de\\\/fr\\\/systemes-de-changement-de-palettes\\\/\"},{\"@type\":\"ListItem\",\"position\":3,\"name\":\"Changeur de palettes \u00e0 stockage circulaire\"}]},{\"@type\":\"WebSite\",\"@id\":\"https:\\\/\\\/shw-wm.de\\\/#website\",\"url\":\"https:\\\/\\\/shw-wm.de\\\/\",\"name\":\"SHW - Werkzeugmaschinen\",\"description\":\"Hersteller von Fahrst\u00e4ndermaschinen\",\"publisher\":{\"@id\":\"https:\\\/\\\/shw-wm.de\\\/#organization\"},\"potentialAction\":[{\"@type\":\"SearchAction\",\"target\":{\"@type\":\"EntryPoint\",\"urlTemplate\":\"https:\\\/\\\/shw-wm.de\\\/?s={search_term_string}\"},\"query-input\":{\"@type\":\"PropertyValueSpecification\",\"valueRequired\":true,\"valueName\":\"search_term_string\"}}],\"inLanguage\":\"fr-FR\"},{\"@type\":\"Organization\",\"@id\":\"https:\\\/\\\/shw-wm.de\\\/#organization\",\"name\":\"SHW - Werkzeugmaschinen\",\"url\":\"https:\\\/\\\/shw-wm.de\\\/\",\"logo\":{\"@type\":\"ImageObject\",\"inLanguage\":\"fr-FR\",\"@id\":\"https:\\\/\\\/shw-wm.de\\\/#\\\/schema\\\/logo\\\/image\\\/\",\"url\":\"https:\\\/\\\/shw-wm.de\\\/wp-content\\\/uploads\\\/2021_Logo_mit_Flagge-1.jpg\",\"contentUrl\":\"https:\\\/\\\/shw-wm.de\\\/wp-content\\\/uploads\\\/2021_Logo_mit_Flagge-1.jpg\",\"width\":275,\"height\":119,\"caption\":\"SHW - Werkzeugmaschinen\"},\"image\":{\"@id\":\"https:\\\/\\\/shw-wm.de\\\/#\\\/schema\\\/logo\\\/image\\\/\"},\"sameAs\":[\"https:\\\/\\\/www.facebook.com\\\/SHWWM\",\"https:\\\/\\\/x.com\\\/SHW_WM_Gmbh\",\"https:\\\/\\\/www.instagram.com\\\/shw_werkzeugmaschinen\\\/\",\"https:\\\/\\\/www.youtube.com\\\/@SHWWerkzeugmaschinen\"]}]}<\/script>\n<!-- \/ Yoast SEO plugin. -->","yoast_head_json":{"title":"Changeur de palettes \u00e0 stockage circulaire | SHW - Werkzeugmaschinen","robots":{"index":"index","follow":"follow","max-snippet":"max-snippet:-1","max-image-preview":"max-image-preview:large","max-video-preview":"max-video-preview:-1"},"canonical":"https:\/\/shw-wm.de\/fr\/systemes-de-changement-de-palettes\/changeur-de-palettes-a-stockage-circulaire\/","og_locale":"fr_FR","og_type":"article","og_title":"Changeur de palettes \u00e0 stockage circulaire | SHW - Werkzeugmaschinen","og_description":"Changeur de palettes \u00e0 stockage circulaire DESCRIPTION DESCRIPTION Les palettes, jusqu&rsquo;\u00e0 4, s&rsquo;agencent en \u00e9toile autour de la machine. Un poste de pr\u00e9paration orient\u00e9 vers le poste de commande de la machine garantit un flux de travail optimis\u00e9. Le changeur de palettes de stockage circulaire offre une multitude de possibilit\u00e9s de configuration, adapt\u00e9es \u00e0 vos [&hellip;]","og_url":"https:\/\/shw-wm.de\/fr\/systemes-de-changement-de-palettes\/changeur-de-palettes-a-stockage-circulaire\/","og_site_name":"SHW - Werkzeugmaschinen","article_publisher":"https:\/\/www.facebook.com\/SHWWM","article_modified_time":"2025-10-13T13:35:45+00:00","og_image":[{"width":1024,"height":722,"url":"https:\/\/shw-wm.de\/wp-content\/uploads\/PW3fach-1024x722.png","type":"image\/png"}],"twitter_card":"summary_large_image","twitter_site":"@SHW_WM_Gmbh","schema":{"@context":"https:\/\/schema.org","@graph":[{"@type":"WebPage","@id":"https:\/\/shw-wm.de\/fr\/systemes-de-changement-de-palettes\/changeur-de-palettes-a-stockage-circulaire\/","url":"https:\/\/shw-wm.de\/fr\/systemes-de-changement-de-palettes\/changeur-de-palettes-a-stockage-circulaire\/","name":"Changeur de palettes \u00e0 stockage circulaire | SHW - Werkzeugmaschinen","isPartOf":{"@id":"https:\/\/shw-wm.de\/#website"},"primaryImageOfPage":{"@id":"https:\/\/shw-wm.de\/fr\/systemes-de-changement-de-palettes\/changeur-de-palettes-a-stockage-circulaire\/#primaryimage"},"image":{"@id":"https:\/\/shw-wm.de\/fr\/systemes-de-changement-de-palettes\/changeur-de-palettes-a-stockage-circulaire\/#primaryimage"},"thumbnailUrl":"https:\/\/shw-wm.de\/wp-content\/uploads\/PW3fach-1024x722.png","datePublished":"2024-03-04T13:34:44+00:00","dateModified":"2025-10-13T13:35:45+00:00","breadcrumb":{"@id":"https:\/\/shw-wm.de\/fr\/systemes-de-changement-de-palettes\/changeur-de-palettes-a-stockage-circulaire\/#breadcrumb"},"inLanguage":"fr-FR","potentialAction":[{"@type":"ReadAction","target":["https:\/\/shw-wm.de\/fr\/systemes-de-changement-de-palettes\/changeur-de-palettes-a-stockage-circulaire\/"]}]},{"@type":"ImageObject","inLanguage":"fr-FR","@id":"https:\/\/shw-wm.de\/fr\/systemes-de-changement-de-palettes\/changeur-de-palettes-a-stockage-circulaire\/#primaryimage","url":"https:\/\/shw-wm.de\/wp-content\/uploads\/PW3fach-1024x722.png","contentUrl":"https:\/\/shw-wm.de\/wp-content\/uploads\/PW3fach-1024x722.png"},{"@type":"BreadcrumbList","@id":"https:\/\/shw-wm.de\/fr\/systemes-de-changement-de-palettes\/changeur-de-palettes-a-stockage-circulaire\/#breadcrumb","itemListElement":[{"@type":"ListItem","position":1,"name":"Home","item":"https:\/\/shw-wm.de\/fr\/accueil\/"},{"@type":"ListItem","position":2,"name":"Syst\u00e8mes de changement de palettes","item":"https:\/\/shw-wm.de\/fr\/systemes-de-changement-de-palettes\/"},{"@type":"ListItem","position":3,"name":"Changeur de palettes \u00e0 stockage circulaire"}]},{"@type":"WebSite","@id":"https:\/\/shw-wm.de\/#website","url":"https:\/\/shw-wm.de\/","name":"SHW - Werkzeugmaschinen","description":"Hersteller von Fahrst\u00e4ndermaschinen","publisher":{"@id":"https:\/\/shw-wm.de\/#organization"},"potentialAction":[{"@type":"SearchAction","target":{"@type":"EntryPoint","urlTemplate":"https:\/\/shw-wm.de\/?s={search_term_string}"},"query-input":{"@type":"PropertyValueSpecification","valueRequired":true,"valueName":"search_term_string"}}],"inLanguage":"fr-FR"},{"@type":"Organization","@id":"https:\/\/shw-wm.de\/#organization","name":"SHW - Werkzeugmaschinen","url":"https:\/\/shw-wm.de\/","logo":{"@type":"ImageObject","inLanguage":"fr-FR","@id":"https:\/\/shw-wm.de\/#\/schema\/logo\/image\/","url":"https:\/\/shw-wm.de\/wp-content\/uploads\/2021_Logo_mit_Flagge-1.jpg","contentUrl":"https:\/\/shw-wm.de\/wp-content\/uploads\/2021_Logo_mit_Flagge-1.jpg","width":275,"height":119,"caption":"SHW - Werkzeugmaschinen"},"image":{"@id":"https:\/\/shw-wm.de\/#\/schema\/logo\/image\/"},"sameAs":["https:\/\/www.facebook.com\/SHWWM","https:\/\/x.com\/SHW_WM_Gmbh","https:\/\/www.instagram.com\/shw_werkzeugmaschinen\/","https:\/\/www.youtube.com\/@SHWWerkzeugmaschinen"]}]}},"_links":{"self":[{"href":"https:\/\/shw-wm.de\/fr\/wp-json\/wp\/v2\/pages\/17736","targetHints":{"allow":["GET"]}}],"collection":[{"href":"https:\/\/shw-wm.de\/fr\/wp-json\/wp\/v2\/pages"}],"about":[{"href":"https:\/\/shw-wm.de\/fr\/wp-json\/wp\/v2\/types\/page"}],"author":[{"embeddable":true,"href":"https:\/\/shw-wm.de\/fr\/wp-json\/wp\/v2\/users\/4"}],"replies":[{"embeddable":true,"href":"https:\/\/shw-wm.de\/fr\/wp-json\/wp\/v2\/comments?post=17736"}],"version-history":[{"count":1,"href":"https:\/\/shw-wm.de\/fr\/wp-json\/wp\/v2\/pages\/17736\/revisions"}],"predecessor-version":[{"id":17738,"href":"https:\/\/shw-wm.de\/fr\/wp-json\/wp\/v2\/pages\/17736\/revisions\/17738"}],"up":[{"embeddable":true,"href":"https:\/\/shw-wm.de\/fr\/wp-json\/wp\/v2\/pages\/17716"}],"wp:attachment":[{"href":"https:\/\/shw-wm.de\/fr\/wp-json\/wp\/v2\/media?parent=17736"}],"curies":[{"name":"wp","href":"https:\/\/api.w.org\/{rel}","templated":true}]}}