{"id":17742,"date":"2021-04-21T15:15:25","date_gmt":"2021-04-21T13:15:25","guid":{"rendered":"https:\/\/shw-wm.de\/unispeed-globe\/"},"modified":"2025-10-13T15:36:49","modified_gmt":"2025-10-13T13:36:49","slug":"unispeed-globe","status":"publish","type":"page","link":"https:\/\/shw-wm.de\/fr\/machines-a-colonne-mobile\/unispeed-globe\/","title":{"rendered":"UniSpeed Globe"},"content":{"rendered":"\t\t<div data-elementor-type=\"wp-page\" data-elementor-id=\"17742\" class=\"elementor elementor-17742 elementor-8774\" data-elementor-post-type=\"page\">\n\t\t\t\t\t\t<section class=\"elementor-section elementor-top-section elementor-element elementor-element-3f534b67 elementor-section-boxed elementor-section-height-default elementor-section-height-default\" data-id=\"3f534b67\" data-element_type=\"section\" data-e-type=\"section\" data-settings=\"{&quot;background_background&quot;:&quot;classic&quot;}\">\n\t\t\t\t\t\t<div class=\"elementor-container elementor-column-gap-default\">\n\t\t\t\t\t<div class=\"elementor-column elementor-col-100 elementor-top-column elementor-element elementor-element-2d3a266a\" data-id=\"2d3a266a\" data-element_type=\"column\" data-e-type=\"column\">\n\t\t\t<div class=\"elementor-widget-wrap elementor-element-populated\">\n\t\t\t\t\t\t<div class=\"elementor-element elementor-element-52ab24d5 elementor-widget elementor-widget-heading\" data-id=\"52ab24d5\" data-element_type=\"widget\" data-e-type=\"widget\" data-widget_type=\"heading.default\">\n\t\t\t\t<div class=\"elementor-widget-container\">\n\t\t\t\t\t<h2 class=\"elementor-heading-title elementor-size-default\">UniSpeed GLOBE<\/h2>\t\t\t\t<\/div>\n\t\t\t\t<\/div>\n\t\t\t\t\t<\/div>\n\t\t<\/div>\n\t\t\t\t\t<\/div>\n\t\t<\/section>\n\t\t<div class=\"elementor-element elementor-element-440faea e-flex e-con-boxed e-con e-parent\" data-id=\"440faea\" data-element_type=\"container\" data-e-type=\"container\">\n\t\t\t\t\t<div class=\"e-con-inner\">\n\t\t\t\t<div class=\"elementor-element elementor-element-73390a8 elementor-widget elementor-widget-spacer\" data-id=\"73390a8\" data-element_type=\"widget\" data-e-type=\"widget\" data-widget_type=\"spacer.default\">\n\t\t\t\t<div class=\"elementor-widget-container\">\n\t\t\t\t\t\t\t<div class=\"elementor-spacer\">\n\t\t\t<div class=\"elementor-spacer-inner\"><\/div>\n\t\t<\/div>\n\t\t\t\t\t\t<\/div>\n\t\t\t\t<\/div>\n\t\t\t\t\t<\/div>\n\t\t\t\t<\/div>\n\t\t\t\t<section class=\"elementor-section elementor-top-section elementor-element elementor-element-a96a5ca elementor-section-boxed elementor-section-height-default elementor-section-height-default\" data-id=\"a96a5ca\" data-element_type=\"section\" data-e-type=\"section\">\n\t\t\t\t\t\t<div class=\"elementor-container elementor-column-gap-default\">\n\t\t\t\t\t<div class=\"elementor-column elementor-col-100 elementor-top-column elementor-element elementor-element-6c293a2\" data-id=\"6c293a2\" data-element_type=\"column\" data-e-type=\"column\">\n\t\t\t<div class=\"elementor-widget-wrap elementor-element-populated\">\n\t\t\t\t\t\t<div class=\"elementor-element elementor-element-a42edec elementor-widget elementor-widget-image\" data-id=\"a42edec\" data-element_type=\"widget\" data-e-type=\"widget\" data-widget_type=\"image.default\">\n\t\t\t\t<div class=\"elementor-widget-container\">\n\t\t\t\t\t\t\t\t\t\t\t\t\t\t\t<img fetchpriority=\"high\" decoding=\"async\" width=\"800\" height=\"450\" src=\"https:\/\/shw-wm.de\/wp-content\/uploads\/01_1US-Globe_weiss-1024x576.jpg\" class=\"attachment-large size-large wp-image-9793\" alt=\"\" srcset=\"https:\/\/shw-wm.de\/wp-content\/uploads\/01_1US-Globe_weiss-1024x576.jpg 1024w, https:\/\/shw-wm.de\/wp-content\/uploads\/01_1US-Globe_weiss-300x169.jpg 300w, https:\/\/shw-wm.de\/wp-content\/uploads\/01_1US-Globe_weiss-768x432.jpg 768w, https:\/\/shw-wm.de\/wp-content\/uploads\/01_1US-Globe_weiss-1536x864.jpg 1536w, https:\/\/shw-wm.de\/wp-content\/uploads\/01_1US-Globe_weiss-2048x1152.jpg 2048w\" sizes=\"(max-width: 800px) 100vw, 800px\" \/>\t\t\t\t\t\t\t\t\t\t\t\t\t\t\t<\/div>\n\t\t\t\t<\/div>\n\t\t\t\t\t<\/div>\n\t\t<\/div>\n\t\t\t\t\t<\/div>\n\t\t<\/section>\n\t\t\t\t<section class=\"elementor-section elementor-top-section elementor-element elementor-element-c599ef0 elementor-section-boxed elementor-section-height-default elementor-section-height-default\" data-id=\"c599ef0\" data-element_type=\"section\" data-e-type=\"section\">\n\t\t\t\t\t\t<div class=\"elementor-container elementor-column-gap-default\">\n\t\t\t\t\t<div class=\"elementor-column elementor-col-100 elementor-top-column elementor-element elementor-element-cb8c666\" data-id=\"cb8c666\" data-element_type=\"column\" data-e-type=\"column\">\n\t\t\t<div class=\"elementor-widget-wrap elementor-element-populated\">\n\t\t\t\t\t\t<div class=\"elementor-element elementor-element-626610d elementor-widget-divider--view-line elementor-widget elementor-widget-divider\" data-id=\"626610d\" data-element_type=\"widget\" data-e-type=\"widget\" data-widget_type=\"divider.default\">\n\t\t\t\t<div class=\"elementor-widget-container\">\n\t\t\t\t\t\t\t<div class=\"elementor-divider\">\n\t\t\t<span class=\"elementor-divider-separator\">\n\t\t\t\t\t\t<\/span>\n\t\t<\/div>\n\t\t\t\t\t\t<\/div>\n\t\t\t\t<\/div>\n\t\t\t\t\t<\/div>\n\t\t<\/div>\n\t\t\t\t\t<\/div>\n\t\t<\/section>\n\t\t\t\t<section class=\"elementor-section elementor-top-section elementor-element elementor-element-e50a68b elementor-section-boxed elementor-section-height-default elementor-section-height-default\" data-id=\"e50a68b\" data-element_type=\"section\" data-e-type=\"section\">\n\t\t\t\t\t\t<div class=\"elementor-container elementor-column-gap-default\">\n\t\t\t\t\t<div class=\"elementor-column elementor-col-50 elementor-top-column elementor-element elementor-element-deeba14\" data-id=\"deeba14\" data-element_type=\"column\" data-e-type=\"column\">\n\t\t\t<div class=\"elementor-widget-wrap elementor-element-populated\">\n\t\t\t\t\t\t<div class=\"elementor-element elementor-element-dbfca0d elementor-tabs-view-horizontal elementor-widget elementor-widget-tabs\" data-id=\"dbfca0d\" data-element_type=\"widget\" data-e-type=\"widget\" data-widget_type=\"tabs.default\">\n\t\t\t\t<div class=\"elementor-widget-container\">\n\t\t\t\t\t\t\t<div class=\"elementor-tabs\">\n\t\t\t<div class=\"elementor-tabs-wrapper\" role=\"tablist\" >\n\t\t\t\t\t\t\t\t\t<div id=\"elementor-tab-title-2301\" class=\"elementor-tab-title elementor-tab-desktop-title\" aria-selected=\"true\" data-tab=\"1\" role=\"tab\" tabindex=\"0\" aria-controls=\"elementor-tab-content-2301\" aria-expanded=\"false\">DESCRIPTION<\/div>\n\t\t\t\t\t\t\t\t\t<div id=\"elementor-tab-title-2302\" class=\"elementor-tab-title elementor-tab-desktop-title\" aria-selected=\"false\" data-tab=\"2\" role=\"tab\" tabindex=\"-1\" aria-controls=\"elementor-tab-content-2302\" aria-expanded=\"false\">OPTIONS<\/div>\n\t\t\t\t\t\t\t\t\t<div id=\"elementor-tab-title-2303\" class=\"elementor-tab-title elementor-tab-desktop-title\" aria-selected=\"false\" data-tab=\"3\" role=\"tab\" tabindex=\"-1\" aria-controls=\"elementor-tab-content-2303\" aria-expanded=\"false\">DOWNLOADS<\/div>\n\t\t\t\t\t\t\t<\/div>\n\t\t\t<div class=\"elementor-tabs-content-wrapper\" role=\"tablist\" aria-orientation=\"vertical\">\n\t\t\t\t\t\t\t\t\t<div class=\"elementor-tab-title elementor-tab-mobile-title\" aria-selected=\"true\" data-tab=\"1\" role=\"tab\" tabindex=\"0\" aria-controls=\"elementor-tab-content-2301\" aria-expanded=\"false\">DESCRIPTION<\/div>\n\t\t\t\t\t<div id=\"elementor-tab-content-2301\" class=\"elementor-tab-content elementor-clearfix\" data-tab=\"1\" role=\"tabpanel\" aria-labelledby=\"elementor-tab-title-2301\" tabindex=\"0\" hidden=\"false\"><p>L&rsquo;UniSpeed Globe est la machine polyvalente par excellence pour les besoins d&rsquo;usinage lourd les plus exigeants. Ce centre d&rsquo;usinage 6 axes de pointe est dot\u00e9 d&rsquo;une option de rotation suppl\u00e9mentaire, ce qui en fait le choix id\u00e9al pour tous vos travaux d&rsquo;usinage. <\/p>\n<p>Gr\u00e2ce \u00e0 la t\u00eate de fraisage universelle unique en son genre, de conception orthogonale - les deux axes de la t\u00eate de fraisage, \u00e0 denture Hirth de 1\u00b0 - vous disposez d&rsquo;un nombre \u00e9tonnant de 64 800 positions d&rsquo;usinage. Cette polyvalence exceptionnelle vous permet d&rsquo;usiner les pi\u00e8ces les plus complexes avec la plus grande pr\u00e9cision. <\/p>\n<p>De plus, l&rsquo;UniSpeed Globe impressionne par son ch\u00e2ssis hybride r\u00e9sistant \u00e0 la torsion, qui permet de l&rsquo;installer \u00e0 plat sur des sols d&rsquo;atelier courants. Cela am\u00e9liore non seulement la stabilit\u00e9, mais facilite \u00e9galement l&rsquo;utilisation et la manipulation de la machine. <\/p>\n<p>En bref, l&rsquo;UniSpeed Globe combine une technologie puissante, une pr\u00e9cision impressionnante et une facilit\u00e9 d&rsquo;utilisation optimale dans une unit\u00e9 compacte. Quel que soit le d\u00e9fi auquel vous \u00eates confront\u00e9, cette machine est pr\u00eate \u00e0 faire passer vos processus de production \u00e0 un niveau sup\u00e9rieur. <\/p>\n<\/div>\n\t\t\t\t\t\t\t\t\t<div class=\"elementor-tab-title elementor-tab-mobile-title\" aria-selected=\"false\" data-tab=\"2\" role=\"tab\" tabindex=\"-1\" aria-controls=\"elementor-tab-content-2302\" aria-expanded=\"false\">OPTIONS<\/div>\n\t\t\t\t\t<div id=\"elementor-tab-content-2302\" class=\"elementor-tab-content elementor-clearfix\" data-tab=\"2\" role=\"tabpanel\" aria-labelledby=\"elementor-tab-title-2302\" tabindex=\"0\" hidden=\"hidden\"><h2>UniSpeed Globe<\/h2>\n<p>Compact et universel<\/p>\n<p>Le centre d&rsquo;usinage compact \u00e0 5 axes, UniSpeed Globe, <br \/>est un outil polyvalent pour l&rsquo;usinage lourd.<\/p>\n<ul>\n<li><strong>Id\u00e9al pour r\u00e9soudre votre probl\u00e8me d&rsquo;usinage.<\/strong><\/li>\n<\/ul>\n<h2><strong>Donn\u00e9es techniques<\/strong><\/h2>\n<p>La <strong>t\u00eate de fraisage universelle<\/strong> de conception orthogonale, dont les deux axes de la t\u00eate de fraisage ont une denture Hirth de 1\u00b0, permet jusqu&rsquo;\u00e0 64 000 positions d&rsquo;usinage.<\/p>\n<ul>\n<li><strong>Couple<\/strong> jusqu&rsquo;\u00e0 875 Nm<\/li>\n<li><strong>Vitesse de rotation<\/strong> jusqu&rsquo;\u00e0 6.000 min-1<\/li>\n<li><strong>Table de fixation<\/strong> 2.000 x 1.600 mm ou<strong> table ronde<\/strong> \u00d8 1.600 mm, 8 t<\/li>\n<li><strong>Changeur d&rsquo;outils<\/strong> jusqu&rsquo;\u00e0 90 outils<\/li>\n<li><strong>Filtre compact<\/strong> avec 950 l \/ 40 bar IKZ<\/li>\n<li><strong>Niveau couloir Installation<\/strong> sur des sols de halls industriels courants gr\u00e2ce \u00e0 un ch\u00e2ssis hybride r\u00e9sistant \u00e0 la torsion<\/li>\n<li>Derni\u00e8re <strong>g\u00e9n\u00e9ration de commandes<\/strong> Heidenhain TNC 640 \/ Siemens 840D sl<\/li>\n<\/ul>\n<\/div>\n\t\t\t\t\t\t\t\t\t<div class=\"elementor-tab-title elementor-tab-mobile-title\" aria-selected=\"false\" data-tab=\"3\" role=\"tab\" tabindex=\"-1\" aria-controls=\"elementor-tab-content-2303\" aria-expanded=\"false\">DOWNLOADS<\/div>\n\t\t\t\t\t<div id=\"elementor-tab-content-2303\" class=\"elementor-tab-content elementor-clearfix\" data-tab=\"3\" role=\"tabpanel\" aria-labelledby=\"elementor-tab-title-2303\" tabindex=\"0\" hidden=\"hidden\"><p><strong>Brochure produit<\/strong><\/p>\n<ul>\n<li><a href=\"https:\/\/shw-wm.de\/wp-content\/uploads\/20220117US-Globe_aktualisiert_Dispo_post.pdf\" target=\"_blank\" rel=\"noopener\">Fiche technique<\/a><\/li>\n<\/ul>\n<\/div>\n\t\t\t\t\t\t\t<\/div>\n\t\t<\/div>\n\t\t\t\t\t\t<\/div>\n\t\t\t\t<\/div>\n\t\t\t\t\t<\/div>\n\t\t<\/div>\n\t\t\t\t<div class=\"elementor-column elementor-col-50 elementor-top-column elementor-element elementor-element-72e506b\" data-id=\"72e506b\" data-element_type=\"column\" data-e-type=\"column\">\n\t\t\t<div class=\"elementor-widget-wrap elementor-element-populated\">\n\t\t\t\t\t\t<div class=\"elementor-element elementor-element-e0b1e35 elementor-widget elementor-widget-video\" data-id=\"e0b1e35\" data-element_type=\"widget\" data-e-type=\"widget\" data-settings=\"{&quot;youtube_url&quot;:&quot;https:\\\/\\\/www.youtube.com\\\/watch?v=P5ZdB_WE0YI&quot;,&quot;autoplay&quot;:&quot;yes&quot;,&quot;play_on_mobile&quot;:&quot;yes&quot;,&quot;mute&quot;:&quot;yes&quot;,&quot;loop&quot;:&quot;yes&quot;,&quot;video_type&quot;:&quot;youtube&quot;,&quot;controls&quot;:&quot;yes&quot;}\" data-widget_type=\"video.default\">\n\t\t\t\t<div class=\"elementor-widget-container\">\n\t\t\t\t\t\t\t<div class=\"elementor-wrapper elementor-open-inline\">\n\t\t\t<div class=\"elementor-video\"><\/div>\t\t<\/div>\n\t\t\t\t\t\t<\/div>\n\t\t\t\t<\/div>\n\t\t\t\t\t<\/div>\n\t\t<\/div>\n\t\t\t\t\t<\/div>\n\t\t<\/section>\n\t\t\t\t<section class=\"elementor-section elementor-top-section elementor-element elementor-element-9d65f1e elementor-section-boxed elementor-section-height-default elementor-section-height-default\" data-id=\"9d65f1e\" data-element_type=\"section\" data-e-type=\"section\">\n\t\t\t\t\t\t<div class=\"elementor-container elementor-column-gap-default\">\n\t\t\t\t\t<div class=\"elementor-column elementor-col-100 elementor-top-column elementor-element elementor-element-89d5ca3\" data-id=\"89d5ca3\" data-element_type=\"column\" data-e-type=\"column\">\n\t\t\t<div class=\"elementor-widget-wrap elementor-element-populated\">\n\t\t\t\t\t\t<div class=\"elementor-element elementor-element-788d9ad elementor-widget elementor-widget-spacer\" data-id=\"788d9ad\" data-element_type=\"widget\" data-e-type=\"widget\" data-widget_type=\"spacer.default\">\n\t\t\t\t<div class=\"elementor-widget-container\">\n\t\t\t\t\t\t\t<div class=\"elementor-spacer\">\n\t\t\t<div class=\"elementor-spacer-inner\"><\/div>\n\t\t<\/div>\n\t\t\t\t\t\t<\/div>\n\t\t\t\t<\/div>\n\t\t\t\t\t<\/div>\n\t\t<\/div>\n\t\t\t\t\t<\/div>\n\t\t<\/section>\n\t\t\t\t<\/div>\n\t\t","protected":false},"excerpt":{"rendered":"<p>UniSpeed GLOBE DESCRIPTION OPTIONS DOWNLOADS DESCRIPTION L&rsquo;UniSpeed Globe est la machine polyvalente par excellence pour les besoins d&rsquo;usinage lourd les plus exigeants. Ce centre d&rsquo;usinage 6 axes de pointe est dot\u00e9 d&rsquo;une option de rotation suppl\u00e9mentaire, ce qui en fait le choix id\u00e9al pour tous vos travaux d&rsquo;usinage. Gr\u00e2ce \u00e0 la t\u00eate de fraisage universelle [&hellip;]<\/p>\n","protected":false},"author":4,"featured_media":0,"parent":17922,"menu_order":0,"comment_status":"closed","ping_status":"closed","template":"","meta":{"footnotes":""},"class_list":["post-17742","page","type-page","status-publish","hentry"],"yoast_head":"<!-- This site is optimized with the Yoast SEO plugin v27.4 - https:\/\/yoast.com\/product\/yoast-seo-wordpress\/ -->\n<title>UniSpeed Globe | SHW - Werkzeugmaschinen<\/title>\n<meta name=\"robots\" content=\"index, follow, max-snippet:-1, max-image-preview:large, max-video-preview:-1\" \/>\n<link rel=\"canonical\" href=\"https:\/\/shw-wm.de\/fr\/machines-a-colonne-mobile\/unispeed-globe\/\" \/>\n<meta property=\"og:locale\" content=\"fr_FR\" \/>\n<meta property=\"og:type\" content=\"article\" \/>\n<meta property=\"og:title\" content=\"UniSpeed Globe | SHW - Werkzeugmaschinen\" \/>\n<meta property=\"og:description\" content=\"UniSpeed GLOBE DESCRIPTION OPTIONS DOWNLOADS DESCRIPTION L&rsquo;UniSpeed Globe est la machine polyvalente par excellence pour les besoins d&rsquo;usinage lourd les plus exigeants. Ce centre d&rsquo;usinage 6 axes de pointe est dot\u00e9 d&rsquo;une option de rotation suppl\u00e9mentaire, ce qui en fait le choix id\u00e9al pour tous vos travaux d&rsquo;usinage. Gr\u00e2ce \u00e0 la t\u00eate de fraisage universelle [&hellip;]\" \/>\n<meta property=\"og:url\" content=\"https:\/\/shw-wm.de\/fr\/machines-a-colonne-mobile\/unispeed-globe\/\" \/>\n<meta property=\"og:site_name\" content=\"SHW - Werkzeugmaschinen\" \/>\n<meta property=\"article:publisher\" content=\"https:\/\/www.facebook.com\/SHWWM\" \/>\n<meta property=\"article:modified_time\" content=\"2025-10-13T13:36:49+00:00\" \/>\n<meta property=\"og:image\" content=\"https:\/\/shw-wm.de\/wp-content\/uploads\/01_1US-Globe_weiss-scaled.jpg\" \/>\n\t<meta property=\"og:image:width\" content=\"2560\" \/>\n\t<meta property=\"og:image:height\" content=\"1440\" \/>\n\t<meta property=\"og:image:type\" content=\"image\/jpeg\" \/>\n<meta name=\"twitter:card\" content=\"summary_large_image\" \/>\n<meta name=\"twitter:site\" content=\"@SHW_WM_Gmbh\" \/>\n<meta name=\"twitter:label1\" content=\"Dur\u00e9e de lecture estim\u00e9e\" \/>\n\t<meta name=\"twitter:data1\" content=\"2 minutes\" \/>\n<script type=\"application\/ld+json\" class=\"yoast-schema-graph\">{\"@context\":\"https:\\\/\\\/schema.org\",\"@graph\":[{\"@type\":\"WebPage\",\"@id\":\"https:\\\/\\\/shw-wm.de\\\/fr\\\/machines-a-colonne-mobile\\\/unispeed-globe\\\/\",\"url\":\"https:\\\/\\\/shw-wm.de\\\/fr\\\/machines-a-colonne-mobile\\\/unispeed-globe\\\/\",\"name\":\"UniSpeed Globe | SHW - Werkzeugmaschinen\",\"isPartOf\":{\"@id\":\"https:\\\/\\\/shw-wm.de\\\/#website\"},\"primaryImageOfPage\":{\"@id\":\"https:\\\/\\\/shw-wm.de\\\/fr\\\/machines-a-colonne-mobile\\\/unispeed-globe\\\/#primaryimage\"},\"image\":{\"@id\":\"https:\\\/\\\/shw-wm.de\\\/fr\\\/machines-a-colonne-mobile\\\/unispeed-globe\\\/#primaryimage\"},\"thumbnailUrl\":\"https:\\\/\\\/shw-wm.de\\\/wp-content\\\/uploads\\\/01_1US-Globe_weiss-1024x576.jpg\",\"datePublished\":\"2021-04-21T13:15:25+00:00\",\"dateModified\":\"2025-10-13T13:36:49+00:00\",\"breadcrumb\":{\"@id\":\"https:\\\/\\\/shw-wm.de\\\/fr\\\/machines-a-colonne-mobile\\\/unispeed-globe\\\/#breadcrumb\"},\"inLanguage\":\"fr-FR\",\"potentialAction\":[{\"@type\":\"ReadAction\",\"target\":[\"https:\\\/\\\/shw-wm.de\\\/fr\\\/machines-a-colonne-mobile\\\/unispeed-globe\\\/\"]}]},{\"@type\":\"ImageObject\",\"inLanguage\":\"fr-FR\",\"@id\":\"https:\\\/\\\/shw-wm.de\\\/fr\\\/machines-a-colonne-mobile\\\/unispeed-globe\\\/#primaryimage\",\"url\":\"https:\\\/\\\/shw-wm.de\\\/wp-content\\\/uploads\\\/01_1US-Globe_weiss-1024x576.jpg\",\"contentUrl\":\"https:\\\/\\\/shw-wm.de\\\/wp-content\\\/uploads\\\/01_1US-Globe_weiss-1024x576.jpg\"},{\"@type\":\"BreadcrumbList\",\"@id\":\"https:\\\/\\\/shw-wm.de\\\/fr\\\/machines-a-colonne-mobile\\\/unispeed-globe\\\/#breadcrumb\",\"itemListElement\":[{\"@type\":\"ListItem\",\"position\":1,\"name\":\"Home\",\"item\":\"https:\\\/\\\/shw-wm.de\\\/fr\\\/accueil\\\/\"},{\"@type\":\"ListItem\",\"position\":2,\"name\":\"Machines \u00e0 colonne mobile\",\"item\":\"https:\\\/\\\/shw-wm.de\\\/fr\\\/machines-a-colonne-mobile\\\/\"},{\"@type\":\"ListItem\",\"position\":3,\"name\":\"UniSpeed Globe\"}]},{\"@type\":\"WebSite\",\"@id\":\"https:\\\/\\\/shw-wm.de\\\/#website\",\"url\":\"https:\\\/\\\/shw-wm.de\\\/\",\"name\":\"SHW - Werkzeugmaschinen\",\"description\":\"Hersteller von Fahrst\u00e4ndermaschinen\",\"publisher\":{\"@id\":\"https:\\\/\\\/shw-wm.de\\\/#organization\"},\"potentialAction\":[{\"@type\":\"SearchAction\",\"target\":{\"@type\":\"EntryPoint\",\"urlTemplate\":\"https:\\\/\\\/shw-wm.de\\\/?s={search_term_string}\"},\"query-input\":{\"@type\":\"PropertyValueSpecification\",\"valueRequired\":true,\"valueName\":\"search_term_string\"}}],\"inLanguage\":\"fr-FR\"},{\"@type\":\"Organization\",\"@id\":\"https:\\\/\\\/shw-wm.de\\\/#organization\",\"name\":\"SHW - Werkzeugmaschinen\",\"url\":\"https:\\\/\\\/shw-wm.de\\\/\",\"logo\":{\"@type\":\"ImageObject\",\"inLanguage\":\"fr-FR\",\"@id\":\"https:\\\/\\\/shw-wm.de\\\/#\\\/schema\\\/logo\\\/image\\\/\",\"url\":\"https:\\\/\\\/shw-wm.de\\\/wp-content\\\/uploads\\\/2021_Logo_mit_Flagge-1.jpg\",\"contentUrl\":\"https:\\\/\\\/shw-wm.de\\\/wp-content\\\/uploads\\\/2021_Logo_mit_Flagge-1.jpg\",\"width\":275,\"height\":119,\"caption\":\"SHW - Werkzeugmaschinen\"},\"image\":{\"@id\":\"https:\\\/\\\/shw-wm.de\\\/#\\\/schema\\\/logo\\\/image\\\/\"},\"sameAs\":[\"https:\\\/\\\/www.facebook.com\\\/SHWWM\",\"https:\\\/\\\/x.com\\\/SHW_WM_Gmbh\",\"https:\\\/\\\/www.instagram.com\\\/shw_werkzeugmaschinen\\\/\",\"https:\\\/\\\/www.youtube.com\\\/@SHWWerkzeugmaschinen\"]}]}<\/script>\n<!-- \/ Yoast SEO plugin. -->","yoast_head_json":{"title":"UniSpeed Globe | SHW - Werkzeugmaschinen","robots":{"index":"index","follow":"follow","max-snippet":"max-snippet:-1","max-image-preview":"max-image-preview:large","max-video-preview":"max-video-preview:-1"},"canonical":"https:\/\/shw-wm.de\/fr\/machines-a-colonne-mobile\/unispeed-globe\/","og_locale":"fr_FR","og_type":"article","og_title":"UniSpeed Globe | SHW - Werkzeugmaschinen","og_description":"UniSpeed GLOBE DESCRIPTION OPTIONS DOWNLOADS DESCRIPTION L&rsquo;UniSpeed Globe est la machine polyvalente par excellence pour les besoins d&rsquo;usinage lourd les plus exigeants. Ce centre d&rsquo;usinage 6 axes de pointe est dot\u00e9 d&rsquo;une option de rotation suppl\u00e9mentaire, ce qui en fait le choix id\u00e9al pour tous vos travaux d&rsquo;usinage. Gr\u00e2ce \u00e0 la t\u00eate de fraisage universelle [&hellip;]","og_url":"https:\/\/shw-wm.de\/fr\/machines-a-colonne-mobile\/unispeed-globe\/","og_site_name":"SHW - Werkzeugmaschinen","article_publisher":"https:\/\/www.facebook.com\/SHWWM","article_modified_time":"2025-10-13T13:36:49+00:00","og_image":[{"width":2560,"height":1440,"url":"https:\/\/shw-wm.de\/wp-content\/uploads\/01_1US-Globe_weiss-scaled.jpg","type":"image\/jpeg"}],"twitter_card":"summary_large_image","twitter_site":"@SHW_WM_Gmbh","twitter_misc":{"Dur\u00e9e de lecture estim\u00e9e":"2 minutes"},"schema":{"@context":"https:\/\/schema.org","@graph":[{"@type":"WebPage","@id":"https:\/\/shw-wm.de\/fr\/machines-a-colonne-mobile\/unispeed-globe\/","url":"https:\/\/shw-wm.de\/fr\/machines-a-colonne-mobile\/unispeed-globe\/","name":"UniSpeed Globe | SHW - Werkzeugmaschinen","isPartOf":{"@id":"https:\/\/shw-wm.de\/#website"},"primaryImageOfPage":{"@id":"https:\/\/shw-wm.de\/fr\/machines-a-colonne-mobile\/unispeed-globe\/#primaryimage"},"image":{"@id":"https:\/\/shw-wm.de\/fr\/machines-a-colonne-mobile\/unispeed-globe\/#primaryimage"},"thumbnailUrl":"https:\/\/shw-wm.de\/wp-content\/uploads\/01_1US-Globe_weiss-1024x576.jpg","datePublished":"2021-04-21T13:15:25+00:00","dateModified":"2025-10-13T13:36:49+00:00","breadcrumb":{"@id":"https:\/\/shw-wm.de\/fr\/machines-a-colonne-mobile\/unispeed-globe\/#breadcrumb"},"inLanguage":"fr-FR","potentialAction":[{"@type":"ReadAction","target":["https:\/\/shw-wm.de\/fr\/machines-a-colonne-mobile\/unispeed-globe\/"]}]},{"@type":"ImageObject","inLanguage":"fr-FR","@id":"https:\/\/shw-wm.de\/fr\/machines-a-colonne-mobile\/unispeed-globe\/#primaryimage","url":"https:\/\/shw-wm.de\/wp-content\/uploads\/01_1US-Globe_weiss-1024x576.jpg","contentUrl":"https:\/\/shw-wm.de\/wp-content\/uploads\/01_1US-Globe_weiss-1024x576.jpg"},{"@type":"BreadcrumbList","@id":"https:\/\/shw-wm.de\/fr\/machines-a-colonne-mobile\/unispeed-globe\/#breadcrumb","itemListElement":[{"@type":"ListItem","position":1,"name":"Home","item":"https:\/\/shw-wm.de\/fr\/accueil\/"},{"@type":"ListItem","position":2,"name":"Machines \u00e0 colonne mobile","item":"https:\/\/shw-wm.de\/fr\/machines-a-colonne-mobile\/"},{"@type":"ListItem","position":3,"name":"UniSpeed Globe"}]},{"@type":"WebSite","@id":"https:\/\/shw-wm.de\/#website","url":"https:\/\/shw-wm.de\/","name":"SHW - Werkzeugmaschinen","description":"Hersteller von Fahrst\u00e4ndermaschinen","publisher":{"@id":"https:\/\/shw-wm.de\/#organization"},"potentialAction":[{"@type":"SearchAction","target":{"@type":"EntryPoint","urlTemplate":"https:\/\/shw-wm.de\/?s={search_term_string}"},"query-input":{"@type":"PropertyValueSpecification","valueRequired":true,"valueName":"search_term_string"}}],"inLanguage":"fr-FR"},{"@type":"Organization","@id":"https:\/\/shw-wm.de\/#organization","name":"SHW - Werkzeugmaschinen","url":"https:\/\/shw-wm.de\/","logo":{"@type":"ImageObject","inLanguage":"fr-FR","@id":"https:\/\/shw-wm.de\/#\/schema\/logo\/image\/","url":"https:\/\/shw-wm.de\/wp-content\/uploads\/2021_Logo_mit_Flagge-1.jpg","contentUrl":"https:\/\/shw-wm.de\/wp-content\/uploads\/2021_Logo_mit_Flagge-1.jpg","width":275,"height":119,"caption":"SHW - Werkzeugmaschinen"},"image":{"@id":"https:\/\/shw-wm.de\/#\/schema\/logo\/image\/"},"sameAs":["https:\/\/www.facebook.com\/SHWWM","https:\/\/x.com\/SHW_WM_Gmbh","https:\/\/www.instagram.com\/shw_werkzeugmaschinen\/","https:\/\/www.youtube.com\/@SHWWerkzeugmaschinen"]}]}},"_links":{"self":[{"href":"https:\/\/shw-wm.de\/fr\/wp-json\/wp\/v2\/pages\/17742","targetHints":{"allow":["GET"]}}],"collection":[{"href":"https:\/\/shw-wm.de\/fr\/wp-json\/wp\/v2\/pages"}],"about":[{"href":"https:\/\/shw-wm.de\/fr\/wp-json\/wp\/v2\/types\/page"}],"author":[{"embeddable":true,"href":"https:\/\/shw-wm.de\/fr\/wp-json\/wp\/v2\/users\/4"}],"replies":[{"embeddable":true,"href":"https:\/\/shw-wm.de\/fr\/wp-json\/wp\/v2\/comments?post=17742"}],"version-history":[{"count":1,"href":"https:\/\/shw-wm.de\/fr\/wp-json\/wp\/v2\/pages\/17742\/revisions"}],"predecessor-version":[{"id":17744,"href":"https:\/\/shw-wm.de\/fr\/wp-json\/wp\/v2\/pages\/17742\/revisions\/17744"}],"up":[{"embeddable":true,"href":"https:\/\/shw-wm.de\/fr\/wp-json\/wp\/v2\/pages\/17922"}],"wp:attachment":[{"href":"https:\/\/shw-wm.de\/fr\/wp-json\/wp\/v2\/media?parent=17742"}],"curies":[{"name":"wp","href":"https:\/\/api.w.org\/{rel}","templated":true}]}}