{"id":17749,"date":"2022-09-26T14:21:34","date_gmt":"2022-09-26T12:21:34","guid":{"rendered":"https:\/\/shw-wm.de\/unispeed-3500\/"},"modified":"2025-10-13T15:36:51","modified_gmt":"2025-10-13T13:36:51","slug":"unispeed-3500","status":"publish","type":"page","link":"https:\/\/shw-wm.de\/fr\/centres-dusinage\/unispeed-3500\/","title":{"rendered":"UniSpeed 3500"},"content":{"rendered":"\t\t<div data-elementor-type=\"wp-page\" data-elementor-id=\"17749\" class=\"elementor elementor-17749 elementor-10031\" data-elementor-post-type=\"page\">\n\t\t\t\t\t\t<section class=\"elementor-section elementor-top-section elementor-element elementor-element-101433b5 elementor-section-boxed elementor-section-height-default elementor-section-height-default\" data-id=\"101433b5\" data-element_type=\"section\" data-e-type=\"section\" data-settings=\"{&quot;background_background&quot;:&quot;classic&quot;}\">\n\t\t\t\t\t\t<div class=\"elementor-container elementor-column-gap-default\">\n\t\t\t\t\t<div class=\"elementor-column elementor-col-100 elementor-top-column elementor-element elementor-element-302d8f60\" data-id=\"302d8f60\" data-element_type=\"column\" data-e-type=\"column\">\n\t\t\t<div class=\"elementor-widget-wrap elementor-element-populated\">\n\t\t\t\t\t\t<div class=\"elementor-element elementor-element-1e714b28 elementor-widget elementor-widget-heading\" data-id=\"1e714b28\" data-element_type=\"widget\" data-e-type=\"widget\" data-widget_type=\"heading.default\">\n\t\t\t\t<div class=\"elementor-widget-container\">\n\t\t\t\t\t<h2 class=\"elementor-heading-title elementor-size-default\">UniSpeed 3500<\/h2>\t\t\t\t<\/div>\n\t\t\t\t<\/div>\n\t\t\t\t\t<\/div>\n\t\t<\/div>\n\t\t\t\t\t<\/div>\n\t\t<\/section>\n\t\t<div class=\"elementor-element elementor-element-bd5f41f e-flex e-con-boxed e-con e-parent\" data-id=\"bd5f41f\" data-element_type=\"container\" data-e-type=\"container\">\n\t\t\t\t\t<div class=\"e-con-inner\">\n\t\t\t\t<div class=\"elementor-element elementor-element-d8a5b02 elementor-widget elementor-widget-spacer\" data-id=\"d8a5b02\" data-element_type=\"widget\" data-e-type=\"widget\" data-widget_type=\"spacer.default\">\n\t\t\t\t<div class=\"elementor-widget-container\">\n\t\t\t\t\t\t\t<div class=\"elementor-spacer\">\n\t\t\t<div class=\"elementor-spacer-inner\"><\/div>\n\t\t<\/div>\n\t\t\t\t\t\t<\/div>\n\t\t\t\t<\/div>\n\t\t\t\t\t<\/div>\n\t\t\t\t<\/div>\n\t\t\t\t<section class=\"elementor-section elementor-top-section elementor-element elementor-element-27da2da elementor-section-boxed elementor-section-height-default elementor-section-height-default\" data-id=\"27da2da\" data-element_type=\"section\" data-e-type=\"section\">\n\t\t\t\t\t\t<div class=\"elementor-container elementor-column-gap-default\">\n\t\t\t\t\t<div class=\"elementor-column elementor-col-100 elementor-top-column elementor-element elementor-element-9ac4df6\" data-id=\"9ac4df6\" data-element_type=\"column\" data-e-type=\"column\">\n\t\t\t<div class=\"elementor-widget-wrap elementor-element-populated\">\n\t\t\t\t\t\t<div class=\"elementor-element elementor-element-e8fdb34 elementor-widget elementor-widget-image\" data-id=\"e8fdb34\" data-element_type=\"widget\" data-e-type=\"widget\" data-widget_type=\"image.default\">\n\t\t\t\t<div class=\"elementor-widget-container\">\n\t\t\t\t\t\t\t\t\t\t\t\t\t\t\t<img fetchpriority=\"high\" decoding=\"async\" width=\"800\" height=\"450\" src=\"https:\/\/shw-wm.de\/wp-content\/uploads\/US3500frei-1024x576.png\" class=\"attachment-large size-large wp-image-17762\" alt=\"\" srcset=\"https:\/\/shw-wm.de\/wp-content\/uploads\/US3500frei-1024x576.png 1024w, https:\/\/shw-wm.de\/wp-content\/uploads\/US3500frei-300x169.png 300w, https:\/\/shw-wm.de\/wp-content\/uploads\/US3500frei-768x432.png 768w, https:\/\/shw-wm.de\/wp-content\/uploads\/US3500frei-1536x864.png 1536w, https:\/\/shw-wm.de\/wp-content\/uploads\/US3500frei-2048x1152.png 2048w\" sizes=\"(max-width: 800px) 100vw, 800px\" \/>\t\t\t\t\t\t\t\t\t\t\t\t\t\t\t<\/div>\n\t\t\t\t<\/div>\n\t\t\t\t\t<\/div>\n\t\t<\/div>\n\t\t\t\t\t<\/div>\n\t\t<\/section>\n\t\t\t\t<section class=\"elementor-section elementor-top-section elementor-element elementor-element-28087e7 elementor-section-boxed elementor-section-height-default elementor-section-height-default\" data-id=\"28087e7\" data-element_type=\"section\" data-e-type=\"section\">\n\t\t\t\t\t\t<div class=\"elementor-container elementor-column-gap-default\">\n\t\t\t\t\t<div class=\"elementor-column elementor-col-100 elementor-top-column elementor-element elementor-element-b81b7a4\" data-id=\"b81b7a4\" data-element_type=\"column\" data-e-type=\"column\">\n\t\t\t<div class=\"elementor-widget-wrap elementor-element-populated\">\n\t\t\t\t\t\t<div class=\"elementor-element elementor-element-9cb1a24 elementor-widget-divider--view-line elementor-widget elementor-widget-divider\" data-id=\"9cb1a24\" data-element_type=\"widget\" data-e-type=\"widget\" data-widget_type=\"divider.default\">\n\t\t\t\t<div class=\"elementor-widget-container\">\n\t\t\t\t\t\t\t<div class=\"elementor-divider\">\n\t\t\t<span class=\"elementor-divider-separator\">\n\t\t\t\t\t\t<\/span>\n\t\t<\/div>\n\t\t\t\t\t\t<\/div>\n\t\t\t\t<\/div>\n\t\t\t\t\t<\/div>\n\t\t<\/div>\n\t\t\t\t\t<\/div>\n\t\t<\/section>\n\t\t\t\t<section class=\"elementor-section elementor-top-section elementor-element elementor-element-e50a68b elementor-section-boxed elementor-section-height-default elementor-section-height-default\" data-id=\"e50a68b\" data-element_type=\"section\" data-e-type=\"section\">\n\t\t\t\t\t\t<div class=\"elementor-container elementor-column-gap-default\">\n\t\t\t\t\t<div class=\"elementor-column elementor-col-50 elementor-top-column elementor-element elementor-element-deeba14\" data-id=\"deeba14\" data-element_type=\"column\" data-e-type=\"column\">\n\t\t\t<div class=\"elementor-widget-wrap elementor-element-populated\">\n\t\t\t\t\t\t<div class=\"elementor-element elementor-element-dbfca0d elementor-tabs-view-horizontal elementor-widget elementor-widget-tabs\" data-id=\"dbfca0d\" data-element_type=\"widget\" data-e-type=\"widget\" data-widget_type=\"tabs.default\">\n\t\t\t\t<div class=\"elementor-widget-container\">\n\t\t\t\t\t\t\t<div class=\"elementor-tabs\">\n\t\t\t<div class=\"elementor-tabs-wrapper\" role=\"tablist\" >\n\t\t\t\t\t\t\t\t\t<div id=\"elementor-tab-title-2301\" class=\"elementor-tab-title elementor-tab-desktop-title\" aria-selected=\"true\" data-tab=\"1\" role=\"tab\" tabindex=\"0\" aria-controls=\"elementor-tab-content-2301\" aria-expanded=\"false\">OPTIONS<\/div>\n\t\t\t\t\t\t\t\t\t<div id=\"elementor-tab-title-2302\" class=\"elementor-tab-title elementor-tab-desktop-title\" aria-selected=\"false\" data-tab=\"2\" role=\"tab\" tabindex=\"-1\" aria-controls=\"elementor-tab-content-2302\" aria-expanded=\"false\">DOWNLOADS<\/div>\n\t\t\t\t\t\t\t\t\t<div id=\"elementor-tab-title-2303\" class=\"elementor-tab-title elementor-tab-desktop-title\" aria-selected=\"false\" data-tab=\"3\" role=\"tab\" tabindex=\"-1\" aria-controls=\"elementor-tab-content-2303\" aria-expanded=\"false\">DESCRIPTION<\/div>\n\t\t\t\t\t\t\t<\/div>\n\t\t\t<div class=\"elementor-tabs-content-wrapper\" role=\"tablist\" aria-orientation=\"vertical\">\n\t\t\t\t\t\t\t\t\t<div class=\"elementor-tab-title elementor-tab-mobile-title\" aria-selected=\"true\" data-tab=\"1\" role=\"tab\" tabindex=\"0\" aria-controls=\"elementor-tab-content-2301\" aria-expanded=\"false\">OPTIONS<\/div>\n\t\t\t\t\t<div id=\"elementor-tab-content-2301\" class=\"elementor-tab-content elementor-clearfix\" data-tab=\"1\" role=\"tabpanel\" aria-labelledby=\"elementor-tab-title-2301\" tabindex=\"0\" hidden=\"false\"><p><strong>T\u00eates de fraisage<\/strong><\/p>\n<ul>\n<li><a href=\"#\">T\u00eates de fraisage universelles<\/a><\/li>\n<li><a href=\"#\">T\u00eates de fraisage \u00e0 fourche<\/a><\/li>\n<\/ul>\n<p><strong>Manutention des pi\u00e8ces<\/strong><\/p>\n<ul>\n<li>Plaque de serrage<\/li>\n<li>Table(s) ronde(s)<\/li>\n<li>Table(s) tournante(s)<\/li>\n<li>Changeur de palettes<\/li>\n<\/ul>\n<p><strong>Manipulation des outils<\/strong><\/p>\n<ul>\n<li>Changeur d&rsquo;outils<\/li>\n<li>Magasin d&rsquo;outils<\/li>\n<li>Station de chargement d&rsquo;outils<\/li>\n<\/ul>\n<p><strong>Contr\u00f4les<\/strong><\/p>\n<ul>\n<li>Siemens<\/li>\n<li>Heidenhain<\/li>\n<\/ul>\n<p><strong>Accessoires :<\/strong><\/p>\n<ul>\n<li>Nous nous ferons un plaisir de vous pr\u00e9senter notre vaste gamme d&rsquo;accessoires lors d&rsquo;un entretien personnel.<\/li>\n<\/ul>\n<\/div>\n\t\t\t\t\t\t\t\t\t<div class=\"elementor-tab-title elementor-tab-mobile-title\" aria-selected=\"false\" data-tab=\"2\" role=\"tab\" tabindex=\"-1\" aria-controls=\"elementor-tab-content-2302\" aria-expanded=\"false\">DOWNLOADS<\/div>\n\t\t\t\t\t<div id=\"elementor-tab-content-2302\" class=\"elementor-tab-content elementor-clearfix\" data-tab=\"2\" role=\"tabpanel\" aria-labelledby=\"elementor-tab-title-2302\" tabindex=\"0\" hidden=\"hidden\"><p><strong>Brochure produit<\/strong><\/p>\n<ul>\n<li><a href=\"https:\/\/shw-wm.de\/wp-content\/uploads\/20220928US2500_3500_globe.pdf\" target=\"_blank\" rel=\"noopener\">Brochure centres d&rsquo;usinage<\/a><\/li>\n<\/ul>\n<p><strong>\u00c9tudes de cas<\/strong><\/p>\n<ul>\n<li><a href=\"https:\/\/shw-wm.de\/wp-content\/uploads\/2018\/11\/anwenderbericht.pdf\">Fabrication NC 10\/2012<\/a><\/li>\n<\/ul>\n<\/div>\n\t\t\t\t\t\t\t\t\t<div class=\"elementor-tab-title elementor-tab-mobile-title\" aria-selected=\"false\" data-tab=\"3\" role=\"tab\" tabindex=\"-1\" aria-controls=\"elementor-tab-content-2303\" aria-expanded=\"false\">DESCRIPTION<\/div>\n\t\t\t\t\t<div id=\"elementor-tab-content-2303\" class=\"elementor-tab-content elementor-clearfix\" data-tab=\"3\" role=\"tabpanel\" aria-labelledby=\"elementor-tab-title-2303\" tabindex=\"0\" hidden=\"hidden\"><p>L&rsquo;UniSpeed 3500 est un centre d&rsquo;usinage exceptionnel qui ouvre une nouvelle dimension. Avec une course g\u00e9n\u00e9reuse de 3 500 mm sur l&rsquo;axe X, il permet l&rsquo;usinage s\u00fbr et e\ufb03cace de pi\u00e8ces m\u00eame de grande taille. <\/p>\n<p>Le changeur d&rsquo;outils \u00ab\u00a0ToolRunner\u00a0\u00bb est un v\u00e9ritable atout et peut accueillir jusqu&rsquo;\u00e0 240 outils, ce qui vous permet d&rsquo;\u00eatre parfaitement \u00e9quip\u00e9 pour toutes les t\u00e2ches d&rsquo;usinage.<\/p>\n<p>La con\ufb01guration optionnelle de l&rsquo;UniSpeed comme fraiseuse-tourneuse est particuli\u00e8rement remarquable, car elle vous offre une polyvalence suppl\u00e9mentaire.<\/p>\n<p>Avec l&rsquo;UniSpeed 3500, vous faites le choix parfait pour r\u00e9aliser des t\u00e2ches d&rsquo;usinage exigeantes avec une pr\u00e9cision et une e\ufb03cacit\u00e9 impressionnantes. Qu&rsquo;il s&rsquo;agisse de pi\u00e8ces de grande ou de petite taille, cette machine portera votre processus de production \u00e0 un niveau sup\u00e9rieur. <\/p>\n<\/div>\n\t\t\t\t\t\t\t<\/div>\n\t\t<\/div>\n\t\t\t\t\t\t<\/div>\n\t\t\t\t<\/div>\n\t\t\t\t\t<\/div>\n\t\t<\/div>\n\t\t\t\t<div class=\"elementor-column elementor-col-50 elementor-top-column elementor-element elementor-element-72e506b\" data-id=\"72e506b\" data-element_type=\"column\" data-e-type=\"column\">\n\t\t\t<div class=\"elementor-widget-wrap elementor-element-populated\">\n\t\t\t\t\t\t<div class=\"elementor-element elementor-element-d4df687 elementor-widget elementor-widget-video\" data-id=\"d4df687\" data-element_type=\"widget\" data-e-type=\"widget\" data-settings=\"{&quot;youtube_url&quot;:&quot;https:\\\/\\\/www.youtube.com\\\/watch?v=P5ZdB_WE0YI&quot;,&quot;video_type&quot;:&quot;youtube&quot;,&quot;controls&quot;:&quot;yes&quot;}\" data-widget_type=\"video.default\">\n\t\t\t\t<div class=\"elementor-widget-container\">\n\t\t\t\t\t\t\t<div class=\"elementor-wrapper elementor-open-inline\">\n\t\t\t<div class=\"elementor-video\"><\/div>\t\t<\/div>\n\t\t\t\t\t\t<\/div>\n\t\t\t\t<\/div>\n\t\t\t\t\t<\/div>\n\t\t<\/div>\n\t\t\t\t\t<\/div>\n\t\t<\/section>\n\t\t\t\t<section class=\"elementor-section elementor-top-section elementor-element elementor-element-509b4cd elementor-section-boxed elementor-section-height-default elementor-section-height-default\" data-id=\"509b4cd\" data-element_type=\"section\" data-e-type=\"section\">\n\t\t\t\t\t\t<div class=\"elementor-container elementor-column-gap-default\">\n\t\t\t\t\t<div class=\"elementor-column elementor-col-100 elementor-top-column elementor-element elementor-element-156c716\" data-id=\"156c716\" data-element_type=\"column\" data-e-type=\"column\">\n\t\t\t<div class=\"elementor-widget-wrap elementor-element-populated\">\n\t\t\t\t\t\t<div class=\"elementor-element elementor-element-e5d4034 elementor-widget elementor-widget-heading\" data-id=\"e5d4034\" data-element_type=\"widget\" data-e-type=\"widget\" data-widget_type=\"heading.default\">\n\t\t\t\t<div class=\"elementor-widget-container\">\n\t\t\t\t\t<h2 class=\"elementor-heading-title elementor-size-default\"><a href=\"https:\/\/my.matterport.com\/show\/?m=JJRRdD1fJPG\" target=\"_blank\">Visite virtuelle<\/a><\/h2>\t\t\t\t<\/div>\n\t\t\t\t<\/div>\n\t\t\t\t\t<\/div>\n\t\t<\/div>\n\t\t\t\t\t<\/div>\n\t\t<\/section>\n\t\t<div class=\"elementor-element elementor-element-e4aad61 e-flex e-con-boxed e-con e-parent\" data-id=\"e4aad61\" data-element_type=\"container\" data-e-type=\"container\">\n\t\t\t\t\t<div class=\"e-con-inner\">\n\t\t\t\t<div class=\"elementor-element elementor-element-47c8f96 elementor-widget elementor-widget-image\" data-id=\"47c8f96\" data-element_type=\"widget\" data-e-type=\"widget\" data-widget_type=\"image.default\">\n\t\t\t\t<div class=\"elementor-widget-container\">\n\t\t\t\t\t\t\t\t\t\t\t\t\t\t\t\t<a href=\"https:\/\/my.matterport.com\/show\/?m=JJRRdD1fJPG\">\n\t\t\t\t\t\t\t<img decoding=\"async\" width=\"800\" height=\"541\" src=\"https:\/\/shw-wm.de\/wp-content\/uploads\/SHW-WM-UniSpeed-1024x692.png\" class=\"attachment-large size-large wp-image-17755\" alt=\"\" srcset=\"https:\/\/shw-wm.de\/wp-content\/uploads\/SHW-WM-UniSpeed-1024x692.png 1024w, https:\/\/shw-wm.de\/wp-content\/uploads\/SHW-WM-UniSpeed-300x203.png 300w, https:\/\/shw-wm.de\/wp-content\/uploads\/SHW-WM-UniSpeed-768x519.png 768w, https:\/\/shw-wm.de\/wp-content\/uploads\/SHW-WM-UniSpeed-1536x1038.png 1536w, https:\/\/shw-wm.de\/wp-content\/uploads\/SHW-WM-UniSpeed-2048x1384.png 2048w\" sizes=\"(max-width: 800px) 100vw, 800px\" \/>\t\t\t\t\t\t\t\t<\/a>\n\t\t\t\t\t\t\t\t\t\t\t\t\t\t\t<\/div>\n\t\t\t\t<\/div>\n\t\t\t\t\t<\/div>\n\t\t\t\t<\/div>\n\t\t\t\t<\/div>\n\t\t","protected":false},"excerpt":{"rendered":"<p>UniSpeed 3500 OPTIONS DOWNLOADS DESCRIPTION OPTIONS T\u00eates de fraisage T\u00eates de fraisage universelles T\u00eates de fraisage \u00e0 fourche Manutention des pi\u00e8ces Plaque de serrage Table(s) ronde(s) Table(s) tournante(s) Changeur de palettes Manipulation des outils Changeur d&rsquo;outils Magasin d&rsquo;outils Station de chargement d&rsquo;outils Contr\u00f4les Siemens Heidenhain Accessoires : Nous nous ferons un plaisir de vous pr\u00e9senter [&hellip;]<\/p>\n","protected":false},"author":4,"featured_media":0,"parent":17927,"menu_order":0,"comment_status":"closed","ping_status":"closed","template":"","meta":{"footnotes":""},"class_list":["post-17749","page","type-page","status-publish","hentry"],"yoast_head":"<!-- This site is optimized with the Yoast SEO plugin v27.4 - https:\/\/yoast.com\/product\/yoast-seo-wordpress\/ -->\n<title>UniSpeed 3500 | SHW - Werkzeugmaschinen<\/title>\n<meta name=\"robots\" content=\"index, follow, max-snippet:-1, max-image-preview:large, max-video-preview:-1\" \/>\n<link rel=\"canonical\" href=\"https:\/\/shw-wm.de\/fr\/centres-dusinage\/unispeed-3500\/\" \/>\n<meta property=\"og:locale\" content=\"fr_FR\" \/>\n<meta property=\"og:type\" content=\"article\" \/>\n<meta property=\"og:title\" content=\"UniSpeed 3500 | SHW - Werkzeugmaschinen\" \/>\n<meta property=\"og:description\" content=\"UniSpeed 3500 OPTIONS DOWNLOADS DESCRIPTION OPTIONS T\u00eates de fraisage T\u00eates de fraisage universelles T\u00eates de fraisage \u00e0 fourche Manutention des pi\u00e8ces Plaque de serrage Table(s) ronde(s) Table(s) tournante(s) Changeur de palettes Manipulation des outils Changeur d&rsquo;outils Magasin d&rsquo;outils Station de chargement d&rsquo;outils Contr\u00f4les Siemens Heidenhain Accessoires : Nous nous ferons un plaisir de vous pr\u00e9senter [&hellip;]\" \/>\n<meta property=\"og:url\" content=\"https:\/\/shw-wm.de\/fr\/centres-dusinage\/unispeed-3500\/\" \/>\n<meta property=\"og:site_name\" content=\"SHW - Werkzeugmaschinen\" \/>\n<meta property=\"article:publisher\" content=\"https:\/\/www.facebook.com\/SHWWM\" \/>\n<meta property=\"article:modified_time\" content=\"2025-10-13T13:36:51+00:00\" \/>\n<meta property=\"og:image\" content=\"https:\/\/shw-wm.de\/wp-content\/uploads\/US3500frei-1024x576.png\" \/>\n\t<meta property=\"og:image:width\" content=\"1024\" \/>\n\t<meta property=\"og:image:height\" content=\"576\" \/>\n\t<meta property=\"og:image:type\" content=\"image\/png\" \/>\n<meta name=\"twitter:card\" content=\"summary_large_image\" \/>\n<meta name=\"twitter:site\" content=\"@SHW_WM_Gmbh\" \/>\n<meta name=\"twitter:label1\" content=\"Dur\u00e9e de lecture estim\u00e9e\" \/>\n\t<meta name=\"twitter:data1\" content=\"1 minute\" \/>\n<script type=\"application\/ld+json\" class=\"yoast-schema-graph\">{\"@context\":\"https:\\\/\\\/schema.org\",\"@graph\":[{\"@type\":\"WebPage\",\"@id\":\"https:\\\/\\\/shw-wm.de\\\/fr\\\/centres-dusinage\\\/unispeed-3500\\\/\",\"url\":\"https:\\\/\\\/shw-wm.de\\\/fr\\\/centres-dusinage\\\/unispeed-3500\\\/\",\"name\":\"UniSpeed 3500 | SHW - Werkzeugmaschinen\",\"isPartOf\":{\"@id\":\"https:\\\/\\\/shw-wm.de\\\/#website\"},\"primaryImageOfPage\":{\"@id\":\"https:\\\/\\\/shw-wm.de\\\/fr\\\/centres-dusinage\\\/unispeed-3500\\\/#primaryimage\"},\"image\":{\"@id\":\"https:\\\/\\\/shw-wm.de\\\/fr\\\/centres-dusinage\\\/unispeed-3500\\\/#primaryimage\"},\"thumbnailUrl\":\"https:\\\/\\\/shw-wm.de\\\/wp-content\\\/uploads\\\/US3500frei-1024x576.png\",\"datePublished\":\"2022-09-26T12:21:34+00:00\",\"dateModified\":\"2025-10-13T13:36:51+00:00\",\"breadcrumb\":{\"@id\":\"https:\\\/\\\/shw-wm.de\\\/fr\\\/centres-dusinage\\\/unispeed-3500\\\/#breadcrumb\"},\"inLanguage\":\"fr-FR\",\"potentialAction\":[{\"@type\":\"ReadAction\",\"target\":[\"https:\\\/\\\/shw-wm.de\\\/fr\\\/centres-dusinage\\\/unispeed-3500\\\/\"]}]},{\"@type\":\"ImageObject\",\"inLanguage\":\"fr-FR\",\"@id\":\"https:\\\/\\\/shw-wm.de\\\/fr\\\/centres-dusinage\\\/unispeed-3500\\\/#primaryimage\",\"url\":\"https:\\\/\\\/shw-wm.de\\\/wp-content\\\/uploads\\\/US3500frei-1024x576.png\",\"contentUrl\":\"https:\\\/\\\/shw-wm.de\\\/wp-content\\\/uploads\\\/US3500frei-1024x576.png\"},{\"@type\":\"BreadcrumbList\",\"@id\":\"https:\\\/\\\/shw-wm.de\\\/fr\\\/centres-dusinage\\\/unispeed-3500\\\/#breadcrumb\",\"itemListElement\":[{\"@type\":\"ListItem\",\"position\":1,\"name\":\"Home\",\"item\":\"https:\\\/\\\/shw-wm.de\\\/fr\\\/accueil\\\/\"},{\"@type\":\"ListItem\",\"position\":2,\"name\":\"Centres d&rsquo;usinage\",\"item\":\"https:\\\/\\\/shw-wm.de\\\/fr\\\/centres-dusinage\\\/\"},{\"@type\":\"ListItem\",\"position\":3,\"name\":\"UniSpeed 3500\"}]},{\"@type\":\"WebSite\",\"@id\":\"https:\\\/\\\/shw-wm.de\\\/#website\",\"url\":\"https:\\\/\\\/shw-wm.de\\\/\",\"name\":\"SHW - Werkzeugmaschinen\",\"description\":\"Hersteller von Fahrst\u00e4ndermaschinen\",\"publisher\":{\"@id\":\"https:\\\/\\\/shw-wm.de\\\/#organization\"},\"potentialAction\":[{\"@type\":\"SearchAction\",\"target\":{\"@type\":\"EntryPoint\",\"urlTemplate\":\"https:\\\/\\\/shw-wm.de\\\/?s={search_term_string}\"},\"query-input\":{\"@type\":\"PropertyValueSpecification\",\"valueRequired\":true,\"valueName\":\"search_term_string\"}}],\"inLanguage\":\"fr-FR\"},{\"@type\":\"Organization\",\"@id\":\"https:\\\/\\\/shw-wm.de\\\/#organization\",\"name\":\"SHW - Werkzeugmaschinen\",\"url\":\"https:\\\/\\\/shw-wm.de\\\/\",\"logo\":{\"@type\":\"ImageObject\",\"inLanguage\":\"fr-FR\",\"@id\":\"https:\\\/\\\/shw-wm.de\\\/#\\\/schema\\\/logo\\\/image\\\/\",\"url\":\"https:\\\/\\\/shw-wm.de\\\/wp-content\\\/uploads\\\/2021_Logo_mit_Flagge-1.jpg\",\"contentUrl\":\"https:\\\/\\\/shw-wm.de\\\/wp-content\\\/uploads\\\/2021_Logo_mit_Flagge-1.jpg\",\"width\":275,\"height\":119,\"caption\":\"SHW - Werkzeugmaschinen\"},\"image\":{\"@id\":\"https:\\\/\\\/shw-wm.de\\\/#\\\/schema\\\/logo\\\/image\\\/\"},\"sameAs\":[\"https:\\\/\\\/www.facebook.com\\\/SHWWM\",\"https:\\\/\\\/x.com\\\/SHW_WM_Gmbh\",\"https:\\\/\\\/www.instagram.com\\\/shw_werkzeugmaschinen\\\/\",\"https:\\\/\\\/www.youtube.com\\\/@SHWWerkzeugmaschinen\"]}]}<\/script>\n<!-- \/ Yoast SEO plugin. -->","yoast_head_json":{"title":"UniSpeed 3500 | SHW - Werkzeugmaschinen","robots":{"index":"index","follow":"follow","max-snippet":"max-snippet:-1","max-image-preview":"max-image-preview:large","max-video-preview":"max-video-preview:-1"},"canonical":"https:\/\/shw-wm.de\/fr\/centres-dusinage\/unispeed-3500\/","og_locale":"fr_FR","og_type":"article","og_title":"UniSpeed 3500 | SHW - Werkzeugmaschinen","og_description":"UniSpeed 3500 OPTIONS DOWNLOADS DESCRIPTION OPTIONS T\u00eates de fraisage T\u00eates de fraisage universelles T\u00eates de fraisage \u00e0 fourche Manutention des pi\u00e8ces Plaque de serrage Table(s) ronde(s) Table(s) tournante(s) Changeur de palettes Manipulation des outils Changeur d&rsquo;outils Magasin d&rsquo;outils Station de chargement d&rsquo;outils Contr\u00f4les Siemens Heidenhain Accessoires : Nous nous ferons un plaisir de vous pr\u00e9senter [&hellip;]","og_url":"https:\/\/shw-wm.de\/fr\/centres-dusinage\/unispeed-3500\/","og_site_name":"SHW - Werkzeugmaschinen","article_publisher":"https:\/\/www.facebook.com\/SHWWM","article_modified_time":"2025-10-13T13:36:51+00:00","og_image":[{"width":1024,"height":576,"url":"https:\/\/shw-wm.de\/wp-content\/uploads\/US3500frei-1024x576.png","type":"image\/png"}],"twitter_card":"summary_large_image","twitter_site":"@SHW_WM_Gmbh","twitter_misc":{"Dur\u00e9e de lecture estim\u00e9e":"1 minute"},"schema":{"@context":"https:\/\/schema.org","@graph":[{"@type":"WebPage","@id":"https:\/\/shw-wm.de\/fr\/centres-dusinage\/unispeed-3500\/","url":"https:\/\/shw-wm.de\/fr\/centres-dusinage\/unispeed-3500\/","name":"UniSpeed 3500 | SHW - Werkzeugmaschinen","isPartOf":{"@id":"https:\/\/shw-wm.de\/#website"},"primaryImageOfPage":{"@id":"https:\/\/shw-wm.de\/fr\/centres-dusinage\/unispeed-3500\/#primaryimage"},"image":{"@id":"https:\/\/shw-wm.de\/fr\/centres-dusinage\/unispeed-3500\/#primaryimage"},"thumbnailUrl":"https:\/\/shw-wm.de\/wp-content\/uploads\/US3500frei-1024x576.png","datePublished":"2022-09-26T12:21:34+00:00","dateModified":"2025-10-13T13:36:51+00:00","breadcrumb":{"@id":"https:\/\/shw-wm.de\/fr\/centres-dusinage\/unispeed-3500\/#breadcrumb"},"inLanguage":"fr-FR","potentialAction":[{"@type":"ReadAction","target":["https:\/\/shw-wm.de\/fr\/centres-dusinage\/unispeed-3500\/"]}]},{"@type":"ImageObject","inLanguage":"fr-FR","@id":"https:\/\/shw-wm.de\/fr\/centres-dusinage\/unispeed-3500\/#primaryimage","url":"https:\/\/shw-wm.de\/wp-content\/uploads\/US3500frei-1024x576.png","contentUrl":"https:\/\/shw-wm.de\/wp-content\/uploads\/US3500frei-1024x576.png"},{"@type":"BreadcrumbList","@id":"https:\/\/shw-wm.de\/fr\/centres-dusinage\/unispeed-3500\/#breadcrumb","itemListElement":[{"@type":"ListItem","position":1,"name":"Home","item":"https:\/\/shw-wm.de\/fr\/accueil\/"},{"@type":"ListItem","position":2,"name":"Centres d&rsquo;usinage","item":"https:\/\/shw-wm.de\/fr\/centres-dusinage\/"},{"@type":"ListItem","position":3,"name":"UniSpeed 3500"}]},{"@type":"WebSite","@id":"https:\/\/shw-wm.de\/#website","url":"https:\/\/shw-wm.de\/","name":"SHW - Werkzeugmaschinen","description":"Hersteller von Fahrst\u00e4ndermaschinen","publisher":{"@id":"https:\/\/shw-wm.de\/#organization"},"potentialAction":[{"@type":"SearchAction","target":{"@type":"EntryPoint","urlTemplate":"https:\/\/shw-wm.de\/?s={search_term_string}"},"query-input":{"@type":"PropertyValueSpecification","valueRequired":true,"valueName":"search_term_string"}}],"inLanguage":"fr-FR"},{"@type":"Organization","@id":"https:\/\/shw-wm.de\/#organization","name":"SHW - Werkzeugmaschinen","url":"https:\/\/shw-wm.de\/","logo":{"@type":"ImageObject","inLanguage":"fr-FR","@id":"https:\/\/shw-wm.de\/#\/schema\/logo\/image\/","url":"https:\/\/shw-wm.de\/wp-content\/uploads\/2021_Logo_mit_Flagge-1.jpg","contentUrl":"https:\/\/shw-wm.de\/wp-content\/uploads\/2021_Logo_mit_Flagge-1.jpg","width":275,"height":119,"caption":"SHW - Werkzeugmaschinen"},"image":{"@id":"https:\/\/shw-wm.de\/#\/schema\/logo\/image\/"},"sameAs":["https:\/\/www.facebook.com\/SHWWM","https:\/\/x.com\/SHW_WM_Gmbh","https:\/\/www.instagram.com\/shw_werkzeugmaschinen\/","https:\/\/www.youtube.com\/@SHWWerkzeugmaschinen"]}]}},"_links":{"self":[{"href":"https:\/\/shw-wm.de\/fr\/wp-json\/wp\/v2\/pages\/17749","targetHints":{"allow":["GET"]}}],"collection":[{"href":"https:\/\/shw-wm.de\/fr\/wp-json\/wp\/v2\/pages"}],"about":[{"href":"https:\/\/shw-wm.de\/fr\/wp-json\/wp\/v2\/types\/page"}],"author":[{"embeddable":true,"href":"https:\/\/shw-wm.de\/fr\/wp-json\/wp\/v2\/users\/4"}],"replies":[{"embeddable":true,"href":"https:\/\/shw-wm.de\/fr\/wp-json\/wp\/v2\/comments?post=17749"}],"version-history":[{"count":1,"href":"https:\/\/shw-wm.de\/fr\/wp-json\/wp\/v2\/pages\/17749\/revisions"}],"predecessor-version":[{"id":17752,"href":"https:\/\/shw-wm.de\/fr\/wp-json\/wp\/v2\/pages\/17749\/revisions\/17752"}],"up":[{"embeddable":true,"href":"https:\/\/shw-wm.de\/fr\/wp-json\/wp\/v2\/pages\/17927"}],"wp:attachment":[{"href":"https:\/\/shw-wm.de\/fr\/wp-json\/wp\/v2\/media?parent=17749"}],"curies":[{"name":"wp","href":"https:\/\/api.w.org\/{rel}","templated":true}]}}