{"id":17758,"date":"2020-10-27T14:25:56","date_gmt":"2020-10-27T13:25:56","guid":{"rendered":"https:\/\/shw-wm.de\/powerspeed-cube\/"},"modified":"2025-10-13T15:36:49","modified_gmt":"2025-10-13T13:36:49","slug":"powerspeed-cube","status":"publish","type":"page","link":"https:\/\/shw-wm.de\/fr\/machines-a-colonne-mobile\/powerspeed-cube\/","title":{"rendered":"PowerSpeed Cube"},"content":{"rendered":"\t\t<div data-elementor-type=\"wp-page\" data-elementor-id=\"17758\" class=\"elementor elementor-17758 elementor-8340\" data-elementor-post-type=\"page\">\n\t\t\t\t\t\t<section class=\"elementor-section elementor-top-section elementor-element elementor-element-34e5449d elementor-section-boxed elementor-section-height-default elementor-section-height-default\" data-id=\"34e5449d\" data-element_type=\"section\" data-e-type=\"section\" data-settings=\"{&quot;background_background&quot;:&quot;classic&quot;}\">\n\t\t\t\t\t\t<div class=\"elementor-container elementor-column-gap-default\">\n\t\t\t\t\t<div class=\"elementor-column elementor-col-100 elementor-top-column elementor-element elementor-element-745d4816\" data-id=\"745d4816\" data-element_type=\"column\" data-e-type=\"column\">\n\t\t\t<div class=\"elementor-widget-wrap elementor-element-populated\">\n\t\t\t\t\t\t<div class=\"elementor-element elementor-element-3a13bc55 elementor-widget elementor-widget-heading\" data-id=\"3a13bc55\" data-element_type=\"widget\" data-e-type=\"widget\" data-widget_type=\"heading.default\">\n\t\t\t\t<div class=\"elementor-widget-container\">\n\t\t\t\t\t<h2 class=\"elementor-heading-title elementor-size-default\">PowerSpeed Cube<\/h2>\t\t\t\t<\/div>\n\t\t\t\t<\/div>\n\t\t\t\t\t<\/div>\n\t\t<\/div>\n\t\t\t\t\t<\/div>\n\t\t<\/section>\n\t\t<div class=\"elementor-element elementor-element-0b5af70 e-flex e-con-boxed e-con e-parent\" data-id=\"0b5af70\" data-element_type=\"container\" data-e-type=\"container\">\n\t\t\t\t\t<div class=\"e-con-inner\">\n\t\t\t\t<div class=\"elementor-element elementor-element-26bc28d elementor-widget elementor-widget-spacer\" data-id=\"26bc28d\" data-element_type=\"widget\" data-e-type=\"widget\" data-widget_type=\"spacer.default\">\n\t\t\t\t<div class=\"elementor-widget-container\">\n\t\t\t\t\t\t\t<div class=\"elementor-spacer\">\n\t\t\t<div class=\"elementor-spacer-inner\"><\/div>\n\t\t<\/div>\n\t\t\t\t\t\t<\/div>\n\t\t\t\t<\/div>\n\t\t\t\t\t<\/div>\n\t\t\t\t<\/div>\n\t\t\t\t<section class=\"elementor-section elementor-top-section elementor-element elementor-element-6e16eef elementor-section-boxed elementor-section-height-default elementor-section-height-default\" data-id=\"6e16eef\" data-element_type=\"section\" data-e-type=\"section\">\n\t\t\t\t\t\t<div class=\"elementor-container elementor-column-gap-default\">\n\t\t\t\t\t<div class=\"elementor-column elementor-col-100 elementor-top-column elementor-element elementor-element-e1e60e0\" data-id=\"e1e60e0\" data-element_type=\"column\" data-e-type=\"column\">\n\t\t\t<div class=\"elementor-widget-wrap elementor-element-populated\">\n\t\t\t\t\t\t<div class=\"elementor-element elementor-element-398c1c6 elementor-widget elementor-widget-image\" data-id=\"398c1c6\" data-element_type=\"widget\" data-e-type=\"widget\" data-widget_type=\"image.default\">\n\t\t\t\t<div class=\"elementor-widget-container\">\n\t\t\t\t\t\t\t\t\t\t\t\t\t\t\t<img fetchpriority=\"high\" decoding=\"async\" width=\"800\" height=\"450\" src=\"https:\/\/shw-wm.de\/wp-content\/uploads\/08_01_PSCube_20-1024x576.png\" class=\"attachment-large size-large wp-image-9739\" alt=\"\" srcset=\"https:\/\/shw-wm.de\/wp-content\/uploads\/08_01_PSCube_20-1024x576.png 1024w, https:\/\/shw-wm.de\/wp-content\/uploads\/08_01_PSCube_20-300x169.png 300w, https:\/\/shw-wm.de\/wp-content\/uploads\/08_01_PSCube_20-768x432.png 768w, https:\/\/shw-wm.de\/wp-content\/uploads\/08_01_PSCube_20-1536x864.png 1536w, https:\/\/shw-wm.de\/wp-content\/uploads\/08_01_PSCube_20.png 1920w\" sizes=\"(max-width: 800px) 100vw, 800px\" \/>\t\t\t\t\t\t\t\t\t\t\t\t\t\t\t<\/div>\n\t\t\t\t<\/div>\n\t\t\t\t\t<\/div>\n\t\t<\/div>\n\t\t\t\t\t<\/div>\n\t\t<\/section>\n\t\t\t\t<section class=\"elementor-section elementor-top-section elementor-element elementor-element-5f681b0 elementor-section-boxed elementor-section-height-default elementor-section-height-default\" data-id=\"5f681b0\" data-element_type=\"section\" data-e-type=\"section\">\n\t\t\t\t\t\t<div class=\"elementor-container elementor-column-gap-default\">\n\t\t\t\t\t<div class=\"elementor-column elementor-col-100 elementor-top-column elementor-element elementor-element-5a71200\" data-id=\"5a71200\" data-element_type=\"column\" data-e-type=\"column\">\n\t\t\t<div class=\"elementor-widget-wrap elementor-element-populated\">\n\t\t\t\t\t\t<div class=\"elementor-element elementor-element-29eac45 elementor-widget-divider--view-line elementor-widget elementor-widget-divider\" data-id=\"29eac45\" data-element_type=\"widget\" data-e-type=\"widget\" data-widget_type=\"divider.default\">\n\t\t\t\t<div class=\"elementor-widget-container\">\n\t\t\t\t\t\t\t<div class=\"elementor-divider\">\n\t\t\t<span class=\"elementor-divider-separator\">\n\t\t\t\t\t\t<\/span>\n\t\t<\/div>\n\t\t\t\t\t\t<\/div>\n\t\t\t\t<\/div>\n\t\t\t\t\t<\/div>\n\t\t<\/div>\n\t\t\t\t\t<\/div>\n\t\t<\/section>\n\t\t\t\t<section class=\"elementor-section elementor-top-section elementor-element elementor-element-e50a68b elementor-section-boxed elementor-section-height-default elementor-section-height-default\" data-id=\"e50a68b\" data-element_type=\"section\" data-e-type=\"section\">\n\t\t\t\t\t\t<div class=\"elementor-container elementor-column-gap-default\">\n\t\t\t\t\t<div class=\"elementor-column elementor-col-50 elementor-top-column elementor-element elementor-element-deeba14\" data-id=\"deeba14\" data-element_type=\"column\" data-e-type=\"column\">\n\t\t\t<div class=\"elementor-widget-wrap elementor-element-populated\">\n\t\t\t\t\t\t<div class=\"elementor-element elementor-element-dbfca0d elementor-tabs-view-horizontal elementor-widget elementor-widget-tabs\" data-id=\"dbfca0d\" data-element_type=\"widget\" data-e-type=\"widget\" data-widget_type=\"tabs.default\">\n\t\t\t\t<div class=\"elementor-widget-container\">\n\t\t\t\t\t\t\t<div class=\"elementor-tabs\">\n\t\t\t<div class=\"elementor-tabs-wrapper\" role=\"tablist\" >\n\t\t\t\t\t\t\t\t\t<div id=\"elementor-tab-title-2301\" class=\"elementor-tab-title elementor-tab-desktop-title\" aria-selected=\"true\" data-tab=\"1\" role=\"tab\" tabindex=\"0\" aria-controls=\"elementor-tab-content-2301\" aria-expanded=\"false\">DESCRIPTION<\/div>\n\t\t\t\t\t\t\t\t\t<div id=\"elementor-tab-title-2302\" class=\"elementor-tab-title elementor-tab-desktop-title\" aria-selected=\"false\" data-tab=\"2\" role=\"tab\" tabindex=\"-1\" aria-controls=\"elementor-tab-content-2302\" aria-expanded=\"false\">OPTIONS<\/div>\n\t\t\t\t\t\t\t\t\t<div id=\"elementor-tab-title-2303\" class=\"elementor-tab-title elementor-tab-desktop-title\" aria-selected=\"false\" data-tab=\"3\" role=\"tab\" tabindex=\"-1\" aria-controls=\"elementor-tab-content-2303\" aria-expanded=\"false\">DOWNLOADS<\/div>\n\t\t\t\t\t\t\t<\/div>\n\t\t\t<div class=\"elementor-tabs-content-wrapper\" role=\"tablist\" aria-orientation=\"vertical\">\n\t\t\t\t\t\t\t\t\t<div class=\"elementor-tab-title elementor-tab-mobile-title\" aria-selected=\"true\" data-tab=\"1\" role=\"tab\" tabindex=\"0\" aria-controls=\"elementor-tab-content-2301\" aria-expanded=\"false\">DESCRIPTION<\/div>\n\t\t\t\t\t<div id=\"elementor-tab-content-2301\" class=\"elementor-tab-content elementor-clearfix\" data-tab=\"1\" role=\"tabpanel\" aria-labelledby=\"elementor-tab-title-2301\" tabindex=\"0\" hidden=\"false\"><p>L&rsquo;association de vos exigences sp\u00e9ci\ufb01ques en mati\u00e8re de machines et de composants de qualit\u00e9 sup\u00e9rieure nous a inspir\u00e9 le d\u00e9veloppement d&rsquo;un concept de machine innovant. Le PowerSpeed Cube est le r\u00e9sultat de ce processus de r\u00e9flexion et vous offre une solution sur mesure pour vos t\u00e2ches d&rsquo;usinage individuelles. <\/p>\n<p>Gr\u00e2ce \u00e0 la possibilit\u00e9 de con\ufb01guration des trajectoires et des situations de serrage, le PowerSpeed Cube se pr\u00e9sente comme extr\u00eamement polyvalent. Vous pouvez con\ufb01gurer la machine selon vos besoins afin d&rsquo;obtenir le meilleur r\u00e9sultat possible pour votre usinage. Les nombreuses combinaisons possibles font de la machine un cube \u00e9volutif, parfaitement adapt\u00e9 \u00e0 vos besoins.  <\/p>\n<p>Des \u00e9quipements innovants tels que le TightBlock, qui permet une installation \u00e0 plat sans fondations \u00e9tag\u00e9es co\u00fbteuses, la gestion optimis\u00e9e des copeaux et l&rsquo;encapsulation compl\u00e8te de la machine ne sont que quelques-unes des options int\u00e9gr\u00e9es qui font du PowerSpeed Cube une machine \u00e0 colonne mobile de premier ordre. Elle porte l&rsquo;usinage par enl\u00e8vement de copeaux \u00e0 un niveau sup\u00e9rieur et vous permet d&rsquo;usiner vos pi\u00e8ces avec e\ufb03cacit\u00e9 et pr\u00e9cision. <\/p>\n<p>Le PowerSpeed Cube allie personnalisation, flexibilit\u00e9 et technologie de pointe pour optimiser votre processus de production et vous offrir des performances et une qualit\u00e9 optimales. Cette machine vous ouvre de nouvelles possibilit\u00e9s pour obtenir des r\u00e9sultats d&rsquo;usinage exceptionnels. <\/p>\n<\/div>\n\t\t\t\t\t\t\t\t\t<div class=\"elementor-tab-title elementor-tab-mobile-title\" aria-selected=\"false\" data-tab=\"2\" role=\"tab\" tabindex=\"-1\" aria-controls=\"elementor-tab-content-2302\" aria-expanded=\"false\">OPTIONS<\/div>\n\t\t\t\t\t<div id=\"elementor-tab-content-2302\" class=\"elementor-tab-content elementor-clearfix\" data-tab=\"2\" role=\"tabpanel\" aria-labelledby=\"elementor-tab-title-2302\" tabindex=\"0\" hidden=\"hidden\"><p>La combinaison de vos exigences individuelles en mati\u00e8re de machine et d&rsquo;un grand nombre de composants de qualit\u00e9 nous a amen\u00e9s \u00e0 r\u00e9fl\u00e9chir \u00e0 un nouveau concept de machine. La diversit\u00e9 des variantes, gr\u00e2ce \u00e0 des trajectoires et des situations de serrage configurables, fait de votre PowerSpeed Cube la solution sur mesure pour votre t\u00e2che d&rsquo;usinage. Symboliquement, les axes principaux repr\u00e9sentent le coin d&rsquo;un cube, qui devient un cube \u00e9volutif gr\u00e2ce aux possibilit\u00e9s de combinaison 3x3x3. Le TightBlock, qui permet une installation au ras du sol sans fondations \u00e9tag\u00e9es co\u00fbteuses, la gestion optimis\u00e9e des copeaux, le car\u00e9nage complet de la machine et de nombreuses autres options int\u00e9gr\u00e9es compl\u00e8tent la machine \u00e0 colonne mobile classique et \u00e9l\u00e8vent l&rsquo;usinage par enl\u00e8vement de copeaux \u00e0 un nouveau niveau.   <\/p>\n<\/div>\n\t\t\t\t\t\t\t\t\t<div class=\"elementor-tab-title elementor-tab-mobile-title\" aria-selected=\"false\" data-tab=\"3\" role=\"tab\" tabindex=\"-1\" aria-controls=\"elementor-tab-content-2303\" aria-expanded=\"false\">DOWNLOADS<\/div>\n\t\t\t\t\t<div id=\"elementor-tab-content-2303\" class=\"elementor-tab-content elementor-clearfix\" data-tab=\"3\" role=\"tabpanel\" aria-labelledby=\"elementor-tab-title-2303\" tabindex=\"0\" hidden=\"hidden\"><p><strong>Brochure produit<\/strong><\/p>\n<ul>\n<li><a href=\"https:\/\/shw-wm.de\/wp-content\/uploads\/20220117PS_Cube_aktualisiert_Dispo-scaled.jpg\" target=\"_blank\" rel=\"noopener\">Fiche technique  <\/a><\/li>\n<\/ul>\n<\/div>\n\t\t\t\t\t\t\t<\/div>\n\t\t<\/div>\n\t\t\t\t\t\t<\/div>\n\t\t\t\t<\/div>\n\t\t\t\t\t<\/div>\n\t\t<\/div>\n\t\t\t\t<div class=\"elementor-column elementor-col-50 elementor-top-column elementor-element elementor-element-72e506b\" data-id=\"72e506b\" data-element_type=\"column\" data-e-type=\"column\">\n\t\t\t<div class=\"elementor-widget-wrap elementor-element-populated\">\n\t\t\t\t\t\t<div class=\"elementor-element elementor-element-535598f elementor-widget elementor-widget-video\" data-id=\"535598f\" data-element_type=\"widget\" data-e-type=\"widget\" data-settings=\"{&quot;youtube_url&quot;:&quot;https:\\\/\\\/youtu.be\\\/NJnTuyzed9w&quot;,&quot;video_type&quot;:&quot;youtube&quot;,&quot;controls&quot;:&quot;yes&quot;}\" data-widget_type=\"video.default\">\n\t\t\t\t<div class=\"elementor-widget-container\">\n\t\t\t\t\t\t\t<div class=\"elementor-wrapper elementor-open-inline\">\n\t\t\t<div class=\"elementor-video\"><\/div>\t\t<\/div>\n\t\t\t\t\t\t<\/div>\n\t\t\t\t<\/div>\n\t\t\t\t\t<\/div>\n\t\t<\/div>\n\t\t\t\t\t<\/div>\n\t\t<\/section>\n\t\t\t\t<section class=\"elementor-section elementor-top-section elementor-element elementor-element-1b503fd elementor-section-boxed elementor-section-height-default elementor-section-height-default\" data-id=\"1b503fd\" data-element_type=\"section\" data-e-type=\"section\">\n\t\t\t\t\t\t<div class=\"elementor-container elementor-column-gap-default\">\n\t\t\t\t\t<div class=\"elementor-column elementor-col-100 elementor-top-column elementor-element elementor-element-1dc816f\" data-id=\"1dc816f\" data-element_type=\"column\" data-e-type=\"column\">\n\t\t\t<div class=\"elementor-widget-wrap elementor-element-populated\">\n\t\t\t\t\t\t<div class=\"elementor-element elementor-element-fbb4e5f elementor-widget elementor-widget-heading\" data-id=\"fbb4e5f\" data-element_type=\"widget\" data-e-type=\"widget\" data-widget_type=\"heading.default\">\n\t\t\t\t<div class=\"elementor-widget-container\">\n\t\t\t\t\t<h2 class=\"elementor-heading-title elementor-size-default\"><h2 data-elementor-setting-key=\"title\" data-pen-placeholder=\"Eingabe hier...\">Visite virtuelle<\/h2><\/h2>\t\t\t\t<\/div>\n\t\t\t\t<\/div>\n\t\t\t\t\t<\/div>\n\t\t<\/div>\n\t\t\t\t\t<\/div>\n\t\t<\/section>\n\t\t\t\t<section class=\"elementor-section elementor-top-section elementor-element elementor-element-a1ef108 elementor-section-boxed elementor-section-height-default elementor-section-height-default\" data-id=\"a1ef108\" data-element_type=\"section\" data-e-type=\"section\">\n\t\t\t\t\t\t<div class=\"elementor-container elementor-column-gap-default\">\n\t\t\t\t\t<div class=\"elementor-column elementor-col-100 elementor-top-column elementor-element elementor-element-ff8bf94\" data-id=\"ff8bf94\" data-element_type=\"column\" data-e-type=\"column\">\n\t\t\t<div class=\"elementor-widget-wrap elementor-element-populated\">\n\t\t\t\t\t\t<div class=\"elementor-element elementor-element-57da7a1 elementor-widget elementor-widget-image\" data-id=\"57da7a1\" data-element_type=\"widget\" data-e-type=\"widget\" data-widget_type=\"image.default\">\n\t\t\t\t<div class=\"elementor-widget-container\">\n\t\t\t\t\t\t\t\t\t\t\t\t<figure class=\"wp-caption\">\n\t\t\t\t\t\t\t\t\t\t\t<a href=\"https:\/\/my.matterport.com\/show\/?m=Gv8L3SvbhQa\">\n\t\t\t\t\t\t\t<img decoding=\"async\" width=\"800\" height=\"450\" src=\"https:\/\/shw-wm.de\/wp-content\/uploads\/SHW_Innovationstage-2020-SHW_WK_1-1024x576.jpg\" class=\"attachment-large size-large wp-image-17780\" alt=\"\" srcset=\"https:\/\/shw-wm.de\/wp-content\/uploads\/SHW_Innovationstage-2020-SHW_WK_1-1024x576.jpg 1024w, https:\/\/shw-wm.de\/wp-content\/uploads\/SHW_Innovationstage-2020-SHW_WK_1-300x169.jpg 300w, https:\/\/shw-wm.de\/wp-content\/uploads\/SHW_Innovationstage-2020-SHW_WK_1-768x432.jpg 768w, https:\/\/shw-wm.de\/wp-content\/uploads\/SHW_Innovationstage-2020-SHW_WK_1.jpg 1400w\" sizes=\"(max-width: 800px) 100vw, 800px\" \/>\t\t\t\t\t\t\t\t<\/a>\n\t\t\t\t\t\t\t\t\t\t\t<figcaption class=\"widget-image-caption wp-caption-text\">PowerSpeed Cube avec t\u00eate de fraisage diagonale<\/figcaption>\n\t\t\t\t\t\t\t\t\t\t<\/figure>\n\t\t\t\t\t\t\t\t\t<\/div>\n\t\t\t\t<\/div>\n\t\t\t\t\t<\/div>\n\t\t<\/div>\n\t\t\t\t\t<\/div>\n\t\t<\/section>\n\t\t\t\t<\/div>\n\t\t","protected":false},"excerpt":{"rendered":"<p>PowerSpeed Cube DESCRIPTION OPTIONS DOWNLOADS DESCRIPTION L&rsquo;association de vos exigences sp\u00e9ci\ufb01ques en mati\u00e8re de machines et de composants de qualit\u00e9 sup\u00e9rieure nous a inspir\u00e9 le d\u00e9veloppement d&rsquo;un concept de machine innovant. Le PowerSpeed Cube est le r\u00e9sultat de ce processus de r\u00e9flexion et vous offre une solution sur mesure pour vos t\u00e2ches d&rsquo;usinage individuelles. Gr\u00e2ce [&hellip;]<\/p>\n","protected":false},"author":4,"featured_media":0,"parent":17922,"menu_order":0,"comment_status":"closed","ping_status":"closed","template":"","meta":{"footnotes":""},"class_list":["post-17758","page","type-page","status-publish","hentry"],"yoast_head":"<!-- This site is optimized with the Yoast SEO plugin v27.4 - https:\/\/yoast.com\/product\/yoast-seo-wordpress\/ -->\n<title>PowerSpeed Cube | SHW - Werkzeugmaschinen<\/title>\n<meta name=\"robots\" content=\"index, follow, max-snippet:-1, max-image-preview:large, max-video-preview:-1\" \/>\n<link rel=\"canonical\" href=\"https:\/\/shw-wm.de\/fr\/machines-a-colonne-mobile\/powerspeed-cube\/\" \/>\n<meta property=\"og:locale\" content=\"fr_FR\" \/>\n<meta property=\"og:type\" content=\"article\" \/>\n<meta property=\"og:title\" content=\"PowerSpeed Cube | SHW - Werkzeugmaschinen\" \/>\n<meta property=\"og:description\" content=\"PowerSpeed Cube DESCRIPTION OPTIONS DOWNLOADS DESCRIPTION L&rsquo;association de vos exigences sp\u00e9ci\ufb01ques en mati\u00e8re de machines et de composants de qualit\u00e9 sup\u00e9rieure nous a inspir\u00e9 le d\u00e9veloppement d&rsquo;un concept de machine innovant. Le PowerSpeed Cube est le r\u00e9sultat de ce processus de r\u00e9flexion et vous offre une solution sur mesure pour vos t\u00e2ches d&rsquo;usinage individuelles. Gr\u00e2ce [&hellip;]\" \/>\n<meta property=\"og:url\" content=\"https:\/\/shw-wm.de\/fr\/machines-a-colonne-mobile\/powerspeed-cube\/\" \/>\n<meta property=\"og:site_name\" content=\"SHW - Werkzeugmaschinen\" \/>\n<meta property=\"article:publisher\" content=\"https:\/\/www.facebook.com\/SHWWM\" \/>\n<meta property=\"article:modified_time\" content=\"2025-10-13T13:36:49+00:00\" \/>\n<meta property=\"og:image\" content=\"https:\/\/shw-wm.de\/wp-content\/uploads\/08_01_PSCube_20.png\" \/>\n\t<meta property=\"og:image:width\" content=\"1920\" \/>\n\t<meta property=\"og:image:height\" content=\"1080\" \/>\n\t<meta property=\"og:image:type\" content=\"image\/png\" \/>\n<meta name=\"twitter:card\" content=\"summary_large_image\" \/>\n<meta name=\"twitter:site\" content=\"@SHW_WM_Gmbh\" \/>\n<meta name=\"twitter:label1\" content=\"Dur\u00e9e de lecture estim\u00e9e\" \/>\n\t<meta name=\"twitter:data1\" content=\"2 minutes\" \/>\n<script type=\"application\/ld+json\" class=\"yoast-schema-graph\">{\"@context\":\"https:\\\/\\\/schema.org\",\"@graph\":[{\"@type\":\"WebPage\",\"@id\":\"https:\\\/\\\/shw-wm.de\\\/fr\\\/machines-a-colonne-mobile\\\/powerspeed-cube\\\/\",\"url\":\"https:\\\/\\\/shw-wm.de\\\/fr\\\/machines-a-colonne-mobile\\\/powerspeed-cube\\\/\",\"name\":\"PowerSpeed Cube | SHW - Werkzeugmaschinen\",\"isPartOf\":{\"@id\":\"https:\\\/\\\/shw-wm.de\\\/#website\"},\"primaryImageOfPage\":{\"@id\":\"https:\\\/\\\/shw-wm.de\\\/fr\\\/machines-a-colonne-mobile\\\/powerspeed-cube\\\/#primaryimage\"},\"image\":{\"@id\":\"https:\\\/\\\/shw-wm.de\\\/fr\\\/machines-a-colonne-mobile\\\/powerspeed-cube\\\/#primaryimage\"},\"thumbnailUrl\":\"https:\\\/\\\/shw-wm.de\\\/wp-content\\\/uploads\\\/08_01_PSCube_20-1024x576.png\",\"datePublished\":\"2020-10-27T13:25:56+00:00\",\"dateModified\":\"2025-10-13T13:36:49+00:00\",\"breadcrumb\":{\"@id\":\"https:\\\/\\\/shw-wm.de\\\/fr\\\/machines-a-colonne-mobile\\\/powerspeed-cube\\\/#breadcrumb\"},\"inLanguage\":\"fr-FR\",\"potentialAction\":[{\"@type\":\"ReadAction\",\"target\":[\"https:\\\/\\\/shw-wm.de\\\/fr\\\/machines-a-colonne-mobile\\\/powerspeed-cube\\\/\"]}]},{\"@type\":\"ImageObject\",\"inLanguage\":\"fr-FR\",\"@id\":\"https:\\\/\\\/shw-wm.de\\\/fr\\\/machines-a-colonne-mobile\\\/powerspeed-cube\\\/#primaryimage\",\"url\":\"https:\\\/\\\/shw-wm.de\\\/wp-content\\\/uploads\\\/08_01_PSCube_20-1024x576.png\",\"contentUrl\":\"https:\\\/\\\/shw-wm.de\\\/wp-content\\\/uploads\\\/08_01_PSCube_20-1024x576.png\"},{\"@type\":\"BreadcrumbList\",\"@id\":\"https:\\\/\\\/shw-wm.de\\\/fr\\\/machines-a-colonne-mobile\\\/powerspeed-cube\\\/#breadcrumb\",\"itemListElement\":[{\"@type\":\"ListItem\",\"position\":1,\"name\":\"Home\",\"item\":\"https:\\\/\\\/shw-wm.de\\\/fr\\\/accueil\\\/\"},{\"@type\":\"ListItem\",\"position\":2,\"name\":\"Machines \u00e0 colonne mobile\",\"item\":\"https:\\\/\\\/shw-wm.de\\\/fr\\\/machines-a-colonne-mobile\\\/\"},{\"@type\":\"ListItem\",\"position\":3,\"name\":\"PowerSpeed Cube\"}]},{\"@type\":\"WebSite\",\"@id\":\"https:\\\/\\\/shw-wm.de\\\/#website\",\"url\":\"https:\\\/\\\/shw-wm.de\\\/\",\"name\":\"SHW - Werkzeugmaschinen\",\"description\":\"Hersteller von Fahrst\u00e4ndermaschinen\",\"publisher\":{\"@id\":\"https:\\\/\\\/shw-wm.de\\\/#organization\"},\"potentialAction\":[{\"@type\":\"SearchAction\",\"target\":{\"@type\":\"EntryPoint\",\"urlTemplate\":\"https:\\\/\\\/shw-wm.de\\\/?s={search_term_string}\"},\"query-input\":{\"@type\":\"PropertyValueSpecification\",\"valueRequired\":true,\"valueName\":\"search_term_string\"}}],\"inLanguage\":\"fr-FR\"},{\"@type\":\"Organization\",\"@id\":\"https:\\\/\\\/shw-wm.de\\\/#organization\",\"name\":\"SHW - Werkzeugmaschinen\",\"url\":\"https:\\\/\\\/shw-wm.de\\\/\",\"logo\":{\"@type\":\"ImageObject\",\"inLanguage\":\"fr-FR\",\"@id\":\"https:\\\/\\\/shw-wm.de\\\/#\\\/schema\\\/logo\\\/image\\\/\",\"url\":\"https:\\\/\\\/shw-wm.de\\\/wp-content\\\/uploads\\\/2021_Logo_mit_Flagge-1.jpg\",\"contentUrl\":\"https:\\\/\\\/shw-wm.de\\\/wp-content\\\/uploads\\\/2021_Logo_mit_Flagge-1.jpg\",\"width\":275,\"height\":119,\"caption\":\"SHW - Werkzeugmaschinen\"},\"image\":{\"@id\":\"https:\\\/\\\/shw-wm.de\\\/#\\\/schema\\\/logo\\\/image\\\/\"},\"sameAs\":[\"https:\\\/\\\/www.facebook.com\\\/SHWWM\",\"https:\\\/\\\/x.com\\\/SHW_WM_Gmbh\",\"https:\\\/\\\/www.instagram.com\\\/shw_werkzeugmaschinen\\\/\",\"https:\\\/\\\/www.youtube.com\\\/@SHWWerkzeugmaschinen\"]}]}<\/script>\n<!-- \/ Yoast SEO plugin. -->","yoast_head_json":{"title":"PowerSpeed Cube | SHW - Werkzeugmaschinen","robots":{"index":"index","follow":"follow","max-snippet":"max-snippet:-1","max-image-preview":"max-image-preview:large","max-video-preview":"max-video-preview:-1"},"canonical":"https:\/\/shw-wm.de\/fr\/machines-a-colonne-mobile\/powerspeed-cube\/","og_locale":"fr_FR","og_type":"article","og_title":"PowerSpeed Cube | SHW - Werkzeugmaschinen","og_description":"PowerSpeed Cube DESCRIPTION OPTIONS DOWNLOADS DESCRIPTION L&rsquo;association de vos exigences sp\u00e9ci\ufb01ques en mati\u00e8re de machines et de composants de qualit\u00e9 sup\u00e9rieure nous a inspir\u00e9 le d\u00e9veloppement d&rsquo;un concept de machine innovant. Le PowerSpeed Cube est le r\u00e9sultat de ce processus de r\u00e9flexion et vous offre une solution sur mesure pour vos t\u00e2ches d&rsquo;usinage individuelles. Gr\u00e2ce [&hellip;]","og_url":"https:\/\/shw-wm.de\/fr\/machines-a-colonne-mobile\/powerspeed-cube\/","og_site_name":"SHW - Werkzeugmaschinen","article_publisher":"https:\/\/www.facebook.com\/SHWWM","article_modified_time":"2025-10-13T13:36:49+00:00","og_image":[{"width":1920,"height":1080,"url":"https:\/\/shw-wm.de\/wp-content\/uploads\/08_01_PSCube_20.png","type":"image\/png"}],"twitter_card":"summary_large_image","twitter_site":"@SHW_WM_Gmbh","twitter_misc":{"Dur\u00e9e de lecture estim\u00e9e":"2 minutes"},"schema":{"@context":"https:\/\/schema.org","@graph":[{"@type":"WebPage","@id":"https:\/\/shw-wm.de\/fr\/machines-a-colonne-mobile\/powerspeed-cube\/","url":"https:\/\/shw-wm.de\/fr\/machines-a-colonne-mobile\/powerspeed-cube\/","name":"PowerSpeed Cube | SHW - Werkzeugmaschinen","isPartOf":{"@id":"https:\/\/shw-wm.de\/#website"},"primaryImageOfPage":{"@id":"https:\/\/shw-wm.de\/fr\/machines-a-colonne-mobile\/powerspeed-cube\/#primaryimage"},"image":{"@id":"https:\/\/shw-wm.de\/fr\/machines-a-colonne-mobile\/powerspeed-cube\/#primaryimage"},"thumbnailUrl":"https:\/\/shw-wm.de\/wp-content\/uploads\/08_01_PSCube_20-1024x576.png","datePublished":"2020-10-27T13:25:56+00:00","dateModified":"2025-10-13T13:36:49+00:00","breadcrumb":{"@id":"https:\/\/shw-wm.de\/fr\/machines-a-colonne-mobile\/powerspeed-cube\/#breadcrumb"},"inLanguage":"fr-FR","potentialAction":[{"@type":"ReadAction","target":["https:\/\/shw-wm.de\/fr\/machines-a-colonne-mobile\/powerspeed-cube\/"]}]},{"@type":"ImageObject","inLanguage":"fr-FR","@id":"https:\/\/shw-wm.de\/fr\/machines-a-colonne-mobile\/powerspeed-cube\/#primaryimage","url":"https:\/\/shw-wm.de\/wp-content\/uploads\/08_01_PSCube_20-1024x576.png","contentUrl":"https:\/\/shw-wm.de\/wp-content\/uploads\/08_01_PSCube_20-1024x576.png"},{"@type":"BreadcrumbList","@id":"https:\/\/shw-wm.de\/fr\/machines-a-colonne-mobile\/powerspeed-cube\/#breadcrumb","itemListElement":[{"@type":"ListItem","position":1,"name":"Home","item":"https:\/\/shw-wm.de\/fr\/accueil\/"},{"@type":"ListItem","position":2,"name":"Machines \u00e0 colonne mobile","item":"https:\/\/shw-wm.de\/fr\/machines-a-colonne-mobile\/"},{"@type":"ListItem","position":3,"name":"PowerSpeed Cube"}]},{"@type":"WebSite","@id":"https:\/\/shw-wm.de\/#website","url":"https:\/\/shw-wm.de\/","name":"SHW - Werkzeugmaschinen","description":"Hersteller von Fahrst\u00e4ndermaschinen","publisher":{"@id":"https:\/\/shw-wm.de\/#organization"},"potentialAction":[{"@type":"SearchAction","target":{"@type":"EntryPoint","urlTemplate":"https:\/\/shw-wm.de\/?s={search_term_string}"},"query-input":{"@type":"PropertyValueSpecification","valueRequired":true,"valueName":"search_term_string"}}],"inLanguage":"fr-FR"},{"@type":"Organization","@id":"https:\/\/shw-wm.de\/#organization","name":"SHW - Werkzeugmaschinen","url":"https:\/\/shw-wm.de\/","logo":{"@type":"ImageObject","inLanguage":"fr-FR","@id":"https:\/\/shw-wm.de\/#\/schema\/logo\/image\/","url":"https:\/\/shw-wm.de\/wp-content\/uploads\/2021_Logo_mit_Flagge-1.jpg","contentUrl":"https:\/\/shw-wm.de\/wp-content\/uploads\/2021_Logo_mit_Flagge-1.jpg","width":275,"height":119,"caption":"SHW - Werkzeugmaschinen"},"image":{"@id":"https:\/\/shw-wm.de\/#\/schema\/logo\/image\/"},"sameAs":["https:\/\/www.facebook.com\/SHWWM","https:\/\/x.com\/SHW_WM_Gmbh","https:\/\/www.instagram.com\/shw_werkzeugmaschinen\/","https:\/\/www.youtube.com\/@SHWWerkzeugmaschinen"]}]}},"_links":{"self":[{"href":"https:\/\/shw-wm.de\/fr\/wp-json\/wp\/v2\/pages\/17758","targetHints":{"allow":["GET"]}}],"collection":[{"href":"https:\/\/shw-wm.de\/fr\/wp-json\/wp\/v2\/pages"}],"about":[{"href":"https:\/\/shw-wm.de\/fr\/wp-json\/wp\/v2\/types\/page"}],"author":[{"embeddable":true,"href":"https:\/\/shw-wm.de\/fr\/wp-json\/wp\/v2\/users\/4"}],"replies":[{"embeddable":true,"href":"https:\/\/shw-wm.de\/fr\/wp-json\/wp\/v2\/comments?post=17758"}],"version-history":[{"count":1,"href":"https:\/\/shw-wm.de\/fr\/wp-json\/wp\/v2\/pages\/17758\/revisions"}],"predecessor-version":[{"id":17763,"href":"https:\/\/shw-wm.de\/fr\/wp-json\/wp\/v2\/pages\/17758\/revisions\/17763"}],"up":[{"embeddable":true,"href":"https:\/\/shw-wm.de\/fr\/wp-json\/wp\/v2\/pages\/17922"}],"wp:attachment":[{"href":"https:\/\/shw-wm.de\/fr\/wp-json\/wp\/v2\/media?parent=17758"}],"curies":[{"name":"wp","href":"https:\/\/api.w.org\/{rel}","templated":true}]}}