{"id":17836,"date":"2018-12-06T15:23:25","date_gmt":"2018-12-06T14:23:25","guid":{"rendered":"https:\/\/shw-wm.de\/vente-de-machines\/"},"modified":"2025-10-13T15:36:30","modified_gmt":"2025-10-13T13:36:30","slug":"vente-de-machines","status":"publish","type":"page","link":"https:\/\/shw-wm.de\/fr\/vente-de-machines\/","title":{"rendered":"Vente de machines"},"content":{"rendered":"\t\t<div data-elementor-type=\"wp-page\" data-elementor-id=\"17836\" class=\"elementor elementor-17836 elementor-5773\" data-elementor-post-type=\"page\">\n\t\t\t\t\t\t<section class=\"elementor-section elementor-top-section elementor-element elementor-element-7eff298b elementor-section-boxed elementor-section-height-default elementor-section-height-default\" data-id=\"7eff298b\" data-element_type=\"section\" data-e-type=\"section\" data-settings=\"{&quot;background_background&quot;:&quot;classic&quot;}\">\n\t\t\t\t\t\t<div class=\"elementor-container elementor-column-gap-default\">\n\t\t\t\t\t<div class=\"elementor-column elementor-col-100 elementor-top-column elementor-element elementor-element-7bcd63e3\" data-id=\"7bcd63e3\" data-element_type=\"column\" data-e-type=\"column\">\n\t\t\t<div class=\"elementor-widget-wrap elementor-element-populated\">\n\t\t\t\t\t\t<div class=\"elementor-element elementor-element-61d59687 elementor-widget elementor-widget-heading\" data-id=\"61d59687\" data-element_type=\"widget\" data-e-type=\"widget\" data-widget_type=\"heading.default\">\n\t\t\t\t<div class=\"elementor-widget-container\">\n\t\t\t\t\t<h2 class=\"elementor-heading-title elementor-size-default\">Machines d'occasion<\/h2>\t\t\t\t<\/div>\n\t\t\t\t<\/div>\n\t\t\t\t\t<\/div>\n\t\t<\/div>\n\t\t\t\t\t<\/div>\n\t\t<\/section>\n\t\t<div class=\"elementor-element elementor-element-2738a7b e-flex e-con-boxed e-con e-parent\" data-id=\"2738a7b\" data-element_type=\"container\" data-e-type=\"container\">\n\t\t\t\t\t<div class=\"e-con-inner\">\n\t\t\t\t<div class=\"elementor-element elementor-element-a746849 elementor-widget elementor-widget-spacer\" data-id=\"a746849\" data-element_type=\"widget\" data-e-type=\"widget\" data-widget_type=\"spacer.default\">\n\t\t\t\t<div class=\"elementor-widget-container\">\n\t\t\t\t\t\t\t<div class=\"elementor-spacer\">\n\t\t\t<div class=\"elementor-spacer-inner\"><\/div>\n\t\t<\/div>\n\t\t\t\t\t\t<\/div>\n\t\t\t\t<\/div>\n\t\t\t\t\t<\/div>\n\t\t\t\t<\/div>\n\t\t\t\t<section class=\"elementor-section elementor-top-section elementor-element elementor-element-dc7b219 elementor-section-boxed elementor-section-height-default elementor-section-height-default\" data-id=\"dc7b219\" data-element_type=\"section\" data-e-type=\"section\">\n\t\t\t\t\t\t<div class=\"elementor-container elementor-column-gap-default\">\n\t\t\t\t\t<div class=\"elementor-column elementor-col-50 elementor-top-column elementor-element elementor-element-3f1a445\" data-id=\"3f1a445\" data-element_type=\"column\" data-e-type=\"column\">\n\t\t\t<div class=\"elementor-widget-wrap elementor-element-populated\">\n\t\t\t\t\t\t<div class=\"elementor-element elementor-element-18235a2 elementor-widget elementor-widget-image\" data-id=\"18235a2\" data-element_type=\"widget\" data-e-type=\"widget\" data-widget_type=\"image.default\">\n\t\t\t\t<div class=\"elementor-widget-container\">\n\t\t\t\t\t\t\t\t\t\t\t\t\t\t\t\t<a href=\"\/maschinenmarkt\/shw-maschinenmarkt\/\">\n\t\t\t\t\t\t\t<img fetchpriority=\"high\" decoding=\"async\" width=\"1140\" height=\"560\" src=\"https:\/\/shw-wm.de\/wp-content\/uploads\/shw_wm_service\/shw_maschinenmarkt\/shw-maschinenmarkt@2x.jpg\" class=\"attachment-full size-full wp-image-5880\" alt=\"\" srcset=\"https:\/\/shw-wm.de\/wp-content\/uploads\/shw_wm_service\/shw_maschinenmarkt\/shw-maschinenmarkt@2x.jpg 1140w, https:\/\/shw-wm.de\/wp-content\/uploads\/shw_wm_service\/shw_maschinenmarkt\/shw-maschinenmarkt@2x-300x147.jpg 300w, https:\/\/shw-wm.de\/wp-content\/uploads\/shw_wm_service\/shw_maschinenmarkt\/shw-maschinenmarkt@2x-768x377.jpg 768w, https:\/\/shw-wm.de\/wp-content\/uploads\/shw_wm_service\/shw_maschinenmarkt\/shw-maschinenmarkt@2x-1024x503.jpg 1024w, https:\/\/shw-wm.de\/wp-content\/uploads\/shw_wm_service\/shw_maschinenmarkt\/shw-maschinenmarkt@2x-600x295.jpg 600w\" sizes=\"(max-width: 1140px) 100vw, 1140px\" \/>\t\t\t\t\t\t\t\t<\/a>\n\t\t\t\t\t\t\t\t\t\t\t\t\t\t\t<\/div>\n\t\t\t\t<\/div>\n\t\t\t\t<div class=\"elementor-element elementor-element-ea9dc43 elementor-widget elementor-widget-text-editor\" data-id=\"ea9dc43\" data-element_type=\"widget\" data-e-type=\"widget\" data-widget_type=\"text-editor.default\">\n\t\t\t\t<div class=\"elementor-widget-container\">\n\t\t\t\t\t\t\t\t\t<h2>SHW March\u00e9 des machines<\/h2>\t\t\t\t\t\t\t\t<\/div>\n\t\t\t\t<\/div>\n\t\t\t\t\t<\/div>\n\t\t<\/div>\n\t\t\t\t<div class=\"elementor-column elementor-col-50 elementor-top-column elementor-element elementor-element-a6fd9d6\" data-id=\"a6fd9d6\" data-element_type=\"column\" data-e-type=\"column\">\n\t\t\t<div class=\"elementor-widget-wrap elementor-element-populated\">\n\t\t\t\t\t\t<div class=\"elementor-element elementor-element-a1ecde9 elementor-widget elementor-widget-text-editor\" data-id=\"a1ecde9\" data-element_type=\"widget\" data-e-type=\"widget\" data-widget_type=\"text-editor.default\">\n\t\t\t\t<div class=\"elementor-widget-container\">\n\t\t\t\t\t\t\t\t\t<p>Vous trouverez ici des machines d&rsquo;occasion du fabricant traditionnel SHW Werkzeugmaschinen GmbH. Une qualit\u00e9 et un fonctionnement contr\u00f4l\u00e9s pour votre centre d&rsquo;usinage ou votre machine \u00e0 montant mobile. <\/p><p>Qualit\u00e9 test\u00e9e \u00e0 100 % par le fabricant - avec jusqu&rsquo;\u00e0 12 mois de garantie !<\/p>\t\t\t\t\t\t\t\t<\/div>\n\t\t\t\t<\/div>\n\t\t\t\t<div class=\"elementor-element elementor-element-7fb8e9b elementor-widget elementor-widget-text-editor\" data-id=\"7fb8e9b\" data-element_type=\"widget\" data-e-type=\"widget\" data-widget_type=\"text-editor.default\">\n\t\t\t\t<div class=\"elementor-widget-container\">\n\t\t\t\t\t\t\t\t\t<a href=\"\/maschinenmarkt\/shw-maschinenmarkt\/\"><span class=\"more-information\">&gt;&gt;  en savoir plus<\/span><\/a>\t\t\t\t\t\t\t\t<\/div>\n\t\t\t\t<\/div>\n\t\t\t\t\t<\/div>\n\t\t<\/div>\n\t\t\t\t\t<\/div>\n\t\t<\/section>\n\t\t\t\t<section class=\"elementor-section elementor-top-section elementor-element elementor-element-4b41343 elementor-section-boxed elementor-section-height-default elementor-section-height-default\" data-id=\"4b41343\" data-element_type=\"section\" data-e-type=\"section\">\n\t\t\t\t\t\t<div class=\"elementor-container elementor-column-gap-default\">\n\t\t\t\t\t<div class=\"elementor-column elementor-col-100 elementor-top-column elementor-element elementor-element-1593cac\" data-id=\"1593cac\" data-element_type=\"column\" data-e-type=\"column\">\n\t\t\t<div class=\"elementor-widget-wrap elementor-element-populated\">\n\t\t\t\t\t\t<div class=\"elementor-element elementor-element-edb534d elementor-widget elementor-widget-spacer\" data-id=\"edb534d\" data-element_type=\"widget\" data-e-type=\"widget\" data-widget_type=\"spacer.default\">\n\t\t\t\t<div class=\"elementor-widget-container\">\n\t\t\t\t\t\t\t<div class=\"elementor-spacer\">\n\t\t\t<div class=\"elementor-spacer-inner\"><\/div>\n\t\t<\/div>\n\t\t\t\t\t\t<\/div>\n\t\t\t\t<\/div>\n\t\t\t\t\t<\/div>\n\t\t<\/div>\n\t\t\t\t\t<\/div>\n\t\t<\/section>\n\t\t\t\t<section class=\"elementor-section elementor-top-section elementor-element elementor-element-1beed8c elementor-section-boxed elementor-section-height-default elementor-section-height-default\" data-id=\"1beed8c\" data-element_type=\"section\" data-e-type=\"section\">\n\t\t\t\t\t\t<div class=\"elementor-container elementor-column-gap-default\">\n\t\t\t\t\t<div class=\"elementor-column elementor-col-50 elementor-top-column elementor-element elementor-element-6e4f791\" data-id=\"6e4f791\" data-element_type=\"column\" data-e-type=\"column\">\n\t\t\t<div class=\"elementor-widget-wrap elementor-element-populated\">\n\t\t\t\t\t\t<div class=\"elementor-element elementor-element-cd80782 elementor-widget elementor-widget-image\" data-id=\"cd80782\" data-element_type=\"widget\" data-e-type=\"widget\" data-widget_type=\"image.default\">\n\t\t\t\t<div class=\"elementor-widget-container\">\n\t\t\t\t\t\t\t\t\t\t\t\t\t\t\t\t<a href=\"https:\/\/shw-wm.de\/maschinenmarkt\/shw-vorfuehrmaschinen\/\">\n\t\t\t\t\t\t\t<img decoding=\"async\" width=\"1140\" height=\"560\" src=\"https:\/\/shw-wm.de\/wp-content\/uploads\/shw_wm_service\/shw_vorf\u00fchrmaschinen\/shw-vorfuehrmaschinen@2x.jpg\" class=\"attachment-full size-full wp-image-5881\" alt=\"\" srcset=\"https:\/\/shw-wm.de\/wp-content\/uploads\/shw_wm_service\/shw_vorf\u00fchrmaschinen\/shw-vorfuehrmaschinen@2x.jpg 1140w, https:\/\/shw-wm.de\/wp-content\/uploads\/shw_wm_service\/shw_vorf\u00fchrmaschinen\/shw-vorfuehrmaschinen@2x-300x147.jpg 300w, https:\/\/shw-wm.de\/wp-content\/uploads\/shw_wm_service\/shw_vorf\u00fchrmaschinen\/shw-vorfuehrmaschinen@2x-768x377.jpg 768w, https:\/\/shw-wm.de\/wp-content\/uploads\/shw_wm_service\/shw_vorf\u00fchrmaschinen\/shw-vorfuehrmaschinen@2x-1024x503.jpg 1024w, https:\/\/shw-wm.de\/wp-content\/uploads\/shw_wm_service\/shw_vorf\u00fchrmaschinen\/shw-vorfuehrmaschinen@2x-600x295.jpg 600w\" sizes=\"(max-width: 1140px) 100vw, 1140px\" \/>\t\t\t\t\t\t\t\t<\/a>\n\t\t\t\t\t\t\t\t\t\t\t\t\t\t\t<\/div>\n\t\t\t\t<\/div>\n\t\t\t\t<div class=\"elementor-element elementor-element-f3d1a17 elementor-widget elementor-widget-text-editor\" data-id=\"f3d1a17\" data-element_type=\"widget\" data-e-type=\"widget\" data-widget_type=\"text-editor.default\">\n\t\t\t\t<div class=\"elementor-widget-container\">\n\t\t\t\t\t\t\t\t\t<h2>Machines de d\u00e9monstration SHW<\/h2>\t\t\t\t\t\t\t\t<\/div>\n\t\t\t\t<\/div>\n\t\t\t\t\t<\/div>\n\t\t<\/div>\n\t\t\t\t<div class=\"elementor-column elementor-col-50 elementor-top-column elementor-element elementor-element-28d26ce\" data-id=\"28d26ce\" data-element_type=\"column\" data-e-type=\"column\">\n\t\t\t<div class=\"elementor-widget-wrap elementor-element-populated\">\n\t\t\t\t\t\t<div class=\"elementor-element elementor-element-f330d1b elementor-widget elementor-widget-text-editor\" data-id=\"f330d1b\" data-element_type=\"widget\" data-e-type=\"widget\" data-widget_type=\"text-editor.default\">\n\t\t\t\t<div class=\"elementor-widget-container\">\n\t\t\t\t\t\t\t\t\t<p>Vous trouverez ici des machines de d\u00e9monstration neuves et comme neuves, des retours d&rsquo;exportation et des machines disponibles \u00e0 court terme directement du fabricant SHW Werkzeugmaschinen GmbH.<\/p><p>\u00c0 des conditions particuli\u00e8rement avantageuses et avec des d\u00e9lais de livraison \u00e9tonnamment courts !<\/p>\t\t\t\t\t\t\t\t<\/div>\n\t\t\t\t<\/div>\n\t\t\t\t<div class=\"elementor-element elementor-element-6092fe9 elementor-widget elementor-widget-text-editor\" data-id=\"6092fe9\" data-element_type=\"widget\" data-e-type=\"widget\" data-widget_type=\"text-editor.default\">\n\t\t\t\t<div class=\"elementor-widget-container\">\n\t\t\t\t\t\t\t\t\t<a href=\"https:\/\/shw-wm.de\/maschinenmarkt\/shw-vorfuehrmaschinen\/\"><span class=\"more-information\">&gt;&gt;  en savoir plus<\/span><\/a>\t\t\t\t\t\t\t\t<\/div>\n\t\t\t\t<\/div>\n\t\t\t\t\t<\/div>\n\t\t<\/div>\n\t\t\t\t\t<\/div>\n\t\t<\/section>\n\t\t\t\t<section class=\"elementor-section elementor-top-section elementor-element elementor-element-90be148 elementor-section-boxed elementor-section-height-default elementor-section-height-default\" data-id=\"90be148\" data-element_type=\"section\" data-e-type=\"section\">\n\t\t\t\t\t\t<div class=\"elementor-container elementor-column-gap-default\">\n\t\t\t\t\t<div class=\"elementor-column elementor-col-100 elementor-top-column elementor-element elementor-element-0d66228\" data-id=\"0d66228\" data-element_type=\"column\" data-e-type=\"column\">\n\t\t\t<div class=\"elementor-widget-wrap elementor-element-populated\">\n\t\t\t\t\t\t<div class=\"elementor-element elementor-element-30ef43c elementor-widget elementor-widget-spacer\" data-id=\"30ef43c\" data-element_type=\"widget\" data-e-type=\"widget\" data-widget_type=\"spacer.default\">\n\t\t\t\t<div class=\"elementor-widget-container\">\n\t\t\t\t\t\t\t<div class=\"elementor-spacer\">\n\t\t\t<div class=\"elementor-spacer-inner\"><\/div>\n\t\t<\/div>\n\t\t\t\t\t\t<\/div>\n\t\t\t\t<\/div>\n\t\t\t\t\t<\/div>\n\t\t<\/div>\n\t\t\t\t\t<\/div>\n\t\t<\/section>\n\t\t\t\t<section class=\"elementor-section elementor-top-section elementor-element elementor-element-08b4a8f elementor-section-boxed elementor-section-height-default elementor-section-height-default\" data-id=\"08b4a8f\" data-element_type=\"section\" data-e-type=\"section\">\n\t\t\t\t\t\t<div class=\"elementor-container elementor-column-gap-default\">\n\t\t\t\t\t<div class=\"elementor-column elementor-col-50 elementor-top-column elementor-element elementor-element-0690ffc\" data-id=\"0690ffc\" data-element_type=\"column\" data-e-type=\"column\">\n\t\t\t<div class=\"elementor-widget-wrap elementor-element-populated\">\n\t\t\t\t\t\t<div class=\"elementor-element elementor-element-83f03d3 elementor-widget elementor-widget-image\" data-id=\"83f03d3\" data-element_type=\"widget\" data-e-type=\"widget\" data-widget_type=\"image.default\">\n\t\t\t\t<div class=\"elementor-widget-container\">\n\t\t\t\t\t\t\t\t\t\t\t\t\t\t\t\t<a href=\"https:\/\/shw-wm.de\/fr\/vente-de-machines\/machines-dautres-marques-autres\/\">\n\t\t\t\t\t\t\t<img fetchpriority=\"high\" decoding=\"async\" width=\"1140\" height=\"560\" src=\"https:\/\/shw-wm.de\/wp-content\/uploads\/shw_wm_service\/shw_maschinenmarkt\/shw-maschinenmarkt@2x.jpg\" class=\"attachment-full size-full wp-image-5880\" alt=\"\" srcset=\"https:\/\/shw-wm.de\/wp-content\/uploads\/shw_wm_service\/shw_maschinenmarkt\/shw-maschinenmarkt@2x.jpg 1140w, https:\/\/shw-wm.de\/wp-content\/uploads\/shw_wm_service\/shw_maschinenmarkt\/shw-maschinenmarkt@2x-300x147.jpg 300w, https:\/\/shw-wm.de\/wp-content\/uploads\/shw_wm_service\/shw_maschinenmarkt\/shw-maschinenmarkt@2x-768x377.jpg 768w, https:\/\/shw-wm.de\/wp-content\/uploads\/shw_wm_service\/shw_maschinenmarkt\/shw-maschinenmarkt@2x-1024x503.jpg 1024w, https:\/\/shw-wm.de\/wp-content\/uploads\/shw_wm_service\/shw_maschinenmarkt\/shw-maschinenmarkt@2x-600x295.jpg 600w\" sizes=\"(max-width: 1140px) 100vw, 1140px\" \/>\t\t\t\t\t\t\t\t<\/a>\n\t\t\t\t\t\t\t\t\t\t\t\t\t\t\t<\/div>\n\t\t\t\t<\/div>\n\t\t\t\t<div class=\"elementor-element elementor-element-9017d4a elementor-widget elementor-widget-text-editor\" data-id=\"9017d4a\" data-element_type=\"widget\" data-e-type=\"widget\" data-widget_type=\"text-editor.default\">\n\t\t\t\t<div class=\"elementor-widget-container\">\n\t\t\t\t\t\t\t\t\t<h2>Machines d&rsquo;autres marques\/autres<\/h2>\t\t\t\t\t\t\t\t<\/div>\n\t\t\t\t<\/div>\n\t\t\t\t\t<\/div>\n\t\t<\/div>\n\t\t\t\t<div class=\"elementor-column elementor-col-50 elementor-top-column elementor-element elementor-element-abb0d61\" data-id=\"abb0d61\" data-element_type=\"column\" data-e-type=\"column\">\n\t\t\t<div class=\"elementor-widget-wrap elementor-element-populated\">\n\t\t\t\t\t\t<div class=\"elementor-element elementor-element-451f9a4 elementor-widget elementor-widget-text-editor\" data-id=\"451f9a4\" data-element_type=\"widget\" data-e-type=\"widget\" data-widget_type=\"text-editor.default\">\n\t\t\t\t<div class=\"elementor-widget-container\">\n\t\t\t\t\t\t\t\t\t<p>Vous trouverez ici notre offre de machines d&rsquo;usinage s\u00e9lectionn\u00e9es d&rsquo;autres fabricants ainsi que d&rsquo;autres machines int\u00e9ressantes dans le domaine du traitement des m\u00e9taux.<\/p><p>Vous b\u00e9n\u00e9ficiez de nos conseils et de notre soutien, m\u00eame si vos souhaits et vos exigences sortent de l&rsquo;ordinaire !<\/p>\t\t\t\t\t\t\t\t<\/div>\n\t\t\t\t<\/div>\n\t\t\t\t<div class=\"elementor-element elementor-element-8928acf elementor-widget elementor-widget-text-editor\" data-id=\"8928acf\" data-element_type=\"widget\" data-e-type=\"widget\" data-widget_type=\"text-editor.default\">\n\t\t\t\t<div class=\"elementor-widget-container\">\n\t\t\t\t\t\t\t\t\t<p><a href=\"https:\/\/shw-wm.de\/fr\/vente-de-machines\/machines-dautres-marques-autres\/\"><span class=\"more-information\">&gt;&gt;  en savoir plus<\/span><\/a><\/p>\t\t\t\t\t\t\t\t<\/div>\n\t\t\t\t<\/div>\n\t\t\t\t\t<\/div>\n\t\t<\/div>\n\t\t\t\t\t<\/div>\n\t\t<\/section>\n\t\t\t\t<\/div>\n\t\t","protected":false},"excerpt":{"rendered":"<p>Machines d&rsquo;occasion SHW March\u00e9 des machines Vous trouverez ici des machines d&rsquo;occasion du fabricant traditionnel SHW Werkzeugmaschinen GmbH. Une qualit\u00e9 et un fonctionnement contr\u00f4l\u00e9s pour votre centre d&rsquo;usinage ou votre machine \u00e0 montant mobile. Qualit\u00e9 test\u00e9e \u00e0 100 % par le fabricant - avec jusqu&rsquo;\u00e0 12 mois de garantie ! &gt;&gt; en savoir plus Machines [&hellip;]<\/p>\n","protected":false},"author":3,"featured_media":0,"parent":0,"menu_order":0,"comment_status":"closed","ping_status":"closed","template":"","meta":{"footnotes":""},"class_list":["post-17836","page","type-page","status-publish","hentry"],"yoast_head":"<!-- This site is optimized with the Yoast SEO plugin v27.4 - https:\/\/yoast.com\/product\/yoast-seo-wordpress\/ -->\n<title>Vente de machines | SHW - Werkzeugmaschinen<\/title>\n<meta name=\"robots\" content=\"index, follow, max-snippet:-1, max-image-preview:large, max-video-preview:-1\" \/>\n<link rel=\"canonical\" href=\"https:\/\/shw-wm.de\/fr\/vente-de-machines\/\" \/>\n<meta property=\"og:locale\" content=\"fr_FR\" \/>\n<meta property=\"og:type\" content=\"article\" \/>\n<meta property=\"og:title\" content=\"Vente de machines | SHW - Werkzeugmaschinen\" \/>\n<meta property=\"og:description\" content=\"Machines d&rsquo;occasion SHW March\u00e9 des machines Vous trouverez ici des machines d&rsquo;occasion du fabricant traditionnel SHW Werkzeugmaschinen GmbH. Une qualit\u00e9 et un fonctionnement contr\u00f4l\u00e9s pour votre centre d&rsquo;usinage ou votre machine \u00e0 montant mobile. Qualit\u00e9 test\u00e9e \u00e0 100 % par le fabricant - avec jusqu&rsquo;\u00e0 12 mois de garantie ! &gt;&gt; en savoir plus Machines [&hellip;]\" \/>\n<meta property=\"og:url\" content=\"https:\/\/shw-wm.de\/fr\/vente-de-machines\/\" \/>\n<meta property=\"og:site_name\" content=\"SHW - Werkzeugmaschinen\" \/>\n<meta property=\"article:publisher\" content=\"https:\/\/www.facebook.com\/SHWWM\" \/>\n<meta property=\"article:modified_time\" content=\"2025-10-13T13:36:30+00:00\" \/>\n<meta property=\"og:image\" content=\"https:\/\/shw-wm.de\/wp-content\/uploads\/shw_wm_service\/shw_maschinenmarkt\/shw-maschinenmarkt@2x.jpg\" \/>\n\t<meta property=\"og:image:width\" content=\"1140\" \/>\n\t<meta property=\"og:image:height\" content=\"560\" \/>\n\t<meta property=\"og:image:type\" content=\"image\/jpeg\" \/>\n<meta name=\"twitter:card\" content=\"summary_large_image\" \/>\n<meta name=\"twitter:site\" content=\"@SHW_WM_Gmbh\" \/>\n<meta name=\"twitter:label1\" content=\"Dur\u00e9e de lecture estim\u00e9e\" \/>\n\t<meta name=\"twitter:data1\" content=\"1 minute\" \/>\n<script type=\"application\/ld+json\" class=\"yoast-schema-graph\">{\"@context\":\"https:\\\/\\\/schema.org\",\"@graph\":[{\"@type\":\"WebPage\",\"@id\":\"https:\\\/\\\/shw-wm.de\\\/fr\\\/vente-de-machines\\\/\",\"url\":\"https:\\\/\\\/shw-wm.de\\\/fr\\\/vente-de-machines\\\/\",\"name\":\"Vente de machines | SHW - Werkzeugmaschinen\",\"isPartOf\":{\"@id\":\"https:\\\/\\\/shw-wm.de\\\/#website\"},\"primaryImageOfPage\":{\"@id\":\"https:\\\/\\\/shw-wm.de\\\/fr\\\/vente-de-machines\\\/#primaryimage\"},\"image\":{\"@id\":\"https:\\\/\\\/shw-wm.de\\\/fr\\\/vente-de-machines\\\/#primaryimage\"},\"thumbnailUrl\":\"https:\\\/\\\/shw-wm.de\\\/wp-content\\\/uploads\\\/shw_wm_service\\\/shw_maschinenmarkt\\\/shw-maschinenmarkt@2x.jpg\",\"datePublished\":\"2018-12-06T14:23:25+00:00\",\"dateModified\":\"2025-10-13T13:36:30+00:00\",\"breadcrumb\":{\"@id\":\"https:\\\/\\\/shw-wm.de\\\/fr\\\/vente-de-machines\\\/#breadcrumb\"},\"inLanguage\":\"fr-FR\",\"potentialAction\":[{\"@type\":\"ReadAction\",\"target\":[\"https:\\\/\\\/shw-wm.de\\\/fr\\\/vente-de-machines\\\/\"]}]},{\"@type\":\"ImageObject\",\"inLanguage\":\"fr-FR\",\"@id\":\"https:\\\/\\\/shw-wm.de\\\/fr\\\/vente-de-machines\\\/#primaryimage\",\"url\":\"https:\\\/\\\/shw-wm.de\\\/wp-content\\\/uploads\\\/shw_wm_service\\\/shw_maschinenmarkt\\\/shw-maschinenmarkt@2x.jpg\",\"contentUrl\":\"https:\\\/\\\/shw-wm.de\\\/wp-content\\\/uploads\\\/shw_wm_service\\\/shw_maschinenmarkt\\\/shw-maschinenmarkt@2x.jpg\"},{\"@type\":\"BreadcrumbList\",\"@id\":\"https:\\\/\\\/shw-wm.de\\\/fr\\\/vente-de-machines\\\/#breadcrumb\",\"itemListElement\":[{\"@type\":\"ListItem\",\"position\":1,\"name\":\"Home\",\"item\":\"https:\\\/\\\/shw-wm.de\\\/fr\\\/accueil\\\/\"},{\"@type\":\"ListItem\",\"position\":2,\"name\":\"Vente de machines\"}]},{\"@type\":\"WebSite\",\"@id\":\"https:\\\/\\\/shw-wm.de\\\/#website\",\"url\":\"https:\\\/\\\/shw-wm.de\\\/\",\"name\":\"SHW - Werkzeugmaschinen\",\"description\":\"Hersteller von Fahrst\u00e4ndermaschinen\",\"publisher\":{\"@id\":\"https:\\\/\\\/shw-wm.de\\\/#organization\"},\"potentialAction\":[{\"@type\":\"SearchAction\",\"target\":{\"@type\":\"EntryPoint\",\"urlTemplate\":\"https:\\\/\\\/shw-wm.de\\\/?s={search_term_string}\"},\"query-input\":{\"@type\":\"PropertyValueSpecification\",\"valueRequired\":true,\"valueName\":\"search_term_string\"}}],\"inLanguage\":\"fr-FR\"},{\"@type\":\"Organization\",\"@id\":\"https:\\\/\\\/shw-wm.de\\\/#organization\",\"name\":\"SHW - Werkzeugmaschinen\",\"url\":\"https:\\\/\\\/shw-wm.de\\\/\",\"logo\":{\"@type\":\"ImageObject\",\"inLanguage\":\"fr-FR\",\"@id\":\"https:\\\/\\\/shw-wm.de\\\/#\\\/schema\\\/logo\\\/image\\\/\",\"url\":\"https:\\\/\\\/shw-wm.de\\\/wp-content\\\/uploads\\\/2021_Logo_mit_Flagge-1.jpg\",\"contentUrl\":\"https:\\\/\\\/shw-wm.de\\\/wp-content\\\/uploads\\\/2021_Logo_mit_Flagge-1.jpg\",\"width\":275,\"height\":119,\"caption\":\"SHW - Werkzeugmaschinen\"},\"image\":{\"@id\":\"https:\\\/\\\/shw-wm.de\\\/#\\\/schema\\\/logo\\\/image\\\/\"},\"sameAs\":[\"https:\\\/\\\/www.facebook.com\\\/SHWWM\",\"https:\\\/\\\/x.com\\\/SHW_WM_Gmbh\",\"https:\\\/\\\/www.instagram.com\\\/shw_werkzeugmaschinen\\\/\",\"https:\\\/\\\/www.youtube.com\\\/@SHWWerkzeugmaschinen\"]}]}<\/script>\n<!-- \/ Yoast SEO plugin. -->","yoast_head_json":{"title":"Vente de machines | SHW - Werkzeugmaschinen","robots":{"index":"index","follow":"follow","max-snippet":"max-snippet:-1","max-image-preview":"max-image-preview:large","max-video-preview":"max-video-preview:-1"},"canonical":"https:\/\/shw-wm.de\/fr\/vente-de-machines\/","og_locale":"fr_FR","og_type":"article","og_title":"Vente de machines | SHW - Werkzeugmaschinen","og_description":"Machines d&rsquo;occasion SHW March\u00e9 des machines Vous trouverez ici des machines d&rsquo;occasion du fabricant traditionnel SHW Werkzeugmaschinen GmbH. Une qualit\u00e9 et un fonctionnement contr\u00f4l\u00e9s pour votre centre d&rsquo;usinage ou votre machine \u00e0 montant mobile. Qualit\u00e9 test\u00e9e \u00e0 100 % par le fabricant - avec jusqu&rsquo;\u00e0 12 mois de garantie ! &gt;&gt; en savoir plus Machines [&hellip;]","og_url":"https:\/\/shw-wm.de\/fr\/vente-de-machines\/","og_site_name":"SHW - Werkzeugmaschinen","article_publisher":"https:\/\/www.facebook.com\/SHWWM","article_modified_time":"2025-10-13T13:36:30+00:00","og_image":[{"width":1140,"height":560,"url":"https:\/\/shw-wm.de\/wp-content\/uploads\/shw_wm_service\/shw_maschinenmarkt\/shw-maschinenmarkt@2x.jpg","type":"image\/jpeg"}],"twitter_card":"summary_large_image","twitter_site":"@SHW_WM_Gmbh","twitter_misc":{"Dur\u00e9e de lecture estim\u00e9e":"1 minute"},"schema":{"@context":"https:\/\/schema.org","@graph":[{"@type":"WebPage","@id":"https:\/\/shw-wm.de\/fr\/vente-de-machines\/","url":"https:\/\/shw-wm.de\/fr\/vente-de-machines\/","name":"Vente de machines | SHW - Werkzeugmaschinen","isPartOf":{"@id":"https:\/\/shw-wm.de\/#website"},"primaryImageOfPage":{"@id":"https:\/\/shw-wm.de\/fr\/vente-de-machines\/#primaryimage"},"image":{"@id":"https:\/\/shw-wm.de\/fr\/vente-de-machines\/#primaryimage"},"thumbnailUrl":"https:\/\/shw-wm.de\/wp-content\/uploads\/shw_wm_service\/shw_maschinenmarkt\/shw-maschinenmarkt@2x.jpg","datePublished":"2018-12-06T14:23:25+00:00","dateModified":"2025-10-13T13:36:30+00:00","breadcrumb":{"@id":"https:\/\/shw-wm.de\/fr\/vente-de-machines\/#breadcrumb"},"inLanguage":"fr-FR","potentialAction":[{"@type":"ReadAction","target":["https:\/\/shw-wm.de\/fr\/vente-de-machines\/"]}]},{"@type":"ImageObject","inLanguage":"fr-FR","@id":"https:\/\/shw-wm.de\/fr\/vente-de-machines\/#primaryimage","url":"https:\/\/shw-wm.de\/wp-content\/uploads\/shw_wm_service\/shw_maschinenmarkt\/shw-maschinenmarkt@2x.jpg","contentUrl":"https:\/\/shw-wm.de\/wp-content\/uploads\/shw_wm_service\/shw_maschinenmarkt\/shw-maschinenmarkt@2x.jpg"},{"@type":"BreadcrumbList","@id":"https:\/\/shw-wm.de\/fr\/vente-de-machines\/#breadcrumb","itemListElement":[{"@type":"ListItem","position":1,"name":"Home","item":"https:\/\/shw-wm.de\/fr\/accueil\/"},{"@type":"ListItem","position":2,"name":"Vente de machines"}]},{"@type":"WebSite","@id":"https:\/\/shw-wm.de\/#website","url":"https:\/\/shw-wm.de\/","name":"SHW - Werkzeugmaschinen","description":"Hersteller von Fahrst\u00e4ndermaschinen","publisher":{"@id":"https:\/\/shw-wm.de\/#organization"},"potentialAction":[{"@type":"SearchAction","target":{"@type":"EntryPoint","urlTemplate":"https:\/\/shw-wm.de\/?s={search_term_string}"},"query-input":{"@type":"PropertyValueSpecification","valueRequired":true,"valueName":"search_term_string"}}],"inLanguage":"fr-FR"},{"@type":"Organization","@id":"https:\/\/shw-wm.de\/#organization","name":"SHW - Werkzeugmaschinen","url":"https:\/\/shw-wm.de\/","logo":{"@type":"ImageObject","inLanguage":"fr-FR","@id":"https:\/\/shw-wm.de\/#\/schema\/logo\/image\/","url":"https:\/\/shw-wm.de\/wp-content\/uploads\/2021_Logo_mit_Flagge-1.jpg","contentUrl":"https:\/\/shw-wm.de\/wp-content\/uploads\/2021_Logo_mit_Flagge-1.jpg","width":275,"height":119,"caption":"SHW - Werkzeugmaschinen"},"image":{"@id":"https:\/\/shw-wm.de\/#\/schema\/logo\/image\/"},"sameAs":["https:\/\/www.facebook.com\/SHWWM","https:\/\/x.com\/SHW_WM_Gmbh","https:\/\/www.instagram.com\/shw_werkzeugmaschinen\/","https:\/\/www.youtube.com\/@SHWWerkzeugmaschinen"]}]}},"_links":{"self":[{"href":"https:\/\/shw-wm.de\/fr\/wp-json\/wp\/v2\/pages\/17836","targetHints":{"allow":["GET"]}}],"collection":[{"href":"https:\/\/shw-wm.de\/fr\/wp-json\/wp\/v2\/pages"}],"about":[{"href":"https:\/\/shw-wm.de\/fr\/wp-json\/wp\/v2\/types\/page"}],"author":[{"embeddable":true,"href":"https:\/\/shw-wm.de\/fr\/wp-json\/wp\/v2\/users\/3"}],"replies":[{"embeddable":true,"href":"https:\/\/shw-wm.de\/fr\/wp-json\/wp\/v2\/comments?post=17836"}],"version-history":[{"count":2,"href":"https:\/\/shw-wm.de\/fr\/wp-json\/wp\/v2\/pages\/17836\/revisions"}],"predecessor-version":[{"id":17862,"href":"https:\/\/shw-wm.de\/fr\/wp-json\/wp\/v2\/pages\/17836\/revisions\/17862"}],"wp:attachment":[{"href":"https:\/\/shw-wm.de\/fr\/wp-json\/wp\/v2\/media?parent=17836"}],"curies":[{"name":"wp","href":"https:\/\/api.w.org\/{rel}","templated":true}]}}