{"id":17838,"date":"2018-12-10T12:26:31","date_gmt":"2018-12-10T11:26:31","guid":{"rendered":"https:\/\/shw-wm.de\/plaques-de-serrage\/"},"modified":"2025-10-13T15:36:30","modified_gmt":"2025-10-13T13:36:30","slug":"plaques-de-serrage","status":"publish","type":"page","link":"https:\/\/shw-wm.de\/fr\/accessoires\/plaques-de-serrage\/","title":{"rendered":"Plaques de serrage"},"content":{"rendered":"\t\t<div data-elementor-type=\"wp-page\" data-elementor-id=\"17838\" class=\"elementor elementor-17838 elementor-6168\" data-elementor-post-type=\"page\">\n\t\t\t\t\t\t<section class=\"elementor-section elementor-top-section elementor-element elementor-element-5ad5c9ac elementor-section-boxed elementor-section-height-default elementor-section-height-default\" data-id=\"5ad5c9ac\" data-element_type=\"section\" data-e-type=\"section\" data-settings=\"{&quot;background_background&quot;:&quot;classic&quot;}\">\n\t\t\t\t\t\t<div class=\"elementor-container elementor-column-gap-default\">\n\t\t\t\t\t<div class=\"elementor-column elementor-col-100 elementor-top-column elementor-element elementor-element-65a1c511\" data-id=\"65a1c511\" data-element_type=\"column\" data-e-type=\"column\">\n\t\t\t<div class=\"elementor-widget-wrap elementor-element-populated\">\n\t\t\t\t\t\t<div class=\"elementor-element elementor-element-27d8233d elementor-widget elementor-widget-heading\" data-id=\"27d8233d\" data-element_type=\"widget\" data-e-type=\"widget\" data-widget_type=\"heading.default\">\n\t\t\t\t<div class=\"elementor-widget-container\">\n\t\t\t\t\t<h2 class=\"elementor-heading-title elementor-size-default\">Plaque de serrage<\/h2>\t\t\t\t<\/div>\n\t\t\t\t<\/div>\n\t\t\t\t\t<\/div>\n\t\t<\/div>\n\t\t\t\t\t<\/div>\n\t\t<\/section>\n\t\t<div class=\"elementor-element elementor-element-dbf9bc8 e-flex e-con-boxed e-con e-parent\" data-id=\"dbf9bc8\" data-element_type=\"container\" data-e-type=\"container\">\n\t\t\t\t\t<div class=\"e-con-inner\">\n\t\t\t\t<div class=\"elementor-element elementor-element-5640ad6 elementor-widget elementor-widget-spacer\" data-id=\"5640ad6\" data-element_type=\"widget\" data-e-type=\"widget\" data-widget_type=\"spacer.default\">\n\t\t\t\t<div class=\"elementor-widget-container\">\n\t\t\t\t\t\t\t<div class=\"elementor-spacer\">\n\t\t\t<div class=\"elementor-spacer-inner\"><\/div>\n\t\t<\/div>\n\t\t\t\t\t\t<\/div>\n\t\t\t\t<\/div>\n\t\t\t\t\t<\/div>\n\t\t\t\t<\/div>\n\t\t\t\t<section class=\"elementor-section elementor-top-section elementor-element elementor-element-647fb76 elementor-section-boxed elementor-section-height-default elementor-section-height-default\" data-id=\"647fb76\" data-element_type=\"section\" data-e-type=\"section\">\n\t\t\t\t\t\t<div class=\"elementor-container elementor-column-gap-default\">\n\t\t\t\t\t<div class=\"elementor-column elementor-col-33 elementor-top-column elementor-element elementor-element-7d5f20f\" data-id=\"7d5f20f\" data-element_type=\"column\" data-e-type=\"column\">\n\t\t\t<div class=\"elementor-widget-wrap elementor-element-populated\">\n\t\t\t\t\t\t<div class=\"elementor-element elementor-element-cfeb4b8 elementor-widget elementor-widget-image\" data-id=\"cfeb4b8\" data-element_type=\"widget\" data-e-type=\"widget\" data-widget_type=\"image.default\">\n\t\t\t\t<div class=\"elementor-widget-container\">\n\t\t\t\t\t\t\t\t\t\t\t\t\t\t\t\t<a href=\"https:\/\/shw-wm.de\/fr\/plaques-de-serrage\/plaque-de-serrage\/\">\n\t\t\t\t\t\t\t<img fetchpriority=\"high\" decoding=\"async\" width=\"800\" height=\"600\" src=\"https:\/\/shw-wm.de\/wp-content\/uploads\/shw_wm_service\/zubehoer\/aufspannplatten\/aufspannplatte_800x600.jpg\" class=\"attachment-full size-full wp-image-6177\" alt=\"\" srcset=\"https:\/\/shw-wm.de\/wp-content\/uploads\/shw_wm_service\/zubehoer\/aufspannplatten\/aufspannplatte_800x600.jpg 800w, https:\/\/shw-wm.de\/wp-content\/uploads\/shw_wm_service\/zubehoer\/aufspannplatten\/aufspannplatte_800x600-300x225.jpg 300w, https:\/\/shw-wm.de\/wp-content\/uploads\/shw_wm_service\/zubehoer\/aufspannplatten\/aufspannplatte_800x600-768x576.jpg 768w, https:\/\/shw-wm.de\/wp-content\/uploads\/shw_wm_service\/zubehoer\/aufspannplatten\/aufspannplatte_800x600-600x450.jpg 600w\" sizes=\"(max-width: 800px) 100vw, 800px\" \/>\t\t\t\t\t\t\t\t<\/a>\n\t\t\t\t\t\t\t\t\t\t\t\t\t\t\t<\/div>\n\t\t\t\t<\/div>\n\t\t\t\t\t<\/div>\n\t\t<\/div>\n\t\t\t\t<div class=\"elementor-column elementor-col-33 elementor-top-column elementor-element elementor-element-755500d\" data-id=\"755500d\" data-element_type=\"column\" data-e-type=\"column\">\n\t\t\t<div class=\"elementor-widget-wrap elementor-element-populated\">\n\t\t\t\t\t\t<div class=\"elementor-element elementor-element-2a00326 elementor-widget elementor-widget-html\" data-id=\"2a00326\" data-element_type=\"widget\" data-e-type=\"widget\" data-widget_type=\"html.default\">\n\t\t\t\t<div class=\"elementor-widget-container\">\n\t\t\t\t\t<div class=\"line even\">\n\t<p class=\"col-left\">R\u00e9f\u00e9rence du produit :<\/p><p class=\"col-right\">2024-8050<\/p>\n<\/div>\n<div class=\"line odd\">\n\t<p class=\"col-left\">Voies de circulation :<\/p><p class=\"col-right\">X = <br>Y = <br>Z =  <\/p>\n<\/div>\n<div class=\"line even\">\n\t<p class=\"col-left\">Contr\u00f4le :<\/p><p class=\"col-right\"><\/p>\n<\/div>\n<div class=\"line odd\">\n\t<p class=\"col-left\">Ann\u00e9e de construction :<\/p><p class=\"col-right\">2008<\/p>\n<\/div>\t\t\t\t<\/div>\n\t\t\t\t<\/div>\n\t\t\t\t\t<\/div>\n\t\t<\/div>\n\t\t\t\t<div class=\"elementor-column elementor-col-33 elementor-top-column elementor-element elementor-element-6b65eba\" data-id=\"6b65eba\" data-element_type=\"column\" data-e-type=\"column\">\n\t\t\t<div class=\"elementor-widget-wrap\">\n\t\t\t\t\t\t\t<\/div>\n\t\t<\/div>\n\t\t\t\t\t<\/div>\n\t\t<\/section>\n\t\t\t\t<section class=\"elementor-section elementor-top-section elementor-element elementor-element-54ff80e elementor-section-boxed elementor-section-height-default elementor-section-height-default\" data-id=\"54ff80e\" data-element_type=\"section\" data-e-type=\"section\">\n\t\t\t\t\t\t<div class=\"elementor-container elementor-column-gap-default\">\n\t\t\t\t\t<div class=\"elementor-column elementor-col-50 elementor-top-column elementor-element elementor-element-dc9a0df\" data-id=\"dc9a0df\" data-element_type=\"column\" data-e-type=\"column\">\n\t\t\t<div class=\"elementor-widget-wrap\">\n\t\t\t\t\t\t\t<\/div>\n\t\t<\/div>\n\t\t\t\t<div class=\"elementor-column elementor-col-50 elementor-top-column elementor-element elementor-element-2ed0f98\" data-id=\"2ed0f98\" data-element_type=\"column\" data-e-type=\"column\">\n\t\t\t<div class=\"elementor-widget-wrap\">\n\t\t\t\t\t\t\t<\/div>\n\t\t<\/div>\n\t\t\t\t\t<\/div>\n\t\t<\/section>\n\t\t\t\t<section class=\"elementor-section elementor-top-section elementor-element elementor-element-3c5a253 elementor-section-boxed elementor-section-height-default elementor-section-height-default\" data-id=\"3c5a253\" data-element_type=\"section\" data-e-type=\"section\">\n\t\t\t\t\t\t<div class=\"elementor-container elementor-column-gap-default\">\n\t\t\t\t\t<div class=\"elementor-column elementor-col-100 elementor-top-column elementor-element elementor-element-c88a32e\" data-id=\"c88a32e\" data-element_type=\"column\" data-e-type=\"column\">\n\t\t\t<div class=\"elementor-widget-wrap elementor-element-populated\">\n\t\t\t\t\t\t<div class=\"elementor-element elementor-element-4497a56 elementor-tabs-view-horizontal elementor-widget elementor-widget-tabs\" data-id=\"4497a56\" data-element_type=\"widget\" data-e-type=\"widget\" data-widget_type=\"tabs.default\">\n\t\t\t\t<div class=\"elementor-widget-container\">\n\t\t\t\t\t\t\t<div class=\"elementor-tabs\">\n\t\t\t<div class=\"elementor-tabs-wrapper\" role=\"tablist\" >\n\t\t\t\t\t\t\t\t\t<div id=\"elementor-tab-title-7191\" class=\"elementor-tab-title elementor-tab-desktop-title\" aria-selected=\"true\" data-tab=\"1\" role=\"tab\" tabindex=\"0\" aria-controls=\"elementor-tab-content-7191\" aria-expanded=\"false\">D\u00e9tails techniques<\/div>\n\t\t\t\t\t\t\t\t\t<div id=\"elementor-tab-title-7192\" class=\"elementor-tab-title elementor-tab-desktop-title\" aria-selected=\"false\" data-tab=\"2\" role=\"tab\" tabindex=\"-1\" aria-controls=\"elementor-tab-content-7192\" aria-expanded=\"false\">T\u00e9l\u00e9chargements<\/div>\n\t\t\t\t\t\t\t<\/div>\n\t\t\t<div class=\"elementor-tabs-content-wrapper\" role=\"tablist\" aria-orientation=\"vertical\">\n\t\t\t\t\t\t\t\t\t<div class=\"elementor-tab-title elementor-tab-mobile-title\" aria-selected=\"true\" data-tab=\"1\" role=\"tab\" tabindex=\"0\" aria-controls=\"elementor-tab-content-7191\" aria-expanded=\"false\">D\u00e9tails techniques<\/div>\n\t\t\t\t\t<div id=\"elementor-tab-content-7191\" class=\"elementor-tab-content elementor-clearfix\" data-tab=\"1\" role=\"tabpanel\" aria-labelledby=\"elementor-tab-title-7191\" tabindex=\"0\" hidden=\"false\"><div class=\"machine-tech-details\">\n<div class=\"line even\">\n<p class=\"col-left\">Longueur du panneau<\/p>\n<p class=\"col-right\">5000 mm<\/p>\n<\/div>\n<div class=\"line odd\">\n<p class=\"col-left\">Largeur du panneau<\/p>\n<p class=\"col-right\">2000 mm<\/p>\n<\/div>\n<div class=\"line even\">\n<p class=\"col-left\">Hauteur du panneau<\/p>\n<p class=\"col-right\">300 mm<\/p>\n<\/div>\n<div class=\"line odd\">\n<p class=\"col-left\">Poids env.<\/p>\n<p class=\"col-right\">9 t<\/p>\n<\/div>\n<\/div>\n<\/div>\n\t\t\t\t\t\t\t\t\t<div class=\"elementor-tab-title elementor-tab-mobile-title\" aria-selected=\"false\" data-tab=\"2\" role=\"tab\" tabindex=\"-1\" aria-controls=\"elementor-tab-content-7192\" aria-expanded=\"false\">T\u00e9l\u00e9chargements<\/div>\n\t\t\t\t\t<div id=\"elementor-tab-content-7192\" class=\"elementor-tab-content elementor-clearfix\" data-tab=\"2\" role=\"tabpanel\" aria-labelledby=\"elementor-tab-title-7192\" tabindex=\"0\" hidden=\"hidden\"><p>T\u00e9l\u00e9chargements :<\/p>\n<ul class=\"list-default\">\n<li><a href=\"https:\/\/lagermaschinen.de\/machinedocs\/2024\/2024-8050-27062017132819598.pdf\" target=\"_blank\" rel=\"noopener\">745.529.01.73 - Index a.pdf<\/a><\/li>\n<\/ul>\n<\/div>\n\t\t\t\t\t\t\t<\/div>\n\t\t<\/div>\n\t\t\t\t\t\t<\/div>\n\t\t\t\t<\/div>\n\t\t\t\t\t<\/div>\n\t\t<\/div>\n\t\t\t\t\t<\/div>\n\t\t<\/section>\n\t\t\t\t<\/div>\n\t\t","protected":false},"excerpt":{"rendered":"<p>Plaque de serrage R\u00e9f\u00e9rence du produit : 2024-8050 Voies de circulation : X = Y = Z = Contr\u00f4le : Ann\u00e9e de construction : 2008 D\u00e9tails techniques T\u00e9l\u00e9chargements D\u00e9tails techniques Longueur du panneau 5000 mm Largeur du panneau 2000 mm Hauteur du panneau 300 mm Poids env. 9 t T\u00e9l\u00e9chargements T\u00e9l\u00e9chargements : 745.529.01.73 &#8211; Index [&hellip;]<\/p>\n","protected":false},"author":3,"featured_media":0,"parent":17842,"menu_order":0,"comment_status":"closed","ping_status":"closed","template":"","meta":{"footnotes":""},"class_list":["post-17838","page","type-page","status-publish","hentry"],"yoast_head":"<!-- This site is optimized with the Yoast SEO plugin v27.4 - https:\/\/yoast.com\/product\/yoast-seo-wordpress\/ -->\n<title>Plaques de serrage | SHW - Werkzeugmaschinen<\/title>\n<meta name=\"robots\" content=\"index, follow, max-snippet:-1, max-image-preview:large, max-video-preview:-1\" \/>\n<link rel=\"canonical\" href=\"https:\/\/shw-wm.de\/fr\/accessoires\/plaques-de-serrage\/\" \/>\n<meta property=\"og:locale\" content=\"fr_FR\" \/>\n<meta property=\"og:type\" content=\"article\" \/>\n<meta property=\"og:title\" content=\"Plaques de serrage | SHW - Werkzeugmaschinen\" \/>\n<meta property=\"og:description\" content=\"Plaque de serrage R\u00e9f\u00e9rence du produit : 2024-8050 Voies de circulation : X = Y = Z = Contr\u00f4le : Ann\u00e9e de construction : 2008 D\u00e9tails techniques T\u00e9l\u00e9chargements D\u00e9tails techniques Longueur du panneau 5000 mm Largeur du panneau 2000 mm Hauteur du panneau 300 mm Poids env. 9 t T\u00e9l\u00e9chargements T\u00e9l\u00e9chargements : 745.529.01.73 &#8211; Index [&hellip;]\" \/>\n<meta property=\"og:url\" content=\"https:\/\/shw-wm.de\/fr\/accessoires\/plaques-de-serrage\/\" \/>\n<meta property=\"og:site_name\" content=\"SHW - Werkzeugmaschinen\" \/>\n<meta property=\"article:publisher\" content=\"https:\/\/www.facebook.com\/SHWWM\" \/>\n<meta property=\"article:modified_time\" content=\"2025-10-13T13:36:30+00:00\" \/>\n<meta property=\"og:image\" content=\"https:\/\/shw-wm.de\/wp-content\/uploads\/shw_wm_service\/zubehoer\/aufspannplatten\/aufspannplatte_800x600.jpg\" \/>\n\t<meta property=\"og:image:width\" content=\"800\" \/>\n\t<meta property=\"og:image:height\" content=\"600\" \/>\n\t<meta property=\"og:image:type\" content=\"image\/jpeg\" \/>\n<meta name=\"twitter:card\" content=\"summary_large_image\" \/>\n<meta name=\"twitter:site\" content=\"@SHW_WM_Gmbh\" \/>\n<script type=\"application\/ld+json\" class=\"yoast-schema-graph\">{\"@context\":\"https:\\\/\\\/schema.org\",\"@graph\":[{\"@type\":\"WebPage\",\"@id\":\"https:\\\/\\\/shw-wm.de\\\/fr\\\/accessoires\\\/plaques-de-serrage\\\/\",\"url\":\"https:\\\/\\\/shw-wm.de\\\/fr\\\/accessoires\\\/plaques-de-serrage\\\/\",\"name\":\"Plaques de serrage | SHW - Werkzeugmaschinen\",\"isPartOf\":{\"@id\":\"https:\\\/\\\/shw-wm.de\\\/#website\"},\"primaryImageOfPage\":{\"@id\":\"https:\\\/\\\/shw-wm.de\\\/fr\\\/accessoires\\\/plaques-de-serrage\\\/#primaryimage\"},\"image\":{\"@id\":\"https:\\\/\\\/shw-wm.de\\\/fr\\\/accessoires\\\/plaques-de-serrage\\\/#primaryimage\"},\"thumbnailUrl\":\"https:\\\/\\\/shw-wm.de\\\/wp-content\\\/uploads\\\/shw_wm_service\\\/zubehoer\\\/aufspannplatten\\\/aufspannplatte_800x600.jpg\",\"datePublished\":\"2018-12-10T11:26:31+00:00\",\"dateModified\":\"2025-10-13T13:36:30+00:00\",\"breadcrumb\":{\"@id\":\"https:\\\/\\\/shw-wm.de\\\/fr\\\/accessoires\\\/plaques-de-serrage\\\/#breadcrumb\"},\"inLanguage\":\"fr-FR\",\"potentialAction\":[{\"@type\":\"ReadAction\",\"target\":[\"https:\\\/\\\/shw-wm.de\\\/fr\\\/accessoires\\\/plaques-de-serrage\\\/\"]}]},{\"@type\":\"ImageObject\",\"inLanguage\":\"fr-FR\",\"@id\":\"https:\\\/\\\/shw-wm.de\\\/fr\\\/accessoires\\\/plaques-de-serrage\\\/#primaryimage\",\"url\":\"https:\\\/\\\/shw-wm.de\\\/wp-content\\\/uploads\\\/shw_wm_service\\\/zubehoer\\\/aufspannplatten\\\/aufspannplatte_800x600.jpg\",\"contentUrl\":\"https:\\\/\\\/shw-wm.de\\\/wp-content\\\/uploads\\\/shw_wm_service\\\/zubehoer\\\/aufspannplatten\\\/aufspannplatte_800x600.jpg\"},{\"@type\":\"BreadcrumbList\",\"@id\":\"https:\\\/\\\/shw-wm.de\\\/fr\\\/accessoires\\\/plaques-de-serrage\\\/#breadcrumb\",\"itemListElement\":[{\"@type\":\"ListItem\",\"position\":1,\"name\":\"Home\",\"item\":\"https:\\\/\\\/shw-wm.de\\\/fr\\\/accueil\\\/\"},{\"@type\":\"ListItem\",\"position\":2,\"name\":\"Plaques de serrage\"}]},{\"@type\":\"WebSite\",\"@id\":\"https:\\\/\\\/shw-wm.de\\\/#website\",\"url\":\"https:\\\/\\\/shw-wm.de\\\/\",\"name\":\"SHW - Werkzeugmaschinen\",\"description\":\"Hersteller von Fahrst\u00e4ndermaschinen\",\"publisher\":{\"@id\":\"https:\\\/\\\/shw-wm.de\\\/#organization\"},\"potentialAction\":[{\"@type\":\"SearchAction\",\"target\":{\"@type\":\"EntryPoint\",\"urlTemplate\":\"https:\\\/\\\/shw-wm.de\\\/?s={search_term_string}\"},\"query-input\":{\"@type\":\"PropertyValueSpecification\",\"valueRequired\":true,\"valueName\":\"search_term_string\"}}],\"inLanguage\":\"fr-FR\"},{\"@type\":\"Organization\",\"@id\":\"https:\\\/\\\/shw-wm.de\\\/#organization\",\"name\":\"SHW - Werkzeugmaschinen\",\"url\":\"https:\\\/\\\/shw-wm.de\\\/\",\"logo\":{\"@type\":\"ImageObject\",\"inLanguage\":\"fr-FR\",\"@id\":\"https:\\\/\\\/shw-wm.de\\\/#\\\/schema\\\/logo\\\/image\\\/\",\"url\":\"https:\\\/\\\/shw-wm.de\\\/wp-content\\\/uploads\\\/2021_Logo_mit_Flagge-1.jpg\",\"contentUrl\":\"https:\\\/\\\/shw-wm.de\\\/wp-content\\\/uploads\\\/2021_Logo_mit_Flagge-1.jpg\",\"width\":275,\"height\":119,\"caption\":\"SHW - Werkzeugmaschinen\"},\"image\":{\"@id\":\"https:\\\/\\\/shw-wm.de\\\/#\\\/schema\\\/logo\\\/image\\\/\"},\"sameAs\":[\"https:\\\/\\\/www.facebook.com\\\/SHWWM\",\"https:\\\/\\\/x.com\\\/SHW_WM_Gmbh\",\"https:\\\/\\\/www.instagram.com\\\/shw_werkzeugmaschinen\\\/\",\"https:\\\/\\\/www.youtube.com\\\/@SHWWerkzeugmaschinen\"]}]}<\/script>\n<!-- \/ Yoast SEO plugin. -->","yoast_head_json":{"title":"Plaques de serrage | SHW - Werkzeugmaschinen","robots":{"index":"index","follow":"follow","max-snippet":"max-snippet:-1","max-image-preview":"max-image-preview:large","max-video-preview":"max-video-preview:-1"},"canonical":"https:\/\/shw-wm.de\/fr\/accessoires\/plaques-de-serrage\/","og_locale":"fr_FR","og_type":"article","og_title":"Plaques de serrage | SHW - Werkzeugmaschinen","og_description":"Plaque de serrage R\u00e9f\u00e9rence du produit : 2024-8050 Voies de circulation : X = Y = Z = Contr\u00f4le : Ann\u00e9e de construction : 2008 D\u00e9tails techniques T\u00e9l\u00e9chargements D\u00e9tails techniques Longueur du panneau 5000 mm Largeur du panneau 2000 mm Hauteur du panneau 300 mm Poids env. 9 t T\u00e9l\u00e9chargements T\u00e9l\u00e9chargements : 745.529.01.73 &#8211; Index [&hellip;]","og_url":"https:\/\/shw-wm.de\/fr\/accessoires\/plaques-de-serrage\/","og_site_name":"SHW - Werkzeugmaschinen","article_publisher":"https:\/\/www.facebook.com\/SHWWM","article_modified_time":"2025-10-13T13:36:30+00:00","og_image":[{"width":800,"height":600,"url":"https:\/\/shw-wm.de\/wp-content\/uploads\/shw_wm_service\/zubehoer\/aufspannplatten\/aufspannplatte_800x600.jpg","type":"image\/jpeg"}],"twitter_card":"summary_large_image","twitter_site":"@SHW_WM_Gmbh","schema":{"@context":"https:\/\/schema.org","@graph":[{"@type":"WebPage","@id":"https:\/\/shw-wm.de\/fr\/accessoires\/plaques-de-serrage\/","url":"https:\/\/shw-wm.de\/fr\/accessoires\/plaques-de-serrage\/","name":"Plaques de serrage | SHW - Werkzeugmaschinen","isPartOf":{"@id":"https:\/\/shw-wm.de\/#website"},"primaryImageOfPage":{"@id":"https:\/\/shw-wm.de\/fr\/accessoires\/plaques-de-serrage\/#primaryimage"},"image":{"@id":"https:\/\/shw-wm.de\/fr\/accessoires\/plaques-de-serrage\/#primaryimage"},"thumbnailUrl":"https:\/\/shw-wm.de\/wp-content\/uploads\/shw_wm_service\/zubehoer\/aufspannplatten\/aufspannplatte_800x600.jpg","datePublished":"2018-12-10T11:26:31+00:00","dateModified":"2025-10-13T13:36:30+00:00","breadcrumb":{"@id":"https:\/\/shw-wm.de\/fr\/accessoires\/plaques-de-serrage\/#breadcrumb"},"inLanguage":"fr-FR","potentialAction":[{"@type":"ReadAction","target":["https:\/\/shw-wm.de\/fr\/accessoires\/plaques-de-serrage\/"]}]},{"@type":"ImageObject","inLanguage":"fr-FR","@id":"https:\/\/shw-wm.de\/fr\/accessoires\/plaques-de-serrage\/#primaryimage","url":"https:\/\/shw-wm.de\/wp-content\/uploads\/shw_wm_service\/zubehoer\/aufspannplatten\/aufspannplatte_800x600.jpg","contentUrl":"https:\/\/shw-wm.de\/wp-content\/uploads\/shw_wm_service\/zubehoer\/aufspannplatten\/aufspannplatte_800x600.jpg"},{"@type":"BreadcrumbList","@id":"https:\/\/shw-wm.de\/fr\/accessoires\/plaques-de-serrage\/#breadcrumb","itemListElement":[{"@type":"ListItem","position":1,"name":"Home","item":"https:\/\/shw-wm.de\/fr\/accueil\/"},{"@type":"ListItem","position":2,"name":"Plaques de serrage"}]},{"@type":"WebSite","@id":"https:\/\/shw-wm.de\/#website","url":"https:\/\/shw-wm.de\/","name":"SHW - Werkzeugmaschinen","description":"Hersteller von Fahrst\u00e4ndermaschinen","publisher":{"@id":"https:\/\/shw-wm.de\/#organization"},"potentialAction":[{"@type":"SearchAction","target":{"@type":"EntryPoint","urlTemplate":"https:\/\/shw-wm.de\/?s={search_term_string}"},"query-input":{"@type":"PropertyValueSpecification","valueRequired":true,"valueName":"search_term_string"}}],"inLanguage":"fr-FR"},{"@type":"Organization","@id":"https:\/\/shw-wm.de\/#organization","name":"SHW - Werkzeugmaschinen","url":"https:\/\/shw-wm.de\/","logo":{"@type":"ImageObject","inLanguage":"fr-FR","@id":"https:\/\/shw-wm.de\/#\/schema\/logo\/image\/","url":"https:\/\/shw-wm.de\/wp-content\/uploads\/2021_Logo_mit_Flagge-1.jpg","contentUrl":"https:\/\/shw-wm.de\/wp-content\/uploads\/2021_Logo_mit_Flagge-1.jpg","width":275,"height":119,"caption":"SHW - Werkzeugmaschinen"},"image":{"@id":"https:\/\/shw-wm.de\/#\/schema\/logo\/image\/"},"sameAs":["https:\/\/www.facebook.com\/SHWWM","https:\/\/x.com\/SHW_WM_Gmbh","https:\/\/www.instagram.com\/shw_werkzeugmaschinen\/","https:\/\/www.youtube.com\/@SHWWerkzeugmaschinen"]}]}},"_links":{"self":[{"href":"https:\/\/shw-wm.de\/fr\/wp-json\/wp\/v2\/pages\/17838","targetHints":{"allow":["GET"]}}],"collection":[{"href":"https:\/\/shw-wm.de\/fr\/wp-json\/wp\/v2\/pages"}],"about":[{"href":"https:\/\/shw-wm.de\/fr\/wp-json\/wp\/v2\/types\/page"}],"author":[{"embeddable":true,"href":"https:\/\/shw-wm.de\/fr\/wp-json\/wp\/v2\/users\/3"}],"replies":[{"embeddable":true,"href":"https:\/\/shw-wm.de\/fr\/wp-json\/wp\/v2\/comments?post=17838"}],"version-history":[{"count":2,"href":"https:\/\/shw-wm.de\/fr\/wp-json\/wp\/v2\/pages\/17838\/revisions"}],"predecessor-version":[{"id":17848,"href":"https:\/\/shw-wm.de\/fr\/wp-json\/wp\/v2\/pages\/17838\/revisions\/17848"}],"up":[{"embeddable":true,"href":"https:\/\/shw-wm.de\/fr\/wp-json\/wp\/v2\/pages\/17842"}],"wp:attachment":[{"href":"https:\/\/shw-wm.de\/fr\/wp-json\/wp\/v2\/media?parent=17838"}],"curies":[{"name":"wp","href":"https:\/\/api.w.org\/{rel}","templated":true}]}}