{"id":17884,"date":"2018-11-30T14:25:32","date_gmt":"2018-11-30T13:25:32","guid":{"rendered":"https:\/\/shw-wm.de\/uniforce-4000\/"},"modified":"2025-10-13T15:36:49","modified_gmt":"2025-10-13T13:36:49","slug":"uniforce-4000","status":"publish","type":"page","link":"https:\/\/shw-wm.de\/fr\/machines-a-colonne-mobile\/uniforce-4000\/","title":{"rendered":"UniForce 4000"},"content":{"rendered":"\t\t<div data-elementor-type=\"wp-page\" data-elementor-id=\"17884\" class=\"elementor elementor-17884 elementor-4892\" data-elementor-post-type=\"page\">\n\t\t\t\t\t\t<section class=\"elementor-section elementor-top-section elementor-element elementor-element-27f47830 elementor-section-boxed elementor-section-height-default elementor-section-height-default\" data-id=\"27f47830\" data-element_type=\"section\" data-e-type=\"section\" data-settings=\"{&quot;background_background&quot;:&quot;classic&quot;}\">\n\t\t\t\t\t\t<div class=\"elementor-container elementor-column-gap-default\">\n\t\t\t\t\t<div class=\"elementor-column elementor-col-100 elementor-top-column elementor-element elementor-element-482996be\" data-id=\"482996be\" data-element_type=\"column\" data-e-type=\"column\">\n\t\t\t<div class=\"elementor-widget-wrap elementor-element-populated\">\n\t\t\t\t\t\t<div class=\"elementor-element elementor-element-75349534 elementor-widget elementor-widget-heading\" data-id=\"75349534\" data-element_type=\"widget\" data-e-type=\"widget\" data-widget_type=\"heading.default\">\n\t\t\t\t<div class=\"elementor-widget-container\">\n\t\t\t\t\t<h2 class=\"elementor-heading-title elementor-size-default\">UniForce 4000<\/h2>\t\t\t\t<\/div>\n\t\t\t\t<\/div>\n\t\t\t\t\t<\/div>\n\t\t<\/div>\n\t\t\t\t\t<\/div>\n\t\t<\/section>\n\t\t\t\t<section class=\"elementor-section elementor-top-section elementor-element elementor-element-28087e7 elementor-section-boxed elementor-section-height-default elementor-section-height-default\" data-id=\"28087e7\" data-element_type=\"section\" data-e-type=\"section\">\n\t\t\t\t\t\t<div class=\"elementor-container elementor-column-gap-default\">\n\t\t\t\t\t<div class=\"elementor-column elementor-col-100 elementor-top-column elementor-element elementor-element-b81b7a4\" data-id=\"b81b7a4\" data-element_type=\"column\" data-e-type=\"column\">\n\t\t\t<div class=\"elementor-widget-wrap elementor-element-populated\">\n\t\t\t\t\t\t<div class=\"elementor-element elementor-element-0f56bec elementor-widget elementor-widget-image\" data-id=\"0f56bec\" data-element_type=\"widget\" data-e-type=\"widget\" data-widget_type=\"image.default\">\n\t\t\t\t<div class=\"elementor-widget-container\">\n\t\t\t\t\t\t\t\t\t\t\t\t\t\t\t<img fetchpriority=\"high\" decoding=\"async\" width=\"800\" height=\"450\" src=\"https:\/\/shw-wm.de\/wp-content\/uploads\/6520-Kardoekmak-final-1024x576.png\" class=\"attachment-large size-large wp-image-11650\" alt=\"\" srcset=\"https:\/\/shw-wm.de\/wp-content\/uploads\/6520-Kardoekmak-final-1024x576.png 1024w, https:\/\/shw-wm.de\/wp-content\/uploads\/6520-Kardoekmak-final-300x169.png 300w, https:\/\/shw-wm.de\/wp-content\/uploads\/6520-Kardoekmak-final-768x432.png 768w, https:\/\/shw-wm.de\/wp-content\/uploads\/6520-Kardoekmak-final-1536x864.png 1536w, https:\/\/shw-wm.de\/wp-content\/uploads\/6520-Kardoekmak-final-2048x1152.png 2048w, https:\/\/shw-wm.de\/wp-content\/uploads\/6520-Kardoekmak-final-600x338.png 600w\" sizes=\"(max-width: 800px) 100vw, 800px\" \/>\t\t\t\t\t\t\t\t\t\t\t\t\t\t\t<\/div>\n\t\t\t\t<\/div>\n\t\t\t\t<div class=\"elementor-element elementor-element-9cb1a24 elementor-widget-divider--view-line elementor-widget elementor-widget-divider\" data-id=\"9cb1a24\" data-element_type=\"widget\" data-e-type=\"widget\" data-widget_type=\"divider.default\">\n\t\t\t\t<div class=\"elementor-widget-container\">\n\t\t\t\t\t\t\t<div class=\"elementor-divider\">\n\t\t\t<span class=\"elementor-divider-separator\">\n\t\t\t\t\t\t<\/span>\n\t\t<\/div>\n\t\t\t\t\t\t<\/div>\n\t\t\t\t<\/div>\n\t\t\t\t\t<\/div>\n\t\t<\/div>\n\t\t\t\t\t<\/div>\n\t\t<\/section>\n\t\t\t\t<section class=\"elementor-section elementor-top-section elementor-element elementor-element-e50a68b elementor-section-boxed elementor-section-height-default elementor-section-height-default\" data-id=\"e50a68b\" data-element_type=\"section\" data-e-type=\"section\">\n\t\t\t\t\t\t<div class=\"elementor-container elementor-column-gap-default\">\n\t\t\t\t\t<div class=\"elementor-column elementor-col-50 elementor-top-column elementor-element elementor-element-deeba14\" data-id=\"deeba14\" data-element_type=\"column\" data-e-type=\"column\">\n\t\t\t<div class=\"elementor-widget-wrap elementor-element-populated\">\n\t\t\t\t\t\t<div class=\"elementor-element elementor-element-dbfca0d elementor-tabs-view-horizontal elementor-widget elementor-widget-tabs\" data-id=\"dbfca0d\" data-element_type=\"widget\" data-e-type=\"widget\" data-widget_type=\"tabs.default\">\n\t\t\t\t<div class=\"elementor-widget-container\">\n\t\t\t\t\t\t\t<div class=\"elementor-tabs\">\n\t\t\t<div class=\"elementor-tabs-wrapper\" role=\"tablist\" >\n\t\t\t\t\t\t\t\t\t<div id=\"elementor-tab-title-2301\" class=\"elementor-tab-title elementor-tab-desktop-title\" aria-selected=\"true\" data-tab=\"1\" role=\"tab\" tabindex=\"0\" aria-controls=\"elementor-tab-content-2301\" aria-expanded=\"false\">DESCRIPTION<\/div>\n\t\t\t\t\t\t\t\t\t<div id=\"elementor-tab-title-2302\" class=\"elementor-tab-title elementor-tab-desktop-title\" aria-selected=\"false\" data-tab=\"2\" role=\"tab\" tabindex=\"-1\" aria-controls=\"elementor-tab-content-2302\" aria-expanded=\"false\">OPTIONS<\/div>\n\t\t\t\t\t\t\t\t\t<div id=\"elementor-tab-title-2303\" class=\"elementor-tab-title elementor-tab-desktop-title\" aria-selected=\"false\" data-tab=\"3\" role=\"tab\" tabindex=\"-1\" aria-controls=\"elementor-tab-content-2303\" aria-expanded=\"false\">DOWNLOADS<\/div>\n\t\t\t\t\t\t\t<\/div>\n\t\t\t<div class=\"elementor-tabs-content-wrapper\" role=\"tablist\" aria-orientation=\"vertical\">\n\t\t\t\t\t\t\t\t\t<div class=\"elementor-tab-title elementor-tab-mobile-title\" aria-selected=\"true\" data-tab=\"1\" role=\"tab\" tabindex=\"0\" aria-controls=\"elementor-tab-content-2301\" aria-expanded=\"false\">DESCRIPTION<\/div>\n\t\t\t\t\t<div id=\"elementor-tab-content-2301\" class=\"elementor-tab-content elementor-clearfix\" data-tab=\"1\" role=\"tabpanel\" aria-labelledby=\"elementor-tab-title-2301\" tabindex=\"0\" hidden=\"false\"><p>L&rsquo;UniForce 4000 se distingue par sa puissance, sa robustesse et sa flexibilit\u00e9 exceptionnelles. C&rsquo;est un v\u00e9ritable expert de l&rsquo;usinage lourd, qu&rsquo;il s&rsquo;agisse de petites ou de grandes pi\u00e8ces. Avec l&rsquo;UniForce 4000, vous \u00eates parfaitement \u00e9quip\u00e9 pour relever tous les d\u00e9fis dans ce domaine.  <\/p>\n<\/div>\n\t\t\t\t\t\t\t\t\t<div class=\"elementor-tab-title elementor-tab-mobile-title\" aria-selected=\"false\" data-tab=\"2\" role=\"tab\" tabindex=\"-1\" aria-controls=\"elementor-tab-content-2302\" aria-expanded=\"false\">OPTIONS<\/div>\n\t\t\t\t\t<div id=\"elementor-tab-content-2302\" class=\"elementor-tab-content elementor-clearfix\" data-tab=\"2\" role=\"tabpanel\" aria-labelledby=\"elementor-tab-title-2302\" tabindex=\"0\" hidden=\"hidden\"><p><strong>T\u00eates de fraisage<\/strong><\/p>\n<ul>\n<li><a href=\"https:\/\/shw-wm.de\/fraeskoepfe\/universalfraeskoepfe\/\">T\u00eates de fraisage universelles<\/a><\/li>\n<li><a href=\"https:\/\/shw-wm.de\/fraeskoepfe\/gabelfraeskoepfe\/\">T\u00eates de fraisage \u00e0 fourche<\/a><\/li>\n<li><a href=\"https:\/\/shw-wm.de\/fraeskoepfe\/horizontalfraeskoepfe\/\">T\u00eates de fraisage horizontales<\/a><\/li>\n<li><a href=\"https:\/\/shw-wm.de\/fr\/winkelfraeskoepfe\/\">T\u00eates de fraisage angulaires<\/a><\/li>\n<li><a href=\"https:\/\/shw-wm.de\/fr\/tetes-de-fraisage-speciales\/\">T\u00eates de fraisage sp\u00e9ciales<\/a><\/li>\n<\/ul>\n<p><strong>Manutention des pi\u00e8ces<\/strong><\/p>\n<ul>\n<li>Plaque de serrage<\/li>\n<li>Table(s) ronde(s)<\/li>\n<li>Table ronde avec axe transversal<\/li>\n<li>Table(s) tournante(s)<\/li>\n<li>Tendeur r\u00e9versible<\/li>\n<\/ul>\n<p><strong>Manipulation des outils<\/strong><\/p>\n<ul>\n<li>Changeur d&rsquo;outils<\/li>\n<li>Magasin d&rsquo;outils<\/li>\n<li>Station de chargement d&rsquo;outils<\/li>\n<li>PickUp pour outils<\/li>\n<\/ul>\n<p><strong>Contr\u00f4les<\/strong><\/p>\n<ul>\n<li>Siemens<\/li>\n<li>Heidenhain<\/li>\n<\/ul>\n<p><strong>Accessoires :<\/strong><\/p>\n<ul>\n<li>Nous nous ferons un plaisir de vous pr\u00e9senter notre vaste gamme d&rsquo;accessoires lors d&rsquo;un entretien personnel.<\/li>\n<\/ul>\n<\/div>\n\t\t\t\t\t\t\t\t\t<div class=\"elementor-tab-title elementor-tab-mobile-title\" aria-selected=\"false\" data-tab=\"3\" role=\"tab\" tabindex=\"-1\" aria-controls=\"elementor-tab-content-2303\" aria-expanded=\"false\">DOWNLOADS<\/div>\n\t\t\t\t\t<div id=\"elementor-tab-content-2303\" class=\"elementor-tab-content elementor-clearfix\" data-tab=\"3\" role=\"tabpanel\" aria-labelledby=\"elementor-tab-title-2303\" tabindex=\"0\" hidden=\"hidden\"><p><strong>Brochure produit<\/strong><\/p>\n<ul>\n<li><a href=\"\/wp-content\/uploads\/shw_downloads\/de\/fahrstaendermaschinen\/broschuere.pdf\">Brochure machines \u00e0 colonne mobile<\/a><\/li>\n<\/ul>\n<p><strong>\u00c9tudes de cas<\/strong><\/p>\n<ul>\n<li><a href=\"\/wp-content\/uploads\/shw_downloads\/de\/fahrstaendermaschinen\/uniforce_4000\/anwenderbericht1.pdf\">\u00c9tude de cas 1<\/a><\/li>\n<li><a href=\"\/wp-content\/uploads\/shw_downloads\/de\/fahrstaendermaschinen\/uniforce_4000\/anwenderbericht2.pdf\">\u00c9tude de cas 2<\/a><\/li>\n<\/ul>\n<\/div>\n\t\t\t\t\t\t\t<\/div>\n\t\t<\/div>\n\t\t\t\t\t\t<\/div>\n\t\t\t\t<\/div>\n\t\t\t\t\t<\/div>\n\t\t<\/div>\n\t\t\t\t<div class=\"elementor-column elementor-col-50 elementor-top-column elementor-element elementor-element-72e506b\" data-id=\"72e506b\" data-element_type=\"column\" data-e-type=\"column\">\n\t\t\t<div class=\"elementor-widget-wrap elementor-element-populated\">\n\t\t\t\t\t\t<div class=\"elementor-element elementor-element-d4df687 elementor-widget elementor-widget-video\" data-id=\"d4df687\" data-element_type=\"widget\" data-e-type=\"widget\" data-settings=\"{&quot;youtube_url&quot;:&quot;https:\\\/\\\/youtu.be\\\/RDhfq4tVFtA&quot;,&quot;video_type&quot;:&quot;youtube&quot;,&quot;controls&quot;:&quot;yes&quot;}\" data-widget_type=\"video.default\">\n\t\t\t\t<div class=\"elementor-widget-container\">\n\t\t\t\t\t\t\t<div class=\"elementor-wrapper elementor-open-inline\">\n\t\t\t<div class=\"elementor-video\"><\/div>\t\t<\/div>\n\t\t\t\t\t\t<\/div>\n\t\t\t\t<\/div>\n\t\t\t\t\t<\/div>\n\t\t<\/div>\n\t\t\t\t\t<\/div>\n\t\t<\/section>\n\t\t\t\t<\/div>\n\t\t","protected":false},"excerpt":{"rendered":"<p>UniForce 4000 DESCRIPTION OPTIONS DOWNLOADS DESCRIPTION L&rsquo;UniForce 4000 se distingue par sa puissance, sa robustesse et sa flexibilit\u00e9 exceptionnelles. C&rsquo;est un v\u00e9ritable expert de l&rsquo;usinage lourd, qu&rsquo;il s&rsquo;agisse de petites ou de grandes pi\u00e8ces. Avec l&rsquo;UniForce 4000, vous \u00eates parfaitement \u00e9quip\u00e9 pour relever tous les d\u00e9fis dans ce domaine. OPTIONS T\u00eates de fraisage T\u00eates de [&hellip;]<\/p>\n","protected":false},"author":3,"featured_media":0,"parent":17922,"menu_order":0,"comment_status":"closed","ping_status":"closed","template":"","meta":{"footnotes":""},"class_list":["post-17884","page","type-page","status-publish","hentry"],"yoast_head":"<!-- This site is optimized with the Yoast SEO plugin v27.4 - https:\/\/yoast.com\/product\/yoast-seo-wordpress\/ -->\n<title>UniForce 4000 | SHW - Werkzeugmaschinen<\/title>\n<meta name=\"robots\" content=\"index, follow, max-snippet:-1, max-image-preview:large, max-video-preview:-1\" \/>\n<link rel=\"canonical\" href=\"https:\/\/shw-wm.de\/fr\/machines-a-colonne-mobile\/uniforce-4000\/\" \/>\n<meta property=\"og:locale\" content=\"fr_FR\" \/>\n<meta property=\"og:type\" content=\"article\" \/>\n<meta property=\"og:title\" content=\"UniForce 4000 | SHW - Werkzeugmaschinen\" \/>\n<meta property=\"og:description\" content=\"UniForce 4000 DESCRIPTION OPTIONS DOWNLOADS DESCRIPTION L&rsquo;UniForce 4000 se distingue par sa puissance, sa robustesse et sa flexibilit\u00e9 exceptionnelles. C&rsquo;est un v\u00e9ritable expert de l&rsquo;usinage lourd, qu&rsquo;il s&rsquo;agisse de petites ou de grandes pi\u00e8ces. Avec l&rsquo;UniForce 4000, vous \u00eates parfaitement \u00e9quip\u00e9 pour relever tous les d\u00e9fis dans ce domaine. OPTIONS T\u00eates de fraisage T\u00eates de [&hellip;]\" \/>\n<meta property=\"og:url\" content=\"https:\/\/shw-wm.de\/fr\/machines-a-colonne-mobile\/uniforce-4000\/\" \/>\n<meta property=\"og:site_name\" content=\"SHW - Werkzeugmaschinen\" \/>\n<meta property=\"article:publisher\" content=\"https:\/\/www.facebook.com\/SHWWM\" \/>\n<meta property=\"article:modified_time\" content=\"2025-10-13T13:36:49+00:00\" \/>\n<meta property=\"og:image\" content=\"https:\/\/shw-wm.de\/wp-content\/uploads\/6520-Kardoekmak-final-1024x576.png\" \/>\n\t<meta property=\"og:image:width\" content=\"1024\" \/>\n\t<meta property=\"og:image:height\" content=\"576\" \/>\n\t<meta property=\"og:image:type\" content=\"image\/png\" \/>\n<meta name=\"twitter:card\" content=\"summary_large_image\" \/>\n<meta name=\"twitter:site\" content=\"@SHW_WM_Gmbh\" \/>\n<meta name=\"twitter:label1\" content=\"Dur\u00e9e de lecture estim\u00e9e\" \/>\n\t<meta name=\"twitter:data1\" content=\"1 minute\" \/>\n<script type=\"application\/ld+json\" class=\"yoast-schema-graph\">{\"@context\":\"https:\\\/\\\/schema.org\",\"@graph\":[{\"@type\":\"WebPage\",\"@id\":\"https:\\\/\\\/shw-wm.de\\\/fr\\\/machines-a-colonne-mobile\\\/uniforce-4000\\\/\",\"url\":\"https:\\\/\\\/shw-wm.de\\\/fr\\\/machines-a-colonne-mobile\\\/uniforce-4000\\\/\",\"name\":\"UniForce 4000 | SHW - Werkzeugmaschinen\",\"isPartOf\":{\"@id\":\"https:\\\/\\\/shw-wm.de\\\/#website\"},\"primaryImageOfPage\":{\"@id\":\"https:\\\/\\\/shw-wm.de\\\/fr\\\/machines-a-colonne-mobile\\\/uniforce-4000\\\/#primaryimage\"},\"image\":{\"@id\":\"https:\\\/\\\/shw-wm.de\\\/fr\\\/machines-a-colonne-mobile\\\/uniforce-4000\\\/#primaryimage\"},\"thumbnailUrl\":\"https:\\\/\\\/shw-wm.de\\\/wp-content\\\/uploads\\\/6520-Kardoekmak-final-1024x576.png\",\"datePublished\":\"2018-11-30T13:25:32+00:00\",\"dateModified\":\"2025-10-13T13:36:49+00:00\",\"breadcrumb\":{\"@id\":\"https:\\\/\\\/shw-wm.de\\\/fr\\\/machines-a-colonne-mobile\\\/uniforce-4000\\\/#breadcrumb\"},\"inLanguage\":\"fr-FR\",\"potentialAction\":[{\"@type\":\"ReadAction\",\"target\":[\"https:\\\/\\\/shw-wm.de\\\/fr\\\/machines-a-colonne-mobile\\\/uniforce-4000\\\/\"]}]},{\"@type\":\"ImageObject\",\"inLanguage\":\"fr-FR\",\"@id\":\"https:\\\/\\\/shw-wm.de\\\/fr\\\/machines-a-colonne-mobile\\\/uniforce-4000\\\/#primaryimage\",\"url\":\"https:\\\/\\\/shw-wm.de\\\/wp-content\\\/uploads\\\/6520-Kardoekmak-final-1024x576.png\",\"contentUrl\":\"https:\\\/\\\/shw-wm.de\\\/wp-content\\\/uploads\\\/6520-Kardoekmak-final-1024x576.png\"},{\"@type\":\"BreadcrumbList\",\"@id\":\"https:\\\/\\\/shw-wm.de\\\/fr\\\/machines-a-colonne-mobile\\\/uniforce-4000\\\/#breadcrumb\",\"itemListElement\":[{\"@type\":\"ListItem\",\"position\":1,\"name\":\"Home\",\"item\":\"https:\\\/\\\/shw-wm.de\\\/fr\\\/accueil\\\/\"},{\"@type\":\"ListItem\",\"position\":2,\"name\":\"Machines \u00e0 colonne mobile\",\"item\":\"https:\\\/\\\/shw-wm.de\\\/fr\\\/machines-a-colonne-mobile\\\/\"},{\"@type\":\"ListItem\",\"position\":3,\"name\":\"UniForce 4000\"}]},{\"@type\":\"WebSite\",\"@id\":\"https:\\\/\\\/shw-wm.de\\\/#website\",\"url\":\"https:\\\/\\\/shw-wm.de\\\/\",\"name\":\"SHW - Werkzeugmaschinen\",\"description\":\"Hersteller von Fahrst\u00e4ndermaschinen\",\"publisher\":{\"@id\":\"https:\\\/\\\/shw-wm.de\\\/#organization\"},\"potentialAction\":[{\"@type\":\"SearchAction\",\"target\":{\"@type\":\"EntryPoint\",\"urlTemplate\":\"https:\\\/\\\/shw-wm.de\\\/?s={search_term_string}\"},\"query-input\":{\"@type\":\"PropertyValueSpecification\",\"valueRequired\":true,\"valueName\":\"search_term_string\"}}],\"inLanguage\":\"fr-FR\"},{\"@type\":\"Organization\",\"@id\":\"https:\\\/\\\/shw-wm.de\\\/#organization\",\"name\":\"SHW - Werkzeugmaschinen\",\"url\":\"https:\\\/\\\/shw-wm.de\\\/\",\"logo\":{\"@type\":\"ImageObject\",\"inLanguage\":\"fr-FR\",\"@id\":\"https:\\\/\\\/shw-wm.de\\\/#\\\/schema\\\/logo\\\/image\\\/\",\"url\":\"https:\\\/\\\/shw-wm.de\\\/wp-content\\\/uploads\\\/2021_Logo_mit_Flagge-1.jpg\",\"contentUrl\":\"https:\\\/\\\/shw-wm.de\\\/wp-content\\\/uploads\\\/2021_Logo_mit_Flagge-1.jpg\",\"width\":275,\"height\":119,\"caption\":\"SHW - Werkzeugmaschinen\"},\"image\":{\"@id\":\"https:\\\/\\\/shw-wm.de\\\/#\\\/schema\\\/logo\\\/image\\\/\"},\"sameAs\":[\"https:\\\/\\\/www.facebook.com\\\/SHWWM\",\"https:\\\/\\\/x.com\\\/SHW_WM_Gmbh\",\"https:\\\/\\\/www.instagram.com\\\/shw_werkzeugmaschinen\\\/\",\"https:\\\/\\\/www.youtube.com\\\/@SHWWerkzeugmaschinen\"]}]}<\/script>\n<!-- \/ Yoast SEO plugin. -->","yoast_head_json":{"title":"UniForce 4000 | SHW - Werkzeugmaschinen","robots":{"index":"index","follow":"follow","max-snippet":"max-snippet:-1","max-image-preview":"max-image-preview:large","max-video-preview":"max-video-preview:-1"},"canonical":"https:\/\/shw-wm.de\/fr\/machines-a-colonne-mobile\/uniforce-4000\/","og_locale":"fr_FR","og_type":"article","og_title":"UniForce 4000 | SHW - Werkzeugmaschinen","og_description":"UniForce 4000 DESCRIPTION OPTIONS DOWNLOADS DESCRIPTION L&rsquo;UniForce 4000 se distingue par sa puissance, sa robustesse et sa flexibilit\u00e9 exceptionnelles. C&rsquo;est un v\u00e9ritable expert de l&rsquo;usinage lourd, qu&rsquo;il s&rsquo;agisse de petites ou de grandes pi\u00e8ces. Avec l&rsquo;UniForce 4000, vous \u00eates parfaitement \u00e9quip\u00e9 pour relever tous les d\u00e9fis dans ce domaine. OPTIONS T\u00eates de fraisage T\u00eates de [&hellip;]","og_url":"https:\/\/shw-wm.de\/fr\/machines-a-colonne-mobile\/uniforce-4000\/","og_site_name":"SHW - Werkzeugmaschinen","article_publisher":"https:\/\/www.facebook.com\/SHWWM","article_modified_time":"2025-10-13T13:36:49+00:00","og_image":[{"width":1024,"height":576,"url":"https:\/\/shw-wm.de\/wp-content\/uploads\/6520-Kardoekmak-final-1024x576.png","type":"image\/png"}],"twitter_card":"summary_large_image","twitter_site":"@SHW_WM_Gmbh","twitter_misc":{"Dur\u00e9e de lecture estim\u00e9e":"1 minute"},"schema":{"@context":"https:\/\/schema.org","@graph":[{"@type":"WebPage","@id":"https:\/\/shw-wm.de\/fr\/machines-a-colonne-mobile\/uniforce-4000\/","url":"https:\/\/shw-wm.de\/fr\/machines-a-colonne-mobile\/uniforce-4000\/","name":"UniForce 4000 | SHW - Werkzeugmaschinen","isPartOf":{"@id":"https:\/\/shw-wm.de\/#website"},"primaryImageOfPage":{"@id":"https:\/\/shw-wm.de\/fr\/machines-a-colonne-mobile\/uniforce-4000\/#primaryimage"},"image":{"@id":"https:\/\/shw-wm.de\/fr\/machines-a-colonne-mobile\/uniforce-4000\/#primaryimage"},"thumbnailUrl":"https:\/\/shw-wm.de\/wp-content\/uploads\/6520-Kardoekmak-final-1024x576.png","datePublished":"2018-11-30T13:25:32+00:00","dateModified":"2025-10-13T13:36:49+00:00","breadcrumb":{"@id":"https:\/\/shw-wm.de\/fr\/machines-a-colonne-mobile\/uniforce-4000\/#breadcrumb"},"inLanguage":"fr-FR","potentialAction":[{"@type":"ReadAction","target":["https:\/\/shw-wm.de\/fr\/machines-a-colonne-mobile\/uniforce-4000\/"]}]},{"@type":"ImageObject","inLanguage":"fr-FR","@id":"https:\/\/shw-wm.de\/fr\/machines-a-colonne-mobile\/uniforce-4000\/#primaryimage","url":"https:\/\/shw-wm.de\/wp-content\/uploads\/6520-Kardoekmak-final-1024x576.png","contentUrl":"https:\/\/shw-wm.de\/wp-content\/uploads\/6520-Kardoekmak-final-1024x576.png"},{"@type":"BreadcrumbList","@id":"https:\/\/shw-wm.de\/fr\/machines-a-colonne-mobile\/uniforce-4000\/#breadcrumb","itemListElement":[{"@type":"ListItem","position":1,"name":"Home","item":"https:\/\/shw-wm.de\/fr\/accueil\/"},{"@type":"ListItem","position":2,"name":"Machines \u00e0 colonne mobile","item":"https:\/\/shw-wm.de\/fr\/machines-a-colonne-mobile\/"},{"@type":"ListItem","position":3,"name":"UniForce 4000"}]},{"@type":"WebSite","@id":"https:\/\/shw-wm.de\/#website","url":"https:\/\/shw-wm.de\/","name":"SHW - Werkzeugmaschinen","description":"Hersteller von Fahrst\u00e4ndermaschinen","publisher":{"@id":"https:\/\/shw-wm.de\/#organization"},"potentialAction":[{"@type":"SearchAction","target":{"@type":"EntryPoint","urlTemplate":"https:\/\/shw-wm.de\/?s={search_term_string}"},"query-input":{"@type":"PropertyValueSpecification","valueRequired":true,"valueName":"search_term_string"}}],"inLanguage":"fr-FR"},{"@type":"Organization","@id":"https:\/\/shw-wm.de\/#organization","name":"SHW - Werkzeugmaschinen","url":"https:\/\/shw-wm.de\/","logo":{"@type":"ImageObject","inLanguage":"fr-FR","@id":"https:\/\/shw-wm.de\/#\/schema\/logo\/image\/","url":"https:\/\/shw-wm.de\/wp-content\/uploads\/2021_Logo_mit_Flagge-1.jpg","contentUrl":"https:\/\/shw-wm.de\/wp-content\/uploads\/2021_Logo_mit_Flagge-1.jpg","width":275,"height":119,"caption":"SHW - Werkzeugmaschinen"},"image":{"@id":"https:\/\/shw-wm.de\/#\/schema\/logo\/image\/"},"sameAs":["https:\/\/www.facebook.com\/SHWWM","https:\/\/x.com\/SHW_WM_Gmbh","https:\/\/www.instagram.com\/shw_werkzeugmaschinen\/","https:\/\/www.youtube.com\/@SHWWerkzeugmaschinen"]}]}},"_links":{"self":[{"href":"https:\/\/shw-wm.de\/fr\/wp-json\/wp\/v2\/pages\/17884","targetHints":{"allow":["GET"]}}],"collection":[{"href":"https:\/\/shw-wm.de\/fr\/wp-json\/wp\/v2\/pages"}],"about":[{"href":"https:\/\/shw-wm.de\/fr\/wp-json\/wp\/v2\/types\/page"}],"author":[{"embeddable":true,"href":"https:\/\/shw-wm.de\/fr\/wp-json\/wp\/v2\/users\/3"}],"replies":[{"embeddable":true,"href":"https:\/\/shw-wm.de\/fr\/wp-json\/wp\/v2\/comments?post=17884"}],"version-history":[{"count":2,"href":"https:\/\/shw-wm.de\/fr\/wp-json\/wp\/v2\/pages\/17884\/revisions"}],"predecessor-version":[{"id":17924,"href":"https:\/\/shw-wm.de\/fr\/wp-json\/wp\/v2\/pages\/17884\/revisions\/17924"}],"up":[{"embeddable":true,"href":"https:\/\/shw-wm.de\/fr\/wp-json\/wp\/v2\/pages\/17922"}],"wp:attachment":[{"href":"https:\/\/shw-wm.de\/fr\/wp-json\/wp\/v2\/media?parent=17884"}],"curies":[{"name":"wp","href":"https:\/\/api.w.org\/{rel}","templated":true}]}}