{"id":17897,"date":"2018-11-30T12:24:59","date_gmt":"2018-11-30T11:24:59","guid":{"rendered":"https:\/\/shw-wm.de\/tetes-de-fraisage-angulaires\/"},"modified":"2025-10-13T15:36:46","modified_gmt":"2025-10-13T13:36:46","slug":"tetes-de-fraisage-angulaires","status":"publish","type":"page","link":"https:\/\/shw-wm.de\/fr\/tetes-de-fraisage\/tetes-de-fraisage-angulaires\/","title":{"rendered":"T\u00eates de fraisage angulaires"},"content":{"rendered":"\t\t<div data-elementor-type=\"wp-page\" data-elementor-id=\"17897\" class=\"elementor elementor-17897 elementor-4874\" data-elementor-post-type=\"page\">\n\t\t\t\t\t\t<section class=\"elementor-section elementor-top-section elementor-element elementor-element-3ea02767 elementor-section-boxed elementor-section-height-default elementor-section-height-default\" data-id=\"3ea02767\" data-element_type=\"section\" data-e-type=\"section\" data-settings=\"{&quot;background_background&quot;:&quot;classic&quot;}\">\n\t\t\t\t\t\t<div class=\"elementor-container elementor-column-gap-default\">\n\t\t\t\t\t<div class=\"elementor-column elementor-col-100 elementor-top-column elementor-element elementor-element-5f271774\" data-id=\"5f271774\" data-element_type=\"column\" data-e-type=\"column\">\n\t\t\t<div class=\"elementor-widget-wrap elementor-element-populated\">\n\t\t\t\t\t\t<div class=\"elementor-element elementor-element-7dd5ebb1 elementor-widget elementor-widget-heading\" data-id=\"7dd5ebb1\" data-element_type=\"widget\" data-e-type=\"widget\" data-widget_type=\"heading.default\">\n\t\t\t\t<div class=\"elementor-widget-container\">\n\t\t\t\t\t<h2 class=\"elementor-heading-title elementor-size-default\">T\u00eates de fraisage angulaires<\/h2>\t\t\t\t<\/div>\n\t\t\t\t<\/div>\n\t\t\t\t\t<\/div>\n\t\t<\/div>\n\t\t\t\t\t<\/div>\n\t\t<\/section>\n\t\t<div class=\"elementor-element elementor-element-c40aebe e-flex e-con-boxed e-con e-parent\" data-id=\"c40aebe\" data-element_type=\"container\" data-e-type=\"container\">\n\t\t\t\t\t<div class=\"e-con-inner\">\n\t\t\t\t<div class=\"elementor-element elementor-element-acd0c82 elementor-widget elementor-widget-spacer\" data-id=\"acd0c82\" data-element_type=\"widget\" data-e-type=\"widget\" data-widget_type=\"spacer.default\">\n\t\t\t\t<div class=\"elementor-widget-container\">\n\t\t\t\t\t\t\t<div class=\"elementor-spacer\">\n\t\t\t<div class=\"elementor-spacer-inner\"><\/div>\n\t\t<\/div>\n\t\t\t\t\t\t<\/div>\n\t\t\t\t<\/div>\n\t\t\t\t\t<\/div>\n\t\t\t\t<\/div>\n\t\t\t\t<section class=\"elementor-section elementor-top-section elementor-element elementor-element-9fec3c2 elementor-section-boxed elementor-section-height-default elementor-section-height-default\" data-id=\"9fec3c2\" data-element_type=\"section\" data-e-type=\"section\">\n\t\t\t\t\t\t<div class=\"elementor-container elementor-column-gap-default\">\n\t\t\t\t\t<div class=\"elementor-column elementor-col-50 elementor-top-column elementor-element elementor-element-b995d91\" data-id=\"b995d91\" data-element_type=\"column\" data-e-type=\"column\">\n\t\t\t<div class=\"elementor-widget-wrap elementor-element-populated\">\n\t\t\t\t\t\t<div class=\"elementor-element elementor-element-befa6ed elementor-widget elementor-widget-text-editor\" data-id=\"befa6ed\" data-element_type=\"widget\" data-e-type=\"widget\" data-widget_type=\"text-editor.default\">\n\t\t\t\t<div class=\"elementor-widget-container\">\n\t\t\t\t\t\t\t\t\t<strong>La R\u00e9publique tch\u00e8que en bref :<\/strong>\n<ul>\n \t<li>Puissance d&rsquo;entra\u00eenement jusqu&rsquo;\u00e0 100 kW<\/li>\n \t<li>Vitesse de broche jusqu&rsquo;\u00e0 5.000 min-1<\/li>\n \t<li>Couple jusqu&rsquo;\u00e0 2.000 Nm<\/li>\n<\/ul>\n<strong>Plage de pivotement :<\/strong>\n<ul>\n \t<li>Axe C (fixation de la t\u00eate de fraisage) 360<\/li>\n \t<li>Graduation : en continu<\/li>\n<\/ul>\n<strong>Porte-outils :<\/strong>\n<ul>\n \t<li>SK 50<\/li>\n \t<li>HSK 63\/100<\/li> \t\n \t<li>BigPlus<\/li>\n \t<li>CAPTO C6\/8<\/li>\n<\/ul>\t\t\t\t\t\t\t\t<\/div>\n\t\t\t\t<\/div>\n\t\t\t\t\t<\/div>\n\t\t<\/div>\n\t\t\t\t<div class=\"elementor-column elementor-col-50 elementor-top-column elementor-element elementor-element-6df833d\" data-id=\"6df833d\" data-element_type=\"column\" data-e-type=\"column\">\n\t\t\t<div class=\"elementor-widget-wrap\">\n\t\t\t\t\t\t\t<\/div>\n\t\t<\/div>\n\t\t\t\t\t<\/div>\n\t\t<\/section>\n\t\t\t\t<\/div>\n\t\t","protected":false},"excerpt":{"rendered":"<p>T\u00eates de fraisage angulaires La R\u00e9publique tch\u00e8que en bref : Puissance d&rsquo;entra\u00eenement jusqu&rsquo;\u00e0 100 kW Vitesse de broche jusqu&rsquo;\u00e0 5.000 min-1 Couple jusqu&rsquo;\u00e0 2.000 Nm Plage de pivotement : Axe C (fixation de la t\u00eate de fraisage) 360 Graduation : en continu Porte-outils : SK 50 HSK 63\/100 BigPlus CAPTO C6\/8<\/p>\n","protected":false},"author":3,"featured_media":0,"parent":17911,"menu_order":3,"comment_status":"closed","ping_status":"closed","template":"","meta":{"footnotes":""},"class_list":["post-17897","page","type-page","status-publish","hentry"],"yoast_head":"<!-- This site is optimized with the Yoast SEO plugin v27.4 - https:\/\/yoast.com\/product\/yoast-seo-wordpress\/ -->\n<title>T\u00eates de fraisage angulaires | SHW - Werkzeugmaschinen<\/title>\n<meta name=\"robots\" content=\"index, follow, max-snippet:-1, max-image-preview:large, max-video-preview:-1\" \/>\n<link rel=\"canonical\" href=\"https:\/\/shw-wm.de\/fr\/tetes-de-fraisage\/tetes-de-fraisage-angulaires\/\" \/>\n<meta property=\"og:locale\" content=\"fr_FR\" \/>\n<meta property=\"og:type\" content=\"article\" \/>\n<meta property=\"og:title\" content=\"T\u00eates de fraisage angulaires | SHW - Werkzeugmaschinen\" \/>\n<meta property=\"og:description\" content=\"T\u00eates de fraisage angulaires La R\u00e9publique tch\u00e8que en bref : Puissance d&rsquo;entra\u00eenement jusqu&rsquo;\u00e0 100 kW Vitesse de broche jusqu&rsquo;\u00e0 5.000 min-1 Couple jusqu&rsquo;\u00e0 2.000 Nm Plage de pivotement : Axe C (fixation de la t\u00eate de fraisage) 360 Graduation : en continu Porte-outils : SK 50 HSK 63\/100 BigPlus CAPTO C6\/8\" \/>\n<meta property=\"og:url\" content=\"https:\/\/shw-wm.de\/fr\/tetes-de-fraisage\/tetes-de-fraisage-angulaires\/\" \/>\n<meta property=\"og:site_name\" content=\"SHW - Werkzeugmaschinen\" \/>\n<meta property=\"article:publisher\" content=\"https:\/\/www.facebook.com\/SHWWM\" \/>\n<meta property=\"article:modified_time\" content=\"2025-10-13T13:36:46+00:00\" \/>\n<meta property=\"og:image\" content=\"https:\/\/shw-wm.de\/wp-content\/uploads\/2021_Logo_mit_Flagge-removebg-preview.png\" \/>\n\t<meta property=\"og:image:width\" content=\"275\" \/>\n\t<meta property=\"og:image:height\" content=\"119\" \/>\n\t<meta property=\"og:image:type\" content=\"image\/png\" \/>\n<meta name=\"twitter:card\" content=\"summary_large_image\" \/>\n<meta name=\"twitter:site\" content=\"@SHW_WM_Gmbh\" \/>\n<script type=\"application\/ld+json\" class=\"yoast-schema-graph\">{\"@context\":\"https:\\\/\\\/schema.org\",\"@graph\":[{\"@type\":\"WebPage\",\"@id\":\"https:\\\/\\\/shw-wm.de\\\/fr\\\/tetes-de-fraisage\\\/tetes-de-fraisage-angulaires\\\/\",\"url\":\"https:\\\/\\\/shw-wm.de\\\/fr\\\/tetes-de-fraisage\\\/tetes-de-fraisage-angulaires\\\/\",\"name\":\"T\u00eates de fraisage angulaires | SHW - Werkzeugmaschinen\",\"isPartOf\":{\"@id\":\"https:\\\/\\\/shw-wm.de\\\/#website\"},\"datePublished\":\"2018-11-30T11:24:59+00:00\",\"dateModified\":\"2025-10-13T13:36:46+00:00\",\"breadcrumb\":{\"@id\":\"https:\\\/\\\/shw-wm.de\\\/fr\\\/tetes-de-fraisage\\\/tetes-de-fraisage-angulaires\\\/#breadcrumb\"},\"inLanguage\":\"fr-FR\",\"potentialAction\":[{\"@type\":\"ReadAction\",\"target\":[\"https:\\\/\\\/shw-wm.de\\\/fr\\\/tetes-de-fraisage\\\/tetes-de-fraisage-angulaires\\\/\"]}]},{\"@type\":\"BreadcrumbList\",\"@id\":\"https:\\\/\\\/shw-wm.de\\\/fr\\\/tetes-de-fraisage\\\/tetes-de-fraisage-angulaires\\\/#breadcrumb\",\"itemListElement\":[{\"@type\":\"ListItem\",\"position\":1,\"name\":\"Home\",\"item\":\"https:\\\/\\\/shw-wm.de\\\/fr\\\/accueil\\\/\"},{\"@type\":\"ListItem\",\"position\":2,\"name\":\"T\u00eates de fraisage\",\"item\":\"https:\\\/\\\/shw-wm.de\\\/fr\\\/tetes-de-fraisage\\\/\"},{\"@type\":\"ListItem\",\"position\":3,\"name\":\"T\u00eates de fraisage angulaires\"}]},{\"@type\":\"WebSite\",\"@id\":\"https:\\\/\\\/shw-wm.de\\\/#website\",\"url\":\"https:\\\/\\\/shw-wm.de\\\/\",\"name\":\"SHW - Werkzeugmaschinen\",\"description\":\"Hersteller von Fahrst\u00e4ndermaschinen\",\"publisher\":{\"@id\":\"https:\\\/\\\/shw-wm.de\\\/#organization\"},\"potentialAction\":[{\"@type\":\"SearchAction\",\"target\":{\"@type\":\"EntryPoint\",\"urlTemplate\":\"https:\\\/\\\/shw-wm.de\\\/?s={search_term_string}\"},\"query-input\":{\"@type\":\"PropertyValueSpecification\",\"valueRequired\":true,\"valueName\":\"search_term_string\"}}],\"inLanguage\":\"fr-FR\"},{\"@type\":\"Organization\",\"@id\":\"https:\\\/\\\/shw-wm.de\\\/#organization\",\"name\":\"SHW - Werkzeugmaschinen\",\"url\":\"https:\\\/\\\/shw-wm.de\\\/\",\"logo\":{\"@type\":\"ImageObject\",\"inLanguage\":\"fr-FR\",\"@id\":\"https:\\\/\\\/shw-wm.de\\\/#\\\/schema\\\/logo\\\/image\\\/\",\"url\":\"https:\\\/\\\/shw-wm.de\\\/wp-content\\\/uploads\\\/2021_Logo_mit_Flagge-1.jpg\",\"contentUrl\":\"https:\\\/\\\/shw-wm.de\\\/wp-content\\\/uploads\\\/2021_Logo_mit_Flagge-1.jpg\",\"width\":275,\"height\":119,\"caption\":\"SHW - Werkzeugmaschinen\"},\"image\":{\"@id\":\"https:\\\/\\\/shw-wm.de\\\/#\\\/schema\\\/logo\\\/image\\\/\"},\"sameAs\":[\"https:\\\/\\\/www.facebook.com\\\/SHWWM\",\"https:\\\/\\\/x.com\\\/SHW_WM_Gmbh\",\"https:\\\/\\\/www.instagram.com\\\/shw_werkzeugmaschinen\\\/\",\"https:\\\/\\\/www.youtube.com\\\/@SHWWerkzeugmaschinen\"]}]}<\/script>\n<!-- \/ Yoast SEO plugin. -->","yoast_head_json":{"title":"T\u00eates de fraisage angulaires | SHW - Werkzeugmaschinen","robots":{"index":"index","follow":"follow","max-snippet":"max-snippet:-1","max-image-preview":"max-image-preview:large","max-video-preview":"max-video-preview:-1"},"canonical":"https:\/\/shw-wm.de\/fr\/tetes-de-fraisage\/tetes-de-fraisage-angulaires\/","og_locale":"fr_FR","og_type":"article","og_title":"T\u00eates de fraisage angulaires | SHW - Werkzeugmaschinen","og_description":"T\u00eates de fraisage angulaires La R\u00e9publique tch\u00e8que en bref : Puissance d&rsquo;entra\u00eenement jusqu&rsquo;\u00e0 100 kW Vitesse de broche jusqu&rsquo;\u00e0 5.000 min-1 Couple jusqu&rsquo;\u00e0 2.000 Nm Plage de pivotement : Axe C (fixation de la t\u00eate de fraisage) 360 Graduation : en continu Porte-outils : SK 50 HSK 63\/100 BigPlus CAPTO C6\/8","og_url":"https:\/\/shw-wm.de\/fr\/tetes-de-fraisage\/tetes-de-fraisage-angulaires\/","og_site_name":"SHW - Werkzeugmaschinen","article_publisher":"https:\/\/www.facebook.com\/SHWWM","article_modified_time":"2025-10-13T13:36:46+00:00","og_image":[{"width":275,"height":119,"url":"https:\/\/shw-wm.de\/wp-content\/uploads\/2021_Logo_mit_Flagge-removebg-preview.png","type":"image\/png"}],"twitter_card":"summary_large_image","twitter_site":"@SHW_WM_Gmbh","schema":{"@context":"https:\/\/schema.org","@graph":[{"@type":"WebPage","@id":"https:\/\/shw-wm.de\/fr\/tetes-de-fraisage\/tetes-de-fraisage-angulaires\/","url":"https:\/\/shw-wm.de\/fr\/tetes-de-fraisage\/tetes-de-fraisage-angulaires\/","name":"T\u00eates de fraisage angulaires | SHW - Werkzeugmaschinen","isPartOf":{"@id":"https:\/\/shw-wm.de\/#website"},"datePublished":"2018-11-30T11:24:59+00:00","dateModified":"2025-10-13T13:36:46+00:00","breadcrumb":{"@id":"https:\/\/shw-wm.de\/fr\/tetes-de-fraisage\/tetes-de-fraisage-angulaires\/#breadcrumb"},"inLanguage":"fr-FR","potentialAction":[{"@type":"ReadAction","target":["https:\/\/shw-wm.de\/fr\/tetes-de-fraisage\/tetes-de-fraisage-angulaires\/"]}]},{"@type":"BreadcrumbList","@id":"https:\/\/shw-wm.de\/fr\/tetes-de-fraisage\/tetes-de-fraisage-angulaires\/#breadcrumb","itemListElement":[{"@type":"ListItem","position":1,"name":"Home","item":"https:\/\/shw-wm.de\/fr\/accueil\/"},{"@type":"ListItem","position":2,"name":"T\u00eates de fraisage","item":"https:\/\/shw-wm.de\/fr\/tetes-de-fraisage\/"},{"@type":"ListItem","position":3,"name":"T\u00eates de fraisage angulaires"}]},{"@type":"WebSite","@id":"https:\/\/shw-wm.de\/#website","url":"https:\/\/shw-wm.de\/","name":"SHW - Werkzeugmaschinen","description":"Hersteller von Fahrst\u00e4ndermaschinen","publisher":{"@id":"https:\/\/shw-wm.de\/#organization"},"potentialAction":[{"@type":"SearchAction","target":{"@type":"EntryPoint","urlTemplate":"https:\/\/shw-wm.de\/?s={search_term_string}"},"query-input":{"@type":"PropertyValueSpecification","valueRequired":true,"valueName":"search_term_string"}}],"inLanguage":"fr-FR"},{"@type":"Organization","@id":"https:\/\/shw-wm.de\/#organization","name":"SHW - Werkzeugmaschinen","url":"https:\/\/shw-wm.de\/","logo":{"@type":"ImageObject","inLanguage":"fr-FR","@id":"https:\/\/shw-wm.de\/#\/schema\/logo\/image\/","url":"https:\/\/shw-wm.de\/wp-content\/uploads\/2021_Logo_mit_Flagge-1.jpg","contentUrl":"https:\/\/shw-wm.de\/wp-content\/uploads\/2021_Logo_mit_Flagge-1.jpg","width":275,"height":119,"caption":"SHW - Werkzeugmaschinen"},"image":{"@id":"https:\/\/shw-wm.de\/#\/schema\/logo\/image\/"},"sameAs":["https:\/\/www.facebook.com\/SHWWM","https:\/\/x.com\/SHW_WM_Gmbh","https:\/\/www.instagram.com\/shw_werkzeugmaschinen\/","https:\/\/www.youtube.com\/@SHWWerkzeugmaschinen"]}]}},"_links":{"self":[{"href":"https:\/\/shw-wm.de\/fr\/wp-json\/wp\/v2\/pages\/17897","targetHints":{"allow":["GET"]}}],"collection":[{"href":"https:\/\/shw-wm.de\/fr\/wp-json\/wp\/v2\/pages"}],"about":[{"href":"https:\/\/shw-wm.de\/fr\/wp-json\/wp\/v2\/types\/page"}],"author":[{"embeddable":true,"href":"https:\/\/shw-wm.de\/fr\/wp-json\/wp\/v2\/users\/3"}],"replies":[{"embeddable":true,"href":"https:\/\/shw-wm.de\/fr\/wp-json\/wp\/v2\/comments?post=17897"}],"version-history":[{"count":1,"href":"https:\/\/shw-wm.de\/fr\/wp-json\/wp\/v2\/pages\/17897\/revisions"}],"predecessor-version":[{"id":17898,"href":"https:\/\/shw-wm.de\/fr\/wp-json\/wp\/v2\/pages\/17897\/revisions\/17898"}],"up":[{"embeddable":true,"href":"https:\/\/shw-wm.de\/fr\/wp-json\/wp\/v2\/pages\/17911"}],"wp:attachment":[{"href":"https:\/\/shw-wm.de\/fr\/wp-json\/wp\/v2\/media?parent=17897"}],"curies":[{"name":"wp","href":"https:\/\/api.w.org\/{rel}","templated":true}]}}