{"id":17900,"date":"2018-11-30T12:23:32","date_gmt":"2018-11-30T11:23:32","guid":{"rendered":"https:\/\/shw-wm.de\/tetes-de-fraisage-horizontales\/"},"modified":"2025-10-13T15:36:45","modified_gmt":"2025-10-13T13:36:45","slug":"tetes-de-fraisage-horizontales","status":"publish","type":"page","link":"https:\/\/shw-wm.de\/fr\/tetes-de-fraisage\/tetes-de-fraisage-horizontales\/","title":{"rendered":"T\u00eates de fraisage horizontales"},"content":{"rendered":"\t\t<div data-elementor-type=\"wp-page\" data-elementor-id=\"17900\" class=\"elementor elementor-17900 elementor-4872\" data-elementor-post-type=\"page\">\n\t\t\t\t\t\t<section class=\"elementor-section elementor-top-section elementor-element elementor-element-23428ce5 elementor-section-boxed elementor-section-height-default elementor-section-height-default\" data-id=\"23428ce5\" data-element_type=\"section\" data-e-type=\"section\" data-settings=\"{&quot;background_background&quot;:&quot;classic&quot;}\">\n\t\t\t\t\t\t<div class=\"elementor-container elementor-column-gap-default\">\n\t\t\t\t\t<div class=\"elementor-column elementor-col-100 elementor-top-column elementor-element elementor-element-5fa6e97a\" data-id=\"5fa6e97a\" data-element_type=\"column\" data-e-type=\"column\">\n\t\t\t<div class=\"elementor-widget-wrap elementor-element-populated\">\n\t\t\t\t\t\t<div class=\"elementor-element elementor-element-35c09661 elementor-widget elementor-widget-heading\" data-id=\"35c09661\" data-element_type=\"widget\" data-e-type=\"widget\" data-widget_type=\"heading.default\">\n\t\t\t\t<div class=\"elementor-widget-container\">\n\t\t\t\t\t<h2 class=\"elementor-heading-title elementor-size-default\">T\u00eates de fraisage horizontales<\/h2>\t\t\t\t<\/div>\n\t\t\t\t<\/div>\n\t\t\t\t\t<\/div>\n\t\t<\/div>\n\t\t\t\t\t<\/div>\n\t\t<\/section>\n\t\t<div class=\"elementor-element elementor-element-451d15c e-flex e-con-boxed e-con e-parent\" data-id=\"451d15c\" data-element_type=\"container\" data-e-type=\"container\">\n\t\t\t\t\t<div class=\"e-con-inner\">\n\t\t\t\t<div class=\"elementor-element elementor-element-4946c55 elementor-widget elementor-widget-spacer\" data-id=\"4946c55\" data-element_type=\"widget\" data-e-type=\"widget\" data-widget_type=\"spacer.default\">\n\t\t\t\t<div class=\"elementor-widget-container\">\n\t\t\t\t\t\t\t<div class=\"elementor-spacer\">\n\t\t\t<div class=\"elementor-spacer-inner\"><\/div>\n\t\t<\/div>\n\t\t\t\t\t\t<\/div>\n\t\t\t\t<\/div>\n\t\t\t\t\t<\/div>\n\t\t\t\t<\/div>\n\t\t\t\t<section class=\"elementor-section elementor-top-section elementor-element elementor-element-3fe557b elementor-section-boxed elementor-section-height-default elementor-section-height-default\" data-id=\"3fe557b\" data-element_type=\"section\" data-e-type=\"section\">\n\t\t\t\t\t\t<div class=\"elementor-container elementor-column-gap-default\">\n\t\t\t\t\t<div class=\"elementor-column elementor-col-100 elementor-top-column elementor-element elementor-element-03be9bb\" data-id=\"03be9bb\" data-element_type=\"column\" data-e-type=\"column\">\n\t\t\t<div class=\"elementor-widget-wrap elementor-element-populated\">\n\t\t\t\t\t\t<section class=\"elementor-section elementor-inner-section elementor-element elementor-element-0c0a702 elementor-section-boxed elementor-section-height-default elementor-section-height-default\" data-id=\"0c0a702\" data-element_type=\"section\" data-e-type=\"section\">\n\t\t\t\t\t\t<div class=\"elementor-container elementor-column-gap-default\">\n\t\t\t\t\t<div class=\"elementor-column elementor-col-50 elementor-inner-column elementor-element elementor-element-b6bb5fb\" data-id=\"b6bb5fb\" data-element_type=\"column\" data-e-type=\"column\">\n\t\t\t<div class=\"elementor-widget-wrap\">\n\t\t\t\t\t\t\t<\/div>\n\t\t<\/div>\n\t\t\t\t<div class=\"elementor-column elementor-col-50 elementor-inner-column elementor-element elementor-element-7da2315\" data-id=\"7da2315\" data-element_type=\"column\" data-e-type=\"column\">\n\t\t\t<div class=\"elementor-widget-wrap\">\n\t\t\t\t\t\t\t<\/div>\n\t\t<\/div>\n\t\t\t\t\t<\/div>\n\t\t<\/section>\n\t\t\t\t<div class=\"elementor-element elementor-element-a655e8b elementor-widget-divider--view-line elementor-widget elementor-widget-divider\" data-id=\"a655e8b\" data-element_type=\"widget\" data-e-type=\"widget\" data-widget_type=\"divider.default\">\n\t\t\t\t<div class=\"elementor-widget-container\">\n\t\t\t\t\t\t\t<div class=\"elementor-divider\">\n\t\t\t<span class=\"elementor-divider-separator\">\n\t\t\t\t\t\t<\/span>\n\t\t<\/div>\n\t\t\t\t\t\t<\/div>\n\t\t\t\t<\/div>\n\t\t\t\t\t<\/div>\n\t\t<\/div>\n\t\t\t\t\t<\/div>\n\t\t<\/section>\n\t\t\t\t<section class=\"elementor-section elementor-top-section elementor-element elementor-element-723f0ad elementor-section-boxed elementor-section-height-default elementor-section-height-default\" data-id=\"723f0ad\" data-element_type=\"section\" data-e-type=\"section\">\n\t\t\t\t\t\t<div class=\"elementor-container elementor-column-gap-default\">\n\t\t\t\t\t<div class=\"elementor-column elementor-col-50 elementor-top-column elementor-element elementor-element-9ef5ea6\" data-id=\"9ef5ea6\" data-element_type=\"column\" data-e-type=\"column\">\n\t\t\t<div class=\"elementor-widget-wrap elementor-element-populated\">\n\t\t\t\t\t\t<div class=\"elementor-element elementor-element-7fb6b79 elementor-widget elementor-widget-heading\" data-id=\"7fb6b79\" data-element_type=\"widget\" data-e-type=\"widget\" data-widget_type=\"heading.default\">\n\t\t\t\t<div class=\"elementor-widget-container\">\n\t\t\t\t\t<h2 class=\"elementor-heading-title elementor-size-default\">T\u00eate de fraisage horizontale excentr\u00e9e<\/h2>\t\t\t\t<\/div>\n\t\t\t\t<\/div>\n\t\t\t\t<div class=\"elementor-element elementor-element-a40e283 elementor-widget elementor-widget-image\" data-id=\"a40e283\" data-element_type=\"widget\" data-e-type=\"widget\" data-widget_type=\"image.default\">\n\t\t\t\t<div class=\"elementor-widget-container\">\n\t\t\t\t\t\t\t\t\t\t\t\t\t\t\t<img fetchpriority=\"high\" decoding=\"async\" width=\"370\" height=\"264\" src=\"https:\/\/shw-wm.de\/wp-content\/uploads\/shw_content\/fraeskoepfe\/horizontalfraeskoepfe\/exzentrischer-horizontalfraeskopf.jpg\" class=\"attachment-full size-full wp-image-4724\" alt=\"\" srcset=\"https:\/\/shw-wm.de\/wp-content\/uploads\/shw_content\/fraeskoepfe\/horizontalfraeskoepfe\/exzentrischer-horizontalfraeskopf.jpg.webp 370w, https:\/\/shw-wm.de\/wp-content\/uploads\/shw_content\/fraeskoepfe\/horizontalfraeskoepfe\/exzentrischer-horizontalfraeskopf-300x214.jpg.webp 300w\" sizes=\"(max-width: 370px) 100vw, 370px\" \/>\t\t\t\t\t\t\t\t\t\t\t\t\t\t\t<\/div>\n\t\t\t\t<\/div>\n\t\t\t\t\t<\/div>\n\t\t<\/div>\n\t\t\t\t<div class=\"elementor-column elementor-col-50 elementor-top-column elementor-element elementor-element-14c19af\" data-id=\"14c19af\" data-element_type=\"column\" data-e-type=\"column\">\n\t\t\t<div class=\"elementor-widget-wrap elementor-element-populated\">\n\t\t\t\t\t\t<div class=\"elementor-element elementor-element-486c802 elementor-widget elementor-widget-text-editor\" data-id=\"486c802\" data-element_type=\"widget\" data-e-type=\"widget\" data-widget_type=\"text-editor.default\">\n\t\t\t\t<div class=\"elementor-widget-container\">\n\t\t\t\t\t\t\t\t\t<strong>La R\u00e9publique tch\u00e8que en bref :<\/strong>\n<ul>\n \t<li>Puissance d&rsquo;entra\u00eenement jusqu&rsquo;\u00e0 100 kW<\/li>\n \t<li>Vitesse de broche jusqu&rsquo;\u00e0 5.000 min-1<\/li>\n \t<li>Couple jusqu&rsquo;\u00e0 2.000 Nm<\/li>\n<\/ul>\n<strong>Plage de pivotement :<\/strong>\n<ul>\n \t<li>Axe C (fixation de la t\u00eate de fraisage) 360<\/li>\n \t<li>Graduation : en continu<\/li>\n<\/ul>\n<strong>Porte-outils :<\/strong>\n<ul>\n \t<li>SK 50<\/li>\n<li>HSK 63\/100<\/li>\n<li>CAT V50<\/li>\n<li>BigPlus<\/li>\n<li>CAPTO C6\/8<\/li>\n<\/ul>\t\t\t\t\t\t\t\t<\/div>\n\t\t\t\t<\/div>\n\t\t\t\t\t<\/div>\n\t\t<\/div>\n\t\t\t\t\t<\/div>\n\t\t<\/section>\n\t\t\t\t<section class=\"elementor-section elementor-top-section elementor-element elementor-element-7533f35 elementor-section-boxed elementor-section-height-default elementor-section-height-default\" data-id=\"7533f35\" data-element_type=\"section\" data-e-type=\"section\">\n\t\t\t\t\t\t<div class=\"elementor-container elementor-column-gap-default\">\n\t\t\t\t\t<div class=\"elementor-column elementor-col-100 elementor-top-column elementor-element elementor-element-3f81f75\" data-id=\"3f81f75\" data-element_type=\"column\" data-e-type=\"column\">\n\t\t\t<div class=\"elementor-widget-wrap elementor-element-populated\">\n\t\t\t\t\t\t<div class=\"elementor-element elementor-element-991128d elementor-widget elementor-widget-spacer\" data-id=\"991128d\" data-element_type=\"widget\" data-e-type=\"widget\" data-widget_type=\"spacer.default\">\n\t\t\t\t<div class=\"elementor-widget-container\">\n\t\t\t\t\t\t\t<div class=\"elementor-spacer\">\n\t\t\t<div class=\"elementor-spacer-inner\"><\/div>\n\t\t<\/div>\n\t\t\t\t\t\t<\/div>\n\t\t\t\t<\/div>\n\t\t\t\t\t<\/div>\n\t\t<\/div>\n\t\t\t\t\t<\/div>\n\t\t<\/section>\n\t\t\t\t<section class=\"elementor-section elementor-top-section elementor-element elementor-element-5427afe elementor-section-boxed elementor-section-height-default elementor-section-height-default\" data-id=\"5427afe\" data-element_type=\"section\" data-e-type=\"section\">\n\t\t\t\t\t\t<div class=\"elementor-container elementor-column-gap-default\">\n\t\t\t\t\t<div class=\"elementor-column elementor-col-50 elementor-top-column elementor-element elementor-element-151ad91\" data-id=\"151ad91\" data-element_type=\"column\" data-e-type=\"column\">\n\t\t\t<div class=\"elementor-widget-wrap elementor-element-populated\">\n\t\t\t\t\t\t<div class=\"elementor-element elementor-element-b3e7485 elementor-widget elementor-widget-heading\" data-id=\"b3e7485\" data-element_type=\"widget\" data-e-type=\"widget\" data-widget_type=\"heading.default\">\n\t\t\t\t<div class=\"elementor-widget-container\">\n\t\t\t\t\t<h2 class=\"elementor-heading-title elementor-size-default\">T\u00eate de fraisage horizontale centr\u00e9e<\/h2>\t\t\t\t<\/div>\n\t\t\t\t<\/div>\n\t\t\t\t<div class=\"elementor-element elementor-element-eda3f40 elementor-widget elementor-widget-image\" data-id=\"eda3f40\" data-element_type=\"widget\" data-e-type=\"widget\" data-widget_type=\"image.default\">\n\t\t\t\t<div class=\"elementor-widget-container\">\n\t\t\t\t\t\t\t\t\t\t\t\t\t\t\t<img decoding=\"async\" width=\"370\" height=\"207\" src=\"https:\/\/shw-wm.de\/wp-content\/uploads\/shw_content\/fraeskoepfe\/horizontalfraeskoepfe\/zentrischer-horizontalfraeskopf.jpg\" class=\"attachment-full size-full wp-image-4723\" alt=\"\" srcset=\"https:\/\/shw-wm.de\/wp-content\/uploads\/shw_content\/fraeskoepfe\/horizontalfraeskoepfe\/zentrischer-horizontalfraeskopf.jpg.webp 370w, https:\/\/shw-wm.de\/wp-content\/uploads\/shw_content\/fraeskoepfe\/horizontalfraeskoepfe\/zentrischer-horizontalfraeskopf-300x168.jpg.webp 300w\" sizes=\"(max-width: 370px) 100vw, 370px\" \/>\t\t\t\t\t\t\t\t\t\t\t\t\t\t\t<\/div>\n\t\t\t\t<\/div>\n\t\t\t\t\t<\/div>\n\t\t<\/div>\n\t\t\t\t<div class=\"elementor-column elementor-col-50 elementor-top-column elementor-element elementor-element-121c14c\" data-id=\"121c14c\" data-element_type=\"column\" data-e-type=\"column\">\n\t\t\t<div class=\"elementor-widget-wrap elementor-element-populated\">\n\t\t\t\t\t\t<div class=\"elementor-element elementor-element-26fdf5a elementor-widget elementor-widget-text-editor\" data-id=\"26fdf5a\" data-element_type=\"widget\" data-e-type=\"widget\" data-widget_type=\"text-editor.default\">\n\t\t\t\t<div class=\"elementor-widget-container\">\n\t\t\t\t\t\t\t\t\t<strong>La R\u00e9publique tch\u00e8que en bref :<\/strong>\n<ul>\n \t<li>Puissance d&rsquo;entra\u00eenement jusqu&rsquo;\u00e0 100 kW<\/li>\n \t<li>Vitesse de broche jusqu&rsquo;\u00e0 6.000 min-1<\/li>\n \t<li>Couple jusqu&rsquo;\u00e0 1.725 Nm<\/li>\n<\/ul>\n<strong>Porte-outils :<\/strong>\n<ul>\n<li>SK 50<\/li>\n<li>HSK 63\/100<\/li>\n<li>CAT V50<\/li>\n<li>BigPlus<\/li>\n<li>CAPTO C6\/8<\/li>\n<\/ul>\t\t\t\t\t\t\t\t<\/div>\n\t\t\t\t<\/div>\n\t\t\t\t\t<\/div>\n\t\t<\/div>\n\t\t\t\t\t<\/div>\n\t\t<\/section>\n\t\t\t\t<\/div>\n\t\t","protected":false},"excerpt":{"rendered":"<p>T\u00eates de fraisage horizontales T\u00eate de fraisage horizontale excentr\u00e9e La R\u00e9publique tch\u00e8que en bref : Puissance d&rsquo;entra\u00eenement jusqu&rsquo;\u00e0 100 kW Vitesse de broche jusqu&rsquo;\u00e0 5.000 min-1 Couple jusqu&rsquo;\u00e0 2.000 Nm Plage de pivotement : Axe C (fixation de la t\u00eate de fraisage) 360 Graduation : en continu Porte-outils : SK 50 HSK 63\/100 CAT V50 [&hellip;]<\/p>\n","protected":false},"author":3,"featured_media":0,"parent":17911,"menu_order":1,"comment_status":"closed","ping_status":"closed","template":"","meta":{"footnotes":""},"class_list":["post-17900","page","type-page","status-publish","hentry"],"yoast_head":"<!-- This site is optimized with the Yoast SEO plugin v27.4 - https:\/\/yoast.com\/product\/yoast-seo-wordpress\/ -->\n<title>T\u00eates de fraisage horizontales | SHW - Werkzeugmaschinen<\/title>\n<meta name=\"robots\" content=\"index, follow, max-snippet:-1, max-image-preview:large, max-video-preview:-1\" \/>\n<link rel=\"canonical\" href=\"https:\/\/shw-wm.de\/fr\/tetes-de-fraisage\/tetes-de-fraisage-horizontales\/\" \/>\n<meta property=\"og:locale\" content=\"fr_FR\" \/>\n<meta property=\"og:type\" content=\"article\" \/>\n<meta property=\"og:title\" content=\"T\u00eates de fraisage horizontales | SHW - Werkzeugmaschinen\" \/>\n<meta property=\"og:description\" content=\"T\u00eates de fraisage horizontales T\u00eate de fraisage horizontale excentr\u00e9e La R\u00e9publique tch\u00e8que en bref : Puissance d&rsquo;entra\u00eenement jusqu&rsquo;\u00e0 100 kW Vitesse de broche jusqu&rsquo;\u00e0 5.000 min-1 Couple jusqu&rsquo;\u00e0 2.000 Nm Plage de pivotement : Axe C (fixation de la t\u00eate de fraisage) 360 Graduation : en continu Porte-outils : SK 50 HSK 63\/100 CAT V50 [&hellip;]\" \/>\n<meta property=\"og:url\" content=\"https:\/\/shw-wm.de\/fr\/tetes-de-fraisage\/tetes-de-fraisage-horizontales\/\" \/>\n<meta property=\"og:site_name\" content=\"SHW - Werkzeugmaschinen\" \/>\n<meta property=\"article:publisher\" content=\"https:\/\/www.facebook.com\/SHWWM\" \/>\n<meta property=\"article:modified_time\" content=\"2025-10-13T13:36:45+00:00\" \/>\n<meta property=\"og:image\" content=\"https:\/\/shw-wm.de\/wp-content\/uploads\/shw_content\/fraeskoepfe\/horizontalfraeskoepfe\/exzentrischer-horizontalfraeskopf.jpg\" \/>\n\t<meta property=\"og:image:width\" content=\"370\" \/>\n\t<meta property=\"og:image:height\" content=\"264\" \/>\n\t<meta property=\"og:image:type\" content=\"image\/jpeg\" \/>\n<meta name=\"twitter:card\" content=\"summary_large_image\" \/>\n<meta name=\"twitter:site\" content=\"@SHW_WM_Gmbh\" \/>\n<script type=\"application\/ld+json\" class=\"yoast-schema-graph\">{\"@context\":\"https:\\\/\\\/schema.org\",\"@graph\":[{\"@type\":\"WebPage\",\"@id\":\"https:\\\/\\\/shw-wm.de\\\/fr\\\/tetes-de-fraisage\\\/tetes-de-fraisage-horizontales\\\/\",\"url\":\"https:\\\/\\\/shw-wm.de\\\/fr\\\/tetes-de-fraisage\\\/tetes-de-fraisage-horizontales\\\/\",\"name\":\"T\u00eates de fraisage horizontales | SHW - Werkzeugmaschinen\",\"isPartOf\":{\"@id\":\"https:\\\/\\\/shw-wm.de\\\/#website\"},\"primaryImageOfPage\":{\"@id\":\"https:\\\/\\\/shw-wm.de\\\/fr\\\/tetes-de-fraisage\\\/tetes-de-fraisage-horizontales\\\/#primaryimage\"},\"image\":{\"@id\":\"https:\\\/\\\/shw-wm.de\\\/fr\\\/tetes-de-fraisage\\\/tetes-de-fraisage-horizontales\\\/#primaryimage\"},\"thumbnailUrl\":\"https:\\\/\\\/shw-wm.de\\\/wp-content\\\/uploads\\\/shw_content\\\/fraeskoepfe\\\/horizontalfraeskoepfe\\\/exzentrischer-horizontalfraeskopf.jpg\",\"datePublished\":\"2018-11-30T11:23:32+00:00\",\"dateModified\":\"2025-10-13T13:36:45+00:00\",\"breadcrumb\":{\"@id\":\"https:\\\/\\\/shw-wm.de\\\/fr\\\/tetes-de-fraisage\\\/tetes-de-fraisage-horizontales\\\/#breadcrumb\"},\"inLanguage\":\"fr-FR\",\"potentialAction\":[{\"@type\":\"ReadAction\",\"target\":[\"https:\\\/\\\/shw-wm.de\\\/fr\\\/tetes-de-fraisage\\\/tetes-de-fraisage-horizontales\\\/\"]}]},{\"@type\":\"ImageObject\",\"inLanguage\":\"fr-FR\",\"@id\":\"https:\\\/\\\/shw-wm.de\\\/fr\\\/tetes-de-fraisage\\\/tetes-de-fraisage-horizontales\\\/#primaryimage\",\"url\":\"https:\\\/\\\/shw-wm.de\\\/wp-content\\\/uploads\\\/shw_content\\\/fraeskoepfe\\\/horizontalfraeskoepfe\\\/exzentrischer-horizontalfraeskopf.jpg\",\"contentUrl\":\"https:\\\/\\\/shw-wm.de\\\/wp-content\\\/uploads\\\/shw_content\\\/fraeskoepfe\\\/horizontalfraeskoepfe\\\/exzentrischer-horizontalfraeskopf.jpg\"},{\"@type\":\"BreadcrumbList\",\"@id\":\"https:\\\/\\\/shw-wm.de\\\/fr\\\/tetes-de-fraisage\\\/tetes-de-fraisage-horizontales\\\/#breadcrumb\",\"itemListElement\":[{\"@type\":\"ListItem\",\"position\":1,\"name\":\"Home\",\"item\":\"https:\\\/\\\/shw-wm.de\\\/fr\\\/accueil\\\/\"},{\"@type\":\"ListItem\",\"position\":2,\"name\":\"T\u00eates de fraisage\",\"item\":\"https:\\\/\\\/shw-wm.de\\\/fr\\\/tetes-de-fraisage\\\/\"},{\"@type\":\"ListItem\",\"position\":3,\"name\":\"T\u00eates de fraisage horizontales\"}]},{\"@type\":\"WebSite\",\"@id\":\"https:\\\/\\\/shw-wm.de\\\/#website\",\"url\":\"https:\\\/\\\/shw-wm.de\\\/\",\"name\":\"SHW - Werkzeugmaschinen\",\"description\":\"Hersteller von Fahrst\u00e4ndermaschinen\",\"publisher\":{\"@id\":\"https:\\\/\\\/shw-wm.de\\\/#organization\"},\"potentialAction\":[{\"@type\":\"SearchAction\",\"target\":{\"@type\":\"EntryPoint\",\"urlTemplate\":\"https:\\\/\\\/shw-wm.de\\\/?s={search_term_string}\"},\"query-input\":{\"@type\":\"PropertyValueSpecification\",\"valueRequired\":true,\"valueName\":\"search_term_string\"}}],\"inLanguage\":\"fr-FR\"},{\"@type\":\"Organization\",\"@id\":\"https:\\\/\\\/shw-wm.de\\\/#organization\",\"name\":\"SHW - Werkzeugmaschinen\",\"url\":\"https:\\\/\\\/shw-wm.de\\\/\",\"logo\":{\"@type\":\"ImageObject\",\"inLanguage\":\"fr-FR\",\"@id\":\"https:\\\/\\\/shw-wm.de\\\/#\\\/schema\\\/logo\\\/image\\\/\",\"url\":\"https:\\\/\\\/shw-wm.de\\\/wp-content\\\/uploads\\\/2021_Logo_mit_Flagge-1.jpg\",\"contentUrl\":\"https:\\\/\\\/shw-wm.de\\\/wp-content\\\/uploads\\\/2021_Logo_mit_Flagge-1.jpg\",\"width\":275,\"height\":119,\"caption\":\"SHW - Werkzeugmaschinen\"},\"image\":{\"@id\":\"https:\\\/\\\/shw-wm.de\\\/#\\\/schema\\\/logo\\\/image\\\/\"},\"sameAs\":[\"https:\\\/\\\/www.facebook.com\\\/SHWWM\",\"https:\\\/\\\/x.com\\\/SHW_WM_Gmbh\",\"https:\\\/\\\/www.instagram.com\\\/shw_werkzeugmaschinen\\\/\",\"https:\\\/\\\/www.youtube.com\\\/@SHWWerkzeugmaschinen\"]}]}<\/script>\n<!-- \/ Yoast SEO plugin. -->","yoast_head_json":{"title":"T\u00eates de fraisage horizontales | SHW - Werkzeugmaschinen","robots":{"index":"index","follow":"follow","max-snippet":"max-snippet:-1","max-image-preview":"max-image-preview:large","max-video-preview":"max-video-preview:-1"},"canonical":"https:\/\/shw-wm.de\/fr\/tetes-de-fraisage\/tetes-de-fraisage-horizontales\/","og_locale":"fr_FR","og_type":"article","og_title":"T\u00eates de fraisage horizontales | SHW - Werkzeugmaschinen","og_description":"T\u00eates de fraisage horizontales T\u00eate de fraisage horizontale excentr\u00e9e La R\u00e9publique tch\u00e8que en bref : Puissance d&rsquo;entra\u00eenement jusqu&rsquo;\u00e0 100 kW Vitesse de broche jusqu&rsquo;\u00e0 5.000 min-1 Couple jusqu&rsquo;\u00e0 2.000 Nm Plage de pivotement : Axe C (fixation de la t\u00eate de fraisage) 360 Graduation : en continu Porte-outils : SK 50 HSK 63\/100 CAT V50 [&hellip;]","og_url":"https:\/\/shw-wm.de\/fr\/tetes-de-fraisage\/tetes-de-fraisage-horizontales\/","og_site_name":"SHW - Werkzeugmaschinen","article_publisher":"https:\/\/www.facebook.com\/SHWWM","article_modified_time":"2025-10-13T13:36:45+00:00","og_image":[{"width":370,"height":264,"url":"https:\/\/shw-wm.de\/wp-content\/uploads\/shw_content\/fraeskoepfe\/horizontalfraeskoepfe\/exzentrischer-horizontalfraeskopf.jpg","type":"image\/jpeg"}],"twitter_card":"summary_large_image","twitter_site":"@SHW_WM_Gmbh","schema":{"@context":"https:\/\/schema.org","@graph":[{"@type":"WebPage","@id":"https:\/\/shw-wm.de\/fr\/tetes-de-fraisage\/tetes-de-fraisage-horizontales\/","url":"https:\/\/shw-wm.de\/fr\/tetes-de-fraisage\/tetes-de-fraisage-horizontales\/","name":"T\u00eates de fraisage horizontales | SHW - Werkzeugmaschinen","isPartOf":{"@id":"https:\/\/shw-wm.de\/#website"},"primaryImageOfPage":{"@id":"https:\/\/shw-wm.de\/fr\/tetes-de-fraisage\/tetes-de-fraisage-horizontales\/#primaryimage"},"image":{"@id":"https:\/\/shw-wm.de\/fr\/tetes-de-fraisage\/tetes-de-fraisage-horizontales\/#primaryimage"},"thumbnailUrl":"https:\/\/shw-wm.de\/wp-content\/uploads\/shw_content\/fraeskoepfe\/horizontalfraeskoepfe\/exzentrischer-horizontalfraeskopf.jpg","datePublished":"2018-11-30T11:23:32+00:00","dateModified":"2025-10-13T13:36:45+00:00","breadcrumb":{"@id":"https:\/\/shw-wm.de\/fr\/tetes-de-fraisage\/tetes-de-fraisage-horizontales\/#breadcrumb"},"inLanguage":"fr-FR","potentialAction":[{"@type":"ReadAction","target":["https:\/\/shw-wm.de\/fr\/tetes-de-fraisage\/tetes-de-fraisage-horizontales\/"]}]},{"@type":"ImageObject","inLanguage":"fr-FR","@id":"https:\/\/shw-wm.de\/fr\/tetes-de-fraisage\/tetes-de-fraisage-horizontales\/#primaryimage","url":"https:\/\/shw-wm.de\/wp-content\/uploads\/shw_content\/fraeskoepfe\/horizontalfraeskoepfe\/exzentrischer-horizontalfraeskopf.jpg","contentUrl":"https:\/\/shw-wm.de\/wp-content\/uploads\/shw_content\/fraeskoepfe\/horizontalfraeskoepfe\/exzentrischer-horizontalfraeskopf.jpg"},{"@type":"BreadcrumbList","@id":"https:\/\/shw-wm.de\/fr\/tetes-de-fraisage\/tetes-de-fraisage-horizontales\/#breadcrumb","itemListElement":[{"@type":"ListItem","position":1,"name":"Home","item":"https:\/\/shw-wm.de\/fr\/accueil\/"},{"@type":"ListItem","position":2,"name":"T\u00eates de fraisage","item":"https:\/\/shw-wm.de\/fr\/tetes-de-fraisage\/"},{"@type":"ListItem","position":3,"name":"T\u00eates de fraisage horizontales"}]},{"@type":"WebSite","@id":"https:\/\/shw-wm.de\/#website","url":"https:\/\/shw-wm.de\/","name":"SHW - Werkzeugmaschinen","description":"Hersteller von Fahrst\u00e4ndermaschinen","publisher":{"@id":"https:\/\/shw-wm.de\/#organization"},"potentialAction":[{"@type":"SearchAction","target":{"@type":"EntryPoint","urlTemplate":"https:\/\/shw-wm.de\/?s={search_term_string}"},"query-input":{"@type":"PropertyValueSpecification","valueRequired":true,"valueName":"search_term_string"}}],"inLanguage":"fr-FR"},{"@type":"Organization","@id":"https:\/\/shw-wm.de\/#organization","name":"SHW - Werkzeugmaschinen","url":"https:\/\/shw-wm.de\/","logo":{"@type":"ImageObject","inLanguage":"fr-FR","@id":"https:\/\/shw-wm.de\/#\/schema\/logo\/image\/","url":"https:\/\/shw-wm.de\/wp-content\/uploads\/2021_Logo_mit_Flagge-1.jpg","contentUrl":"https:\/\/shw-wm.de\/wp-content\/uploads\/2021_Logo_mit_Flagge-1.jpg","width":275,"height":119,"caption":"SHW - Werkzeugmaschinen"},"image":{"@id":"https:\/\/shw-wm.de\/#\/schema\/logo\/image\/"},"sameAs":["https:\/\/www.facebook.com\/SHWWM","https:\/\/x.com\/SHW_WM_Gmbh","https:\/\/www.instagram.com\/shw_werkzeugmaschinen\/","https:\/\/www.youtube.com\/@SHWWerkzeugmaschinen"]}]}},"_links":{"self":[{"href":"https:\/\/shw-wm.de\/fr\/wp-json\/wp\/v2\/pages\/17900","targetHints":{"allow":["GET"]}}],"collection":[{"href":"https:\/\/shw-wm.de\/fr\/wp-json\/wp\/v2\/pages"}],"about":[{"href":"https:\/\/shw-wm.de\/fr\/wp-json\/wp\/v2\/types\/page"}],"author":[{"embeddable":true,"href":"https:\/\/shw-wm.de\/fr\/wp-json\/wp\/v2\/users\/3"}],"replies":[{"embeddable":true,"href":"https:\/\/shw-wm.de\/fr\/wp-json\/wp\/v2\/comments?post=17900"}],"version-history":[{"count":1,"href":"https:\/\/shw-wm.de\/fr\/wp-json\/wp\/v2\/pages\/17900\/revisions"}],"predecessor-version":[{"id":17902,"href":"https:\/\/shw-wm.de\/fr\/wp-json\/wp\/v2\/pages\/17900\/revisions\/17902"}],"up":[{"embeddable":true,"href":"https:\/\/shw-wm.de\/fr\/wp-json\/wp\/v2\/pages\/17911"}],"wp:attachment":[{"href":"https:\/\/shw-wm.de\/fr\/wp-json\/wp\/v2\/media?parent=17900"}],"curies":[{"name":"wp","href":"https:\/\/api.w.org\/{rel}","templated":true}]}}