{"id":17905,"date":"2018-11-30T12:21:43","date_gmt":"2018-11-30T11:21:43","guid":{"rendered":"https:\/\/shw-wm.de\/tetes-de-fraisage-a-fourche\/"},"modified":"2025-10-13T15:36:45","modified_gmt":"2025-10-13T13:36:45","slug":"tetes-de-fraisage-a-fourche","status":"publish","type":"page","link":"https:\/\/shw-wm.de\/fr\/tetes-de-fraisage\/tetes-de-fraisage-a-fourche\/","title":{"rendered":"T\u00eates de fraisage \u00e0 fourche"},"content":{"rendered":"\t\t<div data-elementor-type=\"wp-page\" data-elementor-id=\"17905\" class=\"elementor elementor-17905 elementor-4870\" data-elementor-post-type=\"page\">\n\t\t\t\t\t\t<section class=\"elementor-section elementor-top-section elementor-element elementor-element-5c683f62 elementor-section-boxed elementor-section-height-default elementor-section-height-default\" data-id=\"5c683f62\" data-element_type=\"section\" data-e-type=\"section\" data-settings=\"{&quot;background_background&quot;:&quot;classic&quot;}\">\n\t\t\t\t\t\t<div class=\"elementor-container elementor-column-gap-default\">\n\t\t\t\t\t<div class=\"elementor-column elementor-col-100 elementor-top-column elementor-element elementor-element-fff7003\" data-id=\"fff7003\" data-element_type=\"column\" data-e-type=\"column\">\n\t\t\t<div class=\"elementor-widget-wrap elementor-element-populated\">\n\t\t\t\t\t\t<div class=\"elementor-element elementor-element-5668c0b7 elementor-widget elementor-widget-heading\" data-id=\"5668c0b7\" data-element_type=\"widget\" data-e-type=\"widget\" data-widget_type=\"heading.default\">\n\t\t\t\t<div class=\"elementor-widget-container\">\n\t\t\t\t\t<h2 class=\"elementor-heading-title elementor-size-default\">T\u00eates de fraisage \u00e0 fourche<\/h2>\t\t\t\t<\/div>\n\t\t\t\t<\/div>\n\t\t\t\t\t<\/div>\n\t\t<\/div>\n\t\t\t\t\t<\/div>\n\t\t<\/section>\n\t\t<div class=\"elementor-element elementor-element-4fc533a e-flex e-con-boxed e-con e-parent\" data-id=\"4fc533a\" data-element_type=\"container\" data-e-type=\"container\">\n\t\t\t\t\t<div class=\"e-con-inner\">\n\t\t\t\t<div class=\"elementor-element elementor-element-226c9d5 elementor-widget elementor-widget-spacer\" data-id=\"226c9d5\" data-element_type=\"widget\" data-e-type=\"widget\" data-widget_type=\"spacer.default\">\n\t\t\t\t<div class=\"elementor-widget-container\">\n\t\t\t\t\t\t\t<div class=\"elementor-spacer\">\n\t\t\t<div class=\"elementor-spacer-inner\"><\/div>\n\t\t<\/div>\n\t\t\t\t\t\t<\/div>\n\t\t\t\t<\/div>\n\t\t\t\t\t<\/div>\n\t\t\t\t<\/div>\n\t\t\t\t<section class=\"elementor-section elementor-top-section elementor-element elementor-element-4708120 elementor-section-boxed elementor-section-height-default elementor-section-height-default\" data-id=\"4708120\" data-element_type=\"section\" data-e-type=\"section\">\n\t\t\t\t\t\t<div class=\"elementor-container elementor-column-gap-default\">\n\t\t\t\t\t<div class=\"elementor-column elementor-col-100 elementor-top-column elementor-element elementor-element-ca9e7eb\" data-id=\"ca9e7eb\" data-element_type=\"column\" data-e-type=\"column\">\n\t\t\t<div class=\"elementor-widget-wrap elementor-element-populated\">\n\t\t\t\t\t\t<section class=\"elementor-section elementor-inner-section elementor-element elementor-element-4ec6bae elementor-section-boxed elementor-section-height-default elementor-section-height-default\" data-id=\"4ec6bae\" data-element_type=\"section\" data-e-type=\"section\">\n\t\t\t\t\t\t<div class=\"elementor-container elementor-column-gap-default\">\n\t\t\t\t\t<div class=\"elementor-column elementor-col-50 elementor-inner-column elementor-element elementor-element-9024238\" data-id=\"9024238\" data-element_type=\"column\" data-e-type=\"column\">\n\t\t\t<div class=\"elementor-widget-wrap\">\n\t\t\t\t\t\t\t<\/div>\n\t\t<\/div>\n\t\t\t\t<div class=\"elementor-column elementor-col-50 elementor-inner-column elementor-element elementor-element-ee28889\" data-id=\"ee28889\" data-element_type=\"column\" data-e-type=\"column\">\n\t\t\t<div class=\"elementor-widget-wrap\">\n\t\t\t\t\t\t\t<\/div>\n\t\t<\/div>\n\t\t\t\t\t<\/div>\n\t\t<\/section>\n\t\t\t\t<div class=\"elementor-element elementor-element-a488ffd elementor-widget-divider--view-line elementor-widget elementor-widget-divider\" data-id=\"a488ffd\" data-element_type=\"widget\" data-e-type=\"widget\" data-widget_type=\"divider.default\">\n\t\t\t\t<div class=\"elementor-widget-container\">\n\t\t\t\t\t\t\t<div class=\"elementor-divider\">\n\t\t\t<span class=\"elementor-divider-separator\">\n\t\t\t\t\t\t<\/span>\n\t\t<\/div>\n\t\t\t\t\t\t<\/div>\n\t\t\t\t<\/div>\n\t\t\t\t\t<\/div>\n\t\t<\/div>\n\t\t\t\t\t<\/div>\n\t\t<\/section>\n\t\t\t\t<section class=\"elementor-section elementor-top-section elementor-element elementor-element-e1026e8 elementor-section-boxed elementor-section-height-default elementor-section-height-default\" data-id=\"e1026e8\" data-element_type=\"section\" data-e-type=\"section\">\n\t\t\t\t\t\t<div class=\"elementor-container elementor-column-gap-default\">\n\t\t\t\t\t<div class=\"elementor-column elementor-col-50 elementor-top-column elementor-element elementor-element-300e31a\" data-id=\"300e31a\" data-element_type=\"column\" data-e-type=\"column\">\n\t\t\t<div class=\"elementor-widget-wrap elementor-element-populated\">\n\t\t\t\t\t\t<div class=\"elementor-element elementor-element-0eb68c5 elementor-widget elementor-widget-heading\" data-id=\"0eb68c5\" data-element_type=\"widget\" data-e-type=\"widget\" data-widget_type=\"heading.default\">\n\t\t\t\t<div class=\"elementor-widget-container\">\n\t\t\t\t\t<h2 class=\"elementor-heading-title elementor-size-default\">T\u00eate de fraisage \u00e0 fourche excentrique<\/h2>\t\t\t\t<\/div>\n\t\t\t\t<\/div>\n\t\t\t\t<div class=\"elementor-element elementor-element-2d86141 elementor-widget elementor-widget-image\" data-id=\"2d86141\" data-element_type=\"widget\" data-e-type=\"widget\" data-widget_type=\"image.default\">\n\t\t\t\t<div class=\"elementor-widget-container\">\n\t\t\t\t\t\t\t\t\t\t\t\t\t\t\t<img fetchpriority=\"high\" decoding=\"async\" width=\"370\" height=\"228\" src=\"https:\/\/shw-wm.de\/wp-content\/uploads\/shw_content\/fraeskoepfe\/gabelfraeskoepfe\/exzentrischer-gabelfraeskopf.jpg\" class=\"attachment-full size-full wp-image-4721\" alt=\"\" srcset=\"https:\/\/shw-wm.de\/wp-content\/uploads\/shw_content\/fraeskoepfe\/gabelfraeskoepfe\/exzentrischer-gabelfraeskopf.jpg.webp 370w, https:\/\/shw-wm.de\/wp-content\/uploads\/shw_content\/fraeskoepfe\/gabelfraeskoepfe\/exzentrischer-gabelfraeskopf-300x185.jpg.webp 300w\" sizes=\"(max-width: 370px) 100vw, 370px\" \/>\t\t\t\t\t\t\t\t\t\t\t\t\t\t\t<\/div>\n\t\t\t\t<\/div>\n\t\t\t\t\t<\/div>\n\t\t<\/div>\n\t\t\t\t<div class=\"elementor-column elementor-col-50 elementor-top-column elementor-element elementor-element-4b2a834\" data-id=\"4b2a834\" data-element_type=\"column\" data-e-type=\"column\">\n\t\t\t<div class=\"elementor-widget-wrap elementor-element-populated\">\n\t\t\t\t\t\t<div class=\"elementor-element elementor-element-30df38e elementor-widget elementor-widget-text-editor\" data-id=\"30df38e\" data-element_type=\"widget\" data-e-type=\"widget\" data-widget_type=\"text-editor.default\">\n\t\t\t\t<div class=\"elementor-widget-container\">\n\t\t\t\t\t\t\t\t\t<p><strong>La R\u00e9publique tch\u00e8que en bref :<\/strong><\/p><ul><li>Puissance d&rsquo;entra\u00eenement jusqu&rsquo;\u00e0 28 kW<\/li><li>Vitesse de broche jusqu&rsquo;\u00e0 20.000 min-1<\/li><li>Couple jusqu&rsquo;\u00e0 145 Nm<\/li><\/ul><p><strong>Plage de pivotement :<\/strong><\/p><ul><li>Axe A (axe de la t\u00eate de fraisage) jusqu&rsquo;\u00e0 120<\/li><li>Axe C (fixation de la t\u00eate de fraisage) jusqu&rsquo;\u00e0 360<\/li><li>Graduation : en continu<\/li><\/ul><p><strong>Porte-outils :<\/strong><\/p><ul><li>HSK 63<\/li><\/ul>\t\t\t\t\t\t\t\t<\/div>\n\t\t\t\t<\/div>\n\t\t\t\t\t<\/div>\n\t\t<\/div>\n\t\t\t\t\t<\/div>\n\t\t<\/section>\n\t\t\t\t<section class=\"elementor-section elementor-top-section elementor-element elementor-element-39f1d3c elementor-section-boxed elementor-section-height-default elementor-section-height-default\" data-id=\"39f1d3c\" data-element_type=\"section\" data-e-type=\"section\">\n\t\t\t\t\t\t<div class=\"elementor-container elementor-column-gap-default\">\n\t\t\t\t\t<div class=\"elementor-column elementor-col-100 elementor-top-column elementor-element elementor-element-bb1107a\" data-id=\"bb1107a\" data-element_type=\"column\" data-e-type=\"column\">\n\t\t\t<div class=\"elementor-widget-wrap elementor-element-populated\">\n\t\t\t\t\t\t<div class=\"elementor-element elementor-element-a4b2dba elementor-widget elementor-widget-spacer\" data-id=\"a4b2dba\" data-element_type=\"widget\" data-e-type=\"widget\" data-widget_type=\"spacer.default\">\n\t\t\t\t<div class=\"elementor-widget-container\">\n\t\t\t\t\t\t\t<div class=\"elementor-spacer\">\n\t\t\t<div class=\"elementor-spacer-inner\"><\/div>\n\t\t<\/div>\n\t\t\t\t\t\t<\/div>\n\t\t\t\t<\/div>\n\t\t\t\t\t<\/div>\n\t\t<\/div>\n\t\t\t\t\t<\/div>\n\t\t<\/section>\n\t\t\t\t<section class=\"elementor-section elementor-top-section elementor-element elementor-element-e51c3ee elementor-section-boxed elementor-section-height-default elementor-section-height-default\" data-id=\"e51c3ee\" data-element_type=\"section\" data-e-type=\"section\">\n\t\t\t\t\t\t<div class=\"elementor-container elementor-column-gap-default\">\n\t\t\t\t\t<div class=\"elementor-column elementor-col-50 elementor-top-column elementor-element elementor-element-032a643\" data-id=\"032a643\" data-element_type=\"column\" data-e-type=\"column\">\n\t\t\t<div class=\"elementor-widget-wrap elementor-element-populated\">\n\t\t\t\t\t\t<div class=\"elementor-element elementor-element-ac209c0 elementor-widget elementor-widget-heading\" data-id=\"ac209c0\" data-element_type=\"widget\" data-e-type=\"widget\" data-widget_type=\"heading.default\">\n\t\t\t\t<div class=\"elementor-widget-container\">\n\t\t\t\t\t<h2 class=\"elementor-heading-title elementor-size-default\">T\u00eate de fraisage \u00e0 fourche centr\u00e9e<\/h2>\t\t\t\t<\/div>\n\t\t\t\t<\/div>\n\t\t\t\t<div class=\"elementor-element elementor-element-c3649ea elementor-widget elementor-widget-image\" data-id=\"c3649ea\" data-element_type=\"widget\" data-e-type=\"widget\" data-widget_type=\"image.default\">\n\t\t\t\t<div class=\"elementor-widget-container\">\n\t\t\t\t\t\t\t\t\t\t\t\t\t\t\t<img decoding=\"async\" width=\"370\" height=\"225\" src=\"https:\/\/shw-wm.de\/wp-content\/uploads\/shw_content\/fraeskoepfe\/gabelfraeskoepfe\/zentrischer-gabelfraeskopf.jpg\" class=\"attachment-full size-full wp-image-4722\" alt=\"\" srcset=\"https:\/\/shw-wm.de\/wp-content\/uploads\/shw_content\/fraeskoepfe\/gabelfraeskoepfe\/zentrischer-gabelfraeskopf.jpg.webp 370w, https:\/\/shw-wm.de\/wp-content\/uploads\/shw_content\/fraeskoepfe\/gabelfraeskoepfe\/zentrischer-gabelfraeskopf-300x182.jpg.webp 300w\" sizes=\"(max-width: 370px) 100vw, 370px\" \/>\t\t\t\t\t\t\t\t\t\t\t\t\t\t\t<\/div>\n\t\t\t\t<\/div>\n\t\t\t\t\t<\/div>\n\t\t<\/div>\n\t\t\t\t<div class=\"elementor-column elementor-col-50 elementor-top-column elementor-element elementor-element-1b3e104\" data-id=\"1b3e104\" data-element_type=\"column\" data-e-type=\"column\">\n\t\t\t<div class=\"elementor-widget-wrap elementor-element-populated\">\n\t\t\t\t\t\t<div class=\"elementor-element elementor-element-c9d544e elementor-widget elementor-widget-text-editor\" data-id=\"c9d544e\" data-element_type=\"widget\" data-e-type=\"widget\" data-widget_type=\"text-editor.default\">\n\t\t\t\t<div class=\"elementor-widget-container\">\n\t\t\t\t\t\t\t\t\t<p><strong>La R\u00e9publique tch\u00e8que en bref :<\/strong><\/p><ul><li>Puissance d&rsquo;entra\u00eenement jusqu&rsquo;\u00e0 70 kW<\/li><li>Vitesse de broche jusqu&rsquo;\u00e0 24.000 min-1<\/li><li>Couple jusqu&rsquo;\u00e0 145 Nm<\/li><\/ul><p><strong>Plage de pivotement :<\/strong><\/p><ul><li>Axe A (axe de la t\u00eate de fraisage) 105<\/li><li>Axe C (fixation de la t\u00eate de fraisage) 200<\/li><li>Graduation : en continu<\/li><\/ul><p><strong>Porte-outils :<\/strong><\/p><ul><li>HSK 63<\/li><li>HSK 100<\/li><\/ul>\t\t\t\t\t\t\t\t<\/div>\n\t\t\t\t<\/div>\n\t\t\t\t\t<\/div>\n\t\t<\/div>\n\t\t\t\t\t<\/div>\n\t\t<\/section>\n\t\t\t\t<section class=\"elementor-section elementor-top-section elementor-element elementor-element-1238c569 elementor-section-boxed elementor-section-height-default elementor-section-height-default\" data-id=\"1238c569\" data-element_type=\"section\" data-e-type=\"section\">\n\t\t\t\t\t\t<div class=\"elementor-container elementor-column-gap-default\">\n\t\t\t\t\t<div class=\"elementor-column elementor-col-100 elementor-top-column elementor-element elementor-element-464ce572\" data-id=\"464ce572\" data-element_type=\"column\" data-e-type=\"column\">\n\t\t\t<div class=\"elementor-widget-wrap elementor-element-populated\">\n\t\t\t\t\t\t<div class=\"elementor-element elementor-element-5cd6f176 elementor-widget-divider--view-line elementor-widget elementor-widget-divider\" data-id=\"5cd6f176\" data-element_type=\"widget\" data-e-type=\"widget\" data-widget_type=\"divider.default\">\n\t\t\t\t<div class=\"elementor-widget-container\">\n\t\t\t\t\t\t\t<div class=\"elementor-divider\">\n\t\t\t<span class=\"elementor-divider-separator\">\n\t\t\t\t\t\t<\/span>\n\t\t<\/div>\n\t\t\t\t\t\t<\/div>\n\t\t\t\t<\/div>\n\t\t\t\t<section class=\"elementor-section elementor-inner-section elementor-element elementor-element-24a27aca elementor-section-boxed elementor-section-height-default elementor-section-height-default\" data-id=\"24a27aca\" data-element_type=\"section\" data-e-type=\"section\">\n\t\t\t\t\t\t<div class=\"elementor-container elementor-column-gap-default\">\n\t\t\t\t\t<div class=\"elementor-column elementor-col-50 elementor-inner-column elementor-element elementor-element-51ac69ee\" data-id=\"51ac69ee\" data-element_type=\"column\" data-e-type=\"column\">\n\t\t\t<div class=\"elementor-widget-wrap\">\n\t\t\t\t\t\t\t<\/div>\n\t\t<\/div>\n\t\t\t\t<div class=\"elementor-column elementor-col-50 elementor-inner-column elementor-element elementor-element-667f72b4\" data-id=\"667f72b4\" data-element_type=\"column\" data-e-type=\"column\">\n\t\t\t<div class=\"elementor-widget-wrap\">\n\t\t\t\t\t\t\t<\/div>\n\t\t<\/div>\n\t\t\t\t\t<\/div>\n\t\t<\/section>\n\t\t\t\t\t<\/div>\n\t\t<\/div>\n\t\t\t\t\t<\/div>\n\t\t<\/section>\n\t\t\t\t<\/div>\n\t\t","protected":false},"excerpt":{"rendered":"<p>T\u00eates de fraisage \u00e0 fourche T\u00eate de fraisage \u00e0 fourche excentrique La R\u00e9publique tch\u00e8que en bref : Puissance d&rsquo;entra\u00eenement jusqu&rsquo;\u00e0 28 kW Vitesse de broche jusqu&rsquo;\u00e0 20.000 min-1 Couple jusqu&rsquo;\u00e0 145 Nm Plage de pivotement : Axe A (axe de la t\u00eate de fraisage) jusqu&rsquo;\u00e0 120 Axe C (fixation de la t\u00eate de fraisage) jusqu&rsquo;\u00e0 [&hellip;]<\/p>\n","protected":false},"author":3,"featured_media":0,"parent":17911,"menu_order":0,"comment_status":"closed","ping_status":"closed","template":"","meta":{"footnotes":""},"class_list":["post-17905","page","type-page","status-publish","hentry"],"yoast_head":"<!-- This site is optimized with the Yoast SEO plugin v27.4 - https:\/\/yoast.com\/product\/yoast-seo-wordpress\/ -->\n<title>T\u00eates de fraisage \u00e0 fourche | SHW - Werkzeugmaschinen<\/title>\n<meta name=\"robots\" content=\"index, follow, max-snippet:-1, max-image-preview:large, max-video-preview:-1\" \/>\n<link rel=\"canonical\" href=\"https:\/\/shw-wm.de\/fr\/tetes-de-fraisage\/tetes-de-fraisage-a-fourche\/\" \/>\n<meta property=\"og:locale\" content=\"fr_FR\" \/>\n<meta property=\"og:type\" content=\"article\" \/>\n<meta property=\"og:title\" content=\"T\u00eates de fraisage \u00e0 fourche | SHW - Werkzeugmaschinen\" \/>\n<meta property=\"og:description\" content=\"T\u00eates de fraisage \u00e0 fourche T\u00eate de fraisage \u00e0 fourche excentrique La R\u00e9publique tch\u00e8que en bref : Puissance d&rsquo;entra\u00eenement jusqu&rsquo;\u00e0 28 kW Vitesse de broche jusqu&rsquo;\u00e0 20.000 min-1 Couple jusqu&rsquo;\u00e0 145 Nm Plage de pivotement : Axe A (axe de la t\u00eate de fraisage) jusqu&rsquo;\u00e0 120 Axe C (fixation de la t\u00eate de fraisage) jusqu&rsquo;\u00e0 [&hellip;]\" \/>\n<meta property=\"og:url\" content=\"https:\/\/shw-wm.de\/fr\/tetes-de-fraisage\/tetes-de-fraisage-a-fourche\/\" \/>\n<meta property=\"og:site_name\" content=\"SHW - Werkzeugmaschinen\" \/>\n<meta property=\"article:publisher\" content=\"https:\/\/www.facebook.com\/SHWWM\" \/>\n<meta property=\"article:modified_time\" content=\"2025-10-13T13:36:45+00:00\" \/>\n<meta property=\"og:image\" content=\"https:\/\/shw-wm.de\/wp-content\/uploads\/shw_content\/fraeskoepfe\/gabelfraeskoepfe\/exzentrischer-gabelfraeskopf.jpg\" \/>\n\t<meta property=\"og:image:width\" content=\"370\" \/>\n\t<meta property=\"og:image:height\" content=\"228\" \/>\n\t<meta property=\"og:image:type\" content=\"image\/jpeg\" \/>\n<meta name=\"twitter:card\" content=\"summary_large_image\" \/>\n<meta name=\"twitter:site\" content=\"@SHW_WM_Gmbh\" \/>\n<meta name=\"twitter:label1\" content=\"Dur\u00e9e de lecture estim\u00e9e\" \/>\n\t<meta name=\"twitter:data1\" content=\"1 minute\" \/>\n<script type=\"application\/ld+json\" class=\"yoast-schema-graph\">{\"@context\":\"https:\\\/\\\/schema.org\",\"@graph\":[{\"@type\":\"WebPage\",\"@id\":\"https:\\\/\\\/shw-wm.de\\\/fr\\\/tetes-de-fraisage\\\/tetes-de-fraisage-a-fourche\\\/\",\"url\":\"https:\\\/\\\/shw-wm.de\\\/fr\\\/tetes-de-fraisage\\\/tetes-de-fraisage-a-fourche\\\/\",\"name\":\"T\u00eates de fraisage \u00e0 fourche | SHW - Werkzeugmaschinen\",\"isPartOf\":{\"@id\":\"https:\\\/\\\/shw-wm.de\\\/#website\"},\"primaryImageOfPage\":{\"@id\":\"https:\\\/\\\/shw-wm.de\\\/fr\\\/tetes-de-fraisage\\\/tetes-de-fraisage-a-fourche\\\/#primaryimage\"},\"image\":{\"@id\":\"https:\\\/\\\/shw-wm.de\\\/fr\\\/tetes-de-fraisage\\\/tetes-de-fraisage-a-fourche\\\/#primaryimage\"},\"thumbnailUrl\":\"https:\\\/\\\/shw-wm.de\\\/wp-content\\\/uploads\\\/shw_content\\\/fraeskoepfe\\\/gabelfraeskoepfe\\\/exzentrischer-gabelfraeskopf.jpg\",\"datePublished\":\"2018-11-30T11:21:43+00:00\",\"dateModified\":\"2025-10-13T13:36:45+00:00\",\"breadcrumb\":{\"@id\":\"https:\\\/\\\/shw-wm.de\\\/fr\\\/tetes-de-fraisage\\\/tetes-de-fraisage-a-fourche\\\/#breadcrumb\"},\"inLanguage\":\"fr-FR\",\"potentialAction\":[{\"@type\":\"ReadAction\",\"target\":[\"https:\\\/\\\/shw-wm.de\\\/fr\\\/tetes-de-fraisage\\\/tetes-de-fraisage-a-fourche\\\/\"]}]},{\"@type\":\"ImageObject\",\"inLanguage\":\"fr-FR\",\"@id\":\"https:\\\/\\\/shw-wm.de\\\/fr\\\/tetes-de-fraisage\\\/tetes-de-fraisage-a-fourche\\\/#primaryimage\",\"url\":\"https:\\\/\\\/shw-wm.de\\\/wp-content\\\/uploads\\\/shw_content\\\/fraeskoepfe\\\/gabelfraeskoepfe\\\/exzentrischer-gabelfraeskopf.jpg\",\"contentUrl\":\"https:\\\/\\\/shw-wm.de\\\/wp-content\\\/uploads\\\/shw_content\\\/fraeskoepfe\\\/gabelfraeskoepfe\\\/exzentrischer-gabelfraeskopf.jpg\"},{\"@type\":\"BreadcrumbList\",\"@id\":\"https:\\\/\\\/shw-wm.de\\\/fr\\\/tetes-de-fraisage\\\/tetes-de-fraisage-a-fourche\\\/#breadcrumb\",\"itemListElement\":[{\"@type\":\"ListItem\",\"position\":1,\"name\":\"Home\",\"item\":\"https:\\\/\\\/shw-wm.de\\\/fr\\\/accueil\\\/\"},{\"@type\":\"ListItem\",\"position\":2,\"name\":\"T\u00eates de fraisage\",\"item\":\"https:\\\/\\\/shw-wm.de\\\/fr\\\/tetes-de-fraisage\\\/\"},{\"@type\":\"ListItem\",\"position\":3,\"name\":\"T\u00eates de fraisage \u00e0 fourche\"}]},{\"@type\":\"WebSite\",\"@id\":\"https:\\\/\\\/shw-wm.de\\\/#website\",\"url\":\"https:\\\/\\\/shw-wm.de\\\/\",\"name\":\"SHW - Werkzeugmaschinen\",\"description\":\"Hersteller von Fahrst\u00e4ndermaschinen\",\"publisher\":{\"@id\":\"https:\\\/\\\/shw-wm.de\\\/#organization\"},\"potentialAction\":[{\"@type\":\"SearchAction\",\"target\":{\"@type\":\"EntryPoint\",\"urlTemplate\":\"https:\\\/\\\/shw-wm.de\\\/?s={search_term_string}\"},\"query-input\":{\"@type\":\"PropertyValueSpecification\",\"valueRequired\":true,\"valueName\":\"search_term_string\"}}],\"inLanguage\":\"fr-FR\"},{\"@type\":\"Organization\",\"@id\":\"https:\\\/\\\/shw-wm.de\\\/#organization\",\"name\":\"SHW - Werkzeugmaschinen\",\"url\":\"https:\\\/\\\/shw-wm.de\\\/\",\"logo\":{\"@type\":\"ImageObject\",\"inLanguage\":\"fr-FR\",\"@id\":\"https:\\\/\\\/shw-wm.de\\\/#\\\/schema\\\/logo\\\/image\\\/\",\"url\":\"https:\\\/\\\/shw-wm.de\\\/wp-content\\\/uploads\\\/2021_Logo_mit_Flagge-1.jpg\",\"contentUrl\":\"https:\\\/\\\/shw-wm.de\\\/wp-content\\\/uploads\\\/2021_Logo_mit_Flagge-1.jpg\",\"width\":275,\"height\":119,\"caption\":\"SHW - Werkzeugmaschinen\"},\"image\":{\"@id\":\"https:\\\/\\\/shw-wm.de\\\/#\\\/schema\\\/logo\\\/image\\\/\"},\"sameAs\":[\"https:\\\/\\\/www.facebook.com\\\/SHWWM\",\"https:\\\/\\\/x.com\\\/SHW_WM_Gmbh\",\"https:\\\/\\\/www.instagram.com\\\/shw_werkzeugmaschinen\\\/\",\"https:\\\/\\\/www.youtube.com\\\/@SHWWerkzeugmaschinen\"]}]}<\/script>\n<!-- \/ Yoast SEO plugin. -->","yoast_head_json":{"title":"T\u00eates de fraisage \u00e0 fourche | SHW - Werkzeugmaschinen","robots":{"index":"index","follow":"follow","max-snippet":"max-snippet:-1","max-image-preview":"max-image-preview:large","max-video-preview":"max-video-preview:-1"},"canonical":"https:\/\/shw-wm.de\/fr\/tetes-de-fraisage\/tetes-de-fraisage-a-fourche\/","og_locale":"fr_FR","og_type":"article","og_title":"T\u00eates de fraisage \u00e0 fourche | SHW - Werkzeugmaschinen","og_description":"T\u00eates de fraisage \u00e0 fourche T\u00eate de fraisage \u00e0 fourche excentrique La R\u00e9publique tch\u00e8que en bref : Puissance d&rsquo;entra\u00eenement jusqu&rsquo;\u00e0 28 kW Vitesse de broche jusqu&rsquo;\u00e0 20.000 min-1 Couple jusqu&rsquo;\u00e0 145 Nm Plage de pivotement : Axe A (axe de la t\u00eate de fraisage) jusqu&rsquo;\u00e0 120 Axe C (fixation de la t\u00eate de fraisage) jusqu&rsquo;\u00e0 [&hellip;]","og_url":"https:\/\/shw-wm.de\/fr\/tetes-de-fraisage\/tetes-de-fraisage-a-fourche\/","og_site_name":"SHW - Werkzeugmaschinen","article_publisher":"https:\/\/www.facebook.com\/SHWWM","article_modified_time":"2025-10-13T13:36:45+00:00","og_image":[{"width":370,"height":228,"url":"https:\/\/shw-wm.de\/wp-content\/uploads\/shw_content\/fraeskoepfe\/gabelfraeskoepfe\/exzentrischer-gabelfraeskopf.jpg","type":"image\/jpeg"}],"twitter_card":"summary_large_image","twitter_site":"@SHW_WM_Gmbh","twitter_misc":{"Dur\u00e9e de lecture estim\u00e9e":"1 minute"},"schema":{"@context":"https:\/\/schema.org","@graph":[{"@type":"WebPage","@id":"https:\/\/shw-wm.de\/fr\/tetes-de-fraisage\/tetes-de-fraisage-a-fourche\/","url":"https:\/\/shw-wm.de\/fr\/tetes-de-fraisage\/tetes-de-fraisage-a-fourche\/","name":"T\u00eates de fraisage \u00e0 fourche | SHW - Werkzeugmaschinen","isPartOf":{"@id":"https:\/\/shw-wm.de\/#website"},"primaryImageOfPage":{"@id":"https:\/\/shw-wm.de\/fr\/tetes-de-fraisage\/tetes-de-fraisage-a-fourche\/#primaryimage"},"image":{"@id":"https:\/\/shw-wm.de\/fr\/tetes-de-fraisage\/tetes-de-fraisage-a-fourche\/#primaryimage"},"thumbnailUrl":"https:\/\/shw-wm.de\/wp-content\/uploads\/shw_content\/fraeskoepfe\/gabelfraeskoepfe\/exzentrischer-gabelfraeskopf.jpg","datePublished":"2018-11-30T11:21:43+00:00","dateModified":"2025-10-13T13:36:45+00:00","breadcrumb":{"@id":"https:\/\/shw-wm.de\/fr\/tetes-de-fraisage\/tetes-de-fraisage-a-fourche\/#breadcrumb"},"inLanguage":"fr-FR","potentialAction":[{"@type":"ReadAction","target":["https:\/\/shw-wm.de\/fr\/tetes-de-fraisage\/tetes-de-fraisage-a-fourche\/"]}]},{"@type":"ImageObject","inLanguage":"fr-FR","@id":"https:\/\/shw-wm.de\/fr\/tetes-de-fraisage\/tetes-de-fraisage-a-fourche\/#primaryimage","url":"https:\/\/shw-wm.de\/wp-content\/uploads\/shw_content\/fraeskoepfe\/gabelfraeskoepfe\/exzentrischer-gabelfraeskopf.jpg","contentUrl":"https:\/\/shw-wm.de\/wp-content\/uploads\/shw_content\/fraeskoepfe\/gabelfraeskoepfe\/exzentrischer-gabelfraeskopf.jpg"},{"@type":"BreadcrumbList","@id":"https:\/\/shw-wm.de\/fr\/tetes-de-fraisage\/tetes-de-fraisage-a-fourche\/#breadcrumb","itemListElement":[{"@type":"ListItem","position":1,"name":"Home","item":"https:\/\/shw-wm.de\/fr\/accueil\/"},{"@type":"ListItem","position":2,"name":"T\u00eates de fraisage","item":"https:\/\/shw-wm.de\/fr\/tetes-de-fraisage\/"},{"@type":"ListItem","position":3,"name":"T\u00eates de fraisage \u00e0 fourche"}]},{"@type":"WebSite","@id":"https:\/\/shw-wm.de\/#website","url":"https:\/\/shw-wm.de\/","name":"SHW - Werkzeugmaschinen","description":"Hersteller von Fahrst\u00e4ndermaschinen","publisher":{"@id":"https:\/\/shw-wm.de\/#organization"},"potentialAction":[{"@type":"SearchAction","target":{"@type":"EntryPoint","urlTemplate":"https:\/\/shw-wm.de\/?s={search_term_string}"},"query-input":{"@type":"PropertyValueSpecification","valueRequired":true,"valueName":"search_term_string"}}],"inLanguage":"fr-FR"},{"@type":"Organization","@id":"https:\/\/shw-wm.de\/#organization","name":"SHW - Werkzeugmaschinen","url":"https:\/\/shw-wm.de\/","logo":{"@type":"ImageObject","inLanguage":"fr-FR","@id":"https:\/\/shw-wm.de\/#\/schema\/logo\/image\/","url":"https:\/\/shw-wm.de\/wp-content\/uploads\/2021_Logo_mit_Flagge-1.jpg","contentUrl":"https:\/\/shw-wm.de\/wp-content\/uploads\/2021_Logo_mit_Flagge-1.jpg","width":275,"height":119,"caption":"SHW - Werkzeugmaschinen"},"image":{"@id":"https:\/\/shw-wm.de\/#\/schema\/logo\/image\/"},"sameAs":["https:\/\/www.facebook.com\/SHWWM","https:\/\/x.com\/SHW_WM_Gmbh","https:\/\/www.instagram.com\/shw_werkzeugmaschinen\/","https:\/\/www.youtube.com\/@SHWWerkzeugmaschinen"]}]}},"_links":{"self":[{"href":"https:\/\/shw-wm.de\/fr\/wp-json\/wp\/v2\/pages\/17905","targetHints":{"allow":["GET"]}}],"collection":[{"href":"https:\/\/shw-wm.de\/fr\/wp-json\/wp\/v2\/pages"}],"about":[{"href":"https:\/\/shw-wm.de\/fr\/wp-json\/wp\/v2\/types\/page"}],"author":[{"embeddable":true,"href":"https:\/\/shw-wm.de\/fr\/wp-json\/wp\/v2\/users\/3"}],"replies":[{"embeddable":true,"href":"https:\/\/shw-wm.de\/fr\/wp-json\/wp\/v2\/comments?post=17905"}],"version-history":[{"count":1,"href":"https:\/\/shw-wm.de\/fr\/wp-json\/wp\/v2\/pages\/17905\/revisions"}],"predecessor-version":[{"id":17906,"href":"https:\/\/shw-wm.de\/fr\/wp-json\/wp\/v2\/pages\/17905\/revisions\/17906"}],"up":[{"embeddable":true,"href":"https:\/\/shw-wm.de\/fr\/wp-json\/wp\/v2\/pages\/17911"}],"wp:attachment":[{"href":"https:\/\/shw-wm.de\/fr\/wp-json\/wp\/v2\/media?parent=17905"}],"curies":[{"name":"wp","href":"https:\/\/api.w.org\/{rel}","templated":true}]}}